{"id":6529,"date":"2018-12-13T14:40:30","date_gmt":"2018-12-13T12:40:30","guid":{"rendered":"http:\/\/www.fmsdocumentation.com\/?page_id=6529"},"modified":"2020-06-09T14:21:57","modified_gmt":"2020-06-09T11:21:57","slug":"menu-uzivatelskych-oblasti","status":"publish","type":"page","link":"https:\/\/www.fmsdocumentation.com\/sk\/menu-uzivatelskych-oblasti\/","title":{"rendered":"Menu u\u017e\u00edvate\u013esk\u00fdch oblast\u00ed"},"content":{"rendered":"<p>Pre pr\u00edstup do u\u017e\u00edvate\u013esk\u00fdch oblast\u00ed sa mus\u00ed klikn\u00fa\u0165 na pr\u00edslu\u0161n\u00fa ikonu na naviga\u010dnom paneli v \u013eavej \u010dasti obrazovky. V tomto paneli mo\u017eno vyh\u013ead\u00e1va\u0165 existuj\u00face u\u017e\u00edvate\u013esk\u00e9 oblasti, modifikova\u0165 ich a tvori\u0165 nov\u00e9. Vytvorenie novej oblasti za\u010dne stla\u010den\u00edm pole &#8220;+ Nov\u00e1 oblas\u0165&#8221;.<\/p>\n<p><a href=\"https:\/\/www.fmsdocumentation.com\/wp-content\/uploads\/2018\/05\/283.png\"><img loading=\"lazy\" decoding=\"async\" class=\"alignnone size-large wp-image-5028\" src=\"https:\/\/www.fmsdocumentation.com\/wp-content\/uploads\/2018\/05\/283-1024x506.png\" alt=\"\" width=\"660\" height=\"326\" srcset=\"https:\/\/www.fmsdocumentation.com\/wp-content\/uploads\/2018\/05\/283-1024x506.png 1024w, https:\/\/www.fmsdocumentation.com\/wp-content\/uploads\/2018\/05\/283-300x148.png 300w, https:\/\/www.fmsdocumentation.com\/wp-content\/uploads\/2018\/05\/283-768x380.png 768w, https:\/\/www.fmsdocumentation.com\/wp-content\/uploads\/2018\/05\/283.png 1920w\" sizes=\"auto, (max-width: 660px) 100vw, 660px\" \/><\/a><\/p>\n<p>Kliknut\u00edm na &#8220;+ Nov\u00e1 oblas\u0165&#8221; sa otvor\u00ed nov\u00fd panel s typmi oblast\u00ed. \u0160t\u00edtok &#8220;Nov\u00fd bod z\u00e1ujmu&#8221; sa otvor\u00ed automaticky. K dispoz\u00edcii s\u00fa iba dva \u0161t\u00edtky: Bod z\u00e1ujmu and Polygon.<\/p>\n<p><strong>Bod z\u00e1ujmu<\/strong> &#8211; Po kliknut\u00ed na &#8220;+ Nov\u00e1 oblas\u0165&#8221; s\u00fa k dispoz\u00edcii dve mo\u017enosti vytvorenia nov\u00e9ho bodu z\u00e1ujmu.<\/p>\n<p><a href=\"https:\/\/www.fmsdocumentation.com\/wp-content\/uploads\/2018\/05\/94.png\"><img loading=\"lazy\" decoding=\"async\" class=\"alignnone wp-image-5034 size-full\" src=\"https:\/\/www.fmsdocumentation.com\/wp-content\/uploads\/2018\/05\/94.png\" alt=\"\" width=\"360\" height=\"130\" srcset=\"https:\/\/www.fmsdocumentation.com\/wp-content\/uploads\/2018\/05\/94.png 360w, https:\/\/www.fmsdocumentation.com\/wp-content\/uploads\/2018\/05\/94-300x108.png 300w\" sizes=\"auto, (max-width: 360px) 100vw, 360px\" \/><\/a><\/p>\n<p>Prvou mo\u017enos\u0165ou je klikn\u00fa\u0165 na po\u017eadovan\u00fd bod do mapy, tak sa vypln\u00ed pole adresy a polomer automaticky. U\u017e\u00edvate\u013e tak dopln\u00ed len n\u00e1zov a eventu\u00e1lne pozn\u00e1mku.<\/p>\n<p>Druhou mo\u017enos\u0165ou je zada\u0165 inform\u00e1cie ru\u010dne. Musia sa vyplni\u0165 nasleduj\u00face polia:<\/p>\n<ul>\n<li>N\u00e1zov &#8211; n\u00e1zov oblasti, sl\u00fa\u017ei pre orient\u00e1ciu pou\u017e\u00edvate\u013ea (pole je povinn\u00e9);<\/li>\n<li>Adresa &#8211; toto pole funguje ako vyh\u013ead\u00e1vac\u00ed panel as ka\u017ed\u00fdm vyplnen\u00fdm znakom automaticky pon\u00faka adresu (pole je povinn\u00e9);<\/li>\n<li>Polomer &#8211; polomer okolo zvolenej adresy, ktor\u00e1 bude oblas\u0165 vymedzova\u0165. Rozsah hodn\u00f4t je od 5 to 50 000 metrov (pole je povinn\u00e9);<\/li>\n<li>Pozn\u00e1mky &#8211; v\u0161eobecn\u00e9 pozn\u00e1mky, ktor\u00e9 m\u00f4\u017eu ma\u0165 pre pou\u017e\u00edvate\u013eov v\u00fdznam (toto pole nie je povinn\u00e9).<\/li>\n<\/ul>\n<p><a href=\"https:\/\/www.fmsdocumentation.com\/wp-content\/uploads\/2018\/05\/95.png\"><img loading=\"lazy\" decoding=\"async\" class=\"alignnone wp-image-5035 size-full\" src=\"https:\/\/www.fmsdocumentation.com\/wp-content\/uploads\/2018\/05\/95.png\" alt=\"\" width=\"360\" height=\"819\" srcset=\"https:\/\/www.fmsdocumentation.com\/wp-content\/uploads\/2018\/05\/95.png 360w, https:\/\/www.fmsdocumentation.com\/wp-content\/uploads\/2018\/05\/95-132x300.png 132w\" sizes=\"auto, (max-width: 360px) 100vw, 360px\" \/><\/a><\/p>\n<p>Po vyplnen\u00ed v\u0161etk\u00fdch pol\u00ed sa mus\u00ed klikn\u00fa\u0165 na tla\u010didlo &#8220;Ulo\u017ei\u0165&#8221;, inak nebude oblas\u0165 ulo\u017een\u00e1.<\/p>\n<p><strong>Polyg\u00f3n<\/strong>&#8211; Umo\u017e\u0148uje na mape vyzna\u010di\u0165 oblas\u0165 \u013eubovo\u013en\u00e9ho tvaru.<\/p>\n<p><a href=\"https:\/\/www.fmsdocumentation.com\/wp-content\/uploads\/2018\/05\/96.png\"><img loading=\"lazy\" decoding=\"async\" class=\"alignnone size-full wp-image-5036\" src=\"https:\/\/www.fmsdocumentation.com\/wp-content\/uploads\/2018\/05\/96.png\" alt=\"\" width=\"360\" height=\"130\" srcset=\"https:\/\/www.fmsdocumentation.com\/wp-content\/uploads\/2018\/05\/96.png 360w, https:\/\/www.fmsdocumentation.com\/wp-content\/uploads\/2018\/05\/96-300x108.png 300w\" sizes=\"auto, (max-width: 360px) 100vw, 360px\" \/><\/a><\/p>\n<p>Polyg\u00f3n mo\u017eno vytvori\u0165 iba jedn\u00fdm sp\u00f4sobom. Po kliknut\u00ed na \u0161t\u00edtok &#8220;Polyg\u00f3n&#8221; s\u00fa k dispoz\u00edcii dve polia:<\/p>\n<ul>\n<li>N\u00e1zov &#8211; n\u00e1zov oblasti, sl\u00fa\u017ei pre orient\u00e1ciu pou\u017e\u00edvate\u013ea (pole je povinn\u00e9);<\/li>\n<li>Pozn\u00e1mky &#8211; v\u0161eobecn\u00e9 pozn\u00e1mky, ktor\u00e9 m\u00f4\u017eu ma\u0165 pre pou\u017e\u00edvate\u013eov v\u00fdznam (toto pole nie je povinn\u00e9).<\/li>\n<\/ul>\n<p>Po vyplnen\u00ed pol\u00ed (alebo e\u0161te pred t\u00fdm, poradie krokov nem\u00e1 vplyv na v\u00fdsledok) sa musia na mape vyzna\u010di\u0165 polyg\u00f3n. Kliknut\u00edm do mapy sa vyzna\u010dia prv\u00fd bod a potom \u010fal\u0161ie, postupne sa vymedz\u00ed po\u017eadovan\u00e1 oblas\u0165. Prv\u00fd a posledn\u00fd bod sa mus\u00ed dot\u00fdka\u0165. Potom sa vyzna\u010den\u00e1 oblas\u0165 zv\u00fdrazn\u00ed modro.<\/p>\n<p><a href=\"https:\/\/www.fmsdocumentation.com\/wp-content\/uploads\/2018\/05\/97.png\"><img loading=\"lazy\" decoding=\"async\" class=\"alignnone size-large wp-image-5037\" src=\"https:\/\/www.fmsdocumentation.com\/wp-content\/uploads\/2018\/05\/97-1024x607.png\" alt=\"\" width=\"660\" height=\"391\" srcset=\"https:\/\/www.fmsdocumentation.com\/wp-content\/uploads\/2018\/05\/97-1024x607.png 1024w, https:\/\/www.fmsdocumentation.com\/wp-content\/uploads\/2018\/05\/97-300x178.png 300w, https:\/\/www.fmsdocumentation.com\/wp-content\/uploads\/2018\/05\/97-768x455.png 768w, https:\/\/www.fmsdocumentation.com\/wp-content\/uploads\/2018\/05\/97.png 1500w\" sizes=\"auto, (max-width: 660px) 100vw, 660px\" \/><\/a><\/p>\n<p>Po vyplnen\u00ed v\u0161etk\u00fdch pol\u00ed a vyzna\u010denie polyg\u00f3nu sa mus\u00ed stla\u010di\u0165 tla\u010didlo &#8220;Ulo\u017ei\u0165&#8221;, inak sa polyg\u00f3n neulo\u017e\u00ed.<\/p>\n<p><p class=\"note\">Pozn\u00e1mka<br \/>\nPo prepojen\u00ed posledn\u00e9ho bodu mo\u017eno polyg\u00f3n modifikova\u0165. Vykon\u00e1 sa to kliknut\u00edm na existuj\u00faci bod a jeho posunut\u00edm na mape. Ako sa polyg\u00f3n na\u0165ahuje vytvor\u00ed sa viac bodov, aby sa tvorba polyg\u00f3nu zjednodu\u0161ila. Po ka\u017edom posune bodu sa objav\u00ed ikona &#8220;Zru\u0161i\u0165&#8221;, \u010do umo\u017e\u0148uje vr\u00e1ti\u0165 posunut\u00fd bod na predch\u00e1dzaj\u00facu poz\u00edciu. Plat\u00ed to iba pre posledn\u00fd posunut\u00fd bod.<\/p><\/p>\n<p><strong>Zoznam oblast\u00ed\u00a0<\/strong>&#8211; zobrazuje v\u0161etky existuj\u00face oblasti pre dan\u00e9ho webov\u00e9ho pou\u017e\u00edvate\u013ea. Zoznam oblast\u00ed mo\u017en\u00e9 filtrova\u0165 kliknut\u00edm na pole &#8220;Zobrazi\u0165 oblasti&#8221;, rozbal\u00ed sa zoznam s dostupn\u00fdmi filtrami.<\/p>\n<p><a href=\"https:\/\/www.fmsdocumentation.com\/wp-content\/uploads\/2018\/05\/98.png\"><img loading=\"lazy\" decoding=\"async\" class=\"alignnone size-full wp-image-5039\" src=\"https:\/\/www.fmsdocumentation.com\/wp-content\/uploads\/2018\/05\/98.png\" alt=\"\" width=\"360\" height=\"162\" srcset=\"https:\/\/www.fmsdocumentation.com\/wp-content\/uploads\/2018\/05\/98.png 360w, https:\/\/www.fmsdocumentation.com\/wp-content\/uploads\/2018\/05\/98-300x135.png 300w\" sizes=\"auto, (max-width: 360px) 100vw, 360px\" \/><\/a><\/p>\n<p>Aktu\u00e1l vybran\u00fd filter je zv\u00fdraznen\u00fd tmav\u0161\u00edm \u0161ed\u00fdm p\u00edsmom a ozna\u010den\u00fd modr\u00fdm pruhom vpravo od n\u00e1zvu filtra. Po v\u00fdbere filtra sa zoznam automaticky aktualizuje pod\u013ea parametra filtra. Ved\u013ea ikony je n\u00e1zov oblasti pod n\u00edm je adresa. Kliknut\u00edm na oblas\u0165 sa oblas\u0165 zobraz\u00ed na mape a otvor\u00ed sa panel s inform\u00e1ciami. Tu je mo\u017en\u00e9 oblas\u0165 bu\u010f &#8220;Editova\u0165&#8221; alebo &#8220;Vymaza\u0165&#8221;.<\/p>\n<p><a href=\"https:\/\/www.fmsdocumentation.com\/wp-content\/uploads\/2018\/05\/102.png\"><img loading=\"lazy\" decoding=\"async\" class=\"alignnone size-full wp-image-5042\" src=\"https:\/\/www.fmsdocumentation.com\/wp-content\/uploads\/2018\/05\/102.png\" alt=\"\" width=\"720\" height=\"473\" srcset=\"https:\/\/www.fmsdocumentation.com\/wp-content\/uploads\/2018\/05\/102.png 720w, https:\/\/www.fmsdocumentation.com\/wp-content\/uploads\/2018\/05\/102-300x197.png 300w\" sizes=\"auto, (max-width: 720px) 100vw, 720px\" \/><\/a><\/p>\n<p><strong>Editova\u0165 <\/strong>&#8211; otvor\u00ed okno, rovnak\u00e9 ako v pr\u00edpade &#8220;Novej oblasti&#8221;. Mo\u017eno zmeni\u0165 opis a polohu na mape. Po vykonan\u00ed zmien sa mus\u00ed stla\u010di\u0165 tla\u010didlo &#8220;Ulo\u017ei\u0165&#8221;, inak sa zmeny nezostan\u00fa. Ak sa zmeny nemaj\u00fa ulo\u017ei\u0165, mus\u00ed sa klikn\u00fa\u0165 na tla\u010didlo &#8220;Zru\u0161i\u0165&#8221;.<\/p>\n<p><strong>Vymaza\u0165\u00a0<\/strong>&#8211; kliknut\u00edm na toto tla\u010didlo sa otvor\u00ed nov\u00e9 potvrdzovacie okno, pre pr\u00edpad n\u00e1hodn\u00e9ho stla\u010den\u00ed tla\u010didla. Tu sa bu\u010f vymazanie potvrd\u00ed alebo zru\u0161\u00ed.<\/p>\n<p>&nbsp;<\/p>\n<hr \/>\n<p><div class=\"alignleft\"><a href=\"https:\/\/www.fmsdocumentation.com\/sk\/menu-komunikacia\/\" title=\"Menu komunik\u00e1cia\"><span class=\"arrow\">\u2039 &nbsp <\/span> Menu komunik\u00e1cia <\/a><\/div> <div class=\"alignright\"><a href=\"https:\/\/www.fmsdocumentation.com\/sk\/menu-udalosti\/\" title=\"Menu udalosti\">Menu udalosti <span class=\"arrow\"> &nbsp\u203a <\/span> <\/a><\/div><\/p>\n","protected":false},"excerpt":{"rendered":"<p>Pre pr\u00edstup do u\u017e\u00edvate\u013esk\u00fdch oblast\u00ed sa mus\u00ed klikn\u00fa\u0165 na pr\u00edslu\u0161n\u00fa ikonu na naviga\u010dnom paneli v \u013eavej \u010dasti obrazovky. V tomto paneli mo\u017eno vyh\u013ead\u00e1va\u0165 existuj\u00face u\u017e\u00edvate\u013esk\u00e9 oblasti, modifikova\u0165 ich a tvori\u0165 nov\u00e9. Vytvorenie novej oblasti za\u010dne stla\u010den\u00edm pole &#8220;+ Nov\u00e1 oblas\u0165&#8221;. Kliknut\u00edm na &#8220;+ Nov\u00e1 oblas\u0165&#8221; sa otvor\u00ed nov\u00fd panel s typmi oblast\u00ed. \u0160t\u00edtok &#8220;Nov\u00fd bod &hellip; <a href=\"https:\/\/www.fmsdocumentation.com\/sk\/menu-uzivatelskych-oblasti\/\" class=\"more-link\">Pokra\u010dova\u0165 v \u010d\u00edtan\u00ed: <span class=\"screen-reader-text\">Menu u\u017e\u00edvate\u013esk\u00fdch oblast\u00ed<\/span><\/a><\/p>\n","protected":false},"author":5,"featured_media":0,"parent":0,"menu_order":53,"comment_status":"closed","ping_status":"closed","template":"","meta":{"footnotes":""},"class_list":["post-6529","page","type-page","status-publish","hentry"],"_links":{"self":[{"href":"https:\/\/www.fmsdocumentation.com\/sk\/wp-json\/wp\/v2\/pages\/6529","targetHints":{"allow":["GET"]}}],"collection":[{"href":"https:\/\/www.fmsdocumentation.com\/sk\/wp-json\/wp\/v2\/pages"}],"about":[{"href":"https:\/\/www.fmsdocumentation.com\/sk\/wp-json\/wp\/v2\/types\/page"}],"author":[{"embeddable":true,"href":"https:\/\/www.fmsdocumentation.com\/sk\/wp-json\/wp\/v2\/users\/5"}],"replies":[{"embeddable":true,"href":"https:\/\/www.fmsdocumentation.com\/sk\/wp-json\/wp\/v2\/comments?post=6529"}],"version-history":[{"count":3,"href":"https:\/\/www.fmsdocumentation.com\/sk\/wp-json\/wp\/v2\/pages\/6529\/revisions"}],"predecessor-version":[{"id":6532,"href":"https:\/\/www.fmsdocumentation.com\/sk\/wp-json\/wp\/v2\/pages\/6529\/revisions\/6532"}],"wp:attachment":[{"href":"https:\/\/www.fmsdocumentation.com\/sk\/wp-json\/wp\/v2\/media?parent=6529"}],"curies":[{"name":"wp","href":"https:\/\/api.w.org\/{rel}","templated":true}]}}