{"id":6533,"date":"2018-12-13T14:41:32","date_gmt":"2018-12-13T12:41:32","guid":{"rendered":"http:\/\/www.fmsdocumentation.com\/?page_id=6533"},"modified":"2020-06-09T14:21:59","modified_gmt":"2020-06-09T11:21:59","slug":"menu-udalosti","status":"publish","type":"page","link":"https:\/\/www.fmsdocumentation.com\/sk\/menu-udalosti\/","title":{"rendered":"Menu udalosti"},"content":{"rendered":"<p>Pre pr\u00edstup na panel udalosti mus\u00ed u\u017e\u00edvate\u013e klikn\u00fa\u0165 na pr\u00edslu\u0161n\u00fa ikonu na naviga\u010dnom paneli na \u013eavej strane obrazovky.<\/p>\n<p><a href=\"https:\/\/www.fmsdocumentation.com\/wp-content\/uploads\/2018\/11\/103.png\"><img loading=\"lazy\" decoding=\"async\" class=\"alignnone wp-image-6214 size-large\" src=\"https:\/\/www.fmsdocumentation.com\/wp-content\/uploads\/2018\/11\/103-1024x506.png\" alt=\"\" width=\"660\" height=\"326\" srcset=\"https:\/\/www.fmsdocumentation.com\/wp-content\/uploads\/2018\/11\/103-1024x506.png 1024w, https:\/\/www.fmsdocumentation.com\/wp-content\/uploads\/2018\/11\/103-300x148.png 300w, https:\/\/www.fmsdocumentation.com\/wp-content\/uploads\/2018\/11\/103-768x380.png 768w, https:\/\/www.fmsdocumentation.com\/wp-content\/uploads\/2018\/11\/103.png 1920w\" sizes=\"auto, (max-width: 660px) 100vw, 660px\" \/><\/a><\/p>\n<p>Kliknut\u00edm na ikonu sa otvor\u00ed panel udalosti. Panel umo\u017e\u0148uje prezera\u0165 existuj\u00face udalosti, modifikova\u0165 ich a tvori\u0165 nov\u00e9.<\/p>\n<hr \/>\n<p><div class=\"alignleft\"><a href=\"https:\/\/www.fmsdocumentation.com\/sk\/menu-uzivatelskych-oblasti\/\" title=\"Menu u\u017e\u00edvate\u013esk\u00fdch oblast\u00ed\"><span class=\"arrow\">\u2039 &nbsp <\/span> Menu u\u017e\u00edvate\u013esk\u00fdch oblast\u00ed <\/a><\/div> <div class=\"alignright\"><a href=\"https:\/\/www.fmsdocumentation.com\/sk\/menu-udalosti\/vytvorenie-novej-udalosti\/\" title=\"Vytvorenie novej udalosti\">Vytvorenie novej udalosti <span class=\"arrow\"> &nbsp\u203a <\/span> <\/a><\/div><\/p>\n","protected":false},"excerpt":{"rendered":"<p>Pre pr\u00edstup na panel udalosti mus\u00ed u\u017e\u00edvate\u013e klikn\u00fa\u0165 na pr\u00edslu\u0161n\u00fa ikonu na naviga\u010dnom paneli na \u013eavej strane obrazovky. Kliknut\u00edm na ikonu sa otvor\u00ed panel udalosti. Panel umo\u017e\u0148uje prezera\u0165 existuj\u00face udalosti, modifikova\u0165 ich a tvori\u0165 nov\u00e9.<\/p>\n","protected":false},"author":5,"featured_media":0,"parent":0,"menu_order":61,"comment_status":"closed","ping_status":"closed","template":"","meta":{"footnotes":""},"class_list":["post-6533","page","type-page","status-publish","hentry"],"_links":{"self":[{"href":"https:\/\/www.fmsdocumentation.com\/sk\/wp-json\/wp\/v2\/pages\/6533","targetHints":{"allow":["GET"]}}],"collection":[{"href":"https:\/\/www.fmsdocumentation.com\/sk\/wp-json\/wp\/v2\/pages"}],"about":[{"href":"https:\/\/www.fmsdocumentation.com\/sk\/wp-json\/wp\/v2\/types\/page"}],"author":[{"embeddable":true,"href":"https:\/\/www.fmsdocumentation.com\/sk\/wp-json\/wp\/v2\/users\/5"}],"replies":[{"embeddable":true,"href":"https:\/\/www.fmsdocumentation.com\/sk\/wp-json\/wp\/v2\/comments?post=6533"}],"version-history":[{"count":1,"href":"https:\/\/www.fmsdocumentation.com\/sk\/wp-json\/wp\/v2\/pages\/6533\/revisions"}],"predecessor-version":[{"id":6534,"href":"https:\/\/www.fmsdocumentation.com\/sk\/wp-json\/wp\/v2\/pages\/6533\/revisions\/6534"}],"wp:attachment":[{"href":"https:\/\/www.fmsdocumentation.com\/sk\/wp-json\/wp\/v2\/media?parent=6533"}],"curies":[{"name":"wp","href":"https:\/\/api.w.org\/{rel}","templated":true}]}}