{"id":6535,"date":"2018-12-13T14:58:43","date_gmt":"2018-12-13T12:58:43","guid":{"rendered":"http:\/\/www.fmsdocumentation.com\/?page_id=6535"},"modified":"2018-12-13T14:58:43","modified_gmt":"2018-12-13T12:58:43","slug":"vytvorenie-novej-udalosti","status":"publish","type":"page","link":"https:\/\/www.fmsdocumentation.com\/sk\/menu-udalosti\/vytvorenie-novej-udalosti\/","title":{"rendered":"Vytvorenie novej udalosti"},"content":{"rendered":"<p>Pre vytvorenie novej udalosti sa mus\u00ed klikn\u00fa\u0165 na pole &#8220;+ Nov\u00e1 udalos\u0165&#8221;.<\/p>\n<p><a href=\"https:\/\/www.fmsdocumentation.com\/wp-content\/uploads\/2017\/04\/104.png\"><img loading=\"lazy\" decoding=\"async\" class=\"alignnone wp-image-186 size-full\" src=\"https:\/\/www.fmsdocumentation.com\/wp-content\/uploads\/2017\/04\/104.png\" alt=\"\" width=\"396\" height=\"154\" srcset=\"https:\/\/www.fmsdocumentation.com\/wp-content\/uploads\/2017\/04\/104.png 396w, https:\/\/www.fmsdocumentation.com\/wp-content\/uploads\/2017\/04\/104-300x117.png 300w\" sizes=\"auto, (max-width: 396px) 100vw, 396px\" \/><\/a><\/p>\n<p>Otvor\u00ed sa nov\u00e9 okno.<\/p>\n<p><a href=\"https:\/\/www.fmsdocumentation.com\/wp-content\/uploads\/2018\/03\/105.png\"><img loading=\"lazy\" decoding=\"async\" class=\"alignnone size-full wp-image-4479\" src=\"https:\/\/www.fmsdocumentation.com\/wp-content\/uploads\/2018\/03\/105.png\" alt=\"\" width=\"850\" height=\"759\" srcset=\"https:\/\/www.fmsdocumentation.com\/wp-content\/uploads\/2018\/03\/105.png 850w, https:\/\/www.fmsdocumentation.com\/wp-content\/uploads\/2018\/03\/105-300x268.png 300w, https:\/\/www.fmsdocumentation.com\/wp-content\/uploads\/2018\/03\/105-768x686.png 768w\" sizes=\"auto, (max-width: 850px) 100vw, 850px\" \/><\/a><\/p>\n<p>V tomto okne sa vyp\u013a\u0148aj\u00fa parametrami nov\u00e9 udalosti. K dispoz\u00edcii s\u00fa nasleduj\u00face polia:<\/p>\n<ul>\n<li><strong>Stav udalosti\u00a0<\/strong>&#8211; m\u00f4\u017ee by\u0165 &#8220;ON&#8221; alebo &#8220;Off&#8221; (definuje \u010di je udalos\u0165 akt\u00edvna a sp\u00fa\u0161\u0165a \u010di nesp\u00fa\u0161\u0165a alarm priraden\u00fd vozidlu, mo\u017eno nesk\u00f4r zmeni\u0165)<\/li>\n<li><strong>N\u00e1zov udalosti <\/strong>&#8211; pomenovanie udalosti;<\/li>\n<li><strong>Potvrdenie odoslania <\/strong>&#8211; zoznam mo\u017enost\u00ed ako bude syst\u00e9m pou\u017e\u00edvate\u013ea informova\u0165 o spusten\u00e9 udalosti. K dispoz\u00edcii s\u00fa nasleduj\u00face varianty:\n<ul>\n<li><strong>Emailov\u00e1 spr\u00e1va<\/strong> &#8211; t\u00e1to vo\u013eba prid\u00e1 \u010fal\u0161ie konfigura\u010dn\u00e9 polia pre z\u00e1pis:<\/li>\n<li><strong>Emailov\u00e9 adresy\u00a0<\/strong>&#8211; emailov\u00e1 adresa (alebo adresy), na ktor\u00e9 sa m\u00e1 upozornenie zasla\u0165. Pre zap\u00edsanie viac adries je nutn\u00e9 adresy odde\u013eova\u0165 \u010diarkou &#8220;,&#8221;. Email bude potom zv\u00fdraznen\u00fd ako separ\u00e1tne objekt, m\u00f4\u017ee by\u0165 odstr\u00e1nen\u00fd kliknite na mal\u00fd &#8220;x&#8221; na pravej strane emailu. Toto pole je povinn\u00e9;<\/li>\n<\/ul>\n<\/li>\n<\/ul>\n<p><a href=\"https:\/\/www.fmsdocumentation.com\/wp-content\/uploads\/2017\/04\/106.png\"><img loading=\"lazy\" decoding=\"async\" class=\"alignnone size-full wp-image-188\" src=\"https:\/\/www.fmsdocumentation.com\/wp-content\/uploads\/2017\/04\/106.png\" alt=\"\" width=\"374\" height=\"76\" srcset=\"https:\/\/www.fmsdocumentation.com\/wp-content\/uploads\/2017\/04\/106.png 374w, https:\/\/www.fmsdocumentation.com\/wp-content\/uploads\/2017\/04\/106-300x61.png 300w\" sizes=\"auto, (max-width: 374px) 100vw, 374px\" \/><\/a><\/p>\n<ul>\n<li><strong>Predmet emailu\u00a0<\/strong>&#8211; predmet, vec, ktor\u00e1 bude v emailu zobrazen\u00e1. Zvy\u010dajne je to nazvan\u00e9 &#8220;&lt;Udalos\u0165_N\u00e1zov&gt; spusten\u00e1&#8221;. Toto pole je povinn\u00e9;<\/li>\n<li><strong>Obsah emailu <\/strong>&#8211; obsah zaslan\u00e9ho emailu. Zvy\u010dajne sa jedn\u00e1 o opis udalosti. Toto pole je povinn\u00e9.<\/li>\n<li><strong>Syst\u00e9mov\u00e9 uvedomenie<\/strong> &#8211; ak je vybran\u00e1 t\u00e1to verzia, potom je upozornenie na udalos\u0165 zobrazuje iba v syst\u00e9me sledovania;<\/li>\n<li><strong>Syst\u00e9mov\u00e9 uvedomenie a emailov\u00e1 spr\u00e1va<\/strong> &#8211; v tejto verzii bude uvedomenie o udalosti zobrazen\u00e9 v syst\u00e9me sledovania a bude odoslan\u00fd email (bude po\u017eadovan\u00e9 vyplni\u0165 \u010fal\u0161ie polia emailu).<\/li>\n<\/ul>\n<p><p class=\"note\">Pozn\u00e1mka<br \/>\nUvedomenie sa net\u00fdka udalosti samotnej, spusten\u00e9 udalosti s\u00fa st\u00e1le logovanie v syst\u00e9me a mo\u017eno ich prezera\u0165 v pr\u00edslu\u0161n\u00fdch sekci\u00e1ch syst\u00e9mu sledovania.<\/p><\/p>\n<ul>\n<li><strong>Popis <\/strong>&#8211; kr\u00e1tky popis udalosti, zvy\u010dajne sl\u00fa\u017ei pre pripomenutie pre\u010do bola udalos\u0165 vytvoren\u00e1 a za ak\u00fdm \u00fa\u010delom;<\/li>\n<li><strong>Spustenie v\u00fdstrahy <\/strong>&#8211; toto pole definuje, kedy spusti\u0165 v\u00fdstrahu. K dispoz\u00edcii s\u00fa tri mo\u017enosti:\n<ul>\n<li><strong>Na za\u010diatku<\/strong> &#8211; alarm sa spust\u00ed na za\u010diatku udalosti;<\/li>\n<li><strong>Na konci <\/strong>&#8211; alarm sa spust\u00ed na konci udalosti;<\/li>\n<li><strong>Oboje<\/strong> &#8211; alarm sa spust\u00ed na za\u010diatku i na konci udalosti. (Napr. Vodi\u010d vst\u00fapi do u\u017e\u00edvate\u013eskej oblasti, spust\u00ed sa alarm, po \u010dase z oblasti vyst\u00fapi, op\u00e4\u0165 sa spust\u00ed alarm).<\/li>\n<\/ul>\n<\/li>\n<li><strong>Podmienky\u00a0<\/strong>&#8211; tu sa vol\u00ed podmienky, za ak\u00fdch sa alarm spust\u00ed. K v\u00fdberu s\u00fa tri mo\u017enosti:\n<ul>\n<li><strong>Podmienka oblasti\u00a0<\/strong>&#8211; podmienka definovan\u00e1 geografickou oblas\u0165ou; Definuje sa nasleduj\u00facimi parametrami:\n<ul>\n<li><strong>Vn\u00fatri <\/strong>&#8211; alarm sa spust\u00ed pri vstupe do oblasti;<\/li>\n<li><strong>Zvonka<\/strong> &#8211; alarm sa spust\u00ed pri opusten\u00ed oblasti;<\/li>\n<li><strong>Oblas\u0165 <\/strong>&#8211; oblas\u0165 spustenie.<\/li>\n<\/ul>\n<\/li>\n<\/ul>\n<\/li>\n<\/ul>\n<p><a href=\"https:\/\/www.fmsdocumentation.com\/wp-content\/uploads\/2018\/03\/107.png\"><img loading=\"lazy\" decoding=\"async\" class=\"alignnone size-full wp-image-4480\" src=\"https:\/\/www.fmsdocumentation.com\/wp-content\/uploads\/2018\/03\/107.png\" alt=\"\" width=\"844\" height=\"101\" srcset=\"https:\/\/www.fmsdocumentation.com\/wp-content\/uploads\/2018\/03\/107.png 844w, https:\/\/www.fmsdocumentation.com\/wp-content\/uploads\/2018\/03\/107-300x36.png 300w, https:\/\/www.fmsdocumentation.com\/wp-content\/uploads\/2018\/03\/107-768x92.png 768w\" sizes=\"auto, (max-width: 844px) 100vw, 844px\" \/><\/a><\/p>\n<ul>\n<li><strong>Vstupn\u00e9 podmienka\u00a0<\/strong>&#8211; podmienka definovan\u00e1 stavom vstupu; Je konfigurovan\u00e1 nasleduj\u00facimi parametrami:\n<ul>\n<li><strong>Vstup<\/strong> -vstup sa vyberie zo zoznamu \u0161tandardn\u00fdch vstupov;<\/li>\n<li><strong>Rovnica<\/strong> &#8211; definuje vz\u0165ah vstupu k hodnote (rovn\u00e1 sa, v\u00e4\u010d\u0161ie ako, men\u0161ie ako, at\u010f.);<\/li>\n<li><strong>Hodnota <\/strong>&#8211; numerick\u00e1 hodnota pre logick\u00fd vz\u0165ah. (Napr. Nap\u00e4tie bat\u00e9rie je men\u0161ie alebo rovn\u00e9 22)<\/li>\n<\/ul>\n<\/li>\n<\/ul>\n<p><a href=\"https:\/\/www.fmsdocumentation.com\/wp-content\/uploads\/2018\/03\/108.png\"><img loading=\"lazy\" decoding=\"async\" class=\"alignnone size-full wp-image-4481\" src=\"https:\/\/www.fmsdocumentation.com\/wp-content\/uploads\/2018\/03\/108.png\" alt=\"\" width=\"844\" height=\"100\" srcset=\"https:\/\/www.fmsdocumentation.com\/wp-content\/uploads\/2018\/03\/108.png 844w, https:\/\/www.fmsdocumentation.com\/wp-content\/uploads\/2018\/03\/108-300x36.png 300w, https:\/\/www.fmsdocumentation.com\/wp-content\/uploads\/2018\/03\/108-768x91.png 768w\" sizes=\"auto, (max-width: 844px) 100vw, 844px\" \/><\/a><\/p>\n<ul>\n<li><strong>Zapa\u013eovanie\u00a0<\/strong>&#8211; podmienka definovan\u00e1 stavom zapa\u013eovania. T\u00e1to podmienka je konfigurovan\u00e1 iba dvoma parametrami:\n<ul>\n<li><strong>Zapa\u013eovanie zapnut\u00e9;<\/strong><\/li>\n<li><strong>Zapa\u013eovanie vypnut\u00e9.<\/strong><\/li>\n<\/ul>\n<\/li>\n<\/ul>\n<p><a href=\"https:\/\/www.fmsdocumentation.com\/wp-content\/uploads\/2018\/03\/109.png\"><img loading=\"lazy\" decoding=\"async\" class=\"alignnone size-full wp-image-4482\" src=\"https:\/\/www.fmsdocumentation.com\/wp-content\/uploads\/2018\/03\/109.png\" alt=\"\" width=\"844\" height=\"99\" srcset=\"https:\/\/www.fmsdocumentation.com\/wp-content\/uploads\/2018\/03\/109.png 844w, https:\/\/www.fmsdocumentation.com\/wp-content\/uploads\/2018\/03\/109-300x35.png 300w, https:\/\/www.fmsdocumentation.com\/wp-content\/uploads\/2018\/03\/109-768x90.png 768w\" sizes=\"auto, (max-width: 844px) 100vw, 844px\" \/><\/a><\/p>\n<ul>\n<li><strong>Dodato\u010dn\u00e1 podmienka<\/strong> &#8211; mo\u017eno aktivova\u0165 kliknut\u00edm na symbol &#8220;+&#8221; pod prvou podmienkou.<\/li>\n<\/ul>\n<p><a href=\"https:\/\/www.fmsdocumentation.com\/wp-content\/uploads\/2018\/03\/110.png\"><img loading=\"lazy\" decoding=\"async\" class=\"alignnone size-full wp-image-4484\" src=\"https:\/\/www.fmsdocumentation.com\/wp-content\/uploads\/2018\/03\/110.png\" alt=\"\" width=\"842\" height=\"186\" srcset=\"https:\/\/www.fmsdocumentation.com\/wp-content\/uploads\/2018\/03\/110.png 842w, https:\/\/www.fmsdocumentation.com\/wp-content\/uploads\/2018\/03\/110-300x66.png 300w, https:\/\/www.fmsdocumentation.com\/wp-content\/uploads\/2018\/03\/110-768x170.png 768w\" sizes=\"auto, (max-width: 842px) 100vw, 842px\" \/><\/a><\/p>\n<p>T\u00fdm sa k udalosti prid\u00e1 \u010fal\u0161ia podmienka a logick\u00fd \u010dinite\u013e. S\u00fa dve mo\u017enosti:<\/p>\n<ul>\n<li><strong>A <\/strong>&#8211; udalos\u0165 sa spust\u00ed pri splnen\u00ed oboch podmienok;<\/li>\n<li><strong>Alebo <\/strong>&#8211; udalos\u0165 sa spust\u00ed pri spusten\u00ed jednej z t\u00fdchto dvoch podmienok.<\/li>\n<\/ul>\n<p>Pre odstr\u00e1nenie podmienky mus\u00ed u\u017e\u00edvate\u013e klikn\u00fa\u0165 na tla\u010didlo &#8220;Odstr\u00e1ni\u0165&#8221; umiestnen\u00e9 nad ka\u017edou podmienkou. Tla\u010didlo funguje pre podmienku ku ktorej je priraden\u00e9.<\/p>\n<p><a href=\"https:\/\/www.fmsdocumentation.com\/wp-content\/uploads\/2018\/03\/111.png\"><img loading=\"lazy\" decoding=\"async\" class=\"alignnone size-full wp-image-4485\" src=\"https:\/\/www.fmsdocumentation.com\/wp-content\/uploads\/2018\/03\/111.png\" alt=\"\" width=\"844\" height=\"242\" srcset=\"https:\/\/www.fmsdocumentation.com\/wp-content\/uploads\/2018\/03\/111.png 844w, https:\/\/www.fmsdocumentation.com\/wp-content\/uploads\/2018\/03\/111-300x86.png 300w, https:\/\/www.fmsdocumentation.com\/wp-content\/uploads\/2018\/03\/111-768x220.png 768w\" sizes=\"auto, (max-width: 844px) 100vw, 844px\" \/><\/a><\/p>\n<p>Po vyplnen\u00ed v\u0161etk\u00fdch pol\u00ed sa mus\u00ed stla\u010di\u0165 tla\u010didlo &#8220;Vytvori\u0165&#8221;, inak nebude udalos\u0165 ulo\u017een\u00e1. Ak sa vytvoren\u00e1 udalos\u0165 nem\u00e1 ulo\u017ei\u0165, mus\u00ed sa klikn\u00fa\u0165 na tla\u010didlo &#8220;Zatvori\u0165&#8221; alebo klikn\u00fa\u0165 kdeko\u013evek mimo okno &#8220;Vytvori\u0165 nov\u00fa udalos\u0165&#8221;.<\/p>\n<hr \/>\n<p><div class=\"alignleft\"><a href=\"https:\/\/www.fmsdocumentation.com\/sk\/menu-udalosti\/\" title=\"Menu udalosti\"><span class=\"arrow\">\u2039 &nbsp <\/span> Menu udalosti <\/a><\/div> <div class=\"alignright\"><a href=\"https:\/\/www.fmsdocumentation.com\/sk\/menu-udalosti\/modifikacia-zoznamu-udalosti\/\" title=\"Modifik\u00e1cia zoznamu udalost\u00ed\">Modifik\u00e1cia zoznamu udalost\u00ed <span class=\"arrow\"> &nbsp\u203a <\/span> <\/a><\/div><\/p>\n","protected":false},"excerpt":{"rendered":"<p>Pre vytvorenie novej udalosti sa mus\u00ed klikn\u00fa\u0165 na pole &#8220;+ Nov\u00e1 udalos\u0165&#8221;. Otvor\u00ed sa nov\u00e9 okno. V tomto okne sa vyp\u013a\u0148aj\u00fa parametrami nov\u00e9 udalosti. K dispoz\u00edcii s\u00fa nasleduj\u00face polia: Stav udalosti\u00a0&#8211; m\u00f4\u017ee by\u0165 &#8220;ON&#8221; alebo &#8220;Off&#8221; (definuje \u010di je udalos\u0165 akt\u00edvna a sp\u00fa\u0161\u0165a \u010di nesp\u00fa\u0161\u0165a alarm priraden\u00fd vozidlu, mo\u017eno nesk\u00f4r zmeni\u0165) N\u00e1zov udalosti &#8211; pomenovanie &hellip; <a href=\"https:\/\/www.fmsdocumentation.com\/sk\/menu-udalosti\/vytvorenie-novej-udalosti\/\" class=\"more-link\">Pokra\u010dova\u0165 v \u010d\u00edtan\u00ed: <span class=\"screen-reader-text\">Vytvorenie novej udalosti<\/span><\/a><\/p>\n","protected":false},"author":5,"featured_media":0,"parent":6533,"menu_order":1,"comment_status":"closed","ping_status":"closed","template":"","meta":{"footnotes":""},"class_list":["post-6535","page","type-page","status-publish","hentry"],"_links":{"self":[{"href":"https:\/\/www.fmsdocumentation.com\/sk\/wp-json\/wp\/v2\/pages\/6535","targetHints":{"allow":["GET"]}}],"collection":[{"href":"https:\/\/www.fmsdocumentation.com\/sk\/wp-json\/wp\/v2\/pages"}],"about":[{"href":"https:\/\/www.fmsdocumentation.com\/sk\/wp-json\/wp\/v2\/types\/page"}],"author":[{"embeddable":true,"href":"https:\/\/www.fmsdocumentation.com\/sk\/wp-json\/wp\/v2\/users\/5"}],"replies":[{"embeddable":true,"href":"https:\/\/www.fmsdocumentation.com\/sk\/wp-json\/wp\/v2\/comments?post=6535"}],"version-history":[{"count":2,"href":"https:\/\/www.fmsdocumentation.com\/sk\/wp-json\/wp\/v2\/pages\/6535\/revisions"}],"predecessor-version":[{"id":6537,"href":"https:\/\/www.fmsdocumentation.com\/sk\/wp-json\/wp\/v2\/pages\/6535\/revisions\/6537"}],"up":[{"embeddable":true,"href":"https:\/\/www.fmsdocumentation.com\/sk\/wp-json\/wp\/v2\/pages\/6533"}],"wp:attachment":[{"href":"https:\/\/www.fmsdocumentation.com\/sk\/wp-json\/wp\/v2\/media?parent=6535"}],"curies":[{"name":"wp","href":"https:\/\/api.w.org\/{rel}","templated":true}]}}