{"id":6538,"date":"2018-12-13T15:00:39","date_gmt":"2018-12-13T13:00:39","guid":{"rendered":"http:\/\/www.fmsdocumentation.com\/?page_id=6538"},"modified":"2018-12-14T08:59:02","modified_gmt":"2018-12-14T06:59:02","slug":"modifikacia-zoznamu-udalosti","status":"publish","type":"page","link":"https:\/\/www.fmsdocumentation.com\/sk\/menu-udalosti\/modifikacia-zoznamu-udalosti\/","title":{"rendered":"Modifik\u00e1cia zoznamu udalost\u00ed"},"content":{"rendered":"<p>Zoznam v\u0161etk\u00fdch udalost\u00ed je hne\u010f pod tla\u010didlom &#8220;+ Nov\u00e1 udalos\u0165&#8221;.<\/p>\n<p><a href=\"https:\/\/www.fmsdocumentation.com\/wp-content\/uploads\/2018\/05\/113.png\"><img loading=\"lazy\" decoding=\"async\" class=\"alignnone size-full wp-image-5055\" src=\"https:\/\/www.fmsdocumentation.com\/wp-content\/uploads\/2018\/05\/113.png\" alt=\"\" width=\"420\" height=\"457\" srcset=\"https:\/\/www.fmsdocumentation.com\/wp-content\/uploads\/2018\/05\/113.png 420w, https:\/\/www.fmsdocumentation.com\/wp-content\/uploads\/2018\/05\/113-276x300.png 276w\" sizes=\"auto, (max-width: 420px) 100vw, 420px\" \/><\/a><\/p>\n<p>Zoznam udalost\u00ed sa automaticky form\u00e1tuje pod\u013ea abecedy. Pre u\u013eah\u010denie vyh\u013ead\u00e1vania udalost\u00ed mo\u017eno pou\u017ei\u0165 filter. Pre zmenu filtra sa mus\u00ed klikn\u00fa\u0165 na pole &#8220;Zobrazi\u0165 udalosti&#8221;, otvor\u00ed sa zoznam v\u0161etk\u00fdch dostupn\u00fdch filtrov. Aktu\u00e1lne zvolen\u00fd filter bude zv\u00fdraznen\u00fd tmavo \u0161ed\u00fa a ozna\u010den\u00fd modrou \u010diarou vpravo pri n\u00e1zve filtra. K dispoz\u00edcii s\u00fa nasleduj\u00face filtre:<\/p>\n<ul>\n<li><strong>V\u0161etky <\/strong>&#8211; zobrazuje v\u0161etky udalost\u00ed;<\/li>\n<li><strong>Vstup<\/strong> &#8211; zobrazuje udalost\u00ed sp\u00f4soben\u00e9 zmenou hodnoty vstupu;<\/li>\n<li><strong>Zapa\u013eovanie<\/strong> &#8211; zobrazuje udalost\u00ed sp\u00f4soben\u00e9 zmenou stavu zapa\u013eovania;<\/li>\n<li><strong>Oblas\u0165 &#8211; <\/strong>zobrazuje udalost\u00ed spusten\u00e9 vst\u00fapen\u00edm \/ vyst\u00fapen\u00edm z oblasti;<\/li>\n<li><strong>Zmie\u0161an\u00e1<\/strong> &#8211; zobrazuje udalost\u00ed, ktor\u00e9 m\u00f4\u017eu by\u0165 spusten\u00e9 viac ako jednou podmienkou.<\/li>\n<\/ul>\n<p>Kliknut\u00edm na po\u017eadovan\u00fd filter sa automaticky aktualizuje zoznam so zvolen\u00fdm filtrom. Ved\u013ea ka\u017edej udalosti je zobrazen\u00e1 ikona informuj\u00faca o type udalosti.<\/p>\n<p><a href=\"https:\/\/www.fmsdocumentation.com\/wp-content\/uploads\/2018\/08\/114.png\"><img loading=\"lazy\" decoding=\"async\" class=\"alignnone size-full wp-image-5803\" src=\"https:\/\/www.fmsdocumentation.com\/wp-content\/uploads\/2018\/08\/114.png\" alt=\"\" width=\"361\" height=\"322\" srcset=\"https:\/\/www.fmsdocumentation.com\/wp-content\/uploads\/2018\/08\/114.png 361w, https:\/\/www.fmsdocumentation.com\/wp-content\/uploads\/2018\/08\/114-300x268.png 300w\" sizes=\"auto, (max-width: 361px) 100vw, 361px\" \/><\/a><\/p>\n<p>Kliknut\u00edm na udalos\u0165 sa otvor\u00ed panel s podrobn\u00fdmi inform\u00e1ciami k tejto udalosti. Tento panel zobrazuje v\u0161etky inform\u00e1cie zap\u00edsan\u00e9 pri tvorbe udalosti. Prv\u00fdm parametrom je &#8220;Stav udalosti&#8221; &#8211; posuvn\u00edk umo\u017e\u0148uje aktivova\u0165 alebo deaktivova\u0165 t\u00fato udalos\u0165, nastavenie sa ulo\u017e\u00ed automaticky po ka\u017edej zmene. V\u0161etko ostatn\u00e9 s\u00fa \u0161tandardn\u00e9 inform\u00e1cie. Navy\u0161e je mo\u017en\u00e9 v tomto paneli udalos\u0165 priradi\u0165 vozidl\u00e1m. Vykon\u00e1 sa to kliknut\u00edm na &#8220;+&#8221; ved\u013ea po\u013ea &#8220;Vozidl\u00e1&#8221;.<\/p>\n<p><a href=\"https:\/\/www.fmsdocumentation.com\/wp-content\/uploads\/2018\/05\/116.png\"><img loading=\"lazy\" decoding=\"async\" class=\"alignnone size-full wp-image-5056\" src=\"https:\/\/www.fmsdocumentation.com\/wp-content\/uploads\/2018\/05\/116.png\" alt=\"\" width=\"720\" height=\"889\" srcset=\"https:\/\/www.fmsdocumentation.com\/wp-content\/uploads\/2018\/05\/116.png 720w, https:\/\/www.fmsdocumentation.com\/wp-content\/uploads\/2018\/05\/116-243x300.png 243w\" sizes=\"auto, (max-width: 720px) 100vw, 720px\" \/><\/a><\/p>\n<p>Otvor\u00ed sa zoznam pre v\u00fdber vozidiel so v\u0161etk\u00fdmi vozidlami. U\u017e vybran\u00e9 vozidl\u00e1 bud\u00fa ozna\u010den\u00e9 modr\u00fdm podtr\u017en\u00edkom ved\u013ea n\u00e1zvu vozidla. Pridanie alebo vybratie vozidla sa vykon\u00e1 kliknut\u00edm na za\u0161krt\u00e1vacie pol\u00ed\u010dko. Po ka\u017edej zmene sa mus\u00ed klikn\u00fa\u0165 na tla\u010didlo &#8220;Pou\u017ei\u0165&#8221;, inak nebud\u00fa zmeny ulo\u017een\u00e9. Storno zmien sa vykon\u00e1 kliknut\u00edm na tla\u010didlo &#8220;Zru\u0161i\u0165&#8221; alebo jednoducho kliknut\u00edm mimo okna v\u00fdberu vozidiel.<\/p>\n<p><p class=\"note\">Pozn\u00e1mka<br \/>\nAk je vozidlo v zozname \u0161edej, znamen\u00e1 to, \u017ee vozidlo nepodporuje po\u017eadovan\u00fd parameter pre t\u00fato udalos\u0165. \u0160ed\u00e9 vozidlo nie je pre v\u00fdber dostupn\u00e9.<\/p><\/p>\n<p><a href=\"https:\/\/www.fmsdocumentation.com\/wp-content\/uploads\/2017\/04\/117.png\"><img loading=\"lazy\" decoding=\"async\" class=\"alignnone wp-image-201 size-full\" src=\"https:\/\/www.fmsdocumentation.com\/wp-content\/uploads\/2017\/04\/117.png\" alt=\"\" width=\"750\" height=\"574\" srcset=\"https:\/\/www.fmsdocumentation.com\/wp-content\/uploads\/2017\/04\/117.png 750w, https:\/\/www.fmsdocumentation.com\/wp-content\/uploads\/2017\/04\/117-300x230.png 300w\" sizes=\"auto, (max-width: 750px) 100vw, 750px\" \/><\/a><\/p>\n<p>Pre edit\u00e1ciu in\u00e9 inform\u00e1cie tejto udalosti sa mus\u00ed klikn\u00fa\u0165 na &#8220;Upravi\u0165&#8221;. Otvor\u00ed sa rovnak\u00e9 okno, ako je &#8220;vytvorenie novej udalosti&#8221;. Je to pop\u00edsan\u00e9 v\u00a0predch\u00e1dzaj\u00facej \u010dasti ( &#8220;<a href=\"https:\/\/www.fmsdocumentation.com\/sk\/menu-udalosti\/vytvorenie-novej-udalosti\/?lang=sk\">Vytvori\u0165 nov\u00fa udalos\u0165<\/a>&#8220;). Po zmene sa mus\u00ed klikn\u00fa\u0165 na tla\u010didlo &#8220;Aktualizova\u0165&#8221;, inak nebud\u00fa zmeny ulo\u017een\u00e9.<\/p>\n<p><a href=\"https:\/\/www.fmsdocumentation.com\/wp-content\/uploads\/2018\/03\/118.png\"><img loading=\"lazy\" decoding=\"async\" class=\"alignnone size-full wp-image-4496\" src=\"https:\/\/www.fmsdocumentation.com\/wp-content\/uploads\/2018\/03\/118.png\" alt=\"\" width=\"850\" height=\"759\" srcset=\"https:\/\/www.fmsdocumentation.com\/wp-content\/uploads\/2018\/03\/118.png 850w, https:\/\/www.fmsdocumentation.com\/wp-content\/uploads\/2018\/03\/118-300x268.png 300w, https:\/\/www.fmsdocumentation.com\/wp-content\/uploads\/2018\/03\/118-768x686.png 768w\" sizes=\"auto, (max-width: 850px) 100vw, 850px\" \/><\/a><\/p>\n<p>Ak sa zmeny nemaj\u00fa ulo\u017ei\u0165 mus\u00ed sa klikn\u00fa\u0165 na tla\u010didlo &#8220;Zatvori\u0165&#8221; alebo kdeko\u013evek mimo okna &#8220;Upravi\u0165 udalos\u0165&#8221;.<\/p>\n<hr \/>\n<p><div class=\"alignleft\"><a href=\"https:\/\/www.fmsdocumentation.com\/sk\/menu-udalosti\/vytvorenie-novej-udalosti\/\" title=\"Vytvorenie novej udalosti\"><span class=\"arrow\">\u2039 &nbsp <\/span> Vytvorenie novej udalosti <\/a><\/div> <div class=\"alignright\"><a href=\"https:\/\/www.fmsdocumentation.com\/sk\/menu-upozornovanie\/\" title=\"Menu upozor\u0148ovanie\">Menu upozor\u0148ovanie <span class=\"arrow\"> &nbsp\u203a <\/span> <\/a><\/div><\/p>\n","protected":false},"excerpt":{"rendered":"<p>Zoznam v\u0161etk\u00fdch udalost\u00ed je hne\u010f pod tla\u010didlom &#8220;+ Nov\u00e1 udalos\u0165&#8221;. Zoznam udalost\u00ed sa automaticky form\u00e1tuje pod\u013ea abecedy. Pre u\u013eah\u010denie vyh\u013ead\u00e1vania udalost\u00ed mo\u017eno pou\u017ei\u0165 filter. Pre zmenu filtra sa mus\u00ed klikn\u00fa\u0165 na pole &#8220;Zobrazi\u0165 udalosti&#8221;, otvor\u00ed sa zoznam v\u0161etk\u00fdch dostupn\u00fdch filtrov. Aktu\u00e1lne zvolen\u00fd filter bude zv\u00fdraznen\u00fd tmavo \u0161ed\u00fa a ozna\u010den\u00fd modrou \u010diarou vpravo pri n\u00e1zve filtra. &hellip; <a href=\"https:\/\/www.fmsdocumentation.com\/sk\/menu-udalosti\/modifikacia-zoznamu-udalosti\/\" class=\"more-link\">Pokra\u010dova\u0165 v \u010d\u00edtan\u00ed: <span class=\"screen-reader-text\">Modifik\u00e1cia zoznamu udalost\u00ed<\/span><\/a><\/p>\n","protected":false},"author":5,"featured_media":0,"parent":6533,"menu_order":2,"comment_status":"closed","ping_status":"closed","template":"","meta":{"footnotes":""},"class_list":["post-6538","page","type-page","status-publish","hentry"],"_links":{"self":[{"href":"https:\/\/www.fmsdocumentation.com\/sk\/wp-json\/wp\/v2\/pages\/6538","targetHints":{"allow":["GET"]}}],"collection":[{"href":"https:\/\/www.fmsdocumentation.com\/sk\/wp-json\/wp\/v2\/pages"}],"about":[{"href":"https:\/\/www.fmsdocumentation.com\/sk\/wp-json\/wp\/v2\/types\/page"}],"author":[{"embeddable":true,"href":"https:\/\/www.fmsdocumentation.com\/sk\/wp-json\/wp\/v2\/users\/5"}],"replies":[{"embeddable":true,"href":"https:\/\/www.fmsdocumentation.com\/sk\/wp-json\/wp\/v2\/comments?post=6538"}],"version-history":[{"count":3,"href":"https:\/\/www.fmsdocumentation.com\/sk\/wp-json\/wp\/v2\/pages\/6538\/revisions"}],"predecessor-version":[{"id":6669,"href":"https:\/\/www.fmsdocumentation.com\/sk\/wp-json\/wp\/v2\/pages\/6538\/revisions\/6669"}],"up":[{"embeddable":true,"href":"https:\/\/www.fmsdocumentation.com\/sk\/wp-json\/wp\/v2\/pages\/6533"}],"wp:attachment":[{"href":"https:\/\/www.fmsdocumentation.com\/sk\/wp-json\/wp\/v2\/media?parent=6538"}],"curies":[{"name":"wp","href":"https:\/\/api.w.org\/{rel}","templated":true}]}}