{"id":6548,"date":"2018-12-13T15:11:33","date_gmt":"2018-12-13T13:11:33","guid":{"rendered":"http:\/\/www.fmsdocumentation.com\/?page_id=6548"},"modified":"2018-12-14T09:00:32","modified_gmt":"2018-12-14T07:00:32","slug":"vytvorenie-novej-ulohy","status":"publish","type":"page","link":"https:\/\/www.fmsdocumentation.com\/sk\/vytvorenie-novej-ulohy\/","title":{"rendered":"Vytvorenie novej \u00falohy"},"content":{"rendered":"<p>Do panelu \u00faloh sa pristupuje kliknut\u00edm na &#8220;\u00dalohy&#8221; na paneli Trasovanie &amp; \u00dalohy.<\/p>\n<p><a href=\"https:\/\/www.fmsdocumentation.com\/wp-content\/uploads\/2017\/04\/237-2.png\"><img loading=\"lazy\" decoding=\"async\" class=\"alignnone wp-image-1152 size-large\" src=\"https:\/\/www.fmsdocumentation.com\/wp-content\/uploads\/2017\/04\/237-2-1024x506.png\" alt=\"\" width=\"660\" height=\"326\" srcset=\"https:\/\/www.fmsdocumentation.com\/wp-content\/uploads\/2017\/04\/237-2-1024x506.png 1024w, https:\/\/www.fmsdocumentation.com\/wp-content\/uploads\/2017\/04\/237-2-300x148.png 300w, https:\/\/www.fmsdocumentation.com\/wp-content\/uploads\/2017\/04\/237-2-768x380.png 768w, https:\/\/www.fmsdocumentation.com\/wp-content\/uploads\/2017\/04\/237-2.png 1920w\" sizes=\"auto, (max-width: 660px) 100vw, 660px\" \/><\/a><\/p>\n<p>Kliknut\u00edm na &#8220;\u00dalohy&#8221; sa otvor\u00ed panel, hore je tla\u010didlo &#8220;+ Nov\u00e1 \u00faloha&#8221;. Po kliknut\u00ed na toto tla\u010didlo sa u\u017e\u00edvate\u013e presmeruje na &#8220;Trasovanie&#8221;, kde sa mus\u00ed najprv zada\u0165 po\u010diato\u010dn\u00fd bod a cie\u013eov\u00fd bod \u00falohy.<\/p>\n<p><p class=\"note\">Pozn\u00e1mka<br \/>\n\u00daloha sa automaticky prirad\u00ed najbli\u017e\u0161iemu vozidlu alebo vybran\u00e9mu vozidlu z najbli\u017e\u0161\u00edch v ur\u010denom polomere. Odpor\u00fa\u010da sa vybra\u0165 zam\u00fd\u0161\u013ean\u00e9 vozidlo ako po\u010diato\u010dn\u00fd bod, preto\u017ee ak vozidlo nie je v ur\u010denom polomere po\u010diato\u010dn\u00e9ho bodu nem\u00f4\u017ee by\u0165 priraden\u00e9 v procese tvorby \u00falohy. Ak v ur\u010denom polomere nie je \u017eiadne vozidlo, nemo\u017eno \u00falohu vytvori\u0165.<\/p><\/p>\n<p>Po vytvoren\u00ed trasy a kliknut\u00ed na tla\u010didlo &#8220;Vytvori\u0165 \u00falohu&#8221;, sa objav\u00ed nov\u00e9 okno &#8220;Vytvori\u0165 nov\u00e9 okno pre &lt;selected_vehicle&gt;&#8221; s nasleduj\u00facimi poli:<\/p>\n<ul>\n<li><strong>N\u00e1zov <\/strong>&#8211; N\u00e1zov \u00falohy, bude sa zobrazova\u0165 v zozname \u00faloh;<\/li>\n<li><strong>Z<\/strong> &#8211; miesto v\u00fdjazdu \u0161pecifikovan\u00e9 v trase s mo\u017enos\u0165ou prida\u0165 \u010fal\u0161iu inform\u00e1ciu o klientovi;<\/li>\n<li><strong>Do<\/strong> &#8211; koncov\u00fd bod v trase s mo\u017enos\u0165ou prida\u0165 \u010fal\u0161iu inform\u00e1ciu o klientovi;<\/li>\n<li><strong>Predpokladan\u00fd d\u00e1tum a \u010das pr\u00edchodu;<\/strong><\/li>\n<li><strong>Preferovan\u00fd d\u00e1tum a \u010das pr\u00edchodu;<\/strong><\/li>\n<li><strong>Dodato\u010dn\u00e1 inform\u00e1cia &#8211;<\/strong> ako je cena, hmotnos\u0165, objem a preferovan\u00e1 teplota.<\/li>\n<\/ul>\n<p><a href=\"https:\/\/www.fmsdocumentation.com\/wp-content\/uploads\/2017\/04\/226-1.png\"><img loading=\"lazy\" decoding=\"async\" class=\"alignnone wp-image-638 size-full\" src=\"https:\/\/www.fmsdocumentation.com\/wp-content\/uploads\/2017\/04\/226-1.png\" alt=\"\" width=\"750\" height=\"692\" srcset=\"https:\/\/www.fmsdocumentation.com\/wp-content\/uploads\/2017\/04\/226-1.png 750w, https:\/\/www.fmsdocumentation.com\/wp-content\/uploads\/2017\/04\/226-1-300x277.png 300w\" sizes=\"auto, (max-width: 750px) 100vw, 750px\" \/><\/a><\/p>\n<p>Po zadan\u00ed v\u0161etk\u00fdch potrebn\u00fdch inform\u00e1ci\u00ed sa mus\u00ed klikn\u00fa\u0165 na tla\u010didlo ulo\u017ei\u0165. Ak sa \u00faloha nem\u00e1 ulo\u017ei\u0165, klikne sa bu\u010f na tla\u010didlo zavrie\u0165 alebo kdeko\u013evek mimo okno. \u00daloha sa po vytvoren\u00ed prid\u00e1 do zoznamu na paneli.<\/p>\n<hr \/>\n<p><div class=\"alignleft\"><a href=\"https:\/\/www.fmsdocumentation.com\/sk\/\" title=\"Pomoc\"><span class=\"arrow\">\u2039 &nbsp <\/span> Pomoc <\/a><\/div> <div class=\"alignright\"><a href=\"https:\/\/www.fmsdocumentation.com\/sk\/zakladne-informacie\/\" title=\"Z\u00e1kladn\u00e9 inform\u00e1cie\">Z\u00e1kladn\u00e9 inform\u00e1cie <span class=\"arrow\"> &nbsp\u203a <\/span> <\/a><\/div><\/p>\n","protected":false},"excerpt":{"rendered":"<p>Do panelu \u00faloh sa pristupuje kliknut\u00edm na &#8220;\u00dalohy&#8221; na paneli Trasovanie &amp; \u00dalohy. Kliknut\u00edm na &#8220;\u00dalohy&#8221; sa otvor\u00ed panel, hore je tla\u010didlo &#8220;+ Nov\u00e1 \u00faloha&#8221;. Po kliknut\u00ed na toto tla\u010didlo sa u\u017e\u00edvate\u013e presmeruje na &#8220;Trasovanie&#8221;, kde sa mus\u00ed najprv zada\u0165 po\u010diato\u010dn\u00fd bod a cie\u013eov\u00fd bod \u00falohy. Pozn\u00e1mka \u00daloha sa automaticky prirad\u00ed najbli\u017e\u0161iemu vozidlu alebo vybran\u00e9mu &hellip; <a href=\"https:\/\/www.fmsdocumentation.com\/sk\/vytvorenie-novej-ulohy\/\" class=\"more-link\">Pokra\u010dova\u0165 v \u010d\u00edtan\u00ed: <span class=\"screen-reader-text\">Vytvorenie novej \u00falohy<\/span><\/a><\/p>\n","protected":false},"author":5,"featured_media":0,"parent":0,"menu_order":2,"comment_status":"closed","ping_status":"closed","template":"","meta":{"footnotes":""},"class_list":["post-6548","page","type-page","status-publish","hentry"],"_links":{"self":[{"href":"https:\/\/www.fmsdocumentation.com\/sk\/wp-json\/wp\/v2\/pages\/6548","targetHints":{"allow":["GET"]}}],"collection":[{"href":"https:\/\/www.fmsdocumentation.com\/sk\/wp-json\/wp\/v2\/pages"}],"about":[{"href":"https:\/\/www.fmsdocumentation.com\/sk\/wp-json\/wp\/v2\/types\/page"}],"author":[{"embeddable":true,"href":"https:\/\/www.fmsdocumentation.com\/sk\/wp-json\/wp\/v2\/users\/5"}],"replies":[{"embeddable":true,"href":"https:\/\/www.fmsdocumentation.com\/sk\/wp-json\/wp\/v2\/comments?post=6548"}],"version-history":[{"count":2,"href":"https:\/\/www.fmsdocumentation.com\/sk\/wp-json\/wp\/v2\/pages\/6548\/revisions"}],"predecessor-version":[{"id":6670,"href":"https:\/\/www.fmsdocumentation.com\/sk\/wp-json\/wp\/v2\/pages\/6548\/revisions\/6670"}],"wp:attachment":[{"href":"https:\/\/www.fmsdocumentation.com\/sk\/wp-json\/wp\/v2\/media?parent=6548"}],"curies":[{"name":"wp","href":"https:\/\/api.w.org\/{rel}","templated":true}]}}