{"id":6553,"date":"2018-12-13T15:23:57","date_gmt":"2018-12-13T13:23:57","guid":{"rendered":"http:\/\/www.fmsdocumentation.com\/?page_id=6553"},"modified":"2020-06-09T14:22:04","modified_gmt":"2020-06-09T11:22:04","slug":"menu-upozornovanie","status":"publish","type":"page","link":"https:\/\/www.fmsdocumentation.com\/sk\/menu-upozornovanie\/","title":{"rendered":"Menu upozor\u0148ovanie"},"content":{"rendered":"<p>Pre pr\u00edstup na panel Upozor\u0148ovanie sa klikne na pr\u00edslu\u0161n\u00fa ikonu na naviga\u010dnom paneli na \u013eavej strane obrazovky.<\/p>\n<p><a href=\"https:\/\/www.fmsdocumentation.com\/wp-content\/uploads\/2017\/04\/123.png\"><img loading=\"lazy\" decoding=\"async\" class=\"alignnone wp-image-210 size-large\" src=\"https:\/\/www.fmsdocumentation.com\/wp-content\/uploads\/2017\/04\/123-1024x560.png\" alt=\"\" width=\"660\" height=\"361\" srcset=\"https:\/\/www.fmsdocumentation.com\/wp-content\/uploads\/2017\/04\/123-1024x560.png 1024w, https:\/\/www.fmsdocumentation.com\/wp-content\/uploads\/2017\/04\/123-300x164.png 300w, https:\/\/www.fmsdocumentation.com\/wp-content\/uploads\/2017\/04\/123-768x420.png 768w, https:\/\/www.fmsdocumentation.com\/wp-content\/uploads\/2017\/04\/123.png 1251w\" sizes=\"auto, (max-width: 660px) 100vw, 660px\" \/><\/a><\/p>\n<p>Otvor\u00ed sa panel Upozor\u0148ovanie umo\u017e\u0148uj\u00faci u\u017e\u00edvate\u013eovi nasleduj\u00face \u010dinnosti:<\/p>\n<ul>\n<li>Vytvori\u0165 pre vozidl\u00e1 nov\u00e9 upozornenia;<\/li>\n<li>Prehliada\u0165 \/ modifikova\u0165 \/ maza\u0165 existuj\u00face upozornenia<\/li>\n<\/ul>\n<p>Upozor\u0148ovanie sa pou\u017e\u00edvaj\u00fa na nastavenie peri\u00f3d \u00fadr\u017eby vozidiel. Syst\u00e9m sledovania vyu\u017e\u00edva d\u00e1ta z vozidiel, ako napr. Prejden\u00e1 vzdialenos\u0165 a doba prev\u00e1dzky na pl\u00e1novanie servisu, opr\u00e1v a \u00fadr\u017eby.<\/p>\n<hr \/>\n<p><div class=\"alignleft\"><a href=\"https:\/\/www.fmsdocumentation.com\/sk\/menu-udalosti\/modifikacia-zoznamu-udalosti\/\" title=\"Modifik\u00e1cia zoznamu udalost\u00ed\"><span class=\"arrow\">\u2039 &nbsp <\/span> Modifik\u00e1cia zoznamu udalost\u00ed <\/a><\/div> <div class=\"alignright\"><a href=\"https:\/\/www.fmsdocumentation.com\/sk\/menu-upozornovanie\/nove-upozornenie-na-udrzbu\/\" title=\"Nov\u00e9 upozornenie na \u00fadr\u017ebu\">Nov\u00e9 upozornenie na \u00fadr\u017ebu <span class=\"arrow\"> &nbsp\u203a <\/span> <\/a><\/div><\/p>\n","protected":false},"excerpt":{"rendered":"<p>Pre pr\u00edstup na panel Upozor\u0148ovanie sa klikne na pr\u00edslu\u0161n\u00fa ikonu na naviga\u010dnom paneli na \u013eavej strane obrazovky. Otvor\u00ed sa panel Upozor\u0148ovanie umo\u017e\u0148uj\u00faci u\u017e\u00edvate\u013eovi nasleduj\u00face \u010dinnosti: Vytvori\u0165 pre vozidl\u00e1 nov\u00e9 upozornenia; Prehliada\u0165 \/ modifikova\u0165 \/ maza\u0165 existuj\u00face upozornenia Upozor\u0148ovanie sa pou\u017e\u00edvaj\u00fa na nastavenie peri\u00f3d \u00fadr\u017eby vozidiel. Syst\u00e9m sledovania vyu\u017e\u00edva d\u00e1ta z vozidiel, ako napr. Prejden\u00e1 vzdialenos\u0165 &hellip; <a href=\"https:\/\/www.fmsdocumentation.com\/sk\/menu-upozornovanie\/\" class=\"more-link\">Pokra\u010dova\u0165 v \u010d\u00edtan\u00ed: <span class=\"screen-reader-text\">Menu upozor\u0148ovanie<\/span><\/a><\/p>\n","protected":false},"author":5,"featured_media":0,"parent":0,"menu_order":79,"comment_status":"closed","ping_status":"closed","template":"","meta":{"footnotes":""},"class_list":["post-6553","page","type-page","status-publish","hentry"],"_links":{"self":[{"href":"https:\/\/www.fmsdocumentation.com\/sk\/wp-json\/wp\/v2\/pages\/6553","targetHints":{"allow":["GET"]}}],"collection":[{"href":"https:\/\/www.fmsdocumentation.com\/sk\/wp-json\/wp\/v2\/pages"}],"about":[{"href":"https:\/\/www.fmsdocumentation.com\/sk\/wp-json\/wp\/v2\/types\/page"}],"author":[{"embeddable":true,"href":"https:\/\/www.fmsdocumentation.com\/sk\/wp-json\/wp\/v2\/users\/5"}],"replies":[{"embeddable":true,"href":"https:\/\/www.fmsdocumentation.com\/sk\/wp-json\/wp\/v2\/comments?post=6553"}],"version-history":[{"count":1,"href":"https:\/\/www.fmsdocumentation.com\/sk\/wp-json\/wp\/v2\/pages\/6553\/revisions"}],"predecessor-version":[{"id":6554,"href":"https:\/\/www.fmsdocumentation.com\/sk\/wp-json\/wp\/v2\/pages\/6553\/revisions\/6554"}],"wp:attachment":[{"href":"https:\/\/www.fmsdocumentation.com\/sk\/wp-json\/wp\/v2\/media?parent=6553"}],"curies":[{"name":"wp","href":"https:\/\/api.w.org\/{rel}","templated":true}]}}