{"id":6555,"date":"2018-12-13T15:27:25","date_gmt":"2018-12-13T13:27:25","guid":{"rendered":"http:\/\/www.fmsdocumentation.com\/?page_id=6555"},"modified":"2018-12-13T15:27:25","modified_gmt":"2018-12-13T13:27:25","slug":"nove-upozornenie-na-udrzbu","status":"publish","type":"page","link":"https:\/\/www.fmsdocumentation.com\/sk\/menu-upozornovanie\/nove-upozornenie-na-udrzbu\/","title":{"rendered":"Nov\u00e9 upozornenie na \u00fadr\u017ebu"},"content":{"rendered":"<p>Pre vytvorenie nov\u00e9ho upozornenie na \u00fadr\u017ebu sa klikne na tla\u010didlo &#8220;+ Nov\u00e9 upozornenia&#8221;, umiestnen\u00e9 v hornom \u013eavom rohu panela.<\/p>\n<p><a href=\"https:\/\/www.fmsdocumentation.com\/wp-content\/uploads\/2017\/04\/124.png\"><img loading=\"lazy\" decoding=\"async\" class=\"alignnone wp-image-213 size-large\" src=\"https:\/\/www.fmsdocumentation.com\/wp-content\/uploads\/2017\/04\/124-1024x560.png\" alt=\"\" width=\"660\" height=\"361\" srcset=\"https:\/\/www.fmsdocumentation.com\/wp-content\/uploads\/2017\/04\/124-1024x560.png 1024w, https:\/\/www.fmsdocumentation.com\/wp-content\/uploads\/2017\/04\/124-300x164.png 300w, https:\/\/www.fmsdocumentation.com\/wp-content\/uploads\/2017\/04\/124-768x420.png 768w, https:\/\/www.fmsdocumentation.com\/wp-content\/uploads\/2017\/04\/124.png 1251w\" sizes=\"auto, (max-width: 660px) 100vw, 660px\" \/><\/a><\/p>\n<p>Otvor\u00ed sa tak nov\u00e9 okno pre nastavenie nov\u00e9ho upozornenia. Najprv sa mus\u00ed zvoli\u0165 vozidlo \u010di vozidl\u00e1 pre ktor\u00e1 bude upozornenie plati\u0165. U\u017e\u00edvate\u013e to m\u00f4\u017ee vykona\u0165 za pou\u017eitia:<\/p>\n<ol>\n<li><strong>Vyh\u013ead\u00e1vacej li\u0161ty <\/strong>pre r\u00fdchle vyh\u013eadanie vozidla. Ka\u017ed\u00e9 zadan\u00e9 p\u00edsmeno automaticky filtruje vo v\u0161etk\u00fdch objektoch a zobrazuje iba tie, ktor\u00e9 zodpovedaj\u00fa n\u00e1zvom pod li\u0161tou.<\/li>\n<li><strong>Vybra\u0165 v\u0161etko <\/strong>&#8211; vyber\u00fa sa v\u0161etky objekty aktu\u00e1lne zobrazenej v poli v\u00fdberu. To znamen\u00e1, \u017ee ak je pou\u017eit\u00e1 vyh\u013ead\u00e1vacia li\u0161ta pre filtrovanie objektov a klikne sa na &#8220;Vybra\u0165 v\u0161etko&#8221; vyber\u00fa (za\u0161krtn\u00fa\u0165) sa iba vyfiltrovan\u00e9 objekty, zatia\u013e \u010do skryt\u00e9 objekty nie. (Pre v\u00fdber v\u0161etk\u00fdch objektov vo flotile mus\u00ed by\u0165 vyh\u013ead\u00e1vac\u00ed li\u0161ta pr\u00e1zdna!). Na pravej strane tla\u010didla Vybra\u0165 v\u0161etko je po\u010d\u00edtadlo zobrazuj\u00faci po\u010det aktu\u00e1lne vybran\u00fdch vozidiel.<\/li>\n<li><strong>Pole v\u00fdberu vozidiel<\/strong>&#8211; zobrazuje (ak je vyh\u013ead\u00e1vac\u00ed li\u0161ta pr\u00e1zdna) v\u0161etky vozidl\u00e1 vo flotile v abecednom porad\u00ed. U\u017e\u00edvate\u013e tu m\u00f4\u017ee zvoli\u0165 vozidla, ku ktor\u00fdm chce priradi\u0165 upozornenia. V\u00fdber sa uskuto\u010dn\u00ed kliknut\u00edm na pol\u00ed\u010dko pred n\u00e1zvom vozidla. (Pol\u00ed\u010dko sa zv\u00fdrazn\u00ed modro s bielym podtr\u017en\u00edkom vn\u00fatri).<\/li>\n<\/ol>\n<p><a href=\"https:\/\/www.fmsdocumentation.com\/wp-content\/uploads\/2017\/04\/125.png\"><img loading=\"lazy\" decoding=\"async\" class=\"alignnone wp-image-214 size-large\" src=\"https:\/\/www.fmsdocumentation.com\/wp-content\/uploads\/2017\/04\/125-1024x560.png\" alt=\"\" width=\"660\" height=\"361\" srcset=\"https:\/\/www.fmsdocumentation.com\/wp-content\/uploads\/2017\/04\/125-1024x560.png 1024w, https:\/\/www.fmsdocumentation.com\/wp-content\/uploads\/2017\/04\/125-300x164.png 300w, https:\/\/www.fmsdocumentation.com\/wp-content\/uploads\/2017\/04\/125-768x420.png 768w, https:\/\/www.fmsdocumentation.com\/wp-content\/uploads\/2017\/04\/125.png 1251w\" sizes=\"auto, (max-width: 660px) 100vw, 660px\" \/><\/a><\/p>\n<p>Po v\u00fdbere vozidla alebo vozidiel pre upozornenie mus\u00ed u\u017e\u00edvate\u013e vlo\u017ei\u0165 nastavenia a popis upozornenia. Mus\u00ed sa zap\u00edsa\u0165 nasleduj\u00face inform\u00e1cie:<\/p>\n<ol>\n<li><strong>N\u00e1zov upozornenia<\/strong> &#8211; tento n\u00e1zov bude zobrazen\u00fd v zozname upozornen\u00ed, je to hlavn\u00fd identifik\u00e1tor.<\/li>\n<li><strong>Typ parametra <\/strong>&#8211; definuje, ktor\u00fd parameter je pou\u017eit\u00fd pre nastavenie peri\u00f3dy upozornenia. Kliknut\u00edm na mal\u00fa \u0161\u00edpku sa otvor\u00ed zoznam dostupn\u00fdch parametrov:\n<ul>\n<li><strong>Tachometer<\/strong> &#8211; tento parameter je nastaven\u00fd automaticky a je uveden\u00fd v kilometroch (napr .: V\u00fdmena oleja po ka\u017ed\u00fdch 7000 km).<\/li>\n<li><strong>D\u00e1tum<\/strong> &#8211; nastavuje periodicitu \u010dasov\u00fa, zad\u00e1va sa numerick\u00e1 hodnota a n\u00e1zov peri\u00f3dy (dni, t\u00fd\u017edne, mesiace, roky) (Napr .: V\u00fdmena oleja ka\u017ed\u00e9 3 mesiace alebo po 90 d\u0148och).<\/li>\n<li><strong>Pracovn\u00fd \u010das <\/strong>&#8211; tento parameter nastavuje pracovn\u00fa dobu. Nastavuje sa iba na vozidl\u00e1, ktor\u00e9 s\u00fa konfigurovan\u00e9 (DIN1, DIN2, DIN3 or DIN4) pre odosielanie pracovnej doby do syst\u00e9mu sledovania (voli\u010d vstupu sa objav\u00ed pod &#8220;Typ parametra&#8221;, kde m\u00f4\u017ee pou\u017e\u00edvate\u013e zvoli\u0165 DIN, ktor\u00e9 posiela d\u00e1ta). Vo\u013ebou typu parametra sa automaticky aktualizuje zoznam vozidiel na vozidl\u00e1, ktor\u00e9 podporuj\u00fa tento typ parametra, zmenou vstupu (DIN1-DIN4) sa tie\u017e zoznam filtruje. Doba sa po\u010d\u00edta v hodin\u00e1ch. (Napr .: V\u00fdmena oleja ka\u017ed\u00fdch 450 hod\u00edn prev\u00e1dzky).<\/li>\n<\/ul>\n<\/li>\n<li><strong>Prida\u0165 popis <\/strong>&#8211; kliknut\u00edm na toto tla\u010didlo sa otvor\u00ed pole pre popis upozornenia. Tento popis je vidite\u013en\u00fd iba pri edit\u00e1cii nastaven\u00ed vozidla po vytvoren\u00ed upozornenie na \u00fadr\u017ebu.<\/li>\n<li><strong>Vstup <\/strong>&#8211; je k dispoz\u00edcii iba ak je typ parametra nastaven\u00fd na &#8220;Pracovn\u00fa dobu&#8221;. Umo\u017e\u0148uje zvoli\u0165 z ktor\u00e9ho vstupu sa d\u00e1ta doby prij\u00edmaj\u00fa. Vol\u00ed sa individu\u00e1lne pod\u013ea konfigur\u00e1cie jednotky.<\/li>\n<li><strong>Zap\u00edsa\u0165 d\u00e1tum posledn\u00e9ho servisu <\/strong>&#8211; kliknut\u00edm na toto za\u0161krt\u00e1vacie pol\u00ed\u010dko sa vytvor\u00ed textov\u00e9 pole, kde m\u00f4\u017ee u\u017e\u00edvate\u013e zap\u00edsa\u0165 vzdialenos\u0165 \/ d\u00e1tum \/ pracovn\u00fa dobu posledn\u00e9ho servisu (peri\u00f3da sa za\u010dne po\u010d\u00edta\u0165 od zadanej hodnote).<\/li>\n<li><strong>Opakova\u0165 upozornenie po <\/strong>&#8211; umo\u017e\u0148uje zada\u0165 po\u017eadovan\u00fa peri\u00f3du (ka\u017ed\u00fdch XX dn\u00ed, XXXX kilometrov, XX pracovn\u00fdch hod\u00edn) pre upozornenie pod\u013ea vo\u013eby parametrov (pracovn\u00e9 hodiny \/ d\u00e1tum \/ vzdialenos\u0165).<\/li>\n<li><strong>Aktu\u00e1lny vzdialenos\u0165 \/ d\u00e1tum \/ pracovn\u00e9 hodiny <\/strong>&#8211; zobrazuje aktu\u00e1lnu hodnotu parametrov objektov pod\u013ea zvolen\u00e9ho vstupu.<\/li>\n<li><strong>Potvrdenie \u00falohy<\/strong> &#8211; umo\u017e\u0148uje u\u017e\u00edvate\u013eovi zvoli\u0165 jednu z dvoch mo\u017enost\u00ed pre potvrdenie upozornenia, ktor\u00e9 ur\u010duje, kedy za\u010dne nov\u00fd cyklus. Mo\u017eno zvoli\u0165 z dvoch variantov:\n<ul>\n<li><strong>Potvrdi\u0165 t\u00fato \u00falohu manu\u00e1lne zaka\u017ed\u00fdm, ke\u010f sa m\u00e1 spusti\u0165 nov\u00fd cyklus <\/strong>-to znamen\u00e1, \u017ee nov\u00e9 obdobie za\u010dne iba, ke\u010f pou\u017e\u00edvate\u013e potvrd\u00ed, \u017ee predch\u00e1dzaj\u00faci cyklus je ukon\u010den\u00fd;<\/li>\n<li><strong>Automatick\u00e9 potvrdenie spustenie nov\u00e9ho cyklu <\/strong>&#8211; to znamen\u00e1, \u017ee nov\u00fd cyklus za\u010dne ihne\u010f po ukon\u010den\u00ed predch\u00e1dzaj\u00faceho bez potvrdenia pou\u017e\u00edvate\u013ea.<\/li>\n<\/ul>\n<\/li>\n<\/ol>\n<p><strong>Emailov\u00e9 ozn\u00e1menia &#8211; <\/strong>zatrhnut\u00edm tohto pol\u00ed\u010dka umo\u017en\u00ed odoslania emailu s upozornen\u00edm na bl\u00ed\u017eiace sa term\u00edn \u00fadr\u017eby. Mo\u017eno zada\u0165 viac ako jeden email, ak je oddel\u00edme \u010diarkou &#8220;,&#8221;. Email mo\u017eno odobra\u0165 kliknite na mal\u00fd kr\u00ed\u017eik ved\u013ea adresy.<\/p>\n<p><strong>Upozorni\u0165 pred &#8211;<\/strong>toto pole sa zobraz\u00ed len ak je pol\u00ed\u010dko emailov\u00e9ho upozornenia za\u0161krtnut\u00e9. Definuje, kedy sa maj\u00fa emaili odosla\u0165 (napr .: 500 km pred nastavenou hodnotou). Jednotky, (km alebo \u010das) z\u00e1vis\u00ed od zvolen\u00e9ho typu parametra.<\/p>\n<ol start=\"9\">\n<li><strong>Ulo\u017ei\u0165 <\/strong>&#8211; pre ulo\u017eenie nov\u00e9ho upozornenie na \u00fadr\u017ebu sa mus\u00ed klikn\u00fa na tla\u010didlo Ulo\u017ei\u0165.<\/li>\n<li><strong>Zavrie\u0165 <\/strong>-zru\u0161enie tvorby nov\u00e9ho upozornenia sa vykon\u00e1 kliknut\u00edm na Zavrie\u0165 alebo kliknut\u00edm kdeko\u013evek mimo okna tvorby upozornenia.<\/li>\n<\/ol>\n<p><a href=\"https:\/\/www.fmsdocumentation.com\/wp-content\/uploads\/2017\/04\/126.png\"><img loading=\"lazy\" decoding=\"async\" class=\"alignnone wp-image-215 size-full\" src=\"https:\/\/www.fmsdocumentation.com\/wp-content\/uploads\/2017\/04\/126.png\" alt=\"\" width=\"800\" height=\"760\" srcset=\"https:\/\/www.fmsdocumentation.com\/wp-content\/uploads\/2017\/04\/126.png 800w, https:\/\/www.fmsdocumentation.com\/wp-content\/uploads\/2017\/04\/126-300x285.png 300w, https:\/\/www.fmsdocumentation.com\/wp-content\/uploads\/2017\/04\/126-768x730.png 768w\" sizes=\"auto, (max-width: 800px) 100vw, 800px\" \/><\/a><\/p>\n<p>Po kliknut\u00ed na tla\u010didlo Ulo\u017ei\u0165 sa nov\u00e9 upozornenie prid\u00e1 na zoznam upozornenia.<\/p>\n<hr \/>\n<p><div class=\"alignleft\"><a href=\"https:\/\/www.fmsdocumentation.com\/sk\/menu-upozornovanie\/\" title=\"Menu upozor\u0148ovanie\"><span class=\"arrow\">\u2039 &nbsp <\/span> Menu upozor\u0148ovanie <\/a><\/div> <div class=\"alignright\"><a href=\"https:\/\/www.fmsdocumentation.com\/sk\/menu-upozornovanie\/prehlad-upozornenie-na-udrzbu\/\" title=\"Preh\u013ead upozornenie na \u00fadr\u017ebu\">Preh\u013ead upozornenie na \u00fadr\u017ebu <span class=\"arrow\"> &nbsp\u203a <\/span> <\/a><\/div><\/p>\n","protected":false},"excerpt":{"rendered":"<p>Pre vytvorenie nov\u00e9ho upozornenie na \u00fadr\u017ebu sa klikne na tla\u010didlo &#8220;+ Nov\u00e9 upozornenia&#8221;, umiestnen\u00e9 v hornom \u013eavom rohu panela. Otvor\u00ed sa tak nov\u00e9 okno pre nastavenie nov\u00e9ho upozornenia. Najprv sa mus\u00ed zvoli\u0165 vozidlo \u010di vozidl\u00e1 pre ktor\u00e1 bude upozornenie plati\u0165. U\u017e\u00edvate\u013e to m\u00f4\u017ee vykona\u0165 za pou\u017eitia: Vyh\u013ead\u00e1vacej li\u0161ty pre r\u00fdchle vyh\u013eadanie vozidla. Ka\u017ed\u00e9 zadan\u00e9 p\u00edsmeno &hellip; <a href=\"https:\/\/www.fmsdocumentation.com\/sk\/menu-upozornovanie\/nove-upozornenie-na-udrzbu\/\" class=\"more-link\">Pokra\u010dova\u0165 v \u010d\u00edtan\u00ed: <span class=\"screen-reader-text\">Nov\u00e9 upozornenie na \u00fadr\u017ebu<\/span><\/a><\/p>\n","protected":false},"author":5,"featured_media":0,"parent":6553,"menu_order":1,"comment_status":"closed","ping_status":"closed","template":"","meta":{"footnotes":""},"class_list":["post-6555","page","type-page","status-publish","hentry"],"_links":{"self":[{"href":"https:\/\/www.fmsdocumentation.com\/sk\/wp-json\/wp\/v2\/pages\/6555","targetHints":{"allow":["GET"]}}],"collection":[{"href":"https:\/\/www.fmsdocumentation.com\/sk\/wp-json\/wp\/v2\/pages"}],"about":[{"href":"https:\/\/www.fmsdocumentation.com\/sk\/wp-json\/wp\/v2\/types\/page"}],"author":[{"embeddable":true,"href":"https:\/\/www.fmsdocumentation.com\/sk\/wp-json\/wp\/v2\/users\/5"}],"replies":[{"embeddable":true,"href":"https:\/\/www.fmsdocumentation.com\/sk\/wp-json\/wp\/v2\/comments?post=6555"}],"version-history":[{"count":2,"href":"https:\/\/www.fmsdocumentation.com\/sk\/wp-json\/wp\/v2\/pages\/6555\/revisions"}],"predecessor-version":[{"id":6557,"href":"https:\/\/www.fmsdocumentation.com\/sk\/wp-json\/wp\/v2\/pages\/6555\/revisions\/6557"}],"up":[{"embeddable":true,"href":"https:\/\/www.fmsdocumentation.com\/sk\/wp-json\/wp\/v2\/pages\/6553"}],"wp:attachment":[{"href":"https:\/\/www.fmsdocumentation.com\/sk\/wp-json\/wp\/v2\/media?parent=6555"}],"curies":[{"name":"wp","href":"https:\/\/api.w.org\/{rel}","templated":true}]}}