{"id":6558,"date":"2018-12-13T15:30:06","date_gmt":"2018-12-13T13:30:06","guid":{"rendered":"http:\/\/www.fmsdocumentation.com\/?page_id=6558"},"modified":"2018-12-13T15:30:06","modified_gmt":"2018-12-13T13:30:06","slug":"prehlad-upozornenie-na-udrzbu","status":"publish","type":"page","link":"https:\/\/www.fmsdocumentation.com\/sk\/menu-upozornovanie\/prehlad-upozornenie-na-udrzbu\/","title":{"rendered":"Preh\u013ead upozornenie na \u00fadr\u017ebu"},"content":{"rendered":"<p>Zoznam zobrazuje v\u0161etky upozornenia vytvoren\u00e1 u\u017e\u00edvate\u013eom. Ka\u017ed\u00e1 \u00faloha zobrazuje dodato\u010dn\u00e9 inform\u00e1cie:<\/p>\n<ul>\n<li><strong>N\u00e1zov upozornenia<\/strong>;<\/li>\n<li><strong>Po\u010det priraden\u00fdch vozidiel<\/strong>;<\/li>\n<li><strong>Po\u010det vozidiel pod\u013ea stavu <\/strong>&#8211; zobrazuje mal\u00fd graf a po\u010det vozidiel v jednotliv\u00fdch stavoch. Stavy s\u00fa tri a vyskytuj\u00fa sa v troch farb\u00e1ch:\n<ul>\n<li><strong>Zelen\u00e1 <\/strong>&#8211; ok, netreba sa venova\u0165, \u010das alebo vzdialenos\u0165 \u010fal\u0161ej \u00fadr\u017eby je st\u00e1le dlh\u0161ie ne\u017e 20% p\u00f4vodnej hodnoty;<\/li>\n<li><strong>\u017dlt\u00e1 <\/strong>&#8211; \u010dakaj\u00faci, tzn. \u017ee vozidlo \u010dak\u00e1 na \u00fadr\u017ebu a \u010das alebo vzdialenos\u0165 do \u00fadr\u017eby je men\u0161ia ako 20% p\u00f4vodnej hodnoty (Pr\u00edklad: obdobie je 100 dn\u00ed, vozidlo pohybovalo 85 dn\u00ed, do \u00fadr\u017eby ost\u00e1va 15 dn\u00ed (15% z po\u010diato\u010dnej hodnoty 100, &lt;20%))<\/li>\n<li><strong>\u010cerven\u00e1 <\/strong>&#8211; oneskorenie, tzn. \u017ee \u010das alebo vzdialenos\u0165 pre \u00fadr\u017ebu u\u017e uplynula.<\/li>\n<\/ul>\n<\/li>\n<\/ul>\n<p><a href=\"https:\/\/www.fmsdocumentation.com\/wp-content\/uploads\/2017\/04\/127.png\"><img loading=\"lazy\" decoding=\"async\" class=\"alignnone wp-image-218 size-full\" src=\"https:\/\/www.fmsdocumentation.com\/wp-content\/uploads\/2017\/04\/127.png\" alt=\"\" width=\"343\" height=\"351\" srcset=\"https:\/\/www.fmsdocumentation.com\/wp-content\/uploads\/2017\/04\/127.png 343w, https:\/\/www.fmsdocumentation.com\/wp-content\/uploads\/2017\/04\/127-293x300.png 293w\" sizes=\"auto, (max-width: 343px) 100vw, 343px\" \/><\/a><\/p>\n<p>Kliknut\u00edm na \u00falohu v zozname sa otvor\u00ed preh\u013eadov\u00fd panel a otvor\u00ed sa prv\u00e9 upozornenie na \u00fadr\u017ebu:<\/p>\n<ol>\n<li><strong>N\u00e1zov upozornenia<\/strong>;<\/li>\n<li><strong>Prida\u0165 vozidlo<\/strong>&#8211; umo\u017e\u0148uje pridanie vozidl\u00e1 k aktu\u00e1lne vybran\u00e9mu upozornenia. Panel je podobn\u00fd sk\u00f4r pop\u00edsan\u00e9mu panelu vytvorenie upozornenia. Tu je mo\u017en\u00e9 vybra\u0165 v\u0161etky vozidl\u00e1, ktor\u00e9 sa maj\u00fa prida\u0165 k tomuto upozornenia. Mo\u017eno tie\u017e zmeni\u0165 opis upozornenia a nastavi\u0165 u\u017e\u00edvate\u013esk\u00e9 hodnoty pre tieto polia:\n<ul>\n<li><strong>Tachometer pri poslednom servise;<\/strong><\/li>\n<li><strong>Opakova\u0165 upozornenie po;<\/strong><\/li>\n<li><strong>Potvrdenie upozornenia.<\/strong><\/li>\n<\/ul>\n<\/li>\n<li><strong>V\u00fdmaz upozornenie<\/strong>&#8211; kliknut\u00edm sa zobraz\u00ed potvrdzovacie okno kde sa mus\u00ed potvrdi\u0165 \u00famysel v\u00fdmazu. Klikne Ak sa tu omylom, potom sta\u010d\u00ed klikn\u00fa\u0165 na &#8220;zru\u0161i\u0165&#8221; alebo kdeko\u013evek mimo potvrdzovacie okno.<\/li>\n<li><strong>Editova\u0165<\/strong> &#8211; umo\u017e\u0148uje editova\u0165 zvolen\u00e9 vozidlo \u010di vozidla (za\u0161krtnut\u00e1 pole), funkcia &#8220;Editova\u0165&#8221; je op\u00edsan\u00e1 v nasleduj\u00facom oddiele.<\/li>\n<li><strong>Odstr\u00e1ni\u0165 vozidlo <\/strong>&#8211; touto vo\u013ebou sa odstr\u00e1ni v\u0161etky za\u0161krtnut\u00e1 vozidl\u00e1 z vybran\u00e9ho upozornenie<\/li>\n<li><strong>Potvrdi\u0165 <\/strong>&#8211; T\u00fdmto sa potvrdzuje upozornenie, kliknut\u00edm sa upozornenie ozna\u010d\u00ed pre v\u0161etky za\u0161krtnut\u00e1 vozidl\u00e1. Je mo\u017en\u00e9 upozornenie potvrdi\u0165 pre ka\u017ed\u00e9 vozidlo individu\u00e1lne, je to pop\u00edsan\u00e9 ni\u017e\u0161ie. (POZN\u00c1MKA: Potvrden\u00e1 m\u00f4\u017eu by\u0165 iba vozidl\u00e1 so \u017elt\u00fdm alebo \u010derven\u00fdm stavom! Vozidl\u00e1 so zelen\u00fdm stavom potvrdi\u0165 ned\u00e1. Ak je vybran\u00fdch nieko\u013eko vozidiel so v\u0161etk\u00fdmi stavmi a stla\u010den\u00e9 tla\u010didlo potvrdenia, potvrd\u00ed sa iba vozidl\u00e1 s \u010derven\u00fdm a \u017elt\u00fdm stavom a objav\u00ed sa v\u00fdstra\u017en\u00e9 okno s inform\u00e1ciou , \u017ee niektor\u00e9 vozidl\u00e1 nemo\u017eno potvrdi\u0165 (so zelen\u00fdm stavom).<\/li>\n<li><strong>Zoznam vozidiel <\/strong>&#8211; Zoznam vozidiel priraden\u00fdch aktu\u00e1lne vybran\u00e9mu upozornenia. V riadku ka\u017ed\u00e9ho vozidla je \u010fal\u0161ia inform\u00e1cia. Na za\u010diatku ka\u017ed\u00e9ho riadku je za\u0161krt\u00e1vacie pol\u00ed\u010dko. Pou\u017e\u00edva sa pri edit\u00e1cii vozidla, vybrat\u00ed z upozor\u0148ovanie alebo pri potvrden\u00ed upozornenia. Kliknut\u00edm na za\u0161krt\u00e1vacie pol\u00ed\u010dko v hlavi\u010dke sa vyberaj\u00fa alebo odoberaj\u00fa v\u0161etky vozidl\u00e1 v zozname.<\/li>\n<\/ol>\n<p><a href=\"https:\/\/www.fmsdocumentation.com\/wp-content\/uploads\/2017\/04\/128.png\"><img loading=\"lazy\" decoding=\"async\" class=\"alignnone wp-image-219 size-full\" src=\"https:\/\/www.fmsdocumentation.com\/wp-content\/uploads\/2017\/04\/128.png\" alt=\"\" width=\"814\" height=\"624\" srcset=\"https:\/\/www.fmsdocumentation.com\/wp-content\/uploads\/2017\/04\/128.png 814w, https:\/\/www.fmsdocumentation.com\/wp-content\/uploads\/2017\/04\/128-300x230.png 300w, https:\/\/www.fmsdocumentation.com\/wp-content\/uploads\/2017\/04\/128-768x589.png 768w\" sizes=\"auto, (max-width: 814px) 100vw, 814px\" \/><\/a><\/p>\n<p>Zoznam vozidiel obsahuje v\u0161etky d\u00f4le\u017eit\u00e9 inform\u00e1cie t\u00fdkaj\u00face sa upozor\u0148ovania. Tento zoznam sa l\u00ed\u0161i pod\u013ea zvolen\u00e9ho typu parametra. Ak je zvolen\u00fd tachometer objav\u00ed sa v zozname \u010fal\u0161\u00ed st\u013apec nazvan\u00fd &#8220;Tachometer&#8221; zobrazuj\u00faci aktu\u00e1lne tachometer ka\u017ed\u00e9ho vozidla. To ist\u00e9 sa t\u00fdka doby jazdy. Ak je vybran\u00e1 ako typ parametra doba jazdy, potom bude v zozname st\u013apec &#8220;Doba jazdy&#8221;. Ak je zvolen\u00fd &#8220;D\u00e1tum&#8221;, nebude \u010fal\u0161\u00ed dodato\u010dn\u00fd st\u013apec. V\u0161etky ostatn\u00e9 st\u013apce zost\u00e1vaj\u00fa identick\u00e9 a ich hlavi\u010dky nevy\u017eaduj\u00fa koment\u00e1r.<\/p>\n<p>Posledn\u00fdm st\u013apcom v zozname je stav upozornenia. Ved\u013ea stavu upozornenie je informa\u010dn\u00e1 ikona. Nasunut\u00edm my\u0161i sa zobraz\u00ed stavmi &#8220;Me\u0161kanie&#8221; a &#8220;\u010cakaj\u00faci&#8221;. Ka\u017ed\u00e9 vozidlo so stavom zdr\u017eania a \u010dakania m\u00e1 potvrdzovacie tla\u010didlo. Kliknut\u00edm na toto tla\u010didlo sa potvrdia upozornenia len pre vozidlo v ktor\u00e9ho riadku je tla\u010didlo umiestnen\u00e9.<\/p>\n<p><a href=\"https:\/\/www.fmsdocumentation.com\/wp-content\/uploads\/2017\/04\/129.png\"><img loading=\"lazy\" decoding=\"async\" class=\"alignnone wp-image-220 size-full\" src=\"https:\/\/www.fmsdocumentation.com\/wp-content\/uploads\/2017\/04\/129.png\" alt=\"\" width=\"257\" height=\"203\" \/><\/a><\/p>\n<hr \/>\n<p><div class=\"alignleft\"><a href=\"https:\/\/www.fmsdocumentation.com\/sk\/menu-upozornovanie\/nove-upozornenie-na-udrzbu\/\" title=\"Nov\u00e9 upozornenie na \u00fadr\u017ebu\"><span class=\"arrow\">\u2039 &nbsp <\/span> Nov\u00e9 upozornenie na \u00fadr\u017ebu <\/a><\/div> <div class=\"alignright\"><a href=\"https:\/\/www.fmsdocumentation.com\/sk\/menu-upozornovanie\/editacia-upozornovanie\/\" title=\"Edit\u00e1cia upozor\u0148ovanie\">Edit\u00e1cia upozor\u0148ovanie <span class=\"arrow\"> &nbsp\u203a <\/span> <\/a><\/div><\/p>\n","protected":false},"excerpt":{"rendered":"<p>Zoznam zobrazuje v\u0161etky upozornenia vytvoren\u00e1 u\u017e\u00edvate\u013eom. Ka\u017ed\u00e1 \u00faloha zobrazuje dodato\u010dn\u00e9 inform\u00e1cie: N\u00e1zov upozornenia; Po\u010det priraden\u00fdch vozidiel; Po\u010det vozidiel pod\u013ea stavu &#8211; zobrazuje mal\u00fd graf a po\u010det vozidiel v jednotliv\u00fdch stavoch. Stavy s\u00fa tri a vyskytuj\u00fa sa v troch farb\u00e1ch: Zelen\u00e1 &#8211; ok, netreba sa venova\u0165, \u010das alebo vzdialenos\u0165 \u010fal\u0161ej \u00fadr\u017eby je st\u00e1le dlh\u0161ie ne\u017e 20% &hellip; <a href=\"https:\/\/www.fmsdocumentation.com\/sk\/menu-upozornovanie\/prehlad-upozornenie-na-udrzbu\/\" class=\"more-link\">Pokra\u010dova\u0165 v \u010d\u00edtan\u00ed: <span class=\"screen-reader-text\">Preh\u013ead upozornenie na \u00fadr\u017ebu<\/span><\/a><\/p>\n","protected":false},"author":5,"featured_media":0,"parent":6553,"menu_order":2,"comment_status":"closed","ping_status":"closed","template":"","meta":{"footnotes":""},"class_list":["post-6558","page","type-page","status-publish","hentry"],"_links":{"self":[{"href":"https:\/\/www.fmsdocumentation.com\/sk\/wp-json\/wp\/v2\/pages\/6558","targetHints":{"allow":["GET"]}}],"collection":[{"href":"https:\/\/www.fmsdocumentation.com\/sk\/wp-json\/wp\/v2\/pages"}],"about":[{"href":"https:\/\/www.fmsdocumentation.com\/sk\/wp-json\/wp\/v2\/types\/page"}],"author":[{"embeddable":true,"href":"https:\/\/www.fmsdocumentation.com\/sk\/wp-json\/wp\/v2\/users\/5"}],"replies":[{"embeddable":true,"href":"https:\/\/www.fmsdocumentation.com\/sk\/wp-json\/wp\/v2\/comments?post=6558"}],"version-history":[{"count":2,"href":"https:\/\/www.fmsdocumentation.com\/sk\/wp-json\/wp\/v2\/pages\/6558\/revisions"}],"predecessor-version":[{"id":6560,"href":"https:\/\/www.fmsdocumentation.com\/sk\/wp-json\/wp\/v2\/pages\/6558\/revisions\/6560"}],"up":[{"embeddable":true,"href":"https:\/\/www.fmsdocumentation.com\/sk\/wp-json\/wp\/v2\/pages\/6553"}],"wp:attachment":[{"href":"https:\/\/www.fmsdocumentation.com\/sk\/wp-json\/wp\/v2\/media?parent=6558"}],"curies":[{"name":"wp","href":"https:\/\/api.w.org\/{rel}","templated":true}]}}