{"id":6561,"date":"2018-12-13T15:31:08","date_gmt":"2018-12-13T13:31:08","guid":{"rendered":"http:\/\/www.fmsdocumentation.com\/?page_id=6561"},"modified":"2018-12-13T15:31:08","modified_gmt":"2018-12-13T13:31:08","slug":"editacia-upozornovanie","status":"publish","type":"page","link":"https:\/\/www.fmsdocumentation.com\/sk\/menu-upozornovanie\/editacia-upozornovanie\/","title":{"rendered":"Edit\u00e1cia upozor\u0148ovanie"},"content":{"rendered":"<p>Po vytvoren\u00ed upozornen\u00ed m\u00f4\u017eu niektor\u00e9 inform\u00e1cie vy\u017eadova\u0165 spresnenie. Vykon\u00e1 sa to pou\u017eit\u00edm funkcie &#8220;Upravi\u0165&#8221;. Najprv mus\u00ed pou\u017e\u00edvate\u013e vybra\u0165 vozidlo alebo vozidl\u00e1 na edit\u00e1ciu kliknut\u00edm na za\u0161krt\u00e1vacie pol\u00ed\u010dka na za\u010diatku riadku vozidla na zozname vozidiel. Potom sa klikne na tla\u010didlo edit\u00e1cie.<\/p>\n<p><a href=\"https:\/\/www.fmsdocumentation.com\/wp-content\/uploads\/2017\/04\/130.png\"><img loading=\"lazy\" decoding=\"async\" class=\"alignnone wp-image-223 size-full\" src=\"https:\/\/www.fmsdocumentation.com\/wp-content\/uploads\/2017\/04\/130.png\" alt=\"\" width=\"831\" height=\"168\" srcset=\"https:\/\/www.fmsdocumentation.com\/wp-content\/uploads\/2017\/04\/130.png 831w, https:\/\/www.fmsdocumentation.com\/wp-content\/uploads\/2017\/04\/130-300x61.png 300w, https:\/\/www.fmsdocumentation.com\/wp-content\/uploads\/2017\/04\/130-768x155.png 768w, https:\/\/www.fmsdocumentation.com\/wp-content\/uploads\/2017\/04\/130-825x168.png 825w\" sizes=\"auto, (max-width: 831px) 100vw, 831px\" \/><\/a><\/p>\n<p>Po vykonan\u00ed predch\u00e1dzaj\u00facej sekvencie sa otvor\u00ed nov\u00e9 okno, kde mo\u017eno pre vozidlo editova\u0165 niektor\u00e9 nastavenia upozornenia. Na pravej strane obrazovky sa v\u017edy objav\u00ed varovn\u00e9 okno s upozornen\u00edm, \u017ee ak\u00e1ko\u013evek manipul\u00e1cia s \u00falohou ovplyvn\u00ed v\u0161etky vybran\u00e9 vozidl\u00e1 v zozname vozidiel (ozna\u010den\u00e9 za\u0161krt\u00e1vacie pol\u00ed\u010dka). Pre odblokovanie nastavenie sa klikne na tla\u010didlo odblokovanie.<\/p>\n<p><a href=\"https:\/\/www.fmsdocumentation.com\/wp-content\/uploads\/2017\/04\/131.png\"><img loading=\"lazy\" decoding=\"async\" class=\"alignnone wp-image-224 size-full\" src=\"https:\/\/www.fmsdocumentation.com\/wp-content\/uploads\/2017\/04\/131.png\" alt=\"\" width=\"800\" height=\"692\" srcset=\"https:\/\/www.fmsdocumentation.com\/wp-content\/uploads\/2017\/04\/131.png 800w, https:\/\/www.fmsdocumentation.com\/wp-content\/uploads\/2017\/04\/131-300x260.png 300w, https:\/\/www.fmsdocumentation.com\/wp-content\/uploads\/2017\/04\/131-768x664.png 768w\" sizes=\"auto, (max-width: 800px) 100vw, 800px\" \/><\/a><\/p>\n<p>Kliknutie na odblokovanie poskytne pr\u00edstup k niektor\u00fdm nastaveniam. Nie v\u0161etky nastavenia je mo\u017en\u00e9 zmeni\u0165. Editova\u0165 mo\u017eno nasleduj\u00face:<\/p>\n<ul>\n<li>Opis;<\/li>\n<li>Z\u00e1pis posledn\u00e9ho d\u00e1ta servise \/ tachometer \/ doba jazdy;<\/li>\n<li>Vo\u013ebu opakovania;<\/li>\n<li>Potvrdenie \u00falohy;<\/li>\n<\/ul>\n<p>Po vykonan\u00ed zmien sa mus\u00ed klikn\u00fa\u0165 na &#8220;Ulo\u017ei\u0165&#8221; inak sa zmeny neulo\u017eia. Ak sa rozhodne u\u017e\u00edvate\u013e zmeny neulo\u017ei\u0165, mus\u00ed klikn\u00fa\u0165 na tla\u010didlo zru\u0161enie alebo klikn\u00fa\u0165 kdeko\u013evek mimo edita\u010dn\u00e9 okno.<\/p>\n<p><a href=\"https:\/\/www.fmsdocumentation.com\/wp-content\/uploads\/2017\/04\/132.png\"><img loading=\"lazy\" decoding=\"async\" class=\"alignnone wp-image-225 size-full\" src=\"https:\/\/www.fmsdocumentation.com\/wp-content\/uploads\/2017\/04\/132.png\" alt=\"\" width=\"382\" height=\"541\" srcset=\"https:\/\/www.fmsdocumentation.com\/wp-content\/uploads\/2017\/04\/132.png 382w, https:\/\/www.fmsdocumentation.com\/wp-content\/uploads\/2017\/04\/132-212x300.png 212w\" sizes=\"auto, (max-width: 382px) 100vw, 382px\" \/><\/a><\/p>\n<p>Funkcia edit\u00e1cie umo\u017e\u0148uje modifikova\u0165 po\u010diato\u010dn\u00e9 nastavenie &#8220;Posledn\u00e9ho servisu&#8221; a zmeni\u0165 peri\u00f3du nasleduj\u00faceho servisu pre ka\u017ed\u00e9 vozidlo zvl\u00e1\u0161\u0165. Nemo\u017eno zmeni\u0165 typ parametra, tak\u017ee jeden \u00faloha je pre jeden typ parametra obdobia (tachometer \/ d\u00e1tum \/ doba jazdy).<\/p>\n<hr \/>\n<p><div class=\"alignleft\"><a href=\"https:\/\/www.fmsdocumentation.com\/sk\/menu-upozornovanie\/prehlad-upozornenie-na-udrzbu\/\" title=\"Preh\u013ead upozornenie na \u00fadr\u017ebu\"><span class=\"arrow\">\u2039 &nbsp <\/span> Preh\u013ead upozornenie na \u00fadr\u017ebu <\/a><\/div> <div class=\"alignright\"><a href=\"https:\/\/www.fmsdocumentation.com\/sk\/menu-stylu-jazdy\/\" title=\"Menu \u0161t\u00fdlu jazdy\">Menu \u0161t\u00fdlu jazdy <span class=\"arrow\"> &nbsp\u203a <\/span> <\/a><\/div><\/p>\n","protected":false},"excerpt":{"rendered":"<p>Po vytvoren\u00ed upozornen\u00ed m\u00f4\u017eu niektor\u00e9 inform\u00e1cie vy\u017eadova\u0165 spresnenie. Vykon\u00e1 sa to pou\u017eit\u00edm funkcie &#8220;Upravi\u0165&#8221;. Najprv mus\u00ed pou\u017e\u00edvate\u013e vybra\u0165 vozidlo alebo vozidl\u00e1 na edit\u00e1ciu kliknut\u00edm na za\u0161krt\u00e1vacie pol\u00ed\u010dka na za\u010diatku riadku vozidla na zozname vozidiel. Potom sa klikne na tla\u010didlo edit\u00e1cie. Po vykonan\u00ed predch\u00e1dzaj\u00facej sekvencie sa otvor\u00ed nov\u00e9 okno, kde mo\u017eno pre vozidlo editova\u0165 niektor\u00e9 nastavenia &hellip; <a href=\"https:\/\/www.fmsdocumentation.com\/sk\/menu-upozornovanie\/editacia-upozornovanie\/\" class=\"more-link\">Pokra\u010dova\u0165 v \u010d\u00edtan\u00ed: <span class=\"screen-reader-text\">Edit\u00e1cia upozor\u0148ovanie<\/span><\/a><\/p>\n","protected":false},"author":5,"featured_media":0,"parent":6553,"menu_order":3,"comment_status":"closed","ping_status":"closed","template":"","meta":{"footnotes":""},"class_list":["post-6561","page","type-page","status-publish","hentry"],"_links":{"self":[{"href":"https:\/\/www.fmsdocumentation.com\/sk\/wp-json\/wp\/v2\/pages\/6561","targetHints":{"allow":["GET"]}}],"collection":[{"href":"https:\/\/www.fmsdocumentation.com\/sk\/wp-json\/wp\/v2\/pages"}],"about":[{"href":"https:\/\/www.fmsdocumentation.com\/sk\/wp-json\/wp\/v2\/types\/page"}],"author":[{"embeddable":true,"href":"https:\/\/www.fmsdocumentation.com\/sk\/wp-json\/wp\/v2\/users\/5"}],"replies":[{"embeddable":true,"href":"https:\/\/www.fmsdocumentation.com\/sk\/wp-json\/wp\/v2\/comments?post=6561"}],"version-history":[{"count":2,"href":"https:\/\/www.fmsdocumentation.com\/sk\/wp-json\/wp\/v2\/pages\/6561\/revisions"}],"predecessor-version":[{"id":6563,"href":"https:\/\/www.fmsdocumentation.com\/sk\/wp-json\/wp\/v2\/pages\/6561\/revisions\/6563"}],"up":[{"embeddable":true,"href":"https:\/\/www.fmsdocumentation.com\/sk\/wp-json\/wp\/v2\/pages\/6553"}],"wp:attachment":[{"href":"https:\/\/www.fmsdocumentation.com\/sk\/wp-json\/wp\/v2\/media?parent=6561"}],"curies":[{"name":"wp","href":"https:\/\/api.w.org\/{rel}","templated":true}]}}