{"id":6567,"date":"2018-12-13T15:44:03","date_gmt":"2018-12-13T13:44:03","guid":{"rendered":"http:\/\/www.fmsdocumentation.com\/?page_id=6567"},"modified":"2020-06-02T09:24:34","modified_gmt":"2020-06-02T06:24:34","slug":"zostavy","status":"publish","type":"page","link":"https:\/\/www.fmsdocumentation.com\/sk\/zostavy\/","title":{"rendered":"Zostavy"},"content":{"rendered":"<p>Pre pr\u00edstup na panel zost\u00e1v sa klikne na pr\u00edslu\u0161n\u00fa ikonu na naviga\u010dnom paneli na \u013eavej strane obrazovky.<\/p>\n<p><a href=\"https:\/\/www.fmsdocumentation.com\/wp-content\/uploads\/2018\/11\/133.png\"><img loading=\"lazy\" decoding=\"async\" class=\"alignnone size-large wp-image-6256\" src=\"https:\/\/www.fmsdocumentation.com\/wp-content\/uploads\/2018\/11\/133-1024x501.png\" alt=\"\" width=\"660\" height=\"323\" srcset=\"https:\/\/www.fmsdocumentation.com\/wp-content\/uploads\/2018\/11\/133-1024x501.png 1024w, https:\/\/www.fmsdocumentation.com\/wp-content\/uploads\/2018\/11\/133-300x147.png 300w, https:\/\/www.fmsdocumentation.com\/wp-content\/uploads\/2018\/11\/133-768x376.png 768w, https:\/\/www.fmsdocumentation.com\/wp-content\/uploads\/2018\/11\/133.png 1920w\" sizes=\"auto, (max-width: 660px) 100vw, 660px\" \/><\/a><\/p>\n<p>Otvor\u00ed sa panel s preh\u013eadom zost\u00e1v a u\u017e\u00edvate\u013e m\u00f4\u017ee:<\/p>\n<ul>\n<li>Vygenerova\u0165 nov\u00fa zostavu;<\/li>\n<li>Prezrie\u0165 existuj\u00facej zostavy;<\/li>\n<li>Vymaza\u0165 star\u00e9 \u010di nepotrebn\u00e9 zostavy<\/li>\n<li>Vytvori\u0165 odber zostavy.<\/li>\n<\/ul>\n<p>Zostava sa po vytvoren\u00ed ulo\u017e\u00ed v syst\u00e9me. To znamen\u00e1, \u017ee zostava zost\u00e1va v syst\u00e9me ulo\u017een\u00e1 k\u00fdm ju u\u017e\u00edvate\u013e nevyma\u017ee.<\/p>\n<p><p class=\"note\">Upozornenie<br \/>\nMoment\u00e1lne nie s\u00fa v syst\u00e9me \u017eiadne obmedzenia pre po\u010det zost\u00e1v. Funkcia obmedzuj\u00face po\u010det zost\u00e1v (napr. Maxim\u00e1lne 50 zost\u00e1v) alebo pod\u013ea ve\u013ekosti je vo v\u00fdvoji. V z\u00e1vislosti na obsahu m\u00f4\u017ee zostava zabera\u0165 pr\u00edli\u0161 ve\u013ea miesta a to by sa malo v bud\u00facnosti obmedzi\u0165 (napr. Max. Ve\u013ekos\u0165 zostavy je 10 Gb).<\/p><\/p>\n<hr \/>\n<p><div class=\"alignleft\"><a href=\"https:\/\/www.fmsdocumentation.com\/sk\/api\/objekt-api\/\" title=\"Objekt API\"><span class=\"arrow\">\u2039 &nbsp <\/span> Objekt API <\/a><\/div> <div class=\"alignright\"><a href=\"https:\/\/www.fmsdocumentation.com\/sk\/zostavy\/vytvorenie-novej-zostavy\/\" title=\"Vytvorenie novej zostavy\">Vytvorenie novej zostavy <span class=\"arrow\"> &nbsp\u203a <\/span> <\/a><\/div><\/p>\n","protected":false},"excerpt":{"rendered":"<p>Pre pr\u00edstup na panel zost\u00e1v sa klikne na pr\u00edslu\u0161n\u00fa ikonu na naviga\u010dnom paneli na \u013eavej strane obrazovky. Otvor\u00ed sa panel s preh\u013eadom zost\u00e1v a u\u017e\u00edvate\u013e m\u00f4\u017ee: Vygenerova\u0165 nov\u00fa zostavu; Prezrie\u0165 existuj\u00facej zostavy; Vymaza\u0165 star\u00e9 \u010di nepotrebn\u00e9 zostavy Vytvori\u0165 odber zostavy. Zostava sa po vytvoren\u00ed ulo\u017e\u00ed v syst\u00e9me. To znamen\u00e1, \u017ee zostava zost\u00e1va v syst\u00e9me ulo\u017een\u00e1 &hellip; <a href=\"https:\/\/www.fmsdocumentation.com\/sk\/zostavy\/\" class=\"more-link\">Pokra\u010dova\u0165 v \u010d\u00edtan\u00ed: <span class=\"screen-reader-text\">Zostavy<\/span><\/a><\/p>\n","protected":false},"author":5,"featured_media":0,"parent":0,"menu_order":123,"comment_status":"closed","ping_status":"closed","template":"","meta":{"footnotes":""},"class_list":["post-6567","page","type-page","status-publish","hentry"],"_links":{"self":[{"href":"https:\/\/www.fmsdocumentation.com\/sk\/wp-json\/wp\/v2\/pages\/6567","targetHints":{"allow":["GET"]}}],"collection":[{"href":"https:\/\/www.fmsdocumentation.com\/sk\/wp-json\/wp\/v2\/pages"}],"about":[{"href":"https:\/\/www.fmsdocumentation.com\/sk\/wp-json\/wp\/v2\/types\/page"}],"author":[{"embeddable":true,"href":"https:\/\/www.fmsdocumentation.com\/sk\/wp-json\/wp\/v2\/users\/5"}],"replies":[{"embeddable":true,"href":"https:\/\/www.fmsdocumentation.com\/sk\/wp-json\/wp\/v2\/comments?post=6567"}],"version-history":[{"count":2,"href":"https:\/\/www.fmsdocumentation.com\/sk\/wp-json\/wp\/v2\/pages\/6567\/revisions"}],"predecessor-version":[{"id":6569,"href":"https:\/\/www.fmsdocumentation.com\/sk\/wp-json\/wp\/v2\/pages\/6567\/revisions\/6569"}],"wp:attachment":[{"href":"https:\/\/www.fmsdocumentation.com\/sk\/wp-json\/wp\/v2\/media?parent=6567"}],"curies":[{"name":"wp","href":"https:\/\/api.w.org\/{rel}","templated":true}]}}