{"id":6570,"date":"2018-12-13T15:45:42","date_gmt":"2018-12-13T13:45:42","guid":{"rendered":"http:\/\/www.fmsdocumentation.com\/?page_id=6570"},"modified":"2018-12-13T15:45:42","modified_gmt":"2018-12-13T13:45:42","slug":"vytvorenie-novej-zostavy","status":"publish","type":"page","link":"https:\/\/www.fmsdocumentation.com\/sk\/zostavy\/vytvorenie-novej-zostavy\/","title":{"rendered":"Vytvorenie novej zostavy"},"content":{"rendered":"<p>Str\u00e1nka zost\u00e1v obsahuje dva hlavn\u00e9 \u0161t\u00edtky:<\/p>\n<ul>\n<li>Generovan\u00e9 zostavy (otvoren\u00fd automaticky);<\/li>\n<li>Odbery;<\/li>\n<\/ul>\n<p>Pre vytvorenie novej zostavy sa mus\u00ed klikn\u00fa\u0165 na tla\u010didlo &#8220;Vytvorenie novej zostavy&#8221; v pravej hornej \u010dasti panela.<\/p>\n<p><a href=\"https:\/\/www.fmsdocumentation.com\/wp-content\/uploads\/2018\/11\/134-1.png\"><img loading=\"lazy\" decoding=\"async\" class=\"alignnone wp-image-6239 size-large\" src=\"https:\/\/www.fmsdocumentation.com\/wp-content\/uploads\/2018\/11\/134-1-1024x500.png\" alt=\"\" width=\"660\" height=\"322\" srcset=\"https:\/\/www.fmsdocumentation.com\/wp-content\/uploads\/2018\/11\/134-1-1024x500.png 1024w, https:\/\/www.fmsdocumentation.com\/wp-content\/uploads\/2018\/11\/134-1-300x147.png 300w, https:\/\/www.fmsdocumentation.com\/wp-content\/uploads\/2018\/11\/134-1-768x375.png 768w, https:\/\/www.fmsdocumentation.com\/wp-content\/uploads\/2018\/11\/134-1.png 1920w\" sizes=\"auto, (max-width: 660px) 100vw, 660px\" \/><\/a><\/p>\n<p>Otvor\u00ed sa nov\u00e9 okno pre konfigur\u00e1ciu zostavy. Najprv sa mus\u00ed zvoli\u0165 typ zostavy. Ka\u017ed\u00fd typ zostavy m\u00e1 preddefinovan\u00fd s\u00fabor parametrov, ktor\u00fd nemo\u017eno zmeni\u0165, z\u00e1rove\u0148 s\u00fa k dispoz\u00edcii individu\u00e1lne mo\u017enosti nastavenia, ktor\u00e9 s\u00fa pre ka\u017ed\u00fa zostavu in\u00e9. K dispoz\u00edcii s\u00fa tieto typy zost\u00e1v:<\/p>\n<ul>\n<li>Zostava udalost\u00ed;<\/li>\n<li>Zostava stavu n\u00e1dr\u017ee;<\/li>\n<li>Zostava oblast\u00ed;<\/li>\n<li>Zostava tepl\u00f4t;<\/li>\n<li>Zostava za cestu;<\/li>\n<li>Zostava j\u00e1zd;<\/li>\n<li>Zostava pracovnej doby.<\/li>\n<\/ul>\n<p>Ka\u017ed\u00fd typ zostavy je op\u00edsan\u00fd zvl\u00e1\u0161\u0165. Typ zostavy je v prvej \u010dasti generovanie zostavy. Je v prvom zozname. Vo\u013eba typu zostavy je nevyhnutn\u00fdm prv\u00fdm krokom, a\u017e potom sa konfiguruj\u00fa parametre zostavy, preto\u017ee nastavenie ka\u017edej zostavy sa l\u00ed\u0161ia a vlo\u017een\u00e9 d\u00e1ta sa m\u00f4\u017eu strati\u0165 a t\u00fdm aj \u010das venovan\u00fd konfigur\u00e1cii zostavy.<\/p>\n<p><a href=\"https:\/\/www.fmsdocumentation.com\/wp-content\/uploads\/2017\/04\/200.png\"><img loading=\"lazy\" decoding=\"async\" class=\"alignnone wp-image-393 size-full\" src=\"https:\/\/www.fmsdocumentation.com\/wp-content\/uploads\/2017\/04\/200.png\" alt=\"\" width=\"527\" height=\"278\" srcset=\"https:\/\/www.fmsdocumentation.com\/wp-content\/uploads\/2017\/04\/200.png 527w, https:\/\/www.fmsdocumentation.com\/wp-content\/uploads\/2017\/04\/200-300x158.png 300w\" sizes=\"auto, (max-width: 527px) 100vw, 527px\" \/><\/a><\/p>\n<hr \/>\n<p>&nbsp;<\/p>\n<p><div class=\"alignleft\"><a href=\"https:\/\/www.fmsdocumentation.com\/sk\/zostavy\/\" title=\"Zostavy\"><span class=\"arrow\">\u2039 &nbsp <\/span> Zostavy <\/a><\/div> <div class=\"alignright\"><a href=\"https:\/\/www.fmsdocumentation.com\/sk\/zostavy\/zostava-udalosti\/\" title=\"Zostava udalost\u00ed\">Zostava udalost\u00ed <span class=\"arrow\"> &nbsp\u203a <\/span> <\/a><\/div><\/p>\n","protected":false},"excerpt":{"rendered":"<p>Str\u00e1nka zost\u00e1v obsahuje dva hlavn\u00e9 \u0161t\u00edtky: Generovan\u00e9 zostavy (otvoren\u00fd automaticky); Odbery; Pre vytvorenie novej zostavy sa mus\u00ed klikn\u00fa\u0165 na tla\u010didlo &#8220;Vytvorenie novej zostavy&#8221; v pravej hornej \u010dasti panela. Otvor\u00ed sa nov\u00e9 okno pre konfigur\u00e1ciu zostavy. Najprv sa mus\u00ed zvoli\u0165 typ zostavy. Ka\u017ed\u00fd typ zostavy m\u00e1 preddefinovan\u00fd s\u00fabor parametrov, ktor\u00fd nemo\u017eno zmeni\u0165, z\u00e1rove\u0148 s\u00fa k dispoz\u00edcii &hellip; <a href=\"https:\/\/www.fmsdocumentation.com\/sk\/zostavy\/vytvorenie-novej-zostavy\/\" class=\"more-link\">Pokra\u010dova\u0165 v \u010d\u00edtan\u00ed: <span class=\"screen-reader-text\">Vytvorenie novej zostavy<\/span><\/a><\/p>\n","protected":false},"author":5,"featured_media":0,"parent":6567,"menu_order":1,"comment_status":"closed","ping_status":"closed","template":"","meta":{"footnotes":""},"class_list":["post-6570","page","type-page","status-publish","hentry"],"_links":{"self":[{"href":"https:\/\/www.fmsdocumentation.com\/sk\/wp-json\/wp\/v2\/pages\/6570","targetHints":{"allow":["GET"]}}],"collection":[{"href":"https:\/\/www.fmsdocumentation.com\/sk\/wp-json\/wp\/v2\/pages"}],"about":[{"href":"https:\/\/www.fmsdocumentation.com\/sk\/wp-json\/wp\/v2\/types\/page"}],"author":[{"embeddable":true,"href":"https:\/\/www.fmsdocumentation.com\/sk\/wp-json\/wp\/v2\/users\/5"}],"replies":[{"embeddable":true,"href":"https:\/\/www.fmsdocumentation.com\/sk\/wp-json\/wp\/v2\/comments?post=6570"}],"version-history":[{"count":2,"href":"https:\/\/www.fmsdocumentation.com\/sk\/wp-json\/wp\/v2\/pages\/6570\/revisions"}],"predecessor-version":[{"id":6572,"href":"https:\/\/www.fmsdocumentation.com\/sk\/wp-json\/wp\/v2\/pages\/6570\/revisions\/6572"}],"up":[{"embeddable":true,"href":"https:\/\/www.fmsdocumentation.com\/sk\/wp-json\/wp\/v2\/pages\/6567"}],"wp:attachment":[{"href":"https:\/\/www.fmsdocumentation.com\/sk\/wp-json\/wp\/v2\/media?parent=6570"}],"curies":[{"name":"wp","href":"https:\/\/api.w.org\/{rel}","templated":true}]}}