{"id":6575,"date":"2018-12-13T15:55:23","date_gmt":"2018-12-13T13:55:23","guid":{"rendered":"http:\/\/www.fmsdocumentation.com\/?page_id=6575"},"modified":"2018-12-14T09:03:27","modified_gmt":"2018-12-14T07:03:27","slug":"zostava-udalosti","status":"publish","type":"page","link":"https:\/\/www.fmsdocumentation.com\/sk\/zostavy\/zostava-udalosti\/","title":{"rendered":"Zostava udalost\u00ed"},"content":{"rendered":"<p><strong>Zostava udalost\u00ed<\/strong>&#8211; t\u00e1to zostava je zameran\u00e1 hlavne na \u010das spustenia, trvania a ostatn\u00e9 parametre udalost\u00ed. Najprv sa mus\u00ed zvoli\u0165 obdobie pre ktor\u00e9 m\u00e1 by\u0165 zostava generovan\u00e1.<\/p>\n<p><strong>Obdobie\u00a0<\/strong>&#8211; kliknut\u00edm na &#8220;Obdobie&#8221; sa zobraz\u00ed kalend\u00e1r pre v\u00fdber. Vo\u013eba sa vykon\u00e1 kliknut\u00edm na po\u017eadovan\u00fd po\u010diato\u010dn\u00fd a koncov\u00fd de\u0148. Zvolen\u00e9 dni sa zv\u00fdraznia modrou farbou. Aktu\u00e1lny de\u0148 je zv\u00fdraznen\u00fd modr\u00fdm trojuholn\u00edkom v \u013eavej hornej \u010dasti aktu\u00e1lneho d\u00e1tumu. V\u00fdberom aktu\u00e1lneho d\u0148a sa trojuholn\u00ed\u010dek zmen\u00ed na biely. Maxim\u00e1lny rozsah obdobie je 1 mesiac. Po v\u00fdbere sa zvolen\u00e9 obdobie zobraz\u00ed v paneli &#8220;Obdobie&#8221;.<\/p>\n<p><a href=\"https:\/\/www.fmsdocumentation.com\/wp-content\/uploads\/2017\/04\/136-6.png\"><img loading=\"lazy\" decoding=\"async\" class=\"alignnone wp-image-1164 size-full\" src=\"https:\/\/www.fmsdocumentation.com\/wp-content\/uploads\/2017\/04\/136-6.png\" alt=\"\" width=\"503\" height=\"483\" srcset=\"https:\/\/www.fmsdocumentation.com\/wp-content\/uploads\/2017\/04\/136-6.png 503w, https:\/\/www.fmsdocumentation.com\/wp-content\/uploads\/2017\/04\/136-6-300x288.png 300w\" sizes=\"auto, (max-width: 503px) 100vw, 503px\" \/><\/a><\/p>\n<p>Minim\u00e1lny rozsah je 1 de\u0148. V\u00fdber obdobie jedn\u00e9ho d\u0148a sa vykon\u00e1 dvojklikom \u013eav\u00fdm tla\u010didlom my\u0161i na po\u017eadovan\u00fd de\u0148. N\u00e1sledne sa vyberie parameter pod\u013ea ktor\u00e9ho sa m\u00e1 zostava vytvori\u0165.<\/p>\n<p><strong>Zostava pod\u013ea <\/strong>&#8211; k dispoz\u00edcii je v\u00fdber pod\u013ea:<\/p>\n<ul>\n<li>Vodi\u010dov<\/li>\n<li>Objektov<\/li>\n<\/ul>\n<p>Zostava zobraz\u00ed inform\u00e1cia (parametre: vzdialenos\u0165, miesto za\u010diatku udalosti, at\u010f.) Pre zvolen\u00fd cie\u013e (Vodi\u010d alebo Objekt).<\/p>\n<p><strong>Objekty \/ Vodi\u010di<\/strong>&#8211; (z\u00e1vis\u00ed na vo\u013ebe v &#8220;Zostava pod\u013ea&#8221;) umo\u017e\u0148uje zvoli\u0165 objekty \/ vodi\u010da pre ktor\u00e9 sa zostava generuje. Vo\u013eba sa vykon\u00e1 kliknut\u00edm na pole Objekty \/ Vodi\u010di, rozbal\u00ed sa zoznam v\u0161etk\u00fdch objektov \/ vodi\u010dov u\u017e\u00edvate\u013ea. Kliknut\u00edm na n\u00e1zov objektu \/ vodi\u010da sa objekt prid\u00e1 do zoznamu. Po ukon\u010den\u00ed v\u00fdberu sa zoznam zatvor\u00ed kliknut\u00edm kdeko\u013evek mimo zoznam objektov, ale vn\u00fatri okna Vytvorenie novej zostavy. Ak sa klikne mimo okno, okno sa zavrie bez ulo\u017eenia zoznamu. Aktu\u00e1lne je mo\u017en\u00e9 zvoli\u0165 pre jednu zostavu maxim\u00e1lne 500 objektov \/ vodi\u010dov.<\/p>\n<p>Pre vozov\u00e9 parky s ve\u013ek\u00fdm po\u010dtom objektov je implementovan\u00e1 vyh\u013ead\u00e1vac\u00ed li\u0161ta. Zoznam objektov sa automaticky aktualizuje s ka\u017ed\u00fdm zap\u00edsan\u00fdm p\u00edsmenom.<\/p>\n<p><a href=\"https:\/\/www.fmsdocumentation.com\/wp-content\/uploads\/2017\/04\/138.png\"><img loading=\"lazy\" decoding=\"async\" class=\"alignnone wp-image-235 size-full\" src=\"https:\/\/www.fmsdocumentation.com\/wp-content\/uploads\/2017\/04\/138.png\" alt=\"\" width=\"509\" height=\"266\" srcset=\"https:\/\/www.fmsdocumentation.com\/wp-content\/uploads\/2017\/04\/138.png 509w, https:\/\/www.fmsdocumentation.com\/wp-content\/uploads\/2017\/04\/138-300x157.png 300w\" sizes=\"auto, (max-width: 509px) 100vw, 509px\" \/><\/a><\/p>\n<p>V\u00fdberom objektov \/ vodi\u010dov sa pridaj\u00fa do zoznamu vo forme modr\u00fdch pol\u00ed. Ak chce u\u017e\u00edvate\u013e zo zoznamu odstr\u00e1ni\u0165 niektor\u00e9 objekty \/ vodi\u010da mus\u00ed klikn\u00fa\u0165 na kr\u00ed\u017eik x umiestnen\u00fd napravo od n\u00e1zvu objektu \/ vodi\u010da.<\/p>\n<p><a href=\"https:\/\/www.fmsdocumentation.com\/wp-content\/uploads\/2017\/04\/139.png\"><img loading=\"lazy\" decoding=\"async\" class=\"alignnone wp-image-236 size-full\" src=\"https:\/\/www.fmsdocumentation.com\/wp-content\/uploads\/2017\/04\/139.png\" alt=\"\" width=\"519\" height=\"109\" srcset=\"https:\/\/www.fmsdocumentation.com\/wp-content\/uploads\/2017\/04\/139.png 519w, https:\/\/www.fmsdocumentation.com\/wp-content\/uploads\/2017\/04\/139-300x63.png 300w\" sizes=\"auto, (max-width: 519px) 100vw, 519px\" \/><\/a><\/p>\n<p>Po vo\u013ebe objektov \u010di vodi\u010dov sa mus\u00ed zvoli\u0165, ako bude zostava zoskupen\u00e1. Je potrebn\u00e9 zvoli\u0165 parametre v Zozname st\u013apcov.<\/p>\n<p><strong>Zoskupi\u0165 pod\u013ea<\/strong> &#8211; umo\u017e\u0148uje definova\u0165 pod\u013ea \u010doho bude zostava zoskupen\u00e1, k dispoz\u00edcii s\u00fa nasleduj\u00face vo\u013eby:<\/p>\n<ul>\n<li>De\u0148<\/li>\n<li>Objekty<\/li>\n<li>Udalosti<\/li>\n<\/ul>\n<p>Potom nasleduje zoznam st\u013apcov.<\/p>\n<ul>\n<li>Po\u010diatok udalosti &#8211; \u010das za\u010diatku udalosti;<\/li>\n<li>N\u00e1zov udalosti.<\/li>\n<\/ul>\n<p>\u010eal\u0161ie mo\u017en\u00e9 vo\u013eby:<\/p>\n<ul>\n<li>Spustenie v\u00fdstrahy &#8211; zobraz\u00ed, kedy syst\u00e9m spustil udalos\u0165 (pri za\u010diatku, na konci alebo v oboch pr\u00edpadoch);<\/li>\n<li>Vodi\u010d &#8211; meno vodi\u010da;<\/li>\n<li>Obdobie &#8211; trvanie od za\u010diatku do konca udalosti;<\/li>\n<li>\u010cas konca udalosti &#8211; \u010das, kedy skon\u010dila;<\/li>\n<li>Miesto konca udalosti &#8211; miesto, kde udalos\u0165 skon\u010dila;<\/li>\n<li>Miesto na za\u010diatku &#8211; miesto za\u010datia udalosti;<\/li>\n<li>Tachometer na konci &#8211; tachometer na konci udalosti;<\/li>\n<li>Tachometer na za\u010diatku &#8211; tachometer na za\u010diatku udalosti;<\/li>\n<li>Typ upozornenie &#8211; zobrazuje ak\u00fd typ upozornenia bol odoslan\u00fd po registr\u00e1cii udalosti (\u017eiadne, email, syst\u00e9mov\u00e9 upozornenia);<\/li>\n<li>Upozornenie doru\u010den\u00e9 &#8211; zobrazenie \u010di upozornenie bolo alebo nebolo doru\u010den\u00e9;<\/li>\n<li>N\u00e1zov objektu;<\/li>\n<li>Typ jazdy &#8211; ak je definovan\u00fd (slu\u017eobn\u00e9 alebo s\u00fakromn\u00e1).<\/li>\n<\/ul>\n<p>Po v\u00fdbere parametrov m\u00f4\u017ee pou\u017e\u00edvate\u013e zvoli\u0165 pre ktor\u00e9 parametre m\u00e1 by\u0165 zostava generovan\u00e1.<\/p>\n<p><strong>Udalosti\u00a0<\/strong>&#8211; tu je mo\u017en\u00e9 vybra\u0165 existuj\u00face udalosti, ktor\u00e9 maj\u00fa by\u0165 zahrnut\u00e9 v zostave. Udalosti nevybran\u00e9 v tomto okne nebud\u00fa v zostave zobrazen\u00e9. Tento proces v\u00fdberu je identick\u00fd s vo\u013ebou objektov \/ vodi\u010dov. Nakoniec mo\u017eno zahrn\u00fa\u0165 s\u00fa\u010det za zostavu.<\/p>\n<p><strong>S\u00fa\u010det za zostavu<\/strong> &#8211; aktiv\u00e1cii tejto vo\u013eby sa v zostave zobraz\u00ed sumariz\u00e1cia \u00fadajov (napr .: Zostava j\u00e1zd &#8211; obsahuje dlh\u00fd zoznam v\u0161etk\u00fdch j\u00e1zd. S\u00fa\u010det zobraz\u00ed sumariz\u00e1ciu v ka\u017edom st\u013apci, napr. &#8220;\u010cas jazdy&#8221;, &#8220;dobu zast\u00e1vok, at\u010f.).<\/p>\n<p><a href=\"https:\/\/www.fmsdocumentation.com\/wp-content\/uploads\/2017\/04\/201-1.png\"><img loading=\"lazy\" decoding=\"async\" class=\"alignnone wp-image-974 size-full\" src=\"https:\/\/www.fmsdocumentation.com\/wp-content\/uploads\/2017\/04\/201-1.png\" alt=\"\" width=\"894\" height=\"508\" srcset=\"https:\/\/www.fmsdocumentation.com\/wp-content\/uploads\/2017\/04\/201-1.png 894w, https:\/\/www.fmsdocumentation.com\/wp-content\/uploads\/2017\/04\/201-1-300x170.png 300w, https:\/\/www.fmsdocumentation.com\/wp-content\/uploads\/2017\/04\/201-1-768x436.png 768w\" sizes=\"auto, (max-width: 894px) 100vw, 894px\" \/><\/a><\/p>\n<p>Pre vytvorenie zostavy sa klikne na tla\u010didlo &#8220;Generova\u0165&#8221;.<\/p>\n<p>Zru\u0161enie tvorby zostavy sa vykon\u00e1 bu\u010f stla\u010den\u00edm tla\u010didla &#8220;Zru\u0161i\u0165&#8221; alebo kliknut\u00edm kdeko\u013evek mimo okna &#8220;Vytvorenie novej zostavy&#8221;.<\/p>\n<p><a href=\"https:\/\/www.fmsdocumentation.com\/wp-content\/uploads\/2017\/04\/202.png\"><img loading=\"lazy\" decoding=\"async\" class=\"alignnone wp-image-398 size-full\" src=\"https:\/\/www.fmsdocumentation.com\/wp-content\/uploads\/2017\/04\/202.png\" alt=\"\" width=\"569\" height=\"79\" srcset=\"https:\/\/www.fmsdocumentation.com\/wp-content\/uploads\/2017\/04\/202.png 569w, https:\/\/www.fmsdocumentation.com\/wp-content\/uploads\/2017\/04\/202-300x42.png 300w\" sizes=\"auto, (max-width: 569px) 100vw, 569px\" \/><\/a><\/p>\n<hr \/>\n<p><div class=\"alignleft\"><a href=\"https:\/\/www.fmsdocumentation.com\/sk\/zostavy\/vytvorenie-novej-zostavy\/\" title=\"Vytvorenie novej zostavy\"><span class=\"arrow\">\u2039 &nbsp <\/span> Vytvorenie novej zostavy <\/a><\/div> <div class=\"alignright\"><a href=\"https:\/\/www.fmsdocumentation.com\/sk\/zostavy\/zostava-stavu-nadrze\/\" title=\"Zostava stavu n\u00e1dr\u017ee\">Zostava stavu n\u00e1dr\u017ee <span class=\"arrow\"> &nbsp\u203a <\/span> <\/a><\/div><\/p>\n<p>&nbsp;<\/p>\n","protected":false},"excerpt":{"rendered":"<p>Zostava udalost\u00ed&#8211; t\u00e1to zostava je zameran\u00e1 hlavne na \u010das spustenia, trvania a ostatn\u00e9 parametre udalost\u00ed. Najprv sa mus\u00ed zvoli\u0165 obdobie pre ktor\u00e9 m\u00e1 by\u0165 zostava generovan\u00e1. Obdobie\u00a0&#8211; kliknut\u00edm na &#8220;Obdobie&#8221; sa zobraz\u00ed kalend\u00e1r pre v\u00fdber. Vo\u013eba sa vykon\u00e1 kliknut\u00edm na po\u017eadovan\u00fd po\u010diato\u010dn\u00fd a koncov\u00fd de\u0148. Zvolen\u00e9 dni sa zv\u00fdraznia modrou farbou. Aktu\u00e1lny de\u0148 je zv\u00fdraznen\u00fd &hellip; <a href=\"https:\/\/www.fmsdocumentation.com\/sk\/zostavy\/zostava-udalosti\/\" class=\"more-link\">Pokra\u010dova\u0165 v \u010d\u00edtan\u00ed: <span class=\"screen-reader-text\">Zostava udalost\u00ed<\/span><\/a><\/p>\n","protected":false},"author":5,"featured_media":0,"parent":6567,"menu_order":7,"comment_status":"closed","ping_status":"closed","template":"","meta":{"footnotes":""},"class_list":["post-6575","page","type-page","status-publish","hentry"],"_links":{"self":[{"href":"https:\/\/www.fmsdocumentation.com\/sk\/wp-json\/wp\/v2\/pages\/6575","targetHints":{"allow":["GET"]}}],"collection":[{"href":"https:\/\/www.fmsdocumentation.com\/sk\/wp-json\/wp\/v2\/pages"}],"about":[{"href":"https:\/\/www.fmsdocumentation.com\/sk\/wp-json\/wp\/v2\/types\/page"}],"author":[{"embeddable":true,"href":"https:\/\/www.fmsdocumentation.com\/sk\/wp-json\/wp\/v2\/users\/5"}],"replies":[{"embeddable":true,"href":"https:\/\/www.fmsdocumentation.com\/sk\/wp-json\/wp\/v2\/comments?post=6575"}],"version-history":[{"count":3,"href":"https:\/\/www.fmsdocumentation.com\/sk\/wp-json\/wp\/v2\/pages\/6575\/revisions"}],"predecessor-version":[{"id":6671,"href":"https:\/\/www.fmsdocumentation.com\/sk\/wp-json\/wp\/v2\/pages\/6575\/revisions\/6671"}],"up":[{"embeddable":true,"href":"https:\/\/www.fmsdocumentation.com\/sk\/wp-json\/wp\/v2\/pages\/6567"}],"wp:attachment":[{"href":"https:\/\/www.fmsdocumentation.com\/sk\/wp-json\/wp\/v2\/media?parent=6575"}],"curies":[{"name":"wp","href":"https:\/\/api.w.org\/{rel}","templated":true}]}}