{"id":6578,"date":"2018-12-13T16:05:18","date_gmt":"2018-12-13T14:05:18","guid":{"rendered":"http:\/\/www.fmsdocumentation.com\/?page_id=6578"},"modified":"2018-12-13T16:05:18","modified_gmt":"2018-12-13T14:05:18","slug":"zostava-stavu-nadrze","status":"publish","type":"page","link":"https:\/\/www.fmsdocumentation.com\/sk\/zostavy\/zostava-stavu-nadrze\/","title":{"rendered":"Zostava stavu n\u00e1dr\u017ee"},"content":{"rendered":"<p><strong>Zostava stavu n\u00e1dr\u017ee <\/strong>&#8211; t\u00e1to zostava poskytuje inform\u00e1cie o spotrebe paliva, \u010derpanie, \u00fabytkoch paliva a r\u00f4znych nezrovnalostiach. Najprv sa mus\u00ed zvoli\u0165 obdobie, za ktor\u00e9 sa m\u00e1 zostava generova\u0165.<\/p>\n<p><strong>Obdobie\u00a0<\/strong>&#8211; pre vo\u013ebu obdobie sa klikne na &#8220;Vyberte obdobie&#8221;, otvor\u00ed sa panel kalend\u00e1ra. Panel kalend\u00e1ra je rovnak\u00fd pre v\u0161etky funkcie v r\u00e1mci syst\u00e9mu sledovania. Vo\u013eba obdobia sa vykon\u00e1 kliknut\u00edm na po\u010diato\u010dn\u00fd a koncov\u00fd d\u00e1tum. Zvolen\u00e9 dni bud\u00fa modro zv\u00fdraznen\u00e9. Aktu\u00e1lny de\u0148 je ozna\u010den\u00fd mal\u00fdm modr\u00fdm trojuholn\u00edkom v \u013eavom hornom rohu. Ak je do obdobia zahrnut\u00fd aktu\u00e1lny de\u0148 (ozna\u010den\u00fd), trojuholn\u00ed\u010dek sa zmen\u00ed na biely. Maxim\u00e1lny rozsah vybran\u00e9ho obdobia je 1 mesiac. Vybran\u00e9 obdobie bude zobrazen\u00e9 v hlavi\u010dke zostavy.<\/p>\n<p><a href=\"https:\/\/www.fmsdocumentation.com\/wp-content\/uploads\/2017\/04\/136-7.png\"><img loading=\"lazy\" decoding=\"async\" class=\"alignnone wp-image-1166 size-full\" src=\"https:\/\/www.fmsdocumentation.com\/wp-content\/uploads\/2017\/04\/136-7.png\" alt=\"\" width=\"503\" height=\"483\" srcset=\"https:\/\/www.fmsdocumentation.com\/wp-content\/uploads\/2017\/04\/136-7.png 503w, https:\/\/www.fmsdocumentation.com\/wp-content\/uploads\/2017\/04\/136-7-300x288.png 300w\" sizes=\"auto, (max-width: 503px) 100vw, 503px\" \/><\/a><\/p>\n<p>Minim\u00e1lna d\u013a\u017eka obdobia je jeden de\u0148. Vo\u013eba jedn\u00e9ho d\u0148a sa vykon\u00e1 dvojit\u00fdm kliknut\u00edm \u013eav\u00e9ho tla\u010didla my\u0161i na po\u017eadovanom dnu. Potom sa mus\u00ed vybra\u0165 objekty pre ktor\u00e9 sa m\u00e1 zostava generova\u0165.<\/p>\n<p><strong>Objekty\u00a0<\/strong>&#8211; tu sa vol\u00ed objekty, pre ktor\u00e9 sa m\u00e1 zostava generova\u0165. Kliknut\u00edm na pole Objektov sa rozbal\u00ed menu so zoznamom v\u0161etk\u00fdch objektov pou\u017e\u00edvate\u013ea. V\u00fdber objektu sa vykon\u00e1 klikan\u00edm na po\u017eadovan\u00e9 n\u00e1zvy objektov. Zoznam sa zatvor\u00ed kliknut\u00edm mimo zoznam, ale v okne &#8220;Vytvorenie novej zostavy&#8221;. Ak sa klikne mimo toto okno, okno sa zavrie bez toho aby sa vlo\u017een\u00e9 inform\u00e1cie ulo\u017eili! Maxim\u00e1lny po\u010det objektov v jednej zostave je 10.<\/p>\n<p>Pre flotily s ve\u013ek\u00fdm po\u010dtom objektov je k dispoz\u00edcii vyh\u013ead\u00e1vacie li\u0161ta. Zoznam objektov sa aktualizuje s ka\u017ed\u00fdm zadan\u00fdm p\u00edsmenom do vyh\u013ead\u00e1vacej li\u0161ty.<\/p>\n<p><a href=\"https:\/\/www.fmsdocumentation.com\/wp-content\/uploads\/2017\/04\/138.png\"><img loading=\"lazy\" decoding=\"async\" class=\"alignnone wp-image-235 size-full\" src=\"https:\/\/www.fmsdocumentation.com\/wp-content\/uploads\/2017\/04\/138.png\" alt=\"\" width=\"509\" height=\"266\" srcset=\"https:\/\/www.fmsdocumentation.com\/wp-content\/uploads\/2017\/04\/138.png 509w, https:\/\/www.fmsdocumentation.com\/wp-content\/uploads\/2017\/04\/138-300x157.png 300w\" sizes=\"auto, (max-width: 509px) 100vw, 509px\" \/><\/a><\/p>\n<p>Vybran\u00e9 objekty sa prid\u00e1vaj\u00fa na zoznam s modro zv\u00fdraznen\u00fdmi pr\u00fa\u017ekami. Ak sa maj\u00fa niektor\u00e9 polo\u017eky zo zoznamu vybra\u0165, mus\u00ed sa jednoducho klikn\u00fa\u0165 na mal\u00fd &#8220;x&#8221; napravo od n\u00e1zvu objektu.<\/p>\n<p><a href=\"https:\/\/www.fmsdocumentation.com\/wp-content\/uploads\/2017\/04\/139.png\"><img loading=\"lazy\" decoding=\"async\" class=\"alignnone wp-image-236 size-full\" src=\"https:\/\/www.fmsdocumentation.com\/wp-content\/uploads\/2017\/04\/139.png\" alt=\"\" width=\"519\" height=\"109\" srcset=\"https:\/\/www.fmsdocumentation.com\/wp-content\/uploads\/2017\/04\/139.png 519w, https:\/\/www.fmsdocumentation.com\/wp-content\/uploads\/2017\/04\/139-300x63.png 300w\" sizes=\"auto, (max-width: 519px) 100vw, 519px\" \/><\/a><\/p>\n<p><strong>St\u013apce v s\u00fa\u010dte<\/strong>&#8211; toto pole umo\u017e\u0148uje vybra\u0165, ktor\u00e9 st\u013apce bude zostava v s\u00fa\u010dte obsahova\u0165 (tento typ zostavy obsahuje s\u00fa\u010det automaticky). Pre jednu zostavu mo\u017eno zvoli\u0165 maxim\u00e1lne 9 st\u013apcov z 28 mo\u017en\u00fdch.<\/p>\n<p>Potom sa mus\u00ed zvoli\u0165 zoznam st\u013apcov. Zostava \u0161tandardne zah\u0155\u0148a nasledovn\u00e9 parametre, ktor\u00e9 nemo\u017eno vynecha\u0165:<\/p>\n<ul>\n<li>D\u00e1tum a \u010das za\u010datia &#8211; d\u00e1tum a \u010das, kedy zmena hladiny bola zaregistrovan\u00e1;<\/li>\n<li>Hladina na za\u010diatku &#8211; hladina na za\u010diatku zaznamenanej zmeny;<\/li>\n<li>Hladina na konci &#8211; hladina na konci zaznamenan\u00e9 zmeny;<\/li>\n<li>Rozdiel &#8211; rozdiel v hladine medzi po\u010diato\u010dnou a koncovou hodnotou.<\/li>\n<\/ul>\n<p>Ostatn\u00e9 volite\u013en\u00e9 parametre, ktor\u00e9 je mo\u017en\u00e9 vybra\u0165 v zozname st\u013apcov:<\/p>\n<ul>\n<li>Vodi\u010d &#8211; meno vodi\u010da;<\/li>\n<li>D\u00e1tum a \u010das zmeny &#8211; d\u00e1tum a \u010das, kedy bola zmena paliva registrovan\u00e1;<\/li>\n<li>Miesto za\u010diatku udalosti &#8211; miesto, kde nastala udalos\u0165 zmeny hladiny paliva.<\/li>\n<\/ul>\n<p>Po v\u00fdbere parametrov st\u013apcov sa m\u00f4\u017eu aktivova\u0165 \/ deaktivova\u0165 nasleduj\u00faci obsah zostavy:<\/p>\n<ul>\n<li><strong>Zobrazi\u0165 \u00fadaje zo sond<\/strong> &#8211; \u0161tandardne nezapnut\u00fd, zobrazuje inform\u00e1cie oddelene za ka\u017ed\u00fa in\u0161talovan\u00fa sondou (ak je in\u0161talovan\u00fdch viac sond).<\/li>\n<li><strong>S\u00fa\u010det za zostavu <\/strong>&#8211; \u0161tandardne zapnut\u00e9, v zostave bude s\u00fa\u010det, ktor\u00fd sumarizuje v\u0161etky inform\u00e1cie v zostave a zah\u0155\u0148a sk\u00f4r vybran\u00e9 st\u013apce v s\u00fa\u010dte.<\/li>\n<li><strong>Zobrazi\u0165 graf hladiny paliva &#8211; <\/strong>\u0161tandardne zapnut\u00e9, v zostave bude graf hladiny paliva.<\/li>\n<li><strong>Zobrazi\u0165 mapu &#8211;<\/strong> \u0161tandardne zapnut\u00e9, v zostave bude mapa s vyzna\u010den\u00fdmi tankovan\u00edm a \u00fabytky paliva.<\/li>\n<\/ul>\n<p><a href=\"https:\/\/www.fmsdocumentation.com\/wp-content\/uploads\/2017\/04\/203-1.png\"><img loading=\"lazy\" decoding=\"async\" class=\"alignnone wp-image-977 size-full\" src=\"https:\/\/www.fmsdocumentation.com\/wp-content\/uploads\/2017\/04\/203-1.png\" alt=\"\" width=\"887\" height=\"598\" srcset=\"https:\/\/www.fmsdocumentation.com\/wp-content\/uploads\/2017\/04\/203-1.png 887w, https:\/\/www.fmsdocumentation.com\/wp-content\/uploads\/2017\/04\/203-1-300x202.png 300w, https:\/\/www.fmsdocumentation.com\/wp-content\/uploads\/2017\/04\/203-1-768x518.png 768w\" sizes=\"auto, (max-width: 887px) 100vw, 887px\" \/><\/a><\/p>\n<p>Pre vytvorenie zostavy sa klikne na tla\u010didlo &#8220;Generova\u0165&#8221;. Zru\u0161enie pr\u00edpravy zostavy sa vykon\u00e1 kliknut\u00edm na tla\u010didlo &#8220;Zru\u0161i\u0165&#8221; alebo klikn\u00fa\u0165 kdeko\u013evek mimo okna &#8220;Vytvorenie novej zostavy&#8221;.<\/p>\n<p><a href=\"https:\/\/www.fmsdocumentation.com\/wp-content\/uploads\/2017\/04\/202.png\"><img loading=\"lazy\" decoding=\"async\" class=\"alignnone wp-image-398 size-full\" src=\"https:\/\/www.fmsdocumentation.com\/wp-content\/uploads\/2017\/04\/202.png\" alt=\"\" width=\"569\" height=\"79\" srcset=\"https:\/\/www.fmsdocumentation.com\/wp-content\/uploads\/2017\/04\/202.png 569w, https:\/\/www.fmsdocumentation.com\/wp-content\/uploads\/2017\/04\/202-300x42.png 300w\" sizes=\"auto, (max-width: 569px) 100vw, 569px\" \/><\/a><\/p>\n<hr \/>\n<p><div class=\"alignleft\"><a href=\"https:\/\/www.fmsdocumentation.com\/sk\/zostavy\/zostava-udalosti\/\" title=\"Zostava udalost\u00ed\"><span class=\"arrow\">\u2039 &nbsp <\/span> Zostava udalost\u00ed <\/a><\/div> <div class=\"alignright\"><a href=\"https:\/\/www.fmsdocumentation.com\/sk\/zostavy\/zostava-oblasti\/\" title=\"Zostava oblast\u00ed\">Zostava oblast\u00ed <span class=\"arrow\"> &nbsp\u203a <\/span> <\/a><\/div><\/p>\n","protected":false},"excerpt":{"rendered":"<p>Zostava stavu n\u00e1dr\u017ee &#8211; t\u00e1to zostava poskytuje inform\u00e1cie o spotrebe paliva, \u010derpanie, \u00fabytkoch paliva a r\u00f4znych nezrovnalostiach. Najprv sa mus\u00ed zvoli\u0165 obdobie, za ktor\u00e9 sa m\u00e1 zostava generova\u0165. Obdobie\u00a0&#8211; pre vo\u013ebu obdobie sa klikne na &#8220;Vyberte obdobie&#8221;, otvor\u00ed sa panel kalend\u00e1ra. Panel kalend\u00e1ra je rovnak\u00fd pre v\u0161etky funkcie v r\u00e1mci syst\u00e9mu sledovania. Vo\u013eba obdobia sa &hellip; <a href=\"https:\/\/www.fmsdocumentation.com\/sk\/zostavy\/zostava-stavu-nadrze\/\" class=\"more-link\">Pokra\u010dova\u0165 v \u010d\u00edtan\u00ed: <span class=\"screen-reader-text\">Zostava stavu n\u00e1dr\u017ee<\/span><\/a><\/p>\n","protected":false},"author":5,"featured_media":0,"parent":6567,"menu_order":8,"comment_status":"closed","ping_status":"closed","template":"","meta":{"footnotes":""},"class_list":["post-6578","page","type-page","status-publish","hentry"],"_links":{"self":[{"href":"https:\/\/www.fmsdocumentation.com\/sk\/wp-json\/wp\/v2\/pages\/6578","targetHints":{"allow":["GET"]}}],"collection":[{"href":"https:\/\/www.fmsdocumentation.com\/sk\/wp-json\/wp\/v2\/pages"}],"about":[{"href":"https:\/\/www.fmsdocumentation.com\/sk\/wp-json\/wp\/v2\/types\/page"}],"author":[{"embeddable":true,"href":"https:\/\/www.fmsdocumentation.com\/sk\/wp-json\/wp\/v2\/users\/5"}],"replies":[{"embeddable":true,"href":"https:\/\/www.fmsdocumentation.com\/sk\/wp-json\/wp\/v2\/comments?post=6578"}],"version-history":[{"count":2,"href":"https:\/\/www.fmsdocumentation.com\/sk\/wp-json\/wp\/v2\/pages\/6578\/revisions"}],"predecessor-version":[{"id":6580,"href":"https:\/\/www.fmsdocumentation.com\/sk\/wp-json\/wp\/v2\/pages\/6578\/revisions\/6580"}],"up":[{"embeddable":true,"href":"https:\/\/www.fmsdocumentation.com\/sk\/wp-json\/wp\/v2\/pages\/6567"}],"wp:attachment":[{"href":"https:\/\/www.fmsdocumentation.com\/sk\/wp-json\/wp\/v2\/media?parent=6578"}],"curies":[{"name":"wp","href":"https:\/\/api.w.org\/{rel}","templated":true}]}}