{"id":6581,"date":"2018-12-13T16:08:26","date_gmt":"2018-12-13T14:08:26","guid":{"rendered":"http:\/\/www.fmsdocumentation.com\/?page_id=6581"},"modified":"2018-12-13T16:08:26","modified_gmt":"2018-12-13T14:08:26","slug":"zostava-oblasti","status":"publish","type":"page","link":"https:\/\/www.fmsdocumentation.com\/sk\/zostavy\/zostava-oblasti\/","title":{"rendered":"Zostava oblast\u00ed"},"content":{"rendered":"<p><strong>Zostava stavu n\u00e1dr\u017ee\u00a0<\/strong>&#8211; t\u00e1to zostava je zameran\u00e1 na aktivity okolo a vn\u00fatri u\u017e\u00edvate\u013esk\u00e9 oblasti. Tieto oblasti sa nastavuj\u00fa v <u><a href=\"#_Geozones_1\">menu<\/a> <\/u>u\u017e\u00edvate\u013esk\u00fdch oblast\u00ed. Najprv sa mus\u00ed zvoli\u0165 obdobie, pre ktor\u00e9 sa zostava m\u00e1 generova\u0165.<\/p>\n<p><strong>Obdobie\u00a0<\/strong>&#8211; pre v\u00fdber obdobia sa klikne na &#8220;Vyberte obdobie&#8221;, otvor\u00ed sa panel kalend\u00e1ra. Panel kalend\u00e1ra je v celom syst\u00e9me rovnak\u00fd. Vo\u013eba po\u010diato\u010dn\u00e9ho \/ koncov\u00e9ho d\u00e1tumu sa vykon\u00e1 jednoducho kliknut\u00edm na po\u017eadovan\u00fd d\u00e1tum. Vybrat\u00e9 dni sa zv\u00fdraznia modrou farbou. Aktu\u00e1lny de\u0148 je zv\u00fdraznen\u00fd modr\u00fdm trojuholn\u00edkom v \u013eavom hornom rohu d\u00e1tumu. Vyberie Ak sa aktu\u00e1lny de\u0148 trojuholn\u00edk sa zmen\u00ed z modrej na bielu. Maxim\u00e1lny rozsah obdobie je 1 mesiac.<\/p>\n<p><a href=\"https:\/\/www.fmsdocumentation.com\/wp-content\/uploads\/2017\/04\/136-8.png\"><img loading=\"lazy\" decoding=\"async\" class=\"alignnone wp-image-1168 size-full\" src=\"https:\/\/www.fmsdocumentation.com\/wp-content\/uploads\/2017\/04\/136-8.png\" alt=\"\" width=\"503\" height=\"483\" srcset=\"https:\/\/www.fmsdocumentation.com\/wp-content\/uploads\/2017\/04\/136-8.png 503w, https:\/\/www.fmsdocumentation.com\/wp-content\/uploads\/2017\/04\/136-8-300x288.png 300w\" sizes=\"auto, (max-width: 503px) 100vw, 503px\" \/><\/a><\/p>\n<p>Minim\u00e1lna d\u013a\u017eka obdobia je 1 de\u0148. Vo\u013eba jedn\u00e9ho d\u0148a sa vykon\u00e1 dvojit\u00fdm kliknut\u00edm na po\u017eadovan\u00fd de\u0148. Potom sa vol\u00ed pod\u013ea \u010doho m\u00e1 by\u0165 zostava generovan\u00e1.<\/p>\n<p><strong>zostava pod\u013ea<\/strong>&#8211; k dispoz\u00edcii s\u00fa dve vo\u013eby:<\/p>\n<ul>\n<li>Vodi\u010di<\/li>\n<li>Objekty<\/li>\n<\/ul>\n<p><strong>Objekty \/ Vodi\u010di\u00a0<\/strong>&#8211; (pod\u013ea vo\u013eby) umo\u017e\u0148uj\u00fa u\u017e\u00edvate\u013eovi zvoli\u0165 pre ktor\u00e9 objekty \/ vodi\u010da bude zostava generovan\u00e1. Klikne sa na pole Objekt \/ vodi\u010d a rozbal\u00ed sa menu so v\u0161etk\u00fdmi obkekty \/ vodi\u010di dan\u00e9ho u\u017e\u00edvate\u013ea. Kliknut\u00edm na n\u00e1zov objektu \/ vodi\u010da sa vyberie do zoznamu. Po skon\u010den\u00ed v\u00fdbere sa klikne mimo zoznam, ale vn\u00fatri okna Vytvorenie novej zostavy. Ak sa klikne mimo okno, zmeny sa neulo\u017eia. Maxim\u00e1lny po\u010det objektov \/ vodi\u010dov pre jednu zostavu je aktu\u00e1lne 10.<\/p>\n<p>Pre ve\u013ek\u00e9 flotily vozidiel je k dispoz\u00edcii vyh\u013ead\u00e1vacie li\u0161ta. Zoznam vozidiel sa automaticky aktualizuje s ka\u017ed\u00fdm zap\u00edsan\u00fdm znakom.<\/p>\n<p><a href=\"https:\/\/www.fmsdocumentation.com\/wp-content\/uploads\/2017\/04\/138.png\"><img loading=\"lazy\" decoding=\"async\" class=\"alignnone wp-image-235 size-full\" src=\"https:\/\/www.fmsdocumentation.com\/wp-content\/uploads\/2017\/04\/138.png\" alt=\"\" width=\"509\" height=\"266\" srcset=\"https:\/\/www.fmsdocumentation.com\/wp-content\/uploads\/2017\/04\/138.png 509w, https:\/\/www.fmsdocumentation.com\/wp-content\/uploads\/2017\/04\/138-300x157.png 300w\" sizes=\"auto, (max-width: 509px) 100vw, 509px\" \/><\/a><\/p>\n<p>Vybran\u00e9 vozidl\u00e1 \/ vodi\u010di sa v zozname objav\u00ed vo forme modr\u00fdch pruhov. Ak sa objekt \/ vodi\u010d m\u00e1 zo zoznamu odstr\u00e1ni\u0165, potom sa klikne na\u00a0 kr\u00ed\u017eik ( &#8220;x&#8221;) na pravej strane pri n\u00e1zve objekte \/ vodi\u010da.<\/p>\n<p><a href=\"https:\/\/www.fmsdocumentation.com\/wp-content\/uploads\/2017\/04\/139.png\"><img loading=\"lazy\" decoding=\"async\" class=\"alignnone wp-image-236 size-full\" src=\"https:\/\/www.fmsdocumentation.com\/wp-content\/uploads\/2017\/04\/139.png\" alt=\"\" width=\"519\" height=\"109\" srcset=\"https:\/\/www.fmsdocumentation.com\/wp-content\/uploads\/2017\/04\/139.png 519w, https:\/\/www.fmsdocumentation.com\/wp-content\/uploads\/2017\/04\/139-300x63.png 300w\" sizes=\"auto, (max-width: 519px) 100vw, 519px\" \/><\/a><\/p>\n<p>Po vo\u013ebe objektov \/ vodi\u010dov sa mus\u00ed zvoli\u0165 ako bude zostava zoskupen\u00e1. Vol\u00ed sa parametre v Zozname st\u013apcov. V zostave s\u00fa nasleduj\u00face \u0161tandardn\u00e9 parametre:<\/p>\n<ul>\n<li>\u010cas vstupu &#8211; d\u00e1tum a \u010das, kedy objekt \/ vodi\u010d vst\u00fapil do oblasti, nemo\u017eno zru\u0161i\u0165;<\/li>\n<li>\u010cas v\u00fdstupu &#8211; d\u00e1tum a \u010das, kedy objekt \/ vodi\u010d opustil oblas\u0165, nemo\u017eno zru\u0161i\u0165;<\/li>\n<li>N\u00e1zov oblasti &#8211; n\u00e1zov oblasti.<\/li>\n<\/ul>\n<p>\u010eal\u0161ie volite\u013en\u00e9 parametre, ktor\u00e9 je mo\u017en\u00e9 vybra\u0165 do zoznamu st\u013apcov:<\/p>\n<ul>\n<li>DIN X (kde X = 1 ~ 4) Pracovn\u00e9 doba- zobraz\u00ed pracovn\u00fa dobu vozidla (ak zapa\u013eovanie bolo nastaven\u00e9 na vybran\u00fd DIN 1 ~ 4);<\/li>\n<li>Meno vodi\u010da &#8211; meno vodi\u010da;<\/li>\n<li>Doba jazdy &#8211; doba, kedy zapa\u013eovanie je zapnut\u00e9;<\/li>\n<li>Koncov\u00e1 poloha &#8211; adresa miesta vyjdenie objektu \/ vodi\u010da z oblasti;<\/li>\n<li>Spotrebovan\u00e9 palivo &#8211; palivo spotrebovan\u00e9 pri pobyte v oblasti;<\/li>\n<li>Palivo spotrebovan\u00e9 na 100 km &#8211; priemern\u00e1 spotreba paliva v oblasti;<\/li>\n<li>Tachometer na za\u010diatku &#8211; tachometer pri vstupe do oblasti;<\/li>\n<li>Tachometer na konci &#8211; tachometer pri opusten\u00ed oblasti;<\/li>\n<li>Prejden\u00e1 vzdialenos\u0165 &#8211; celkov\u00e1 prejden\u00e1 vzdialenos\u0165 v oblasti po\u010das d\u0148a;<\/li>\n<li>Po\u010diato\u010dn\u00e1 poloha &#8211; adresa miesta kde objekt \/ vodi\u010d vst\u00fapil do oblasti;<\/li>\n<li>Miesto zastavenia &#8211; miesto zastavenie vozidla;<\/li>\n<li>Doba n\u00e1v\u0161tevy &#8211; celkov\u00fd \u010das str\u00e1ven\u00fd v oblasti po\u010das d\u0148a.<\/li>\n<\/ul>\n<p>Po v\u00fdbere parametrov v st\u013apcoch sa mus\u00ed zvoli\u0165 oblasti pre ktor\u00e9 sa m\u00e1 zostava generova\u0165. V zostave tak bud\u00fa zobrazen\u00e9 iba udalosti, spojen\u00e9 s vybran\u00fdmi oblas\u0165ami. V\u00fdber je rovnak\u00fd ako u vyberte objekt \/ vodi\u010dov.<\/p>\n<p><a href=\"https:\/\/www.fmsdocumentation.com\/wp-content\/uploads\/2017\/04\/221.png\"><img loading=\"lazy\" decoding=\"async\" class=\"alignnone wp-image-405 size-full\" src=\"https:\/\/www.fmsdocumentation.com\/wp-content\/uploads\/2017\/04\/221.png\" alt=\"\" width=\"497\" height=\"103\" srcset=\"https:\/\/www.fmsdocumentation.com\/wp-content\/uploads\/2017\/04\/221.png 497w, https:\/\/www.fmsdocumentation.com\/wp-content\/uploads\/2017\/04\/221-300x62.png 300w\" sizes=\"auto, (max-width: 497px) 100vw, 497px\" \/><\/a><\/p>\n<ul>\n<li><strong>S\u00fa\u010det za zostavu <\/strong>&#8211; \u0161tandardne akt\u00edvny, znamen\u00e1 to, \u017ee zostava obsahuje sumariz\u00e1ciu.<\/li>\n<\/ul>\n<p><a href=\"https:\/\/www.fmsdocumentation.com\/wp-content\/uploads\/2018\/03\/222.png\"><img loading=\"lazy\" decoding=\"async\" class=\"alignnone size-full wp-image-4745\" src=\"https:\/\/www.fmsdocumentation.com\/wp-content\/uploads\/2018\/03\/222.png\" alt=\"\" width=\"1217\" height=\"622\" srcset=\"https:\/\/www.fmsdocumentation.com\/wp-content\/uploads\/2018\/03\/222.png 1217w, https:\/\/www.fmsdocumentation.com\/wp-content\/uploads\/2018\/03\/222-300x153.png 300w, https:\/\/www.fmsdocumentation.com\/wp-content\/uploads\/2018\/03\/222-768x393.png 768w, https:\/\/www.fmsdocumentation.com\/wp-content\/uploads\/2018\/03\/222-1024x523.png 1024w\" sizes=\"auto, (max-width: 1217px) 100vw, 1217px\" \/><\/a><\/p>\n<p>Generovanie zostavy sa spust\u00ed kliknut\u00edm na tla\u010didlo &#8220;Generova\u0165&#8221;. Zru\u0161enie tvorby zostavy sa vykon\u00e1 kliknut\u00edm na tla\u010didlo &#8220;Zru\u0161i\u0165&#8221; alebo kdeko\u013evek mimo okna &#8220;Vytvorenie novej zostavy&#8221;.<\/p>\n<p><a href=\"https:\/\/www.fmsdocumentation.com\/wp-content\/uploads\/2017\/04\/202.png\"><img loading=\"lazy\" decoding=\"async\" class=\"alignnone wp-image-398 size-full\" src=\"https:\/\/www.fmsdocumentation.com\/wp-content\/uploads\/2017\/04\/202.png\" alt=\"\" width=\"569\" height=\"79\" srcset=\"https:\/\/www.fmsdocumentation.com\/wp-content\/uploads\/2017\/04\/202.png 569w, https:\/\/www.fmsdocumentation.com\/wp-content\/uploads\/2017\/04\/202-300x42.png 300w\" sizes=\"auto, (max-width: 569px) 100vw, 569px\" \/><\/a><\/p>\n<hr \/>\n<p><div class=\"alignleft\"><a href=\"https:\/\/www.fmsdocumentation.com\/sk\/zostavy\/zostava-stavu-nadrze\/\" title=\"Zostava stavu n\u00e1dr\u017ee\"><span class=\"arrow\">\u2039 &nbsp <\/span> Zostava stavu n\u00e1dr\u017ee <\/a><\/div> <div class=\"alignright\"><a href=\"https:\/\/www.fmsdocumentation.com\/sk\/zostavy\/zostava-teplot\/\" title=\"Zostava tepl\u00f4t\">Zostava tepl\u00f4t <span class=\"arrow\"> &nbsp\u203a <\/span> <\/a><\/div><\/p>\n<p>&nbsp;<\/p>\n","protected":false},"excerpt":{"rendered":"<p>Zostava stavu n\u00e1dr\u017ee\u00a0&#8211; t\u00e1to zostava je zameran\u00e1 na aktivity okolo a vn\u00fatri u\u017e\u00edvate\u013esk\u00e9 oblasti. Tieto oblasti sa nastavuj\u00fa v menu u\u017e\u00edvate\u013esk\u00fdch oblast\u00ed. Najprv sa mus\u00ed zvoli\u0165 obdobie, pre ktor\u00e9 sa zostava m\u00e1 generova\u0165. Obdobie\u00a0&#8211; pre v\u00fdber obdobia sa klikne na &#8220;Vyberte obdobie&#8221;, otvor\u00ed sa panel kalend\u00e1ra. Panel kalend\u00e1ra je v celom syst\u00e9me rovnak\u00fd. Vo\u013eba po\u010diato\u010dn\u00e9ho &hellip; <a href=\"https:\/\/www.fmsdocumentation.com\/sk\/zostavy\/zostava-oblasti\/\" class=\"more-link\">Pokra\u010dova\u0165 v \u010d\u00edtan\u00ed: <span class=\"screen-reader-text\">Zostava oblast\u00ed<\/span><\/a><\/p>\n","protected":false},"author":5,"featured_media":0,"parent":6567,"menu_order":9,"comment_status":"closed","ping_status":"closed","template":"","meta":{"footnotes":""},"class_list":["post-6581","page","type-page","status-publish","hentry"],"_links":{"self":[{"href":"https:\/\/www.fmsdocumentation.com\/sk\/wp-json\/wp\/v2\/pages\/6581","targetHints":{"allow":["GET"]}}],"collection":[{"href":"https:\/\/www.fmsdocumentation.com\/sk\/wp-json\/wp\/v2\/pages"}],"about":[{"href":"https:\/\/www.fmsdocumentation.com\/sk\/wp-json\/wp\/v2\/types\/page"}],"author":[{"embeddable":true,"href":"https:\/\/www.fmsdocumentation.com\/sk\/wp-json\/wp\/v2\/users\/5"}],"replies":[{"embeddable":true,"href":"https:\/\/www.fmsdocumentation.com\/sk\/wp-json\/wp\/v2\/comments?post=6581"}],"version-history":[{"count":2,"href":"https:\/\/www.fmsdocumentation.com\/sk\/wp-json\/wp\/v2\/pages\/6581\/revisions"}],"predecessor-version":[{"id":6583,"href":"https:\/\/www.fmsdocumentation.com\/sk\/wp-json\/wp\/v2\/pages\/6581\/revisions\/6583"}],"up":[{"embeddable":true,"href":"https:\/\/www.fmsdocumentation.com\/sk\/wp-json\/wp\/v2\/pages\/6567"}],"wp:attachment":[{"href":"https:\/\/www.fmsdocumentation.com\/sk\/wp-json\/wp\/v2\/media?parent=6581"}],"curies":[{"name":"wp","href":"https:\/\/api.w.org\/{rel}","templated":true}]}}