{"id":6584,"date":"2018-12-13T16:11:33","date_gmt":"2018-12-13T14:11:33","guid":{"rendered":"http:\/\/www.fmsdocumentation.com\/?page_id=6584"},"modified":"2018-12-13T16:11:33","modified_gmt":"2018-12-13T14:11:33","slug":"zostava-teplot","status":"publish","type":"page","link":"https:\/\/www.fmsdocumentation.com\/sk\/zostavy\/zostava-teplot\/","title":{"rendered":"Zostava tepl\u00f4t"},"content":{"rendered":"<p><strong>Zostava tepl\u00f4t\u00a0<\/strong>&#8211; t\u00e1to zostava je zalo\u017een\u00e1 na d\u00e1tach z teplotn\u00fdch senzorov. Prv\u00e1 vec, ktor\u00fa mus\u00ed pou\u017e\u00edvate\u013e urobi\u0165 je vybra\u0165 rozsah obdobie, za ktor\u00e9 sa m\u00e1 zostava generova\u0165.<\/p>\n<p><strong>Obdobie\u00a0<\/strong>&#8211; pre v\u00fdber obdobia sa klikne na &#8220;Vyberte obdobie&#8221;, otvor\u00ed sa panel kalend\u00e1ra. Tento panel je rovnak\u00fd v r\u00e1mci syst\u00e9mu sledovania vozidiel. Pre vo\u013ebu po\u010diato\u010dn\u00e9ho \/ koncov\u00e9ho d\u00e1tumu sa jednoducho klikne na po\u017eadovan\u00fd d\u00e1tum. Vybran\u00fd d\u00e1tum sa zv\u00fdrazn\u00ed modro. Aktu\u00e1lny d\u00e1tum je zv\u00fdraznen\u00fd modr\u00fdm trojuholn\u00edkom v \u013eavom hornom rohu d\u0148a. Ak bude vo v\u00fdbere zahrnut\u00fd aktu\u00e1lny de\u0148, modr\u00fd trojuholn\u00edk sa zmen\u00ed na biely. Maxim\u00e1lny rozsah obdobie je jeden mesiac. Vybran\u00e9 obdobie bude zobrazen\u00e9 v paneli sumariz\u00e1cia za zostavu.<\/p>\n<p><a href=\"https:\/\/www.fmsdocumentation.com\/wp-content\/uploads\/2017\/04\/136-9.png\"><img loading=\"lazy\" decoding=\"async\" class=\"alignnone wp-image-1170 size-full\" src=\"https:\/\/www.fmsdocumentation.com\/wp-content\/uploads\/2017\/04\/136-9.png\" alt=\"\" width=\"503\" height=\"483\" srcset=\"https:\/\/www.fmsdocumentation.com\/wp-content\/uploads\/2017\/04\/136-9.png 503w, https:\/\/www.fmsdocumentation.com\/wp-content\/uploads\/2017\/04\/136-9-300x288.png 300w\" sizes=\"auto, (max-width: 503px) 100vw, 503px\" \/><\/a><\/p>\n<p>Minim\u00e1lna obdobie je jeden de\u0148. V\u00fdber jedn\u00e9ho d\u0148a sa vykon\u00e1 dvojit\u00fdm kliknut\u00edm \u013eav\u00fdm tla\u010didlom my\u0161i na po\u017eadovanom d\u00e1tume. Potom sa vol\u00ed objekt, pre ktor\u00fd sa m\u00e1 zostava generova\u0165.<\/p>\n<p><strong>Objekty<\/strong>&#8211; tu sa vol\u00ed objekty, pre ktor\u00e9 sa m\u00e1 zostava generova\u0165. Ke\u010f sa klikne do po\u013ea Objekty rozbal\u00ed sa zoznam v\u0161etk\u00fdch objektov. V\u00fdber objektov sa vykon\u00e1 kliknut\u00edm na po\u017eadovan\u00fd objekt. Okno sa zatvor\u00ed kliknut\u00edm mimo rozbalen\u00fd zoznam, ale vn\u00fatri okna generovanie novej zostavy, inak by sa vlo\u017een\u00e9 inform\u00e1cie neulo\u017eili. Aktu\u00e1lne m\u00f4\u017ee by\u0165 v zostave maxim\u00e1lne 500 objektov.<\/p>\n<p>Pre ve\u013ek\u00e9 flotily je k dispoz\u00edcii vyh\u013ead\u00e1vacie li\u0161ta. Zoznam objektov sa automaticky aktualizuje s ka\u017ed\u00fdm zap\u00edsan\u00fdm p\u00edsmenom.<\/p>\n<p><a href=\"https:\/\/www.fmsdocumentation.com\/wp-content\/uploads\/2017\/04\/138.png\"><img loading=\"lazy\" decoding=\"async\" class=\"alignnone wp-image-235 size-full\" src=\"https:\/\/www.fmsdocumentation.com\/wp-content\/uploads\/2017\/04\/138.png\" alt=\"\" width=\"509\" height=\"266\" srcset=\"https:\/\/www.fmsdocumentation.com\/wp-content\/uploads\/2017\/04\/138.png 509w, https:\/\/www.fmsdocumentation.com\/wp-content\/uploads\/2017\/04\/138-300x157.png 300w\" sizes=\"auto, (max-width: 509px) 100vw, 509px\" \/><\/a><\/p>\n<p>Vybran\u00e9 objekty sa zobrazia vo forme zv\u00fdraznen\u00e9ho modr\u00e9ho pruhu. Ak sa niektor\u00e9 objekty maj\u00fa zo zoznamu odstr\u00e1ni\u0165, sta\u010d\u00ed klikn\u00fa\u0165 na kr\u00ed\u017eik na pravej strane pri n\u00e1zve objektu.<\/p>\n<p><a href=\"https:\/\/www.fmsdocumentation.com\/wp-content\/uploads\/2017\/04\/139.png\"><img loading=\"lazy\" decoding=\"async\" class=\"alignnone wp-image-236 size-full\" src=\"https:\/\/www.fmsdocumentation.com\/wp-content\/uploads\/2017\/04\/139.png\" alt=\"\" width=\"519\" height=\"109\" srcset=\"https:\/\/www.fmsdocumentation.com\/wp-content\/uploads\/2017\/04\/139.png 519w, https:\/\/www.fmsdocumentation.com\/wp-content\/uploads\/2017\/04\/139-300x63.png 300w\" sizes=\"auto, (max-width: 519px) 100vw, 519px\" \/><\/a><\/p>\n<p>Po vo\u013ebe objektov sa vol\u00ed parametre v Zozname st\u013apcov. Zostava zah\u0155\u0148a nasleduj\u00face parametre:<\/p>\n<ul>\n<li>Obdobie &#8211; nemo\u017eno nezvoli\u0165, zobrazuje obdobie, za ktor\u00e9 s\u00fa teplotn\u00e9 d\u00e1ta zobrazen\u00e9;<\/li>\n<li>Priemer &#8211; nemus\u00ed by\u0165 zvolen\u00fd, zobrazuje priemern\u00fa hodnotu teplotn\u00e9ho \u010didla;<\/li>\n<li>Max &#8211; mo\u017eno nevybra\u0165, zobrazuje maxim\u00e1lnu hodnotu teplotn\u00e9ho sn\u00edma\u010da;<\/li>\n<li>Min &#8211; mo\u017eno vynecha\u0165, zobrazuje minim\u00e1lnu hodnotu teplotn\u00e9ho \u010didla;<\/li>\n<\/ul>\n<p>Pre zobrazenie teplotn\u00fdch d\u00e1t je nutn\u00fd st\u013apec \u010didiel, X &#8211; predstavuje \u010d\u00edslo sn\u00edma\u010da (od 1 do 3). Mo\u017eno vybra\u0165 nasleduj\u00facej tabu\u013eky \u010didiel:<\/p>\n<ul>\n<li>Sn\u00edma\u010d X min &#8211; minim\u00e1lna registrovan\u00e1 teplota \u010didla X;<\/li>\n<li>Sn\u00edma\u010d X priemer &#8211; priemern\u00e1 registrovan\u00e1 teplota \u010didla X;<\/li>\n<li>Sn\u00edma\u010d X max &#8211; maxim\u00e1lna registrovan\u00e1 teplota \u010didla X;<\/li>\n<li>Koncov\u00e1 poloha &#8211; adresa poslednej s\u00faradnice vo zvolenom obdob\u00ed;<\/li>\n<li>Po\u010diato\u010dn\u00e1 poloha &#8211; adresa prvej s\u00faradnice vo vybranom obdob\u00ed.<\/li>\n<\/ul>\n<p>Po vo\u013ebe parametrov v zozname st\u013apcov sa d\u00e1 aktivova\u0165 alebo deaktivova\u0165 s\u00fa\u010det za zostavu.<\/p>\n<p><strong>S\u00fa\u010det za zostavu <\/strong>&#8211; \u0161tandardne akt\u00edvny, znamen\u00e1 to, \u017ee v zostave bude sumariz\u00e1cia v\u0161etk\u00fdch inform\u00e1ci\u00ed v zostave obsiahnut\u00fdch. Po vo\u013ebe s\u00fa\u010dtu za zostavu je mo\u017en\u00e9 zvoli\u0165 \u010dasov\u00fd interval medzi teplotn\u00fdmi \u00fadajmi.<\/p>\n<p><strong>\u010casov\u00fd interval <\/strong>&#8211; tu m\u00f4\u017ee pou\u017e\u00edvate\u013e zvoli\u0165 interval medzi meraniami, tzn., \u017de teploty bud\u00fa zobrazen\u00e9 v po\u017eadovanom intervale (napr. Ka\u017ed\u00fdch 30 min\u00fat). Mo\u017eno voli\u0165 iba intervaly pon\u00fakanej syst\u00e9mom:<\/p>\n<ul>\n<li>15 min &#8211; \u0161tandardne;<\/li>\n<li>30 min;<\/li>\n<li>45 min;<\/li>\n<li>1 hodina;<\/li>\n<li>1 hodina 30 min;<\/li>\n<li>2 hodiny.<\/li>\n<\/ul>\n<p><a href=\"https:\/\/www.fmsdocumentation.com\/wp-content\/uploads\/2017\/04\/204-1.png\"><img loading=\"lazy\" decoding=\"async\" class=\"alignnone wp-image-983 size-full\" src=\"https:\/\/www.fmsdocumentation.com\/wp-content\/uploads\/2017\/04\/204-1.png\" alt=\"\" width=\"898\" height=\"329\" srcset=\"https:\/\/www.fmsdocumentation.com\/wp-content\/uploads\/2017\/04\/204-1.png 898w, https:\/\/www.fmsdocumentation.com\/wp-content\/uploads\/2017\/04\/204-1-300x110.png 300w, https:\/\/www.fmsdocumentation.com\/wp-content\/uploads\/2017\/04\/204-1-768x281.png 768w\" sizes=\"auto, (max-width: 898px) 100vw, 898px\" \/><\/a><\/p>\n<p>Generovanie zostavy sa spust\u00ed kliknut\u00edm na tla\u010didlo &#8220;Generova\u0165&#8221;. Zru\u0161enie procesu sa uskuto\u010dn\u00ed bu\u010f kliknut\u00edm na tla\u010didlo zru\u0161i\u0165 alebo kliknut\u00edm kdeko\u013evek mimo okna generovanie zostavy.<\/p>\n<p><a href=\"https:\/\/www.fmsdocumentation.com\/wp-content\/uploads\/2017\/04\/202.png\"><img loading=\"lazy\" decoding=\"async\" class=\"alignnone wp-image-398 size-full\" src=\"https:\/\/www.fmsdocumentation.com\/wp-content\/uploads\/2017\/04\/202.png\" alt=\"\" width=\"569\" height=\"79\" srcset=\"https:\/\/www.fmsdocumentation.com\/wp-content\/uploads\/2017\/04\/202.png 569w, https:\/\/www.fmsdocumentation.com\/wp-content\/uploads\/2017\/04\/202-300x42.png 300w\" sizes=\"auto, (max-width: 569px) 100vw, 569px\" \/><\/a><\/p>\n<hr \/>\n<p><div class=\"alignleft\"><a href=\"https:\/\/www.fmsdocumentation.com\/sk\/zostavy\/zostava-oblasti\/\" title=\"Zostava oblast\u00ed\"><span class=\"arrow\">\u2039 &nbsp <\/span> Zostava oblast\u00ed <\/a><\/div> <div class=\"alignright\"><a href=\"https:\/\/www.fmsdocumentation.com\/sk\/zostavy\/zostava-za-cestu\/\" title=\"Zostava za cestu\">Zostava za cestu <span class=\"arrow\"> &nbsp\u203a <\/span> <\/a><\/div><\/p>\n<p>&nbsp;<\/p>\n","protected":false},"excerpt":{"rendered":"<p>Zostava tepl\u00f4t\u00a0&#8211; t\u00e1to zostava je zalo\u017een\u00e1 na d\u00e1tach z teplotn\u00fdch senzorov. Prv\u00e1 vec, ktor\u00fa mus\u00ed pou\u017e\u00edvate\u013e urobi\u0165 je vybra\u0165 rozsah obdobie, za ktor\u00e9 sa m\u00e1 zostava generova\u0165. Obdobie\u00a0&#8211; pre v\u00fdber obdobia sa klikne na &#8220;Vyberte obdobie&#8221;, otvor\u00ed sa panel kalend\u00e1ra. Tento panel je rovnak\u00fd v r\u00e1mci syst\u00e9mu sledovania vozidiel. Pre vo\u013ebu po\u010diato\u010dn\u00e9ho \/ koncov\u00e9ho d\u00e1tumu &hellip; <a href=\"https:\/\/www.fmsdocumentation.com\/sk\/zostavy\/zostava-teplot\/\" class=\"more-link\">Pokra\u010dova\u0165 v \u010d\u00edtan\u00ed: <span class=\"screen-reader-text\">Zostava tepl\u00f4t<\/span><\/a><\/p>\n","protected":false},"author":5,"featured_media":0,"parent":6567,"menu_order":11,"comment_status":"closed","ping_status":"closed","template":"","meta":{"footnotes":""},"class_list":["post-6584","page","type-page","status-publish","hentry"],"_links":{"self":[{"href":"https:\/\/www.fmsdocumentation.com\/sk\/wp-json\/wp\/v2\/pages\/6584","targetHints":{"allow":["GET"]}}],"collection":[{"href":"https:\/\/www.fmsdocumentation.com\/sk\/wp-json\/wp\/v2\/pages"}],"about":[{"href":"https:\/\/www.fmsdocumentation.com\/sk\/wp-json\/wp\/v2\/types\/page"}],"author":[{"embeddable":true,"href":"https:\/\/www.fmsdocumentation.com\/sk\/wp-json\/wp\/v2\/users\/5"}],"replies":[{"embeddable":true,"href":"https:\/\/www.fmsdocumentation.com\/sk\/wp-json\/wp\/v2\/comments?post=6584"}],"version-history":[{"count":2,"href":"https:\/\/www.fmsdocumentation.com\/sk\/wp-json\/wp\/v2\/pages\/6584\/revisions"}],"predecessor-version":[{"id":6586,"href":"https:\/\/www.fmsdocumentation.com\/sk\/wp-json\/wp\/v2\/pages\/6584\/revisions\/6586"}],"up":[{"embeddable":true,"href":"https:\/\/www.fmsdocumentation.com\/sk\/wp-json\/wp\/v2\/pages\/6567"}],"wp:attachment":[{"href":"https:\/\/www.fmsdocumentation.com\/sk\/wp-json\/wp\/v2\/media?parent=6584"}],"curies":[{"name":"wp","href":"https:\/\/api.w.org\/{rel}","templated":true}]}}