{"id":6587,"date":"2018-12-13T16:14:49","date_gmt":"2018-12-13T14:14:49","guid":{"rendered":"http:\/\/www.fmsdocumentation.com\/?page_id=6587"},"modified":"2018-12-13T16:15:00","modified_gmt":"2018-12-13T14:15:00","slug":"zostava-za-cestu","status":"publish","type":"page","link":"https:\/\/www.fmsdocumentation.com\/sk\/zostavy\/zostava-za-cestu\/","title":{"rendered":"Zostava za cestu"},"content":{"rendered":"<p><strong>Zostava za cestu<\/strong> &#8211; sumarizuje jazdy, prejden\u00fa vzdialenos\u0165, za\u010diatok a koniec jazdy, at\u010f . Najprv sa mus\u00ed zvoli\u0165 obdobie, pre ktor\u00e9 sa m\u00e1 zostava generova\u0165.<\/p>\n<p><strong>Obdobie\u00a0<\/strong>&#8211; pre v\u00fdber obdobia sa klikne na &#8220;Vyberte obdobie&#8221;, zobraz\u00ed sa panel s kalend\u00e1rom. Panel kalend\u00e1ra je v celom syst\u00e9me rovnak\u00fd. Pre vo\u013ebu obdobie sa klikne na po\u010diato\u010dn\u00fd a koncov\u00fd d\u00e1tum. Zvolen\u00e9 dni sa zv\u00fdraznia modrou farbou. Aktu\u00e1lny de\u0148 je ozna\u010den\u00fd modr\u00fdm trojuholn\u00edkom v \u013eavom hornom rohu. Ak sa zvol\u00ed aktu\u00e1lny de\u0148, trojuholn\u00ed\u010dek sa zmen\u00ed na biely. Maxim\u00e1lne rozp\u00e4tie pre vo\u013ebu obdobie je jeden mesiac.<\/p>\n<p><a href=\"https:\/\/www.fmsdocumentation.com\/wp-content\/uploads\/2017\/04\/136.png\"><img loading=\"lazy\" decoding=\"async\" class=\"alignnone wp-image-233 size-full\" src=\"https:\/\/www.fmsdocumentation.com\/wp-content\/uploads\/2017\/04\/136.png\" alt=\"\" width=\"465\" height=\"463\" srcset=\"https:\/\/www.fmsdocumentation.com\/wp-content\/uploads\/2017\/04\/136.png 465w, https:\/\/www.fmsdocumentation.com\/wp-content\/uploads\/2017\/04\/136-150x150.png 150w, https:\/\/www.fmsdocumentation.com\/wp-content\/uploads\/2017\/04\/136-300x300.png 300w\" sizes=\"auto, (max-width: 465px) 100vw, 465px\" \/><\/a><\/p>\n<p>Minimum pre v\u00fdber obdobia je jeden de\u0148. Vo\u013eba jedn\u00e9ho d\u0148a sa vykon\u00e1 dvojit\u00fdm kliknut\u00edm \u013eav\u00e9ho tla\u010didla my\u0161i na pr\u00edslu\u0161nom dni. Potom sa mus\u00ed zvoli\u0165, pod\u013ea \u010doho sa m\u00e1 zostava vygenerova\u0165.<\/p>\n<p><strong>Zostava pod\u013ea <\/strong>&#8211; k dispoz\u00edcii s\u00fa dve vo\u013eby:<\/p>\n<ul>\n<li>Vodi\u010dov<\/li>\n<li>Objektov<\/li>\n<\/ul>\n<p>Zostava zobraz\u00ed inform\u00e1cia (vzdialenos\u0165, miesto za\u010diatku pr\u00e1ce, at\u010f.) Pod\u013ea zvolen\u00e9ho cie\u013ea (Vodi\u010d alebo Objekt). Tak\u017ee ak s\u00fa zvolen\u00e9 Objekty, potom zostava zobraz\u00ed inform\u00e1cie t\u00fdkaj\u00face sa zvolen\u00fdch objektov.<\/p>\n<p><strong>Objekty \/ Vodi\u010di<\/strong>&#8211; (pod\u013ea vo\u013eby v &#8220;Zostava pod\u013ea&#8221;) umo\u017e\u0148uje u\u017e\u00edvate\u013eovi zvoli\u0165 pre ktor\u00e9 objekty \/ vodi\u010da sa bude zostava generova\u0165. Vo\u013eba sa vykon\u00e1 kliknut\u00edm na pole Objekty \/ Vodi\u010di, rozbal\u00ed sa zoznam v\u0161etk\u00fdch objektov \/ vodi\u010dov u\u017e\u00edvate\u013ea. Kliknut\u00edm na n\u00e1zov objektu \/ vodi\u010da sa objekt prid\u00e1 do zoznamu. Po ukon\u010den\u00ed v\u00fdberu sa zoznam zatvor\u00ed kliknut\u00edm kdeko\u013evek mimo zoznam objektov, ale vn\u00fatri okna Vytvorenie novej zostavy. Ak sa klikne mimo okno, okno sa zavrie bez ulo\u017eenia zoznamu. Aktu\u00e1lne je mo\u017en\u00e9 zvoli\u0165 pre jednu zostavu maxim\u00e1lne 10 objektov \/ vodi\u010dov.<\/p>\n<p>Pre vozov\u00e9 parky s ve\u013ek\u00fdm po\u010dtom objektov je implementovan\u00e1 vyh\u013ead\u00e1vac\u00ed li\u0161ta. Zoznam objektov sa automaticky aktualizuje s ka\u017ed\u00fdm zap\u00edsan\u00fdm p\u00edsmenom.<\/p>\n<p><a href=\"https:\/\/www.fmsdocumentation.com\/wp-content\/uploads\/2017\/04\/138.png\"><img loading=\"lazy\" decoding=\"async\" class=\"alignnone wp-image-235 size-full\" src=\"https:\/\/www.fmsdocumentation.com\/wp-content\/uploads\/2017\/04\/138.png\" alt=\"\" width=\"509\" height=\"266\" srcset=\"https:\/\/www.fmsdocumentation.com\/wp-content\/uploads\/2017\/04\/138.png 509w, https:\/\/www.fmsdocumentation.com\/wp-content\/uploads\/2017\/04\/138-300x157.png 300w\" sizes=\"auto, (max-width: 509px) 100vw, 509px\" \/><\/a><\/p>\n<p>V\u00fdberom objektov \/ vodi\u010dov sa pridaj\u00fa do zoznamu vo forme modr\u00fdch pol\u00ed. Ak chce u\u017e\u00edvate\u013e zo zoznamu odstr\u00e1ni\u0165 niektor\u00e9 objekty \/ vodi\u010da mus\u00ed klikn\u00fa\u0165 na kr\u00ed\u017eik x umiestnen\u00fd napravo od n\u00e1zvu objektu \/ vodi\u010da.<\/p>\n<p><a href=\"https:\/\/www.fmsdocumentation.com\/wp-content\/uploads\/2017\/04\/139.png\"><img loading=\"lazy\" decoding=\"async\" class=\"wp-image-236 size-full alignnone\" src=\"https:\/\/www.fmsdocumentation.com\/wp-content\/uploads\/2017\/04\/139.png\" alt=\"\" width=\"519\" height=\"109\" srcset=\"https:\/\/www.fmsdocumentation.com\/wp-content\/uploads\/2017\/04\/139.png 519w, https:\/\/www.fmsdocumentation.com\/wp-content\/uploads\/2017\/04\/139-300x63.png 300w\" sizes=\"auto, (max-width: 519px) 100vw, 519px\" \/><\/a><\/p>\n<p>Po vo\u013ebe objektov \u010di vodi\u010dov sa mus\u00ed zvoli\u0165, ako bude zostava zoskupen\u00e1. Je potrebn\u00e9 zvoli\u0165 parametre v Zozname st\u013apcov. \u0160tandardne sa vol\u00ed nasledovn\u00e9 parametre:<\/p>\n<ul>\n<li>Miesto v\u00fdjazdu &#8211; miesto zopnutie prv\u00e9ho zapa\u013eovanie;<\/li>\n<li>Miesto pr\u00edchodu &#8211; miesto vypnut\u00ed zapa\u013eovania poslednej jazdy;<\/li>\n<li>D\u00e1tum &#8211; d\u00e1tum a de\u0148 v t\u00fd\u017edni;<\/li>\n<li>\u010cas zah\u00e1jenia jazdy &#8211; \u010das prv\u00e9ho zopnutie zapa\u013eovania;<\/li>\n<li>Koniec jazdy &#8211; \u010das vypnutia zapa\u013eovania poslednej jazdy;<\/li>\n<li>Tachometer na za\u010diatku &#8211; stav tachometra na za\u010diatku jazdy;<\/li>\n<li>Tachometer na konci &#8211; stav tachometra na konci jazdy;<\/li>\n<li>Prejden\u00e1 vzdialenos\u0165 &#8211; celkov\u00e1 d\u013a\u017eka j\u00e1zd v km za de\u0148.<\/li>\n<li>Spotrebovan\u00e9 palivo &#8211; celkov\u00e1 spotreba za jazdu;<\/li>\n<\/ul>\n<p>Volite\u013en\u00e9 parametre:<\/p>\n<ul>\n<li>Podpis vodi\u010da &#8211; pr\u00e1zdne polia v zostave, kde sa vodi\u010d m\u00f4\u017ee podp\u00edsa\u0165;<\/li>\n<li>Spotreba na 100 km;<\/li>\n<li>vodi\u010di;<\/li>\n<li>Odpracovan\u00e9 hodiny &#8211; celkov\u00fd pracovn\u00fd \u010das za v\u0161etky vybran\u00e9 dni.<\/li>\n<\/ul>\n<p>Nakoniec je mo\u017en\u00e9 zvoli\u0165, \u010di sa m\u00e1 v zostave zobrazi\u0165 s\u00fa\u010det.<\/p>\n<p><strong>S\u00fa\u010det za zostavu <\/strong>&#8211; sumarizuje v\u0161etky inform\u00e1cie v zostave. Nakoniec mo\u017eno rozhodn\u00fa\u0165, \u010di zobrazi\u0165 dni bez z\u00e1znamov.<\/p>\n<p><strong>Zobrazi\u0165 dni bez z\u00e1znamov<\/strong> &#8211; v zostave bud\u00fa zahrnut\u00e9 dni bez z\u00e1znamov.<\/p>\n<p><a href=\"https:\/\/www.fmsdocumentation.com\/wp-content\/uploads\/2017\/04\/205-1.png\"><img loading=\"lazy\" decoding=\"async\" class=\"alignnone wp-image-986 size-full\" src=\"https:\/\/www.fmsdocumentation.com\/wp-content\/uploads\/2017\/04\/205-1.png\" alt=\"\" width=\"886\" height=\"553\" srcset=\"https:\/\/www.fmsdocumentation.com\/wp-content\/uploads\/2017\/04\/205-1.png 886w, https:\/\/www.fmsdocumentation.com\/wp-content\/uploads\/2017\/04\/205-1-300x187.png 300w, https:\/\/www.fmsdocumentation.com\/wp-content\/uploads\/2017\/04\/205-1-768x479.png 768w\" sizes=\"auto, (max-width: 886px) 100vw, 886px\" \/><\/a><\/p>\n<p>Vytvorenie zostavy sa iniciuje stla\u010den\u00edm tla\u010didla &#8220;Generova\u0165&#8221;. Zru\u0161enie tvorby zostavy sa vykon\u00e1 bu\u010f stla\u010den\u00edm tla\u010didla &#8220;Zru\u0161i\u0165&#8221; alebo kliknut\u00edm kdeko\u013evek mimo okna &#8220;Vytvorenie novej zostavy&#8221;.<\/p>\n<p><a href=\"https:\/\/www.fmsdocumentation.com\/wp-content\/uploads\/2017\/04\/202.png\"><img loading=\"lazy\" decoding=\"async\" class=\"alignnone wp-image-398 size-full\" src=\"https:\/\/www.fmsdocumentation.com\/wp-content\/uploads\/2017\/04\/202.png\" alt=\"\" width=\"569\" height=\"79\" srcset=\"https:\/\/www.fmsdocumentation.com\/wp-content\/uploads\/2017\/04\/202.png 569w, https:\/\/www.fmsdocumentation.com\/wp-content\/uploads\/2017\/04\/202-300x42.png 300w\" sizes=\"auto, (max-width: 569px) 100vw, 569px\" \/><\/a><\/p>\n<hr \/>\n<p><div class=\"alignleft\"><a href=\"https:\/\/www.fmsdocumentation.com\/sk\/zostavy\/zostava-teplot\/\" title=\"Zostava tepl\u00f4t\"><span class=\"arrow\">\u2039 &nbsp <\/span> Zostava tepl\u00f4t <\/a><\/div> <div class=\"alignright\"><a href=\"https:\/\/www.fmsdocumentation.com\/sk\/zostavy\/zostava-jazd\/\" title=\"Zostava j\u00e1zd\">Zostava j\u00e1zd <span class=\"arrow\"> &nbsp\u203a <\/span> <\/a><\/div><\/p>\n<p>&nbsp;<\/p>\n<p>&nbsp;<\/p>\n","protected":false},"excerpt":{"rendered":"<p>Zostava za cestu &#8211; sumarizuje jazdy, prejden\u00fa vzdialenos\u0165, za\u010diatok a koniec jazdy, at\u010f . Najprv sa mus\u00ed zvoli\u0165 obdobie, pre ktor\u00e9 sa m\u00e1 zostava generova\u0165. Obdobie\u00a0&#8211; pre v\u00fdber obdobia sa klikne na &#8220;Vyberte obdobie&#8221;, zobraz\u00ed sa panel s kalend\u00e1rom. Panel kalend\u00e1ra je v celom syst\u00e9me rovnak\u00fd. Pre vo\u013ebu obdobie sa klikne na po\u010diato\u010dn\u00fd a koncov\u00fd &hellip; <a href=\"https:\/\/www.fmsdocumentation.com\/sk\/zostavy\/zostava-za-cestu\/\" class=\"more-link\">Pokra\u010dova\u0165 v \u010d\u00edtan\u00ed: <span class=\"screen-reader-text\">Zostava za cestu<\/span><\/a><\/p>\n","protected":false},"author":5,"featured_media":0,"parent":6567,"menu_order":12,"comment_status":"closed","ping_status":"closed","template":"","meta":{"footnotes":""},"class_list":["post-6587","page","type-page","status-publish","hentry"],"_links":{"self":[{"href":"https:\/\/www.fmsdocumentation.com\/sk\/wp-json\/wp\/v2\/pages\/6587","targetHints":{"allow":["GET"]}}],"collection":[{"href":"https:\/\/www.fmsdocumentation.com\/sk\/wp-json\/wp\/v2\/pages"}],"about":[{"href":"https:\/\/www.fmsdocumentation.com\/sk\/wp-json\/wp\/v2\/types\/page"}],"author":[{"embeddable":true,"href":"https:\/\/www.fmsdocumentation.com\/sk\/wp-json\/wp\/v2\/users\/5"}],"replies":[{"embeddable":true,"href":"https:\/\/www.fmsdocumentation.com\/sk\/wp-json\/wp\/v2\/comments?post=6587"}],"version-history":[{"count":3,"href":"https:\/\/www.fmsdocumentation.com\/sk\/wp-json\/wp\/v2\/pages\/6587\/revisions"}],"predecessor-version":[{"id":6590,"href":"https:\/\/www.fmsdocumentation.com\/sk\/wp-json\/wp\/v2\/pages\/6587\/revisions\/6590"}],"up":[{"embeddable":true,"href":"https:\/\/www.fmsdocumentation.com\/sk\/wp-json\/wp\/v2\/pages\/6567"}],"wp:attachment":[{"href":"https:\/\/www.fmsdocumentation.com\/sk\/wp-json\/wp\/v2\/media?parent=6587"}],"curies":[{"name":"wp","href":"https:\/\/api.w.org\/{rel}","templated":true}]}}