{"id":6591,"date":"2018-12-13T16:18:44","date_gmt":"2018-12-13T14:18:44","guid":{"rendered":"http:\/\/www.fmsdocumentation.com\/?page_id=6591"},"modified":"2018-12-13T16:27:54","modified_gmt":"2018-12-13T14:27:54","slug":"zostava-jazd","status":"publish","type":"page","link":"https:\/\/www.fmsdocumentation.com\/sk\/zostavy\/zostava-jazd\/","title":{"rendered":"Zostava j\u00e1zd"},"content":{"rendered":"<p><strong>Zost\u00e1v j\u00e1zd<\/strong> &#8211; sa zameriava na podrobnosti j\u00e1zd, kde jazda za\u010dala, kde skon\u010dila, ako dlho trvala, ako bola dlh\u00e1, at\u010f. Prv\u00e9 \u010do mus\u00ed u\u017e\u00edvate\u013e urobi\u0165, je vybra\u0165 obdobie za ktor\u00e9 m\u00e1 by\u0165 zostava vygenerovan\u00e1.<\/p>\n<p><strong>Obdobie\u00a0<\/strong>&#8211; pre v\u00fdber obdobia sa klikne na &#8220;Vyberte obdobie&#8221;, zobraz\u00ed sa panel s kalend\u00e1rom. Panel kalend\u00e1ra je v celom syst\u00e9me rovnak\u00fd. Pre vo\u013ebu obdobie sa klikne po\u010diato\u010dn\u00fd a koncov\u00fd d\u00e1tum. Zvolen\u00e9 dni sa zv\u00fdraznia modrou farbou. Aktu\u00e1lny de\u0148 je ozna\u010den\u00fd modr\u00fdm trojuholn\u00edkom v \u013eavom hornom rohu. Ak sa zvol\u00ed aktu\u00e1lny de\u0148, trojuholn\u00ed\u010dek sa zmen\u00ed na biely. Maxim\u00e1lne rozp\u00e4tie pre vo\u013ebu obdobie je jeden mesiac.<\/p>\n<p><a href=\"https:\/\/www.fmsdocumentation.com\/wp-content\/uploads\/2017\/04\/136-10.png\"><img loading=\"lazy\" decoding=\"async\" class=\"alignnone wp-image-1172 size-full\" src=\"https:\/\/www.fmsdocumentation.com\/wp-content\/uploads\/2017\/04\/136-10.png\" alt=\"\" width=\"503\" height=\"483\" srcset=\"https:\/\/www.fmsdocumentation.com\/wp-content\/uploads\/2017\/04\/136-10.png 503w, https:\/\/www.fmsdocumentation.com\/wp-content\/uploads\/2017\/04\/136-10-300x288.png 300w\" sizes=\"auto, (max-width: 503px) 100vw, 503px\" \/><\/a><\/p>\n<p>Minimum pre v\u00fdber obdobia je jeden de\u0148. Vo\u013eba jedn\u00e9ho d\u0148a sa vykon\u00e1 dvojit\u00fdm kliknut\u00edm \u013eav\u00e9ho tla\u010didla my\u0161i na pr\u00edslu\u0161nom dni. Potom sa mus\u00ed zvoli\u0165 pod\u013ea \u010doho sa m\u00e1 zostava vygenerova\u0165.<\/p>\n<p><strong>Zostava pod\u013ea <\/strong>&#8211; k dispoz\u00edcii s\u00fa dve vo\u013eby:<\/p>\n<ul>\n<li>Vodi\u010dov<\/li>\n<li>Objektov<\/li>\n<\/ul>\n<p>Zostava zobraz\u00ed inform\u00e1cia (vzdialenos\u0165, miesto za\u010diatku pr\u00e1ce, at\u010f.) Pod\u013ea zvolen\u00e9ho cie\u013ea (Vodi\u010d alebo Objekt). Tak\u017ee ak s\u00fa zvolen\u00e9 Objekty, potom zostava zobraz\u00ed inform\u00e1cie t\u00fdkaj\u00face sa zvolen\u00fdch objektov.<\/p>\n<p><strong>Objekty \/ Vodi\u010di<\/strong>&#8211; (pod\u013ea vo\u013eby v &#8220;Zostava pod\u013ea&#8221;) umo\u017e\u0148uje u\u017e\u00edvate\u013eovi zvoli\u0165 pre ktor\u00e9 objekty \/ vodi\u010da sa bude zostava generova\u0165. Vo\u013eba sa vykon\u00e1 kliknut\u00edm na pole Objekty \/ Vodi\u010di, rozbal\u00ed sa zoznam v\u0161etk\u00fdch objektov \/ vodi\u010dov u\u017e\u00edvate\u013ea. Kliknut\u00edm na n\u00e1zov objektu \/ vodi\u010da sa objekt prid\u00e1 do zoznamu. po ukon\u010den\u00ed v\u00fdberu sa zoznam zatvor\u00ed kliknut\u00edm kdeko\u013evek mimo zoznam objektov, ale vn\u00fatri okna Vytvorenie novej zostavy. Ak sa klikne mimo okno, okno sa zavrie bez ulo\u017eenia zoznamu. Aktu\u00e1lne je mo\u017en\u00e9 zvoli\u0165 pre jednu zostavu maxim\u00e1lne 10 objektov \/ vodi\u010dov.<\/p>\n<p>Pre vozov\u00e9 parky s ve\u013ek\u00fdm po\u010dtom objektov je implementovan\u00e1 vyh\u013ead\u00e1vac\u00ed li\u0161ta. Zoznam objektov sa automaticky aktualizuje s ka\u017ed\u00fdm zap\u00edsan\u00fdm p\u00edsmenom.<\/p>\n<p><a href=\"https:\/\/www.fmsdocumentation.com\/wp-content\/uploads\/2017\/04\/138.png\"><img loading=\"lazy\" decoding=\"async\" class=\"alignnone wp-image-235 size-full\" src=\"https:\/\/www.fmsdocumentation.com\/wp-content\/uploads\/2017\/04\/138.png\" alt=\"\" width=\"509\" height=\"266\" srcset=\"https:\/\/www.fmsdocumentation.com\/wp-content\/uploads\/2017\/04\/138.png 509w, https:\/\/www.fmsdocumentation.com\/wp-content\/uploads\/2017\/04\/138-300x157.png 300w\" sizes=\"auto, (max-width: 509px) 100vw, 509px\" \/><\/a><\/p>\n<p>V\u00fdberom objektov \/ vodi\u010dov sa pridaj\u00fa do zoznamu vo forme modr\u00fdch pol\u00ed. Ak chce u\u017e\u00edvate\u013e zo zoznamu odstr\u00e1ni\u0165 niektor\u00e9 objekty \/ vodi\u010da mus\u00ed klikn\u00fa\u0165 na kr\u00ed\u017eik x umiestnen\u00fd napravo od n\u00e1zvu objektu \/ vodi\u010da.<\/p>\n<p><a href=\"https:\/\/www.fmsdocumentation.com\/wp-content\/uploads\/2017\/04\/139.png\"><img loading=\"lazy\" decoding=\"async\" class=\"alignnone wp-image-236 size-full\" src=\"https:\/\/www.fmsdocumentation.com\/wp-content\/uploads\/2017\/04\/139.png\" alt=\"\" width=\"519\" height=\"109\" srcset=\"https:\/\/www.fmsdocumentation.com\/wp-content\/uploads\/2017\/04\/139.png 519w, https:\/\/www.fmsdocumentation.com\/wp-content\/uploads\/2017\/04\/139-300x63.png 300w\" sizes=\"auto, (max-width: 519px) 100vw, 519px\" \/><\/a><\/p>\n<p>Po vo\u013ebe objektov \u010di vodi\u010dov sa mus\u00ed zvoli\u0165, ako bude zostava zoskupen\u00e1. Je potrebn\u00e9 zvoli\u0165 parametre v Zozname st\u013apcov. \u0160tandardne sa vol\u00ed nasledovn\u00e9 parametre:<\/p>\n<ul>\n<li>\u010cas zah\u00e1jenia jazdy &#8211; \u010das prv\u00e9ho zopnutie zapa\u013eovania, nemo\u017eno vo\u013ebu zru\u0161i\u0165;<\/li>\n<li>Miesto v\u00fdjazdu &#8211; miesto zopnutie prv\u00e9ho zapa\u013eovanie;<\/li>\n<li>Koniec jazdy &#8211; \u010das vypnutia zapa\u013eovania poslednej jazdy;<\/li>\n<li>Miesto pr\u00edchodu &#8211; miesto vypnut\u00ed zapa\u013eovania poslednej jazdy;<\/li>\n<li>Doba jazdy &#8211; celkov\u00fd \u010das pohybu vozidla;<\/li>\n<li>Doba st\u00e1tie &#8211; celkov\u00fd \u010das st\u00e1tia vozidla;<\/li>\n<li>Prejden\u00e1 vzdialenos\u0165 &#8211; celkov\u00e1 d\u013a\u017eka j\u00e1zd v km za de\u0148.<\/li>\n<\/ul>\n<p>Volite\u013en\u00e9 parametre:<\/p>\n<ul>\n<li>Tachometer na za\u010diatku &#8211; stav tachometra na za\u010diatku jazdy;<\/li>\n<li>Tachometer na konci &#8211; stav tachometra na konci jazdy;<\/li>\n<li>Vodi\u010d &#8211; meno vodi\u010da;<\/li>\n<li>Spotrebovan\u00e9 palivo &#8211; celkov\u00e1 spotreba za jazdu;<\/li>\n<li>Spotreba za hodinu -Spotreba za jazdu v l \/ hod;<\/li>\n<li>Doba na vo\u013enobehu &#8211; \u010das vozidla na vo\u013enobehu;<\/li>\n<li>Pozn\u00e1mky &#8211; priestor pre u\u017e\u00edvate\u013esk\u00e9 pozn\u00e1mky;<\/li>\n<li>\u00da\u010del jazdy &#8211; slu\u017eobn\u00fd, s\u00fakromn\u00e1 alebo \u017eiadny;<\/li>\n<li>Virtu\u00e1lne odometer &#8211; prejden\u00e1 vzdialenos\u0165 pod\u013ea virtu\u00e1lneho odometra vypo\u010d\u00edtan\u00e1 ako rozdiel za\u010diatku a konca jazdy.<\/li>\n<\/ul>\n<p>Po zvolen\u00ed parametrov v zozname st\u013apcov mo\u017en\u00e9 aktivova\u0165 \u010di deaktivova\u0165 \u010fal\u0161ie nastavenia.<\/p>\n<p><strong>S\u00fa\u010det za zostavu <\/strong>&#8211; sumarizuje v\u0161etky inform\u00e1cie v zostave.<\/p>\n<p><strong>Zobrazi\u0165 mapu <\/strong>&#8211; t\u00e1to vo\u013eba umo\u017e\u0148uje zobrazi\u0165 v zostave mapu s vyzna\u010den\u00edm v\u0161etk\u00fdch n\u00e1hlych \u00fabytkov paliva a \u010derpanie.<\/p>\n<p><strong>Rozdelenie jazdy na hraniciach <\/strong>&#8211; pri prekro\u010den\u00ed hran\u00edc sa jazda rozdel\u00ed na dve jazdy, pred a po prekro\u010den\u00ed hran\u00edc.<\/p>\n<p><strong>Zobrazenie kr\u00e1tkych j\u00e1zd do 50 m <\/strong>&#8211; t\u00e1to vo\u013eba umo\u017en\u00ed zahrn\u00fa\u0165 do zostavy jazdy krat\u0161ie ako 50 m.<\/p>\n<p><a href=\"https:\/\/www.fmsdocumentation.com\/wp-content\/uploads\/2018\/03\/206.png\"><img loading=\"lazy\" decoding=\"async\" class=\"alignnone size-full wp-image-4749\" src=\"https:\/\/www.fmsdocumentation.com\/wp-content\/uploads\/2018\/03\/206.png\" alt=\"\" width=\"1228\" height=\"665\" srcset=\"https:\/\/www.fmsdocumentation.com\/wp-content\/uploads\/2018\/03\/206.png 1228w, https:\/\/www.fmsdocumentation.com\/wp-content\/uploads\/2018\/03\/206-300x162.png 300w, https:\/\/www.fmsdocumentation.com\/wp-content\/uploads\/2018\/03\/206-768x416.png 768w, https:\/\/www.fmsdocumentation.com\/wp-content\/uploads\/2018\/03\/206-1024x555.png 1024w\" sizes=\"auto, (max-width: 1228px) 100vw, 1228px\" \/><\/a><\/p>\n<p>Vytvorenie zostavy sa iniciuje stla\u010den\u00edm tla\u010didla &#8220;Generova\u0165&#8221;. Zru\u0161enie tvorby zostavy sa vykon\u00e1 bu\u010f stla\u010den\u00edm tla\u010didla &#8220;Zru\u0161i\u0165&#8221; alebo kliknut\u00edm kdeko\u013evek mimo okna &#8220;Vytvorenie novej zostavy&#8221;.<\/p>\n<p><a href=\"https:\/\/www.fmsdocumentation.com\/wp-content\/uploads\/2017\/04\/202.png\"><img loading=\"lazy\" decoding=\"async\" class=\"alignnone wp-image-398 size-full\" src=\"https:\/\/www.fmsdocumentation.com\/wp-content\/uploads\/2017\/04\/202.png\" alt=\"\" width=\"569\" height=\"79\" srcset=\"https:\/\/www.fmsdocumentation.com\/wp-content\/uploads\/2017\/04\/202.png 569w, https:\/\/www.fmsdocumentation.com\/wp-content\/uploads\/2017\/04\/202-300x42.png 300w\" sizes=\"auto, (max-width: 569px) 100vw, 569px\" \/><\/a><\/p>\n<hr \/>\n<p><div class=\"alignleft\"><a href=\"https:\/\/www.fmsdocumentation.com\/sk\/zostavy\/zostava-za-cestu\/\" title=\"Zostava za cestu\"><span class=\"arrow\">\u2039 &nbsp <\/span> Zostava za cestu <\/a><\/div> <div class=\"alignright\"><a href=\"https:\/\/www.fmsdocumentation.com\/sk\/zostavy\/zostava-pracovnej-doby\/\" title=\"Zostava pracovnej doby\">Zostava pracovnej doby <span class=\"arrow\"> &nbsp\u203a <\/span> <\/a><\/div><\/p>\n","protected":false},"excerpt":{"rendered":"<p>Zost\u00e1v j\u00e1zd &#8211; sa zameriava na podrobnosti j\u00e1zd, kde jazda za\u010dala, kde skon\u010dila, ako dlho trvala, ako bola dlh\u00e1, at\u010f. Prv\u00e9 \u010do mus\u00ed u\u017e\u00edvate\u013e urobi\u0165, je vybra\u0165 obdobie za ktor\u00e9 m\u00e1 by\u0165 zostava vygenerovan\u00e1. Obdobie\u00a0&#8211; pre v\u00fdber obdobia sa klikne na &#8220;Vyberte obdobie&#8221;, zobraz\u00ed sa panel s kalend\u00e1rom. Panel kalend\u00e1ra je v celom syst\u00e9me rovnak\u00fd. &hellip; <a href=\"https:\/\/www.fmsdocumentation.com\/sk\/zostavy\/zostava-jazd\/\" class=\"more-link\">Pokra\u010dova\u0165 v \u010d\u00edtan\u00ed: <span class=\"screen-reader-text\">Zostava j\u00e1zd<\/span><\/a><\/p>\n","protected":false},"author":5,"featured_media":0,"parent":6567,"menu_order":13,"comment_status":"closed","ping_status":"closed","template":"","meta":{"footnotes":""},"class_list":["post-6591","page","type-page","status-publish","hentry"],"_links":{"self":[{"href":"https:\/\/www.fmsdocumentation.com\/sk\/wp-json\/wp\/v2\/pages\/6591","targetHints":{"allow":["GET"]}}],"collection":[{"href":"https:\/\/www.fmsdocumentation.com\/sk\/wp-json\/wp\/v2\/pages"}],"about":[{"href":"https:\/\/www.fmsdocumentation.com\/sk\/wp-json\/wp\/v2\/types\/page"}],"author":[{"embeddable":true,"href":"https:\/\/www.fmsdocumentation.com\/sk\/wp-json\/wp\/v2\/users\/5"}],"replies":[{"embeddable":true,"href":"https:\/\/www.fmsdocumentation.com\/sk\/wp-json\/wp\/v2\/comments?post=6591"}],"version-history":[{"count":3,"href":"https:\/\/www.fmsdocumentation.com\/sk\/wp-json\/wp\/v2\/pages\/6591\/revisions"}],"predecessor-version":[{"id":6594,"href":"https:\/\/www.fmsdocumentation.com\/sk\/wp-json\/wp\/v2\/pages\/6591\/revisions\/6594"}],"up":[{"embeddable":true,"href":"https:\/\/www.fmsdocumentation.com\/sk\/wp-json\/wp\/v2\/pages\/6567"}],"wp:attachment":[{"href":"https:\/\/www.fmsdocumentation.com\/sk\/wp-json\/wp\/v2\/media?parent=6591"}],"curies":[{"name":"wp","href":"https:\/\/api.w.org\/{rel}","templated":true}]}}