{"id":6595,"date":"2018-12-13T16:30:16","date_gmt":"2018-12-13T14:30:16","guid":{"rendered":"http:\/\/www.fmsdocumentation.com\/?page_id=6595"},"modified":"2018-12-13T16:30:16","modified_gmt":"2018-12-13T14:30:16","slug":"zostava-pracovnej-doby","status":"publish","type":"page","link":"https:\/\/www.fmsdocumentation.com\/sk\/zostavy\/zostava-pracovnej-doby\/","title":{"rendered":"Zostava pracovnej doby"},"content":{"rendered":"<p><strong>Zostava pracovnej doby\u00a0<\/strong>&#8211; zameriava sa na podrobnosti vo vz\u0165ahu k pracovnej dobe. Najprv sa mus\u00ed zvoli\u0165 obdobie za ktor\u00e9 m\u00e1 by\u0165 zostava generovan\u00e1.<\/p>\n<p><strong>Obdobie\u00a0<\/strong>&#8211; pre v\u00fdber obdobia sa klikne na &#8220;Vyberte obdobie&#8221;, zobraz\u00ed sa panel s kalend\u00e1rom. Panel kalend\u00e1ra je v celom syst\u00e9me rovnak\u00fd. Pre vo\u013ebu obdobie sa klikne na po\u017eadovan\u00e9 po\u010diato\u010dn\u00e9 a koncov\u00e9 d\u00e1tum. Zvolen\u00e9 dni sa zv\u00fdraznia modrou farbou. Aktu\u00e1lny de\u0148 je ozna\u010den\u00fd mal\u00fdm modr\u00fdm trojuholn\u00edkom v \u013eavom hornom rohu. Ak sa zvol\u00ed aktu\u00e1lny de\u0148, trojuholn\u00ed\u010dek sa zmen\u00ed na biely. Maxim\u00e1lne rozp\u00e4tie pre vo\u013ebu obdobie je jeden mesiac.<\/p>\n<p><a href=\"https:\/\/www.fmsdocumentation.com\/wp-content\/uploads\/2017\/04\/136-11.png\"><img loading=\"lazy\" decoding=\"async\" class=\"alignnone wp-image-1174 size-full\" src=\"https:\/\/www.fmsdocumentation.com\/wp-content\/uploads\/2017\/04\/136-11.png\" alt=\"\" width=\"503\" height=\"483\" srcset=\"https:\/\/www.fmsdocumentation.com\/wp-content\/uploads\/2017\/04\/136-11.png 503w, https:\/\/www.fmsdocumentation.com\/wp-content\/uploads\/2017\/04\/136-11-300x288.png 300w\" sizes=\"auto, (max-width: 503px) 100vw, 503px\" \/><\/a><\/p>\n<p>Minimum pre v\u00fdber obdobia je jeden de\u0148. Vo\u013eba jedn\u00e9ho d\u0148a sa vykon\u00e1 dvojit\u00fdm kliknut\u00edm \u013eav\u00e9ho tla\u010didla my\u0161i na pr\u00edslu\u0161nom dni. Potom sa mus\u00ed zvoli\u0165 pod\u013ea \u010doho sa m\u00e1 zostava vygenerova\u0165.<\/p>\n<p><strong>Zostava pod\u013ea <\/strong>&#8211; k dispoz\u00edcii s\u00fa dve vo\u013eby:<\/p>\n<ul>\n<li>Vodi\u010di<\/li>\n<li>Objektov<\/li>\n<\/ul>\n<p>Zostava zobraz\u00ed inform\u00e1cia (vzdialenos\u0165, miesto za\u010diatku pr\u00e1ce, at\u010f.) Pod\u013ea zvolen\u00e9ho cie\u013ea (Vodi\u010d alebo Objekt). Tak\u017ee ak s\u00fa zvolen\u00e9 Objekty, potom zostava zobraz\u00ed inform\u00e1cie t\u00fdkaj\u00face sa zvolen\u00fdch objektov.<\/p>\n<p><strong>Objekty \/ Vodi\u010di<\/strong> &#8211; (pod\u013ea vo\u013eby v &#8220;Zostava pod\u013ea&#8221;) umo\u017e\u0148uje u\u017e\u00edvate\u013eovi zvoli\u0165 pre ktor\u00e9 objekty \/ vodi\u010da sa bude zostava generova\u0165.<\/p>\n<p>Ak s\u00fa zvolen\u00e9 objekty, zoznam obsahuje aj skupiny objektov. Mo\u017eno zvoli\u0165 cel\u00fa skupinu podtr\u017en\u00edkom pred skupinou alebo kliknut\u00edm na &#8220;+&#8221; k zvidite\u013eneniu objektov v skupine. Pre zatvorenie skupiny sa klikne na &#8220;-&#8220;. Zo skupiny je mo\u017en\u00e9 vybra\u0165 individu\u00e1lne objekty. Je d\u00f4le\u017eit\u00e9 poznamena\u0165, \u017ee ak je vybrat\u00fd objekt, ktor\u00fd je v nieko\u013ek\u00fdch skupin\u00e1ch, bude zv\u00fdraznen\u00fd vo v\u0161etk\u00fdch skupin\u00e1ch, ako je zobrazen\u00e9 ni\u017e\u0161ie. Vyberie Ak sa cel\u00e1 skupina, box bude modr\u00fd s bielym Za\u0161krt\u00e1vacie pole. Mo\u017eno tie\u017e pou\u017ei\u0165 r\u00fdchle preh\u013eadanie ve\u013ek\u00e9ho zoznamu skup\u00edn a objektov.<\/p>\n<p><a href=\"https:\/\/www.fmsdocumentation.com\/wp-content\/uploads\/2017\/04\/281.png\"><img loading=\"lazy\" decoding=\"async\" class=\"alignnone wp-image-966 size-full\" src=\"https:\/\/www.fmsdocumentation.com\/wp-content\/uploads\/2017\/04\/281.png\" alt=\"\" width=\"582\" height=\"411\" srcset=\"https:\/\/www.fmsdocumentation.com\/wp-content\/uploads\/2017\/04\/281.png 582w, https:\/\/www.fmsdocumentation.com\/wp-content\/uploads\/2017\/04\/281-300x212.png 300w\" sizes=\"auto, (max-width: 582px) 100vw, 582px\" \/><\/a><\/p>\n<p>Vyber\u00fa ak sa Vodi\u010di, zobraz\u00ed sa iba vodi\u010di bez za\u0161krt\u00e1vacie boxov. V tom pr\u00edpade sa klikne na vodi\u010da v zozname. Zoznam sa automaticky aktualizuje s ka\u017ed\u00fdm zap\u00edsan\u00fdm p\u00edsmenom.<\/p>\n<p><a href=\"https:\/\/www.fmsdocumentation.com\/wp-content\/uploads\/2017\/04\/138.png\"><img loading=\"lazy\" decoding=\"async\" class=\"alignnone wp-image-235 size-full\" src=\"https:\/\/www.fmsdocumentation.com\/wp-content\/uploads\/2017\/04\/138.png\" alt=\"\" width=\"509\" height=\"266\" srcset=\"https:\/\/www.fmsdocumentation.com\/wp-content\/uploads\/2017\/04\/138.png 509w, https:\/\/www.fmsdocumentation.com\/wp-content\/uploads\/2017\/04\/138-300x157.png 300w\" sizes=\"auto, (max-width: 509px) 100vw, 509px\" \/><\/a><\/p>\n<p>Vybran\u00ed vodi\u010di sa pridaj\u00fa do zoznamu vo forme modr\u00fdch obd\u013a\u017enikov. Odstr\u00e1nenie vodi\u010da zo zoznamu sa vykon\u00e1 kliknut\u00edm na &#8220;x&#8221; umiestnen\u00fd vpravo n\u00e1zvu vodi\u010da \/ objektu.<\/p>\n<p><a href=\"https:\/\/www.fmsdocumentation.com\/wp-content\/uploads\/2017\/04\/139.png\"><img loading=\"lazy\" decoding=\"async\" class=\"alignnone wp-image-236 size-full\" src=\"https:\/\/www.fmsdocumentation.com\/wp-content\/uploads\/2017\/04\/139.png\" alt=\"\" width=\"519\" height=\"109\" srcset=\"https:\/\/www.fmsdocumentation.com\/wp-content\/uploads\/2017\/04\/139.png 519w, https:\/\/www.fmsdocumentation.com\/wp-content\/uploads\/2017\/04\/139-300x63.png 300w\" sizes=\"auto, (max-width: 519px) 100vw, 519px\" \/><\/a><\/p>\n<p>Po v\u00fdbere vodi\u010dov alebo objektov sa mus\u00ed zvoli\u0165, ako m\u00e1 by\u0165 zostava zoskupen\u00e1. Mus\u00ed sa zvoli\u0165 parametre v Zozname st\u013apcov. \u0160tandardne s\u00fa volen\u00e9 nasleduj\u00face parametre:<\/p>\n<ul>\n<li>\u010cas za\u010datie pr\u00e1ce &#8211; D\u00e1tum a \u010das prv\u00e9ho spustenia zapa\u013eovania, nemo\u017eno vypusti\u0165;<\/li>\n<li>Miesto v\u00fdjazdu &#8211; miesto, kde do\u0161lo k prv\u00e9mu zapnut\u00ed zapa\u013eovania, nemo\u017eno vypusti\u0165;<\/li>\n<li>\u010cas ukon\u010denia pr\u00e1ce &#8211; \u010das posledn\u00e9ho vypnutia zapa\u013eovania, nemo\u017eno vypusti\u0165;<\/li>\n<li>Miesto ukon\u010den\u00ed pr\u00e1ce &#8211; miesto posledn\u00e9ho vypnut\u00ed zapa\u013eovania, nemo\u017eno vypusti\u0165;<\/li>\n<\/ul>\n<p>Ostatn\u00e9 volite\u013en\u00e9 parametre pre v\u00fdber:<\/p>\n<ul>\n<li>Prejden\u00e1 vzdialenos\u0165 vo dne &#8211; s\u00fa\u010det ubehnutej vzdialenosti po\u010das pracovnej doby (pracovn\u00fd \u010das nastav\u00ed u\u017e\u00edvate\u013e n\u00e1sledne);<\/li>\n<li>Prejden\u00e1 vzdialenos\u0165 v noci &#8211; s\u00fa\u010det ubehnutej vzdialenosti v noci (no\u010dn\u00fd obdobie sa nastav\u00ed po ukon\u010den\u00ed zoznamu st\u013apcov);<\/li>\n<li>Kone\u010dn\u00fd stav tachometra &#8211; tachometer na konci jazdy (posledn\u00fd vypnut\u00ed zapa\u013eovania);<\/li>\n<li>Spotrebovan\u00e9 palivo &#8211; palivo spotrebovan\u00e9 po\u010das jazdy;<\/li>\n<li>Doba na vo\u013enobehu &#8211; \u010das vozidla na vo\u013enobehu;<\/li>\n<li>Po\u010diato\u010dn\u00fd stav tachometra &#8211; tachometer na za\u010diatku jazdy (prv\u00e1 zopnutie zapa\u013eovania);<\/li>\n<li>Celkov\u00e1 prejden\u00e1 vzdialenos\u0165 &#8211; celkov\u00e1 prejden\u00e1 vzdialenos\u0165 za cel\u00fa jazdu (od zopnutie zapa\u013eovania do vypnutia zapa\u013eovania);<\/li>\n<li>Celkov\u00fd \u010das jazdy &#8211; \u010das jazdy od za\u010diatku do konca (od zapnutia do vypnutia zapa\u013eovania);<\/li>\n<li>Virtu\u00e1lny odometer &#8211; prejden\u00e1 vzdialenos\u0165 pod\u013ea virtu\u00e1lneho odometra, vypo\u010d\u00edtan\u00e1 ako rozdiel od za\u010diatku do konca jazdy.<\/li>\n<li>Doba jazdy v pracovnej dobe &#8211; doba zapnut\u00e9ho zapa\u013eovania v pracovnej dobe (pracovn\u00e1 doba sa nastavuje po dokon\u010den\u00ed zoznamu st\u013apcov);<\/li>\n<li>Doba jazdy v noci &#8211; doba zapnut\u00e9ho zapa\u013eovania v noci (noc sa nastavuje po ukon\u010den\u00ed konfigur\u00e1cie zoznamu st\u013apcov);<\/li>\n<\/ul>\n<p>Po v\u00fdbere parametrov v zozname st\u013apcov sa mus\u00ed definova\u0165 pracovn\u00fd \u010das. Mo\u017eno to nastavi\u0165 bu\u010f posunut\u00edm li\u0161ty pre objekt \/ vozidlo (\u010d\u00edsla sa aktualizuj\u00fa iba pri opusten\u00ed posuvnej li\u0161ty) alebo ru\u010dn\u00fdm z\u00e1pisom pod li\u0161tou. Povolen\u00fd rozsah je 0 a\u017e 24 a m\u00f4\u017eu by\u0165 vlo\u017een\u00e9 iba cel\u00e9 \u010d\u00edsla.<\/p>\n<p><a href=\"https:\/\/www.fmsdocumentation.com\/wp-content\/uploads\/2018\/04\/344.png\"><img loading=\"lazy\" decoding=\"async\" class=\"alignnone size-full wp-image-4845\" src=\"https:\/\/www.fmsdocumentation.com\/wp-content\/uploads\/2018\/04\/344.png\" alt=\"\" width=\"518\" height=\"173\" srcset=\"https:\/\/www.fmsdocumentation.com\/wp-content\/uploads\/2018\/04\/344.png 518w, https:\/\/www.fmsdocumentation.com\/wp-content\/uploads\/2018\/04\/344-300x100.png 300w\" sizes=\"auto, (max-width: 518px) 100vw, 518px\" \/><\/a><\/p>\n<p>Pracovn\u00e1 doba definuje hodiny pre &#8220;denn\u00fa dobu&#8221; a &#8220;no\u010dn\u00fa dobu&#8221;. Vybran\u00e9 obdobie sa pova\u017euje za denn\u00fa dobu, v\u0161etko ostatn\u00e9 je no\u010dn\u00fd \u010das (napr. Doba je nastaven\u00e1 na 8 a\u017e 18, tak\u017ee denn\u00e1 dobou sa mysl\u00ed \u010das od 8 do 18 hod., No\u010dnom obdob\u00edm bude \u010das od 0 hod. Do 8 a od 18 do 24 hod.).<\/p>\n<p>Po ur\u010den\u00ed pracovnej doby je mo\u017en\u00e9 definova\u0165 nieko\u013eko \u010fal\u0161\u00edch nastaven\u00ed.<\/p>\n<p><strong>S\u00fa\u010det za zostavu <\/strong>&#8211; zapnut\u00e9 automaticky, obsahuje s\u00fa\u010dtov\u00fa \u010das\u0165 zostavy. Sumarizuje v\u0161etky inform\u00e1cie za zostavu. Po vo\u013ebe s\u00fa\u010dtu za zostavu mo\u017eno zvoli\u0165 rozde\u013eovac\u00ed interval.<\/p>\n<p><strong>Zobrazi\u0165 mapu &#8211;<\/strong> zapnut\u00e9 automaticky, zobrazuje v zostave mapu s vyzna\u010den\u00fdmi \u010derpan\u00edm a \u00fabytky paliva.<\/p>\n<p><strong>Rozdelenie jazdy na hraniciach &#8211; <\/strong>\u0161tandardne vypnut\u00e9, ak sa zapne, cezhrani\u010dn\u00fd jazda bude na hranici rozdelen\u00e1 do dvoch j\u00e1zd, pred a za hranicu.<\/p>\n<p><strong>Zobrazenie kr\u00e1tkych j\u00e1zd <\/strong>&#8211; \u0161tandardne vypnut\u00e9, ak sa zapne, bud\u00fa v zostave zahrnut\u00e9 aj jazdy krat\u0161ie ako 50 m.<\/p>\n<p><a href=\"https:\/\/www.fmsdocumentation.com\/wp-content\/uploads\/2018\/06\/207.png\"><img loading=\"lazy\" decoding=\"async\" class=\"alignnone size-large wp-image-5279\" src=\"https:\/\/www.fmsdocumentation.com\/wp-content\/uploads\/2018\/06\/207-1024x599.png\" alt=\"\" width=\"660\" height=\"386\" srcset=\"https:\/\/www.fmsdocumentation.com\/wp-content\/uploads\/2018\/06\/207-1024x599.png 1024w, https:\/\/www.fmsdocumentation.com\/wp-content\/uploads\/2018\/06\/207-300x176.png 300w, https:\/\/www.fmsdocumentation.com\/wp-content\/uploads\/2018\/06\/207-768x450.png 768w, https:\/\/www.fmsdocumentation.com\/wp-content\/uploads\/2018\/06\/207.png 1213w\" sizes=\"auto, (max-width: 660px) 100vw, 660px\" \/><\/a><\/p>\n<p>Pre vytvorenie zostavy sa klikne na tla\u010didlo &#8220;Generova\u0165&#8221;. Pre zru\u0161enie zostavy sa klikne bu\u010f na tla\u010didlo &#8220;Zru\u0161i\u0165&#8221; alebo klikn\u00fa\u0165 kdeko\u013evek mimo okna &#8220;Generova\u0165 nov\u00fa zostavu&#8221;.<\/p>\n<p><a href=\"https:\/\/www.fmsdocumentation.com\/wp-content\/uploads\/2017\/04\/202.png\"><img loading=\"lazy\" decoding=\"async\" class=\"alignnone wp-image-398 size-full\" src=\"https:\/\/www.fmsdocumentation.com\/wp-content\/uploads\/2017\/04\/202.png\" alt=\"\" width=\"569\" height=\"79\" srcset=\"https:\/\/www.fmsdocumentation.com\/wp-content\/uploads\/2017\/04\/202.png 569w, https:\/\/www.fmsdocumentation.com\/wp-content\/uploads\/2017\/04\/202-300x42.png 300w\" sizes=\"auto, (max-width: 569px) 100vw, 569px\" \/><\/a><\/p>\n<hr \/>\n<p><div class=\"alignleft\"><a href=\"https:\/\/www.fmsdocumentation.com\/sk\/zostavy\/zostava-jazd\/\" title=\"Zostava j\u00e1zd\"><span class=\"arrow\">\u2039 &nbsp <\/span> Zostava j\u00e1zd <\/a><\/div> <div class=\"alignright\"><a href=\"https:\/\/www.fmsdocumentation.com\/sk\/zostavy\/praca-so-zostavami\/\" title=\"Pr\u00e1ca so zostavami\">Pr\u00e1ca so zostavami <span class=\"arrow\"> &nbsp\u203a <\/span> <\/a><\/div><\/p>\n<p>&nbsp;<\/p>\n","protected":false},"excerpt":{"rendered":"<p>Zostava pracovnej doby\u00a0&#8211; zameriava sa na podrobnosti vo vz\u0165ahu k pracovnej dobe. Najprv sa mus\u00ed zvoli\u0165 obdobie za ktor\u00e9 m\u00e1 by\u0165 zostava generovan\u00e1. Obdobie\u00a0&#8211; pre v\u00fdber obdobia sa klikne na &#8220;Vyberte obdobie&#8221;, zobraz\u00ed sa panel s kalend\u00e1rom. Panel kalend\u00e1ra je v celom syst\u00e9me rovnak\u00fd. Pre vo\u013ebu obdobie sa klikne na po\u017eadovan\u00e9 po\u010diato\u010dn\u00e9 a koncov\u00e9 d\u00e1tum. &hellip; <a href=\"https:\/\/www.fmsdocumentation.com\/sk\/zostavy\/zostava-pracovnej-doby\/\" class=\"more-link\">Pokra\u010dova\u0165 v \u010d\u00edtan\u00ed: <span class=\"screen-reader-text\">Zostava pracovnej doby<\/span><\/a><\/p>\n","protected":false},"author":5,"featured_media":0,"parent":6567,"menu_order":14,"comment_status":"closed","ping_status":"closed","template":"","meta":{"footnotes":""},"class_list":["post-6595","page","type-page","status-publish","hentry"],"_links":{"self":[{"href":"https:\/\/www.fmsdocumentation.com\/sk\/wp-json\/wp\/v2\/pages\/6595","targetHints":{"allow":["GET"]}}],"collection":[{"href":"https:\/\/www.fmsdocumentation.com\/sk\/wp-json\/wp\/v2\/pages"}],"about":[{"href":"https:\/\/www.fmsdocumentation.com\/sk\/wp-json\/wp\/v2\/types\/page"}],"author":[{"embeddable":true,"href":"https:\/\/www.fmsdocumentation.com\/sk\/wp-json\/wp\/v2\/users\/5"}],"replies":[{"embeddable":true,"href":"https:\/\/www.fmsdocumentation.com\/sk\/wp-json\/wp\/v2\/comments?post=6595"}],"version-history":[{"count":2,"href":"https:\/\/www.fmsdocumentation.com\/sk\/wp-json\/wp\/v2\/pages\/6595\/revisions"}],"predecessor-version":[{"id":6597,"href":"https:\/\/www.fmsdocumentation.com\/sk\/wp-json\/wp\/v2\/pages\/6595\/revisions\/6597"}],"up":[{"embeddable":true,"href":"https:\/\/www.fmsdocumentation.com\/sk\/wp-json\/wp\/v2\/pages\/6567"}],"wp:attachment":[{"href":"https:\/\/www.fmsdocumentation.com\/sk\/wp-json\/wp\/v2\/media?parent=6595"}],"curies":[{"name":"wp","href":"https:\/\/api.w.org\/{rel}","templated":true}]}}