{"id":6598,"date":"2018-12-13T16:31:30","date_gmt":"2018-12-13T14:31:30","guid":{"rendered":"http:\/\/www.fmsdocumentation.com\/?page_id=6598"},"modified":"2018-12-13T16:31:30","modified_gmt":"2018-12-13T14:31:30","slug":"praca-so-zostavami","status":"publish","type":"page","link":"https:\/\/www.fmsdocumentation.com\/sk\/zostavy\/praca-so-zostavami\/","title":{"rendered":"Pr\u00e1ca so zostavami"},"content":{"rendered":"<p>Po kliknut\u00ed na generovanie zostavy sa zostava za\u010dne generova\u0165. U\u017e\u00edvate\u013e vid\u00ed okno podobn\u00e9 ni\u017e\u0161ie.<\/p>\n<p><a href=\"https:\/\/www.fmsdocumentation.com\/wp-content\/uploads\/2017\/04\/143.png\"><img loading=\"lazy\" decoding=\"async\" class=\"alignnone wp-image-242 size-full\" src=\"https:\/\/www.fmsdocumentation.com\/wp-content\/uploads\/2017\/04\/143.png\" alt=\"\" width=\"827\" height=\"212\" srcset=\"https:\/\/www.fmsdocumentation.com\/wp-content\/uploads\/2017\/04\/143.png 827w, https:\/\/www.fmsdocumentation.com\/wp-content\/uploads\/2017\/04\/143-300x77.png 300w, https:\/\/www.fmsdocumentation.com\/wp-content\/uploads\/2017\/04\/143-768x197.png 768w, https:\/\/www.fmsdocumentation.com\/wp-content\/uploads\/2017\/04\/143-825x212.png 825w\" sizes=\"auto, (max-width: 827px) 100vw, 827px\" \/><\/a><\/p>\n<p>Ostatn\u00e9 zostavy s\u00fa st\u00e1le k dispoz\u00edcii pre zobrazenie. Po\u010das generovanie nem\u00f4\u017ee by\u0165 zostava zobrazen\u00e1 alebo zmazan\u00e1. Ak nastane situ\u00e1cia a u\u017e\u00edvate\u013e sa rozhodne naraz generova\u0165 nieko\u013eko ve\u013ek\u00fdch zost\u00e1v, len jedna zostava sa generuje v jednom okamihu a k\u00fdm sa jedna zostava generuje, \u010fal\u0161ie neza\u010dne. U\u017e\u00edvate\u013e uvid\u00ed okno podobn\u00e9 ni\u017e\u0161ie.<\/p>\n<p><a href=\"https:\/\/www.fmsdocumentation.com\/wp-content\/uploads\/2017\/04\/144.png\"><img loading=\"lazy\" decoding=\"async\" class=\"alignnone wp-image-243 size-full\" src=\"https:\/\/www.fmsdocumentation.com\/wp-content\/uploads\/2017\/04\/144.png\" alt=\"\" width=\"848\" height=\"212\" srcset=\"https:\/\/www.fmsdocumentation.com\/wp-content\/uploads\/2017\/04\/144.png 848w, https:\/\/www.fmsdocumentation.com\/wp-content\/uploads\/2017\/04\/144-300x75.png 300w, https:\/\/www.fmsdocumentation.com\/wp-content\/uploads\/2017\/04\/144-768x192.png 768w\" sizes=\"auto, (max-width: 848px) 100vw, 848px\" \/><\/a><\/p>\n<p>Pre vymazanie zostavy sa mus\u00ed klikn\u00fa\u0165 na pol\u00ed\u010dko na za\u010diatku zostavy. T\u00fdm sa spr\u00edstupn\u00ed tla\u010didlo &#8220;Vymaza\u0165 vybran\u00e9&#8221;.<\/p>\n<p><a href=\"https:\/\/www.fmsdocumentation.com\/wp-content\/uploads\/2017\/04\/145-1.png\"><img loading=\"lazy\" decoding=\"async\" class=\"alignnone wp-image-1568 size-large\" src=\"https:\/\/www.fmsdocumentation.com\/wp-content\/uploads\/2017\/04\/145-1-1024x274.png\" alt=\"\" width=\"660\" height=\"177\" srcset=\"https:\/\/www.fmsdocumentation.com\/wp-content\/uploads\/2017\/04\/145-1-1024x274.png 1024w, https:\/\/www.fmsdocumentation.com\/wp-content\/uploads\/2017\/04\/145-1-300x80.png 300w, https:\/\/www.fmsdocumentation.com\/wp-content\/uploads\/2017\/04\/145-1-768x206.png 768w, https:\/\/www.fmsdocumentation.com\/wp-content\/uploads\/2017\/04\/145-1.png 1866w\" sizes=\"auto, (max-width: 660px) 100vw, 660px\" \/><\/a><\/p>\n<p>Kliknut\u00edm na &#8220;Vymaza\u0165 vybran\u00e9&#8221; sa otvor\u00ed potvrdzovacie okno, kde sa mus\u00ed vymazanie potvrdi\u0165.<\/p>\n<p>Jedn\u00fdm kliknut\u00edm na za\u0161krt\u00e1vacie box v hlavi\u010dke mo\u017eno ozna\u010di\u0165 v\u0161etky zostavy spolu. Zah\u0155\u0148a to aj u\u017e ozna\u010den\u00e9 boxy (vo\u013eba nie je reverzn\u00fd). Tie\u017e to je mo\u017en\u00e9 pou\u017ei\u0165 pri zru\u0161en\u00ed v\u00fdbere, klikne sa dvakr\u00e1t. (Prv\u00fdm klikom sa v\u0161etky zostavy vyber\u00fa, druh\u00fdm odober\u00fa). Ke\u010f pou\u017e\u00edvate\u013e vyberie v\u0161etky zostavy ru\u010dne, hlavn\u00e9 za\u0161krt\u00e1vacie pol\u00ed\u010dko sa automaticky zv\u00fdrazn\u00ed.<\/p>\n<p><a href=\"https:\/\/www.fmsdocumentation.com\/wp-content\/uploads\/2017\/04\/146-1.png\"><img loading=\"lazy\" decoding=\"async\" class=\"alignnone wp-image-1569 size-large\" src=\"https:\/\/www.fmsdocumentation.com\/wp-content\/uploads\/2017\/04\/146-1-1024x309.png\" alt=\"\" width=\"660\" height=\"199\" srcset=\"https:\/\/www.fmsdocumentation.com\/wp-content\/uploads\/2017\/04\/146-1-1024x309.png 1024w, https:\/\/www.fmsdocumentation.com\/wp-content\/uploads\/2017\/04\/146-1-300x91.png 300w, https:\/\/www.fmsdocumentation.com\/wp-content\/uploads\/2017\/04\/146-1-768x232.png 768w, https:\/\/www.fmsdocumentation.com\/wp-content\/uploads\/2017\/04\/146-1.png 1866w\" sizes=\"auto, (max-width: 660px) 100vw, 660px\" \/><\/a><\/p>\n<hr \/>\n<p><div class=\"alignleft\"><a href=\"https:\/\/www.fmsdocumentation.com\/sk\/zostavy\/zostava-pracovnej-doby\/\" title=\"Zostava pracovnej doby\"><span class=\"arrow\">\u2039 &nbsp <\/span> Zostava pracovnej doby <\/a><\/div> <div class=\"alignright\"><a href=\"https:\/\/www.fmsdocumentation.com\/sk\/zostavy\/prehlad-zostav\/\" title=\"Preh\u013ead zost\u00e1v\">Preh\u013ead zost\u00e1v <span class=\"arrow\"> &nbsp\u203a <\/span> <\/a><\/div><\/p>\n","protected":false},"excerpt":{"rendered":"<p>Po kliknut\u00ed na generovanie zostavy sa zostava za\u010dne generova\u0165. U\u017e\u00edvate\u013e vid\u00ed okno podobn\u00e9 ni\u017e\u0161ie. Ostatn\u00e9 zostavy s\u00fa st\u00e1le k dispoz\u00edcii pre zobrazenie. Po\u010das generovanie nem\u00f4\u017ee by\u0165 zostava zobrazen\u00e1 alebo zmazan\u00e1. Ak nastane situ\u00e1cia a u\u017e\u00edvate\u013e sa rozhodne naraz generova\u0165 nieko\u013eko ve\u013ek\u00fdch zost\u00e1v, len jedna zostava sa generuje v jednom okamihu a k\u00fdm sa jedna zostava &hellip; <a href=\"https:\/\/www.fmsdocumentation.com\/sk\/zostavy\/praca-so-zostavami\/\" class=\"more-link\">Pokra\u010dova\u0165 v \u010d\u00edtan\u00ed: <span class=\"screen-reader-text\">Pr\u00e1ca so zostavami<\/span><\/a><\/p>\n","protected":false},"author":5,"featured_media":0,"parent":6567,"menu_order":15,"comment_status":"closed","ping_status":"closed","template":"","meta":{"footnotes":""},"class_list":["post-6598","page","type-page","status-publish","hentry"],"_links":{"self":[{"href":"https:\/\/www.fmsdocumentation.com\/sk\/wp-json\/wp\/v2\/pages\/6598","targetHints":{"allow":["GET"]}}],"collection":[{"href":"https:\/\/www.fmsdocumentation.com\/sk\/wp-json\/wp\/v2\/pages"}],"about":[{"href":"https:\/\/www.fmsdocumentation.com\/sk\/wp-json\/wp\/v2\/types\/page"}],"author":[{"embeddable":true,"href":"https:\/\/www.fmsdocumentation.com\/sk\/wp-json\/wp\/v2\/users\/5"}],"replies":[{"embeddable":true,"href":"https:\/\/www.fmsdocumentation.com\/sk\/wp-json\/wp\/v2\/comments?post=6598"}],"version-history":[{"count":2,"href":"https:\/\/www.fmsdocumentation.com\/sk\/wp-json\/wp\/v2\/pages\/6598\/revisions"}],"predecessor-version":[{"id":6600,"href":"https:\/\/www.fmsdocumentation.com\/sk\/wp-json\/wp\/v2\/pages\/6598\/revisions\/6600"}],"up":[{"embeddable":true,"href":"https:\/\/www.fmsdocumentation.com\/sk\/wp-json\/wp\/v2\/pages\/6567"}],"wp:attachment":[{"href":"https:\/\/www.fmsdocumentation.com\/sk\/wp-json\/wp\/v2\/media?parent=6598"}],"curies":[{"name":"wp","href":"https:\/\/api.w.org\/{rel}","templated":true}]}}