{"id":6604,"date":"2018-12-13T16:43:36","date_gmt":"2018-12-13T14:43:36","guid":{"rendered":"http:\/\/www.fmsdocumentation.com\/?page_id=6604"},"modified":"2020-06-09T14:22:06","modified_gmt":"2020-06-09T11:22:06","slug":"menu-stylu-jazdy","status":"publish","type":"page","link":"https:\/\/www.fmsdocumentation.com\/sk\/menu-stylu-jazdy\/","title":{"rendered":"Menu \u0161t\u00fdlu jazdy"},"content":{"rendered":"<p>\u0160t\u00fdl jazdy je anal\u00fdza parametrov vz\u0165ahuj\u00facich sa k ekonomick\u00e9mu \u0161t\u00fdlu jazdy vodi\u010da a vozidla. Pre pr\u00edstup k tabu\u013eke \u0161t\u00fdlu jazdy sa klikne na pr\u00edslu\u0161n\u00fa ikonu na \u013eavej strane naviga\u010dn\u00e9ho panela.<\/p>\n<p><a href=\"https:\/\/www.fmsdocumentation.com\/wp-content\/uploads\/2017\/04\/151.png\"><img loading=\"lazy\" decoding=\"async\" class=\"alignnone wp-image-254 size-large\" src=\"https:\/\/www.fmsdocumentation.com\/wp-content\/uploads\/2017\/04\/151-1024x507.png\" alt=\"\" width=\"660\" height=\"327\" srcset=\"https:\/\/www.fmsdocumentation.com\/wp-content\/uploads\/2017\/04\/151-1024x507.png 1024w, https:\/\/www.fmsdocumentation.com\/wp-content\/uploads\/2017\/04\/151-300x148.png 300w, https:\/\/www.fmsdocumentation.com\/wp-content\/uploads\/2017\/04\/151-768x380.png 768w, https:\/\/www.fmsdocumentation.com\/wp-content\/uploads\/2017\/04\/151.png 1920w\" sizes=\"auto, (max-width: 660px) 100vw, 660px\" \/><\/a><\/p>\n<p>Preh\u013ead \u0161t\u00fdlu jazdy sa sklad\u00e1 z troch r\u00f4znych \u0161t\u00edtkov, ktor\u00e9 je mo\u017en\u00e9 vybra\u0165 v hornej \u010dasti obrazovky. K dispoz\u00edcii s\u00fa tri r\u00f4zne \u0161t\u00edtky:<\/p>\n<ol>\n<li><strong><a href=\"https:\/\/www.fmsdocumentation.com\/sk\/menu-stylu-jazdy\/prehlad-za-flotilu\/?lang=sk\">Preh\u013ead za flotilu<\/a><\/strong> &#8211; (\u0161tandardn\u00e1 vo\u013eba);<\/li>\n<li><strong><a href=\"https:\/\/www.fmsdocumentation.com\/sk\/menu-stylu-jazdy\/analyza-podla-vozidla\/?lang=sk\">Anal\u00fdza pod\u013ea vozidiel<\/a><\/strong>;<\/li>\n<li><strong><a href=\"https:\/\/www.fmsdocumentation.com\/sk\/menu-stylu-jazdy\/analyza-podla-vodicov\/?lang=sk\">Anal\u00fdza pod\u013ea vodi\u010dov.<\/a><\/strong><\/li>\n<\/ol>\n<p><a href=\"https:\/\/www.fmsdocumentation.com\/wp-content\/uploads\/2017\/04\/152.png\"><img loading=\"lazy\" decoding=\"async\" class=\"alignnone wp-image-255 size-full\" src=\"https:\/\/www.fmsdocumentation.com\/wp-content\/uploads\/2017\/04\/152.png\" alt=\"\" width=\"379\" height=\"65\" srcset=\"https:\/\/www.fmsdocumentation.com\/wp-content\/uploads\/2017\/04\/152.png 379w, https:\/\/www.fmsdocumentation.com\/wp-content\/uploads\/2017\/04\/152-300x51.png 300w\" sizes=\"auto, (max-width: 379px) 100vw, 379px\" \/><\/a><\/p>\n<p>Aktu\u00e1lne zvolen\u00fd \u0161t\u00edtok je zv\u00fdraznen\u00fd modro, zatia\u013e \u010do ostatn\u00e9 s\u00fa siv\u00e9. Ka\u017ed\u00fd \u0161t\u00edtok je pop\u00edsan\u00fd ni\u017e\u0161ie v pr\u00edslu\u0161nej sekcii. Prezent\u00e1cia d\u00e1t je rovnak\u00e1 pre ka\u017ed\u00fd otvoren\u00fd \u0161t\u00edtok. V hornej \u010dasti napravo s\u00fa k dispoz\u00edcii \u010fal\u0161ie tri funkcie. S\u00fa to:<\/p>\n<ol>\n<li>Konfigur\u00e1cia hodnotenie &#8211; pop\u00edsan\u00e9 ni\u017e\u0161ie;<\/li>\n<li>Prevzia\u0165 ako Excel;<\/li>\n<li>V\u00fdber d\u00e1tumu &#8211; pop\u00edsan\u00e9 ni\u017e\u0161ie;<\/li>\n<\/ol>\n<p><a href=\"https:\/\/www.fmsdocumentation.com\/wp-content\/uploads\/2017\/04\/153.png\"><img loading=\"lazy\" decoding=\"async\" class=\"alignnone wp-image-256 size-full\" src=\"https:\/\/www.fmsdocumentation.com\/wp-content\/uploads\/2017\/04\/153.png\" alt=\"\" width=\"437\" height=\"65\" srcset=\"https:\/\/www.fmsdocumentation.com\/wp-content\/uploads\/2017\/04\/153.png 437w, https:\/\/www.fmsdocumentation.com\/wp-content\/uploads\/2017\/04\/153-300x45.png 300w\" sizes=\"auto, (max-width: 437px) 100vw, 437px\" \/><\/a><\/p>\n<p><strong>Konfigur\u00e1cia hodnotenie\u00a0<\/strong>&#8211; umo\u017e\u0148uje konfigurova\u0165 rozsah hodn\u00f4t pre sfarbenie parametrov. Hodnoty m\u00f4\u017eu by\u0165 konfigurovan\u00e9 pre:<\/p>\n<ul>\n<li>Spotrebovan\u00e9 palivo (litre);<\/li>\n<li>Spotreba paliva (litre \/ 100km);<\/li>\n<li>Nadspotreba (litre);<\/li>\n<li>Nadspotreba (litre \/ 100km);<\/li>\n<li>Nebezpe\u010dn\u00e9 konania (body);<\/li>\n<li>Body za nebezpe\u010dn\u00e9 riadenie (body \/ 100km);<\/li>\n<li>Prejden\u00e1 vzdialenos\u0165 (km);<\/li>\n<li>Doba riadenia (min\u00faty);<\/li>\n<li>Doba vo\u013enobehu (min\u00faty);<\/li>\n<li>Extr\u00e9mna brzdenie (udalost\u00ed)<\/li>\n<li>Prudk\u00e1 akceler\u00e1cia (po\u010det udalost\u00ed)<\/li>\n<li>Prudk\u00e1 akceler\u00e1cia (po\u010det udalost\u00ed \/ 100km)<\/li>\n<li>Prudk\u00e9 brzdenie (po\u010det udalost\u00ed)<\/li>\n<li>Prudk\u00e9 brzdenie (po\u010det udalost\u00ed \/ 100km)<\/li>\n<\/ul>\n<p>Vo\u013eby s\u00fa k dispoz\u00edcii na posuvnej li\u0161te v\u013eavo, konfigura\u010dn\u00e9 \u010das\u0165 je umiestnen\u00e1 vpravo a je pre ka\u017ed\u00fa vo\u013ebu rovnak\u00e1.<\/p>\n<p><a href=\"https:\/\/www.fmsdocumentation.com\/wp-content\/uploads\/2017\/04\/154.png\"><img loading=\"lazy\" decoding=\"async\" class=\"alignnone wp-image-257 size-full\" src=\"https:\/\/www.fmsdocumentation.com\/wp-content\/uploads\/2017\/04\/154.png\" alt=\"\" width=\"752\" height=\"492\" srcset=\"https:\/\/www.fmsdocumentation.com\/wp-content\/uploads\/2017\/04\/154.png 752w, https:\/\/www.fmsdocumentation.com\/wp-content\/uploads\/2017\/04\/154-300x196.png 300w\" sizes=\"auto, (max-width: 752px) 100vw, 752px\" \/><\/a><\/p>\n<p>Konfigura\u010dn\u00fd \u010das\u0165 pozost\u00e1va z:<\/p>\n<ol>\n<li>N\u00e1zov vybranej vo\u013eby;<\/li>\n<li>Obr\u00e1ti\u0165 hodnoty &#8211; obracia zobrazen\u00fa farbu za hodnoty (m\u00f4\u017ee by\u0165 Zapnut\u00e9 \/ vypnut\u00e9, vypnut\u00e9 \u0161tandardne);<\/li>\n<li>Hodnoty (zobrazenej hodnoty z\u00e1vis\u00ed od zvolenej vo\u013ebe (litre; litre \/ 100km; body; udalosti; at\u010f.));<\/li>\n<li>Posuvn\u00e1 \u010diara hodn\u00f4t &#8211; rozsah je obmedzen\u00fd pod\u013ea zvolenej vo\u013eby, ka\u017ed\u00e1 vo\u013eba m\u00e1 svoj rozsah;<\/li>\n<li>Z\u00e1kazn\u00edcka hodnota &#8211; rozsah je tie\u017e obmedzen\u00fd pod\u013ea zvolenej vo\u013eby;<\/li>\n<li>Rozsah hodn\u00f4t &#8211; zobraz\u00ed sa len v pr\u00edpade, \u017ee vlo\u017een\u00e1 z\u00e1kazn\u00edcka hodnota je mimo rozsah.<\/li>\n<\/ol>\n<p><a href=\"https:\/\/www.fmsdocumentation.com\/wp-content\/uploads\/2017\/04\/155.png\"><img loading=\"lazy\" decoding=\"async\" class=\"alignnone wp-image-258 size-full\" src=\"https:\/\/www.fmsdocumentation.com\/wp-content\/uploads\/2017\/04\/155.png\" alt=\"\" width=\"429\" height=\"278\" srcset=\"https:\/\/www.fmsdocumentation.com\/wp-content\/uploads\/2017\/04\/155.png 429w, https:\/\/www.fmsdocumentation.com\/wp-content\/uploads\/2017\/04\/155-300x194.png 300w\" sizes=\"auto, (max-width: 429px) 100vw, 429px\" \/><\/a><\/p>\n<p>Po zvolen\u00ed preferovan\u00e9 vo\u013eby sa pre ulo\u017eenie novej konfigur\u00e1cie klikne na &#8220;Hotovo&#8221; v spodnej \u010dasti okna.<\/p>\n<p style=\"background-color: #2e67b1; color: #ffffff; padding-left: 10px; padding-right: 10px;\"><p class=\"note\">Pozn\u00e1mka<br \/>\nTieto konfigur\u00e1cie sa ulo\u017eia na serveri a v\u0161etky podniknut\u00e9 zmeny zostan\u00fa aj po ukon\u010den\u00ed rel\u00e1cie.<\/p><\/p>\n<p style=\"background-color: #2e67b1; color: #ffffff; padding-left: 10px; padding-right: 10px;\"><p class=\"note\">Pozn\u00e1mka<br \/>\n<span lang=\"SK\">Zmeny vykonan\u00e9 v konfigur\u00e1cii zostan\u00fa aj ke\u010f sa nestla\u010d\u00ed tla\u010didlo &#8220;Hotovo&#8221; a klikne sa stranou obrazovky pre uzatvorenie okna. V\u0161etky zmeny bud\u00fa ulo\u017een\u00e9.<\/span><\/p><\/p>\n<p><strong>D\u00e1tum <\/strong>&#8211; z\u00e1kladn\u00fd kalend\u00e1r je obmedzen\u00fd na v\u00fdber d\u0148a (\u017eiadne hodiny a min\u00faty). Umo\u017e\u0148uje zvoli\u0165 \u010dasov\u00e9 obdobie pre ktor\u00e9 m\u00e1 by\u0165 anal\u00fdza \u0161t\u00fdlu jazdy zobrazen\u00e1. \u0160tandardne je pri prihl\u00e1sen\u00ed nastaven\u00e9 posledn\u00fdch 7 dn\u00ed (aktu\u00e1lny de\u0148 nie je zahrnut\u00fd, preto\u017ee st\u00e1le prebieha). Aktu\u00e1lny de\u0148 m\u00f4\u017ee by\u0165 zvolen\u00fd manu\u00e1lne. Aktu\u00e1lny de\u0148 je v\u017edy zv\u00fdraznen\u00fd modr\u00fdm trojuholn\u00edkom v \u013eavom hornom rohu.<\/p>\n<p><a href=\"https:\/\/www.fmsdocumentation.com\/wp-content\/uploads\/2017\/04\/156.png\"><img loading=\"lazy\" decoding=\"async\" class=\"alignnone wp-image-259 size-full\" src=\"https:\/\/www.fmsdocumentation.com\/wp-content\/uploads\/2017\/04\/156.png\" alt=\"\" width=\"331\" height=\"408\" srcset=\"https:\/\/www.fmsdocumentation.com\/wp-content\/uploads\/2017\/04\/156.png 331w, https:\/\/www.fmsdocumentation.com\/wp-content\/uploads\/2017\/04\/156-243x300.png 243w\" sizes=\"auto, (max-width: 331px) 100vw, 331px\" \/><\/a><\/p>\n<p><strong>V\u00fdber d\u00e1tumu\u00a0<\/strong>&#8211; pre v\u00fdber obdobia d\u00e1tumu kliknite na po\u010diato\u010dn\u00fd alebo koncov\u00fd de\u0148 a potom kliknite na opa\u010dn\u00fd de\u0148 po\u017eadovan\u00e9ho obdobia. D\u00e1tum mo\u017eno vybera\u0165 z \u013eubovo\u013en\u00e9ho smeru, nie je tu \u017eiadna priorita. Po v\u00fdbere d\u00e1tumu syst\u00e9m automaticky anal\u00fdzu aktualizuje, \u017eiadna \u010fal\u0161ia akcia nie je potrebn\u00e9. Tento d\u00e1tum zost\u00e1va rovnak\u00fd pre ka\u017ed\u00fd zvolen\u00fd \u0161t\u00edtok a vr\u00e1ti sa sp\u00e4\u0165 na \u0161tandardn\u00e9 nastavenie po odhl\u00e1sen\u00ed. Maxim\u00e1lna obdobie je 3 mesiace.<\/p>\n<p><strong>V\u00fdber jedn\u00e9ho d\u0148a<\/strong> &#8211; vo\u013eba jedn\u00e9ho d\u0148a pre anal\u00fdzu sa vykon\u00e1 dvojit\u00fdm kliknut\u00edm na po\u017eadovan\u00fd de\u0148.<\/p>\n<hr \/>\n<p><div class=\"alignleft\"><a href=\"https:\/\/www.fmsdocumentation.com\/sk\/menu-upozornovanie\/editacia-upozornovanie\/\" title=\"Edit\u00e1cia upozor\u0148ovanie\"><span class=\"arrow\">\u2039 &nbsp <\/span> Edit\u00e1cia upozor\u0148ovanie <\/a><\/div> <div class=\"alignright\"><a href=\"https:\/\/www.fmsdocumentation.com\/sk\/menu-stylu-jazdy\/prehlad-za-flotilu\/\" title=\"Preh\u013ead za flotilu\">Preh\u013ead za flotilu <span class=\"arrow\"> &nbsp\u203a <\/span> <\/a><\/div><\/p>\n","protected":false},"excerpt":{"rendered":"<p>\u0160t\u00fdl jazdy je anal\u00fdza parametrov vz\u0165ahuj\u00facich sa k ekonomick\u00e9mu \u0161t\u00fdlu jazdy vodi\u010da a vozidla. Pre pr\u00edstup k tabu\u013eke \u0161t\u00fdlu jazdy sa klikne na pr\u00edslu\u0161n\u00fa ikonu na \u013eavej strane naviga\u010dn\u00e9ho panela. Preh\u013ead \u0161t\u00fdlu jazdy sa sklad\u00e1 z troch r\u00f4znych \u0161t\u00edtkov, ktor\u00e9 je mo\u017en\u00e9 vybra\u0165 v hornej \u010dasti obrazovky. K dispoz\u00edcii s\u00fa tri r\u00f4zne \u0161t\u00edtky: Preh\u013ead za &hellip; <a href=\"https:\/\/www.fmsdocumentation.com\/sk\/menu-stylu-jazdy\/\" class=\"more-link\">Pokra\u010dova\u0165 v \u010d\u00edtan\u00ed: <span class=\"screen-reader-text\">Menu \u0161t\u00fdlu jazdy<\/span><\/a><\/p>\n","protected":false},"author":5,"featured_media":0,"parent":0,"menu_order":87,"comment_status":"closed","ping_status":"closed","template":"","meta":{"footnotes":""},"class_list":["post-6604","page","type-page","status-publish","hentry"],"_links":{"self":[{"href":"https:\/\/www.fmsdocumentation.com\/sk\/wp-json\/wp\/v2\/pages\/6604","targetHints":{"allow":["GET"]}}],"collection":[{"href":"https:\/\/www.fmsdocumentation.com\/sk\/wp-json\/wp\/v2\/pages"}],"about":[{"href":"https:\/\/www.fmsdocumentation.com\/sk\/wp-json\/wp\/v2\/types\/page"}],"author":[{"embeddable":true,"href":"https:\/\/www.fmsdocumentation.com\/sk\/wp-json\/wp\/v2\/users\/5"}],"replies":[{"embeddable":true,"href":"https:\/\/www.fmsdocumentation.com\/sk\/wp-json\/wp\/v2\/comments?post=6604"}],"version-history":[{"count":5,"href":"https:\/\/www.fmsdocumentation.com\/sk\/wp-json\/wp\/v2\/pages\/6604\/revisions"}],"predecessor-version":[{"id":6674,"href":"https:\/\/www.fmsdocumentation.com\/sk\/wp-json\/wp\/v2\/pages\/6604\/revisions\/6674"}],"wp:attachment":[{"href":"https:\/\/www.fmsdocumentation.com\/sk\/wp-json\/wp\/v2\/media?parent=6604"}],"curies":[{"name":"wp","href":"https:\/\/api.w.org\/{rel}","templated":true}]}}