{"id":6607,"date":"2018-12-13T16:49:09","date_gmt":"2018-12-13T14:49:09","guid":{"rendered":"http:\/\/www.fmsdocumentation.com\/?page_id=6607"},"modified":"2018-12-14T09:09:24","modified_gmt":"2018-12-14T07:09:24","slug":"prehlad-za-flotilu","status":"publish","type":"page","link":"https:\/\/www.fmsdocumentation.com\/sk\/menu-stylu-jazdy\/prehlad-za-flotilu\/","title":{"rendered":"Preh\u013ead za flotilu"},"content":{"rendered":"<p>Preh\u013ead za flotilu je okno, automaticky otvoren\u00e9 po kliknut\u00ed na ikonu &#8220;\u0160t\u00fdl jazdy&#8221;. Zobrazen\u00e1 anal\u00fdza je, ako u\u017e bolo spomenut\u00e9, za posledn\u00fdch pln\u00fdch 7 dn\u00ed, pokia\u013e nie je pou\u017e\u00edvate\u013eom zmenen\u00e9.<\/p>\n<p><p class=\"note\">Pozn\u00e1mka<br \/>\n<span lang=\"SK\">Anal\u00fdza \u0161t\u00fdlu jazdy porovn\u00e1va d\u00e1ta za zvolen\u00e9 \u010dasov\u00e9 obdobie s obdob\u00edm predch\u00e1dzaj\u00facim. (Napr .: D\u00e1tum je nastaven\u00e9 od 15. okt\u00f3bra do 25, okt\u00f3bra, \u010do \u010din\u00ed 11dn\u016f. D\u00e1ta tohto \u010dasov\u00e9ho obdobia sa bud\u00fa porovn\u00e1va\u0165 s d\u00e1tami 11 dn\u00ed predt\u00fdm. Tzn. S obdob\u00edm od 4. okt\u00f3bra do 14. okt\u00f3bra. Zvolen\u00e9 dni &#8220;od &#8220;a&#8221; do &#8220;s\u00fa v anal\u00fdze zahrnut\u00e9.<\/span><\/p><\/p>\n<p>The \u201cFleet summary\u201d can be divided into three sections:<\/p>\n<p>Preh\u013ead za flotilu je rozdelen\u00fd do troch sekci\u00ed:<\/p>\n<ol>\n<li><strong>V\u0161eobecn\u00e1 anal\u00fdza<\/strong>;<\/li>\n<li><strong>Hodnotenie vozidl\u00e1<\/strong>;<\/li>\n<li><strong>Hodnotenie vodi\u010da<\/strong>.<\/li>\n<\/ol>\n<p><a href=\"https:\/\/www.fmsdocumentation.com\/wp-content\/uploads\/2017\/04\/157.png\"><img loading=\"lazy\" decoding=\"async\" class=\"alignnone wp-image-262 size-large\" src=\"https:\/\/www.fmsdocumentation.com\/wp-content\/uploads\/2017\/04\/157-1024x524.png\" alt=\"\" width=\"660\" height=\"338\" srcset=\"https:\/\/www.fmsdocumentation.com\/wp-content\/uploads\/2017\/04\/157-1024x524.png 1024w, https:\/\/www.fmsdocumentation.com\/wp-content\/uploads\/2017\/04\/157-300x153.png 300w, https:\/\/www.fmsdocumentation.com\/wp-content\/uploads\/2017\/04\/157-768x393.png 768w, https:\/\/www.fmsdocumentation.com\/wp-content\/uploads\/2017\/04\/157.png 1392w\" sizes=\"auto, (max-width: 660px) 100vw, 660px\" \/><\/a><\/p>\n<p><strong>V\u0161eobecn\u00e1 anal\u00fdza<\/strong>&#8211; zobrazuje anal\u00fdzu \u0161tandardn\u00fdch inform\u00e1ci\u00ed. Tento graf porovn\u00e1va aktu\u00e1lne a predch\u00e1dzaj\u00face d\u00e1ta. Met\u00f3da porovn\u00e1vanie je pop\u00edsan\u00e1 na za\u010diatku tohto odseku. Horn\u00fd st\u013apec je zobrazen\u00fd bu\u010fna zeleno alebo na \u010derveno, Takto sa zobrazuj\u00fa aktu\u00e1lne d\u00e1ta. Spodn\u00e1 je v\u017edy zobrazen\u00e1 na\u00a0 sivo a predstavuje anal\u00fdzu predch\u00e1dzaj\u00faceho zvolen\u00e9mu obdobie. Farba prv\u00e9ho st\u013apca z\u00e1vis\u00ed od rozdielu anal\u00fdzy t\u00fdchto dvoch grafov. Ak je zmena pozit\u00edvna (napr. Menej spotrebovan\u00e9ho paliva, menej bodov za nebezpe\u010dn\u00e9 riadenie) potom je farba\u00a0 zelen\u00e1, Ak je zmena negat\u00edvne (viac extr\u00e9mneho brzdenia, viac spotrebovan\u00e9ho paliva, men\u0161ia prejden\u00e1 vzdialenos\u0165, at\u010f.) Potom je\u00a0 \u010derven\u00fd. Ved\u013ea grafu je tie\u017e zmena v percent\u00e1ch uveden\u00e1 v pr\u00edslu\u0161nej farbe. Ak nenastala zmena, potom pre tieto krit\u00e9ri\u00e1 nie je \u017eiadny graf \u010di percentu\u00e1lne vyjadrenie.<\/p>\n<p style=\"background-color: #2e67b1; color: #ffffff; padding-left: 10px; padding-right: 10px;\"><p class=\"note\">Pozn\u00e1mka<br \/>\nZmeny uroben\u00e9 v &#8220;Konfigur\u00e1cii hodnotenia&#8221; ovplyv\u0148uj\u00fa farbu anal\u00fdzy. Vy\u0161\u0161ie uveden\u00e9 farby plat\u00ed pre \u0161tandardnej konfigur\u00e1cii. Ak boli vykonan\u00e9 zmeny, zmen\u00ed sa aj farby.<\/p><\/p>\n<p><a href=\"https:\/\/www.fmsdocumentation.com\/wp-content\/uploads\/2017\/04\/158.png\"><img loading=\"lazy\" decoding=\"async\" class=\"alignnone wp-image-263 size-full\" src=\"https:\/\/www.fmsdocumentation.com\/wp-content\/uploads\/2017\/04\/158.png\" alt=\"\" width=\"745\" height=\"141\" srcset=\"https:\/\/www.fmsdocumentation.com\/wp-content\/uploads\/2017\/04\/158.png 745w, https:\/\/www.fmsdocumentation.com\/wp-content\/uploads\/2017\/04\/158-300x57.png 300w\" sizes=\"auto, (max-width: 745px) 100vw, 745px\" \/><\/a><\/p>\n<p>Presunutie my\u0161i na hodnotu krit\u00e9ria sa automaticky zobraz\u00ed dodato\u010dn\u00e9 inform\u00e1cie. T\u00e1to informa\u010dn\u00e1 \u0161trukt\u00fara je identick\u00e1 pre ka\u017ed\u00fa hodnotu a obsahuje nasleduj\u00face:<\/p>\n<ul>\n<li>Hodnotu pre zvolen\u00e9 obdobie;<\/li>\n<li>Hodnotu pre predch\u00e1dzaj\u00face obdobie;<\/li>\n<li>Rozdiel hodn\u00f4t.<\/li>\n<\/ul>\n<p><a href=\"https:\/\/www.fmsdocumentation.com\/wp-content\/uploads\/2017\/04\/159.png\"><img loading=\"lazy\" decoding=\"async\" class=\"alignnone wp-image-264 size-full\" src=\"https:\/\/www.fmsdocumentation.com\/wp-content\/uploads\/2017\/04\/159.png\" alt=\"\" width=\"373\" height=\"282\" srcset=\"https:\/\/www.fmsdocumentation.com\/wp-content\/uploads\/2017\/04\/159.png 373w, https:\/\/www.fmsdocumentation.com\/wp-content\/uploads\/2017\/04\/159-300x227.png 300w\" sizes=\"auto, (max-width: 373px) 100vw, 373px\" \/><\/a><\/p>\n<p>Pre niektor\u00fdch hodnoty, u ktor\u00fdch nie je jasn\u00e9, ako boli vypo\u010d\u00edtan\u00e9, je ved\u013ea n\u00e1zvu hodnoty informa\u010dn\u00e1 ikona. Umiestnen\u00edm my\u0161i na ikonu sa automaticky zobrazia inform\u00e1cie, ako bola hodnota spo\u010d\u00edtan\u00e1.<\/p>\n<p><a href=\"https:\/\/www.fmsdocumentation.com\/wp-content\/uploads\/2017\/04\/160.png\"><img loading=\"lazy\" decoding=\"async\" class=\"alignnone wp-image-265 size-full\" src=\"https:\/\/www.fmsdocumentation.com\/wp-content\/uploads\/2017\/04\/160.png\" alt=\"\" width=\"211\" height=\"200\" \/><\/a><\/p>\n<p>V\u0161eobecn\u00e1 inform\u00e1cia sa sklad\u00e1 zo \u0161tandardn\u00e9ho s\u00faboru inform\u00e1ci\u00ed:<\/p>\n<ol>\n<li><strong>Vozidl\u00e1<\/strong>&#8211; celkov\u00fd po\u010det vozidiel vo flotile, ktor\u00e9 podporuj\u00fa \u0161t\u00fdl jazdy. Vozidl\u00e1 nepodporuj\u00faca \u0161t\u00fdl jazdy &#8211; jednoduch\u0161ie jednotky, star\u0161ie modely vozidiel, at\u010f., Sa tu nezobrazuj\u00fa, ale s\u00fa uveden\u00e9 v spodnej \u010dasti okna v\u013eavo.<\/li>\n<li><strong>Vodi\u010di<\/strong> &#8211; Po\u010det vodi\u010dov, ktor\u00e9 riadili vo zvolenom obdob\u00ed;<\/li>\n<li><strong>Spotrebovan\u00e9 palivo<\/strong> (Litre) &#8211; palivo spotrebovan\u00e9 v\u0161etk\u00fdmi vozidlami za uveden\u00e9 obdobie;<\/li>\n<li><strong>Nadspotreba <\/strong>(Litre) &#8211; vypo\u010d\u00edtan\u00e9 nadspotreba v\u0161etk\u00fdch vozidiel za vybran\u00e9 obdobie;<\/li>\n<li><strong>Nebezpe\u010dn\u00e9 riadenie <\/strong>(Body) &#8211; vypo\u010d\u00edtan\u00e9 body za nebezpe\u010dn\u00e9 riadenie v\u0161etk\u00fdch vozidiel za vybran\u00e9 obdobie;<\/li>\n<li><strong>Prejden\u00e1 vzdialenos\u0165<\/strong> (Km) &#8211; prejden\u00e1 vzdialenos\u0165 v\u0161etk\u00fdch vozidiel za vybran\u00e9 obdobie;<\/li>\n<li><strong>Doba jazdy<\/strong> &#8211; doba jazdy jednotliv\u00fdch vodi\u010dov za vybran\u00e9 obdobie;<\/li>\n<li><strong>Doba na vo\u013enobehu<\/strong> &#8211; doba na vo\u013enobehu v\u0161etk\u00fdch vozidiel za vybran\u00e9 obdobie;<\/li>\n<li><strong>Extr\u00e9mna brzdenie<\/strong> (Po\u010det) &#8211; v\u0161etky extr\u00e9mna brzdenie v\u0161etk\u00fdch vodi\u010dov za vybran\u00e9 obdobie;<\/li>\n<li><strong>Prudk\u00e1 akceler\u00e1cia<\/strong> (Po\u010det) &#8211; v\u0161etky prudk\u00e1 akceler\u00e1cia v\u0161etk\u00fdch vodi\u010dov za vybran\u00e9 obdobie.<\/li>\n<\/ol>\n<p><a href=\"https:\/\/www.fmsdocumentation.com\/wp-content\/uploads\/2017\/04\/162.png\"><img loading=\"lazy\" decoding=\"async\" class=\"alignnone wp-image-266 size-large\" src=\"https:\/\/www.fmsdocumentation.com\/wp-content\/uploads\/2017\/04\/162-1024x206.png\" alt=\"\" width=\"660\" height=\"133\" srcset=\"https:\/\/www.fmsdocumentation.com\/wp-content\/uploads\/2017\/04\/162-1024x206.png 1024w, https:\/\/www.fmsdocumentation.com\/wp-content\/uploads\/2017\/04\/162-300x60.png 300w, https:\/\/www.fmsdocumentation.com\/wp-content\/uploads\/2017\/04\/162-768x154.png 768w, https:\/\/www.fmsdocumentation.com\/wp-content\/uploads\/2017\/04\/162.png 1392w\" sizes=\"auto, (max-width: 660px) 100vw, 660px\" \/><\/a><\/p>\n<p><strong>Hodnotenie vozidiel\u00a0<\/strong>&#8211; zobrazuje hodnotenie vozidiel pod\u013ea zvolen\u00fdch krit\u00e9riami. Vozidl\u00e1 s najlep\u0161\u00edm hodnoten\u00edm s\u00fa raden\u00e9 hore, najhor\u0161ie dole. Farby grafu s\u00fa nastaven\u00e9 automaticky a m\u00f4\u017eu by\u0165 zmenen\u00e9 v menu &#8220;Konfigur\u00e1cia hodnotenia&#8221;. Zobrazen\u00e1 hodnotenia m\u00f4\u017eu by\u0165 zmenen\u00e1 kliknut\u00edm na tri bodky v pravej hornej \u010dasti. N\u00e1zov aktu\u00e1lnej hodnoty sa zobraz\u00ed ved\u013ea. Vozidl\u00e1 vybaven\u00e9 hardv\u00e9rom, ktor\u00fd nepodporuje \u0161t\u00fdl jazdy, sa zobrazuj\u00fa v spodnom \u013eavom rohu tejto sekcie.<\/p>\n<p><a href=\"https:\/\/www.fmsdocumentation.com\/wp-content\/uploads\/2017\/04\/163.png\"><img loading=\"lazy\" decoding=\"async\" class=\"alignnone wp-image-267 size-full\" src=\"https:\/\/www.fmsdocumentation.com\/wp-content\/uploads\/2017\/04\/163.png\" alt=\"\" width=\"929\" height=\"400\" srcset=\"https:\/\/www.fmsdocumentation.com\/wp-content\/uploads\/2017\/04\/163.png 929w, https:\/\/www.fmsdocumentation.com\/wp-content\/uploads\/2017\/04\/163-300x129.png 300w, https:\/\/www.fmsdocumentation.com\/wp-content\/uploads\/2017\/04\/163-768x331.png 768w\" sizes=\"auto, (max-width: 929px) 100vw, 929px\" \/><\/a><\/p>\n<hr \/>\n<h3>Konfigur\u00e1cia hodnotenie<\/h3>\n<p>Po kliknut\u00ed na tri bodky sa objav\u00ed okno &#8220;Konfigurova\u0165 hodnotenia&#8221;. Aktu\u00e1lne vybran\u00e9 hodnotenie bude zv\u00fdraznen\u00e9 svetlo \u0161edou farbou a modrou \u010diarou na pravej strane n\u00e1zvu hodnotenia. V\u00fdber in\u00e9ho hodnotenie sa vykon\u00e1 kliknut\u00edm na po\u017eadovan\u00e9 hodnotenie. V jednom okamihu sa d\u00e1 zmeni\u0165 len jedno hodnotenie.<\/p>\n<p><a href=\"https:\/\/www.fmsdocumentation.com\/wp-content\/uploads\/2017\/04\/164.png\"><img loading=\"lazy\" decoding=\"async\" class=\"alignnone wp-image-268 size-full\" src=\"https:\/\/www.fmsdocumentation.com\/wp-content\/uploads\/2017\/04\/164.png\" alt=\"\" width=\"484\" height=\"725\" srcset=\"https:\/\/www.fmsdocumentation.com\/wp-content\/uploads\/2017\/04\/164.png 484w, https:\/\/www.fmsdocumentation.com\/wp-content\/uploads\/2017\/04\/164-200x300.png 200w\" sizes=\"auto, (max-width: 484px) 100vw, 484px\" \/><\/a><\/p>\n<p>Hodnotenie vozidiel sa aktualizuje automaticky po v\u00fdbere nov\u00e9ho hodnotenia. Ved\u013ea ka\u017ed\u00e9ho st\u013apca je n\u00e1zov vozidla.<\/p>\n<p style=\"background-color: #2e67b1; color: #ffffff; padding-left: 10px; padding-right: 10px;\"><p class=\"note\">Pozn\u00e1mka<br \/>\nOkno konfigur\u00e1cie hodnotenie je rovnak\u00e9 pre hodnotenie vozidiel i vodi\u010dov, ale fungujem oddelene.<\/p><\/p>\n<p><strong>Hodnotenie vodi\u010dov\u00a0<\/strong>&#8211; zobrazuje hodnotenie vodi\u010dov pod\u013ea vybran\u00fdch krit\u00e9riami. Vodi\u010di s najvy\u0161\u0161\u00edm hodnoten\u00edm s\u00fa hore, s najni\u017e\u0161\u00edm dole. Farby grafu s\u00fa nastaven\u00e9 automaticky a m\u00f4\u017eu by\u0165 zmenen\u00e9 v menu &#8220;Konfigur\u00e1cia hodnotenia&#8221;. Zobrazen\u00e1 hodnotenia m\u00f4\u017eu by\u0165 zmenen\u00e1 kliknut\u00edm na tri bodky v pravej hornej \u010dasti. N\u00e1zov aktu\u00e1lnej hodnoty sa zobraz\u00ed ved\u013ea. Vodi\u010di, ktorej riadil vozidlo vybaven\u00e9 hardv\u00e9rom, ktor\u00fd nepodporuje \u0161t\u00fdl jazdy, sa zobrazuj\u00fa v spodnom pravom rohu tejto sekcie.<\/p>\n<p><a href=\"https:\/\/www.fmsdocumentation.com\/wp-content\/uploads\/2017\/04\/165.png\"><img loading=\"lazy\" decoding=\"async\" class=\"alignnone wp-image-269 size-full\" src=\"https:\/\/www.fmsdocumentation.com\/wp-content\/uploads\/2017\/04\/165.png\" alt=\"\" width=\"926\" height=\"509\" srcset=\"https:\/\/www.fmsdocumentation.com\/wp-content\/uploads\/2017\/04\/165.png 926w, https:\/\/www.fmsdocumentation.com\/wp-content\/uploads\/2017\/04\/165-300x165.png 300w, https:\/\/www.fmsdocumentation.com\/wp-content\/uploads\/2017\/04\/165-768x422.png 768w\" sizes=\"auto, (max-width: 926px) 100vw, 926px\" \/><\/a><\/p>\n<p style=\"background-color: #2e67b1; color: #ffffff; padding-left: 10px; padding-right: 10px;\"><p class=\"note\">Pozn\u00e1mka<br \/>\nKliknutie na meno vodi\u010da alebo do jeho st\u013apca grafu presmeruje pou\u017e\u00edvate\u013ea na &#8220;Anal\u00fdzu pod\u013ea vodi\u010dov&#8221; a zobraz\u00ed \u0161tatistiku pre zvolen\u00e9ho pou\u017e\u00edvate\u013ea.<\/p><\/p>\n<hr \/>\n<p><div class=\"alignleft\"><a href=\"https:\/\/www.fmsdocumentation.com\/sk\/menu-stylu-jazdy\/\" title=\"Menu \u0161t\u00fdlu jazdy\"><span class=\"arrow\">\u2039 &nbsp <\/span> Menu \u0161t\u00fdlu jazdy <\/a><\/div> <div class=\"alignright\"><a href=\"https:\/\/www.fmsdocumentation.com\/sk\/menu-stylu-jazdy\/analyza-podla-vozidla\/\" title=\"Anal\u00fdza pod\u013ea vozidla\">Anal\u00fdza pod\u013ea vozidla <span class=\"arrow\"> &nbsp\u203a <\/span> <\/a><\/div><\/p>\n<p>&nbsp;<\/p>\n","protected":false},"excerpt":{"rendered":"<p>Preh\u013ead za flotilu je okno, automaticky otvoren\u00e9 po kliknut\u00ed na ikonu &#8220;\u0160t\u00fdl jazdy&#8221;. Zobrazen\u00e1 anal\u00fdza je, ako u\u017e bolo spomenut\u00e9, za posledn\u00fdch pln\u00fdch 7 dn\u00ed, pokia\u013e nie je pou\u017e\u00edvate\u013eom zmenen\u00e9. Pozn\u00e1mka Anal\u00fdza \u0161t\u00fdlu jazdy porovn\u00e1va d\u00e1ta za zvolen\u00e9 \u010dasov\u00e9 obdobie s obdob\u00edm predch\u00e1dzaj\u00facim. (Napr .: D\u00e1tum je nastaven\u00e9 od 15. okt\u00f3bra do 25, okt\u00f3bra, \u010do &hellip; <a href=\"https:\/\/www.fmsdocumentation.com\/sk\/menu-stylu-jazdy\/prehlad-za-flotilu\/\" class=\"more-link\">Pokra\u010dova\u0165 v \u010d\u00edtan\u00ed: <span class=\"screen-reader-text\">Preh\u013ead za flotilu<\/span><\/a><\/p>\n","protected":false},"author":5,"featured_media":0,"parent":6604,"menu_order":1,"comment_status":"closed","ping_status":"closed","template":"","meta":{"footnotes":""},"class_list":["post-6607","page","type-page","status-publish","hentry"],"_links":{"self":[{"href":"https:\/\/www.fmsdocumentation.com\/sk\/wp-json\/wp\/v2\/pages\/6607","targetHints":{"allow":["GET"]}}],"collection":[{"href":"https:\/\/www.fmsdocumentation.com\/sk\/wp-json\/wp\/v2\/pages"}],"about":[{"href":"https:\/\/www.fmsdocumentation.com\/sk\/wp-json\/wp\/v2\/types\/page"}],"author":[{"embeddable":true,"href":"https:\/\/www.fmsdocumentation.com\/sk\/wp-json\/wp\/v2\/users\/5"}],"replies":[{"embeddable":true,"href":"https:\/\/www.fmsdocumentation.com\/sk\/wp-json\/wp\/v2\/comments?post=6607"}],"version-history":[{"count":4,"href":"https:\/\/www.fmsdocumentation.com\/sk\/wp-json\/wp\/v2\/pages\/6607\/revisions"}],"predecessor-version":[{"id":6676,"href":"https:\/\/www.fmsdocumentation.com\/sk\/wp-json\/wp\/v2\/pages\/6607\/revisions\/6676"}],"up":[{"embeddable":true,"href":"https:\/\/www.fmsdocumentation.com\/sk\/wp-json\/wp\/v2\/pages\/6604"}],"wp:attachment":[{"href":"https:\/\/www.fmsdocumentation.com\/sk\/wp-json\/wp\/v2\/media?parent=6607"}],"curies":[{"name":"wp","href":"https:\/\/api.w.org\/{rel}","templated":true}]}}