{"id":6610,"date":"2018-12-13T17:18:07","date_gmt":"2018-12-13T15:18:07","guid":{"rendered":"http:\/\/www.fmsdocumentation.com\/?page_id=6610"},"modified":"2018-12-14T09:10:35","modified_gmt":"2018-12-14T07:10:35","slug":"analyza-podla-vozidla","status":"publish","type":"page","link":"https:\/\/www.fmsdocumentation.com\/sk\/menu-stylu-jazdy\/analyza-podla-vozidla\/","title":{"rendered":"Anal\u00fdza pod\u013ea vozidla"},"content":{"rendered":"<p>Anal\u00fdza pod\u013ea vozidl\u00e1 zobrazuje podrobnej\u0161\u00ed rozbor parametrov vozidla za zvolen\u00e9 obdobie. Tabu\u013eka m\u00e1 dve \u010dasti:<\/p>\n<ul>\n<li><strong>Graf<\/strong>;<\/li>\n<li><strong>\u0160tatistiku<\/strong>.<\/li>\n<\/ul>\n<p><strong>Graf<\/strong> &#8211; zobrazuje d\u00e1ta v grafickom form\u00e1te. S\u00fa\u010dasne mo\u017eno zobrazi\u0165 len jeden typ d\u00e1t. N\u00e1zov aktu\u00e1lne zobrazen\u00fdch d\u00e1t je v \u013eavom hornom rohu grafu. Zobrazen\u00e9 \u00fadaje mo\u017eno zmeni\u0165 v \u0161tatistickej \u010dasti.<\/p>\n<p><strong>Mierka\u00a0<\/strong>&#8211; na osi y s\u00fa hodnoty zvolen\u00fdch d\u00e1t, os x v\u017edy predstavuje \u010das. \u0160tandardne os x uv\u00e1dza dni. Mo\u017eno to zmeni\u0165 v pravom hornom rohu grafickej \u010dasti. OS Y v grafe predstavuje hodnoty pre v\u00fdber d\u00e1ta, zatia\u013e \u010do OS X v\u017edy predstavuje \u010das. V predvolenom nastaven\u00ed je stupnica osi X v d\u0148och. To mo\u017eno zmeni\u0165 v pravom hornom rohu \u010dasti grafu. K dispoz\u00edcii s\u00fa nasleduj\u00face hodnoty:<\/p>\n<ul>\n<li>De\u0148;<\/li>\n<li>T\u00fd\u017ede\u0148;<\/li>\n<li>Mesiac;<\/li>\n<\/ul>\n<p>Aktu\u00e1lne zvolen\u00e9 hodnoty sa zv\u00fdraznia na modro a s\u00fa pod\u010diarknut\u00e9.<\/p>\n<p><strong>Priemer za flotilu\u00a0<\/strong>&#8211; ved\u013ea vo\u013eby osi sa m\u00f4\u017ee zvoli\u0165 priemern\u00e1 hodnota pre aktu\u00e1lne vybran\u00e9 d\u00e1ta. \u0160tandardne je to vypnut\u00e9. Ak je to zapnut\u00e9, siv\u00e1 bodka bude modro zv\u00fdraznen\u00e1 a v grafe sa objav\u00ed preru\u0161ovan\u00e1 \u010diara.<\/p>\n<p style=\"background-color: #2e67b1; color: #ffffff; padding-left: 10px; padding-right: 10px;\"><p class=\"note\">Pozn\u00e1mka<br \/>\nAk s\u00fa vozidl\u00e1 v \u0161tatistickej sekcii prezentovan\u00e1 v zozname, ale u\u017e\u00edvate\u013e sa rozhodol nezobrazova\u0165 ich d\u00e1ta v grafe, priemer za flotilu je st\u00e1le zah\u0155\u0148a vo svojom v\u00fdpo\u010dte. Aby sa tomu zabr\u00e1nilo, nechcen\u00e1 vozidl\u00e1 sa musia \u00faplne odstr\u00e1ni\u0165 zo zobrazenia \u0161tatistiky. Je to pop\u00edsan\u00e9 ni\u017e\u0161ie.<\/p><\/p>\n<p><a href=\"https:\/\/www.fmsdocumentation.com\/wp-content\/uploads\/2017\/04\/166.png\"><img loading=\"lazy\" decoding=\"async\" class=\"alignnone wp-image-272 size-large\" src=\"https:\/\/www.fmsdocumentation.com\/wp-content\/uploads\/2017\/04\/166-1024x399.png\" alt=\"\" width=\"660\" height=\"257\" srcset=\"https:\/\/www.fmsdocumentation.com\/wp-content\/uploads\/2017\/04\/166-1024x399.png 1024w, https:\/\/www.fmsdocumentation.com\/wp-content\/uploads\/2017\/04\/166-300x117.png 300w, https:\/\/www.fmsdocumentation.com\/wp-content\/uploads\/2017\/04\/166-768x299.png 768w, https:\/\/www.fmsdocumentation.com\/wp-content\/uploads\/2017\/04\/166.png 1860w\" sizes=\"auto, (max-width: 660px) 100vw, 660px\" \/><\/a><\/p>\n<p>Farba \u010diar v grafe sa vyber\u00e1 automaticky syst\u00e9mom a je zobrazen\u00e1 ved\u013ea ka\u017ed\u00e9ho vozidla v sekcii \u0161tatistiky. Pri pridan\u00ed \u010di odstr\u00e1nen\u00ed vozidla sa farebnos\u0165 grafe syst\u00e9mom automaticky preform\u00e1tuje.<\/p>\n<p>Ka\u017ed\u00e1 \u010diara v grafe m\u00e1 na ka\u017ed\u00fd de\u0148 informa\u010dn\u00fd bod (to sa men\u00ed so zmenou hodnoty mierky, ak je zvolen\u00fd t\u00fd\u017ede\u0148, potom je informa\u010dn\u00fd bod zobrazuje ka\u017ed\u00fd t\u00fd\u017ede\u0148) presunut\u00edm my\u0161i na informa\u010dn\u00fa bod sa zobraz\u00ed \u0161tatistick\u00e9 inform\u00e1cie pre dan\u00fd de\u0148.<\/p>\n<p><a href=\"https:\/\/www.fmsdocumentation.com\/wp-content\/uploads\/2017\/04\/168.png\"><img loading=\"lazy\" decoding=\"async\" class=\"alignnone wp-image-273 size-full\" src=\"https:\/\/www.fmsdocumentation.com\/wp-content\/uploads\/2017\/04\/168.png\" alt=\"\" width=\"433\" height=\"252\" srcset=\"https:\/\/www.fmsdocumentation.com\/wp-content\/uploads\/2017\/04\/168.png 433w, https:\/\/www.fmsdocumentation.com\/wp-content\/uploads\/2017\/04\/168-300x175.png 300w\" sizes=\"auto, (max-width: 433px) 100vw, 433px\" \/><\/a><\/p>\n<p><strong>\u0160tatistika\u00a0<\/strong>&#8211; sklad\u00e1 sa zo zoznamu vybran\u00fdch vozidiel a\u017e tabu\u013eky z vybran\u00fdmi parametrami. Zoznam vozidiel sa generuje automaticky zobrazen\u00edm 5 najakt\u00edvnej\u0161\u00edch vozidiel za zvolen\u00e9 obdobie. V pr\u00edklade ni\u017e\u0161ie m\u00e1 u\u017e\u00edvate\u013e iba 4 podporovan\u00e1 vozidl\u00e1 a preto s\u00fa zobrazenia iba 4 vozidl\u00e1.<\/p>\n<p><a href=\"https:\/\/www.fmsdocumentation.com\/wp-content\/uploads\/2017\/04\/169.png\"><img loading=\"lazy\" decoding=\"async\" class=\"alignnone wp-image-274 size-large\" src=\"https:\/\/www.fmsdocumentation.com\/wp-content\/uploads\/2017\/04\/169-1024x239.png\" alt=\"\" width=\"660\" height=\"154\" srcset=\"https:\/\/www.fmsdocumentation.com\/wp-content\/uploads\/2017\/04\/169-1024x239.png 1024w, https:\/\/www.fmsdocumentation.com\/wp-content\/uploads\/2017\/04\/169-300x70.png 300w, https:\/\/www.fmsdocumentation.com\/wp-content\/uploads\/2017\/04\/169-768x179.png 768w, https:\/\/www.fmsdocumentation.com\/wp-content\/uploads\/2017\/04\/169.png 1860w\" sizes=\"auto, (max-width: 660px) 100vw, 660px\" \/><\/a><\/p>\n<p><strong>Vozidl\u00e1\u00a0<\/strong>&#8211; vo\u013eba vozidiel pre zobrazenie sa vykon\u00e1 kliknut\u00edm na tri siv\u00e9 bodky ved\u013ea &#8220;vozidiel&#8221; v \u013eavom hornom rohu. Objav\u00ed sa nov\u00e9 okno sa zoznam v\u0161etk\u00fdch vozidiel u\u017e\u00edvate\u013ea. Aktu\u00e1lne vybran\u00e9 vozidl\u00e1 bud\u00fa ozna\u010den\u00e9 s modr\u00fdm podtr\u017en\u00edkom ved\u013ea n\u00e1zvu vozidla. Pre ve\u013ek\u00e9 vozov\u00e9 parky je nad zoznamom vozidiel vyh\u013ead\u00e1vac\u00ed n\u00e1stroj. Po vykonan\u00ed \u00faprav sa mus\u00ed klikn\u00fa\u0165 na tla\u010didlo &#8220;Aplikova\u0165&#8221;, inak nebud\u00fa zmeny ulo\u017een\u00e9. Maxim\u00e1lny po\u010det vozidiel vybran\u00fdch v jednom okamihu je 5. Vozidl\u00e1 mo\u017eno zo zoznamu vymaza\u0165 kliknut\u00edm na tla\u010didlo &#8220;Vymaza\u0165&#8221; pod n\u00e1zvom vozidla.<\/p>\n<p><a href=\"https:\/\/www.fmsdocumentation.com\/wp-content\/uploads\/2017\/04\/170.png\"><img loading=\"lazy\" decoding=\"async\" class=\"alignnone wp-image-275 size-full\" src=\"https:\/\/www.fmsdocumentation.com\/wp-content\/uploads\/2017\/04\/170.png\" alt=\"\" width=\"750\" height=\"534\" srcset=\"https:\/\/www.fmsdocumentation.com\/wp-content\/uploads\/2017\/04\/170.png 750w, https:\/\/www.fmsdocumentation.com\/wp-content\/uploads\/2017\/04\/170-300x214.png 300w\" sizes=\"auto, (max-width: 750px) 100vw, 750px\" \/><\/a><\/p>\n<p style=\"background-color: #2e67b1; color: #ffffff; padding-left: 10px; padding-right: 10px;\"><p class=\"note\">Pozn\u00e1mka<br \/>\nAk s\u00fa zo zoznamu v\u0161etky vozidl\u00e1 odstr\u00e1nen\u00e9, \u010di u\u017e kliknut\u00edm na &#8220;Odstr\u00e1ni\u0165&#8221; alebo otvoren\u00edm zoznamu vozidiel a odobrat\u00edm jednotliv\u00fdch vozidiel, v\u0161etky d\u00e1ta zo zobrazenia zmizn\u00fa. Pre reaktiv\u00e1ciu zozname vozidiel sa mus\u00ed pou\u017e\u00edvate\u013e prepn\u00fa\u0165 do niektorej tabu\u013eky.<\/p><\/p>\n<p><strong>Zobrazi\u0165 mapu<\/strong> &#8211; pod ka\u017ed\u00fdm n\u00e1zvom je tla\u010didlo &#8220;Zobrazi\u0165 mapu&#8221;, kliknut\u00edm na toto tla\u010didlo sa zobraz\u00ed mapa s trasou vybran\u00fdch vozidiel za vybran\u00e9 obdobie.<\/p>\n<p><a href=\"https:\/\/www.fmsdocumentation.com\/wp-content\/uploads\/2017\/04\/171.png\"><img loading=\"lazy\" decoding=\"async\" class=\"alignnone wp-image-276 size-large\" src=\"https:\/\/www.fmsdocumentation.com\/wp-content\/uploads\/2017\/04\/171-1024x506.png\" alt=\"\" width=\"660\" height=\"326\" srcset=\"https:\/\/www.fmsdocumentation.com\/wp-content\/uploads\/2017\/04\/171-1024x506.png 1024w, https:\/\/www.fmsdocumentation.com\/wp-content\/uploads\/2017\/04\/171-300x148.png 300w, https:\/\/www.fmsdocumentation.com\/wp-content\/uploads\/2017\/04\/171-768x379.png 768w, https:\/\/www.fmsdocumentation.com\/wp-content\/uploads\/2017\/04\/171.png 1534w\" sizes=\"auto, (max-width: 660px) 100vw, 660px\" \/><\/a><\/p>\n<p>V hornej \u010dasti mapy m\u00f4\u017ee pou\u017e\u00edvate\u013e zvoli\u0165 zobrazenie alebo skrytie nasleduj\u00facich udalost\u00ed:<\/p>\n<ul>\n<li>Extr\u00e9mna brzdenie;<\/li>\n<li>Prudk\u00e9 brzdenie;<\/li>\n<li>Prudk\u00e1 akceler\u00e1cia.<\/li>\n<\/ul>\n<p>Tieto udalosti sa zapn\u00fa kliknite na mal\u00fd posuvn\u00edk ved\u013ea ka\u017edej udalosti. Tieto udalosti s\u00fa zapnut\u00e9 kliknut\u00edm na mal\u00fd pos\u00fava\u010d ved\u013ea ka\u017ed\u00e9ho typu udalosti. V jednom okamihu je mo\u017en\u00e9 zapn\u00fa\u0165 viac udalost\u00ed. Tieto udalosti sa zobraz\u00ed \u010derven\u00fdmi kolieskami s v\u00fdkri\u010dn\u00edkom.<\/p>\n<p><a href=\"https:\/\/www.fmsdocumentation.com\/wp-content\/uploads\/2017\/04\/172.png\"><img loading=\"lazy\" decoding=\"async\" class=\"alignnone wp-image-277 size-full\" src=\"https:\/\/www.fmsdocumentation.com\/wp-content\/uploads\/2017\/04\/172.png\" alt=\"\" width=\"847\" height=\"257\" srcset=\"https:\/\/www.fmsdocumentation.com\/wp-content\/uploads\/2017\/04\/172.png 847w, https:\/\/www.fmsdocumentation.com\/wp-content\/uploads\/2017\/04\/172-300x91.png 300w, https:\/\/www.fmsdocumentation.com\/wp-content\/uploads\/2017\/04\/172-768x233.png 768w\" sizes=\"auto, (max-width: 847px) 100vw, 847px\" \/><\/a><\/p>\n<p>Kliknut\u00edm na \u010derven\u00fd kruh sa zobrazia \u010fal\u0161ie inform\u00e1cie o udalosti.<\/p>\n<p><strong>Zobrazen\u00e9 parametre\u00a0<\/strong>&#8211; zobrazen\u00e9 parametre sa m\u00f4\u017eu zmeni\u0165 kliknut\u00edm na tri siv\u00e9 body v pravom hornom rohu sekcie. Otvor\u00ed sa nov\u00e9 okno so zoznamom v\u0161etk\u00fdch dostupn\u00fdch vozidiel pre zobrazenie. Aktu\u00e1lne vybran\u00e9 parametre bud\u00fa zv\u00fdraznen\u00e9 modr\u00fdm podtr\u017en\u00edkom ved\u013ea n\u00e1zvu parametra. R\u00fdchly v\u00fdber je nad zoznamom. Naraz je mo\u017en\u00e9 vybra\u0165 maxim\u00e1lne 7 parametrov. Po vykonan\u00ed zmien sa mus\u00ed klikn\u00fa\u0165 na tla\u010didlo &#8220;Hotovo&#8221;, inak nebud\u00fa parametre ulo\u017een\u00e9.<\/p>\n<p><a href=\"https:\/\/www.fmsdocumentation.com\/wp-content\/uploads\/2017\/04\/173.png\"><img loading=\"lazy\" decoding=\"async\" class=\"alignnone wp-image-278 size-full\" src=\"https:\/\/www.fmsdocumentation.com\/wp-content\/uploads\/2017\/04\/173.png\" alt=\"\" width=\"754\" height=\"567\" srcset=\"https:\/\/www.fmsdocumentation.com\/wp-content\/uploads\/2017\/04\/173.png 754w, https:\/\/www.fmsdocumentation.com\/wp-content\/uploads\/2017\/04\/173-300x226.png 300w\" sizes=\"auto, (max-width: 754px) 100vw, 754px\" \/><\/a><\/p>\n<p><strong>Zobrazenie pre graf\u00a0<\/strong>&#8211; v grafe mo\u017eno v jednom okamihu zobrazi\u0165 iba jeden parameter (d\u00e1ta z jedn\u00e9ho st\u013apca) (je to z d\u00f4vodov komplik\u00e1ci\u00ed s mierkou). Aktu\u00e1lne zobrazen\u00e9 parametre maj\u00fa hlavi\u010dky zv\u00fdraznen\u00e9 modro. U\u017e\u00edvate\u013e m\u00f4\u017ee nastavi\u0165, ktor\u00e9 parametre (zo zvolen\u00e9ho st\u013apca) si \u017eel\u00e1 zobrazi\u0165 v hlavnom grafe. To sa vykon\u00e1 kliknut\u00edm do st\u013apca grafu pre ich zv\u00fdraznenie. V hlavnom grafe s\u00fa zobrazen\u00e9 iba zv\u00fdraznen\u00e9 parametre. Ak je jeden parameter zv\u00fdraznen\u00fd a u\u017e\u00edvate\u013e klikne na parameter z in\u00e9ho st\u013apca, predch\u00e1dzaj\u00face st\u013apec sa \u00faplne zv\u00fdraznia a bude zobrazen\u00fd len parameter tohto st\u013apca. Mo\u017eno zvoli\u0165 cel\u00fd st\u013apec kliknut\u00edm na hlavi\u010dku.<\/p>\n<p><a href=\"https:\/\/www.fmsdocumentation.com\/wp-content\/uploads\/2017\/04\/174.png\"><img loading=\"lazy\" decoding=\"async\" class=\"alignnone wp-image-279 size-full\" src=\"https:\/\/www.fmsdocumentation.com\/wp-content\/uploads\/2017\/04\/174.png\" alt=\"\" width=\"707\" height=\"435\" srcset=\"https:\/\/www.fmsdocumentation.com\/wp-content\/uploads\/2017\/04\/174.png 707w, https:\/\/www.fmsdocumentation.com\/wp-content\/uploads\/2017\/04\/174-300x185.png 300w\" sizes=\"auto, (max-width: 707px) 100vw, 707px\" \/><\/a><\/p>\n<hr \/>\n<p><div class=\"alignleft\"><a href=\"https:\/\/www.fmsdocumentation.com\/sk\/menu-stylu-jazdy\/prehlad-za-flotilu\/\" title=\"Preh\u013ead za flotilu\"><span class=\"arrow\">\u2039 &nbsp <\/span> Preh\u013ead za flotilu <\/a><\/div> <div class=\"alignright\"><a href=\"https:\/\/www.fmsdocumentation.com\/sk\/menu-stylu-jazdy\/analyza-podla-vodicov\/\" title=\"Anal\u00fdza pod\u013ea vodi\u010dov\">Anal\u00fdza pod\u013ea vodi\u010dov <span class=\"arrow\"> &nbsp\u203a <\/span> <\/a><\/div><\/p>\n<p>&nbsp;<\/p>\n","protected":false},"excerpt":{"rendered":"<p>Anal\u00fdza pod\u013ea vozidl\u00e1 zobrazuje podrobnej\u0161\u00ed rozbor parametrov vozidla za zvolen\u00e9 obdobie. Tabu\u013eka m\u00e1 dve \u010dasti: Graf; \u0160tatistiku. Graf &#8211; zobrazuje d\u00e1ta v grafickom form\u00e1te. S\u00fa\u010dasne mo\u017eno zobrazi\u0165 len jeden typ d\u00e1t. N\u00e1zov aktu\u00e1lne zobrazen\u00fdch d\u00e1t je v \u013eavom hornom rohu grafu. Zobrazen\u00e9 \u00fadaje mo\u017eno zmeni\u0165 v \u0161tatistickej \u010dasti. Mierka\u00a0&#8211; na osi y s\u00fa hodnoty zvolen\u00fdch &hellip; <a href=\"https:\/\/www.fmsdocumentation.com\/sk\/menu-stylu-jazdy\/analyza-podla-vozidla\/\" class=\"more-link\">Pokra\u010dova\u0165 v \u010d\u00edtan\u00ed: <span class=\"screen-reader-text\">Anal\u00fdza pod\u013ea vozidla<\/span><\/a><\/p>\n","protected":false},"author":5,"featured_media":0,"parent":6604,"menu_order":2,"comment_status":"closed","ping_status":"closed","template":"","meta":{"footnotes":""},"class_list":["post-6610","page","type-page","status-publish","hentry"],"_links":{"self":[{"href":"https:\/\/www.fmsdocumentation.com\/sk\/wp-json\/wp\/v2\/pages\/6610","targetHints":{"allow":["GET"]}}],"collection":[{"href":"https:\/\/www.fmsdocumentation.com\/sk\/wp-json\/wp\/v2\/pages"}],"about":[{"href":"https:\/\/www.fmsdocumentation.com\/sk\/wp-json\/wp\/v2\/types\/page"}],"author":[{"embeddable":true,"href":"https:\/\/www.fmsdocumentation.com\/sk\/wp-json\/wp\/v2\/users\/5"}],"replies":[{"embeddable":true,"href":"https:\/\/www.fmsdocumentation.com\/sk\/wp-json\/wp\/v2\/comments?post=6610"}],"version-history":[{"count":4,"href":"https:\/\/www.fmsdocumentation.com\/sk\/wp-json\/wp\/v2\/pages\/6610\/revisions"}],"predecessor-version":[{"id":6677,"href":"https:\/\/www.fmsdocumentation.com\/sk\/wp-json\/wp\/v2\/pages\/6610\/revisions\/6677"}],"up":[{"embeddable":true,"href":"https:\/\/www.fmsdocumentation.com\/sk\/wp-json\/wp\/v2\/pages\/6604"}],"wp:attachment":[{"href":"https:\/\/www.fmsdocumentation.com\/sk\/wp-json\/wp\/v2\/media?parent=6610"}],"curies":[{"name":"wp","href":"https:\/\/api.w.org\/{rel}","templated":true}]}}