{"id":6614,"date":"2018-12-13T17:20:43","date_gmt":"2018-12-13T15:20:43","guid":{"rendered":"http:\/\/www.fmsdocumentation.com\/?page_id=6614"},"modified":"2018-12-13T17:20:43","modified_gmt":"2018-12-13T15:20:43","slug":"analyza-podla-vodicov","status":"publish","type":"page","link":"https:\/\/www.fmsdocumentation.com\/sk\/menu-stylu-jazdy\/analyza-podla-vodicov\/","title":{"rendered":"Anal\u00fdza pod\u013ea vodi\u010dov"},"content":{"rendered":"<p>Anal\u00fdza pod\u013ea vodi\u010dov poskytuje podrobnej\u0161\u00ed rozbor parametrov \u0161t\u00fdlu jazdy. T\u00e1to tabu\u013eka je podobn\u00e1 tabu\u013eke Anal\u00fdzy pod\u013ea vozidiel. Tu s\u00fa pop\u00edsan\u00e9 len rozdiely.<\/p>\n<p><a href=\"https:\/\/www.fmsdocumentation.com\/wp-content\/uploads\/2017\/04\/175.png\"><img loading=\"lazy\" decoding=\"async\" class=\"alignnone wp-image-282 size-large\" src=\"https:\/\/www.fmsdocumentation.com\/wp-content\/uploads\/2017\/04\/175-1024x489.png\" alt=\"\" width=\"660\" height=\"315\" srcset=\"https:\/\/www.fmsdocumentation.com\/wp-content\/uploads\/2017\/04\/175-1024x489.png 1024w, https:\/\/www.fmsdocumentation.com\/wp-content\/uploads\/2017\/04\/175-300x143.png 300w, https:\/\/www.fmsdocumentation.com\/wp-content\/uploads\/2017\/04\/175-768x367.png 768w, https:\/\/www.fmsdocumentation.com\/wp-content\/uploads\/2017\/04\/175.png 1860w\" sizes=\"auto, (max-width: 660px) 100vw, 660px\" \/><\/a><\/p>\n<p>Hlavn\u00fdm rozdielom oproti Anal\u00fdze pod\u013ea vozidiel je, \u017ee zoznam vozidiel je nahraden\u00fd zoznamom pod\u013ea vodi\u010dov. V jednom okamihu je mo\u017en\u00e9 zvoli\u0165 iba 5 vodi\u010dov. Kliknut\u00edm na tri bodky v pravom hornom rohu zoznamu vodi\u010dov otvor\u00ed nov\u00e9 okno s cel\u00fdm zoznamom vodi\u010dov.<\/p>\n<p><a href=\"https:\/\/www.fmsdocumentation.com\/wp-content\/uploads\/2017\/04\/176.png\"><img loading=\"lazy\" decoding=\"async\" class=\"alignnone wp-image-283 size-full\" src=\"https:\/\/www.fmsdocumentation.com\/wp-content\/uploads\/2017\/04\/176.png\" alt=\"\" width=\"754\" height=\"567\" srcset=\"https:\/\/www.fmsdocumentation.com\/wp-content\/uploads\/2017\/04\/176.png 754w, https:\/\/www.fmsdocumentation.com\/wp-content\/uploads\/2017\/04\/176-300x226.png 300w\" sizes=\"auto, (max-width: 754px) 100vw, 754px\" \/><\/a><\/p>\n<p>Po vykonan\u00ed modifik\u00e1ciou v zozname, sa mus\u00ed klikn\u00fa\u0165 na tla\u010didlo &#8220;Aplikova\u0165&#8221;, inak nebud\u00fa zmeny ulo\u017een\u00e9.<\/p>\n<p style=\"background-color: #2e67b1; color: #ffffff; padding-left: 10px; padding-right: 10px;\"><p class=\"note\">Pozn\u00e1mka<br \/>\nAk sa zo zoznamu odstr\u00e1ni v\u0161etci vodi\u010di kliknut\u00edm na tla\u010didlo &#8220;Odstr\u00e1ni\u0165&#8221; alebo otvoren\u00edm zoznamu a odobrat\u00edm jednotliv\u00fdch vodi\u010dov, v\u0161etky d\u00e1ta zo zobrazenia zmizn\u00fa. Pre reaktiv\u00e1ciu zoznamu vodi\u010dov sa mus\u00ed prepn\u00fa\u0165 na nejak\u00fa tabu\u013eku a potom zase sp\u00e4\u0165.<\/p><\/p>\n<p>V\u0161etko ostatn\u00e9 je rovnak\u00e9 ako u &#8220;Anal\u00fdze pod\u013ea vozidiel&#8221;, okrem tla\u010didla &#8220;Zobrazi\u0165 mapu&#8221;, ktor\u00e9 nie je u &#8220;Anal\u00fdzy pod\u013ea vodi\u010dov&#8221; k dispoz\u00edcii.<\/p>\n<hr \/>\n<p><div class=\"alignleft\"><a href=\"https:\/\/www.fmsdocumentation.com\/sk\/menu-stylu-jazdy\/analyza-podla-vozidla\/\" title=\"Anal\u00fdza pod\u013ea vozidla\"><span class=\"arrow\">\u2039 &nbsp <\/span> Anal\u00fdza pod\u013ea vozidla <\/a><\/div> <div class=\"alignright\"><a href=\"https:\/\/www.fmsdocumentation.com\/sk\/api\/\" title=\"API\">API <span class=\"arrow\"> &nbsp\u203a <\/span> <\/a><\/div><\/p>\n","protected":false},"excerpt":{"rendered":"<p>Anal\u00fdza pod\u013ea vodi\u010dov poskytuje podrobnej\u0161\u00ed rozbor parametrov \u0161t\u00fdlu jazdy. T\u00e1to tabu\u013eka je podobn\u00e1 tabu\u013eke Anal\u00fdzy pod\u013ea vozidiel. Tu s\u00fa pop\u00edsan\u00e9 len rozdiely. Hlavn\u00fdm rozdielom oproti Anal\u00fdze pod\u013ea vozidiel je, \u017ee zoznam vozidiel je nahraden\u00fd zoznamom pod\u013ea vodi\u010dov. V jednom okamihu je mo\u017en\u00e9 zvoli\u0165 iba 5 vodi\u010dov. Kliknut\u00edm na tri bodky v pravom hornom rohu zoznamu &hellip; <a href=\"https:\/\/www.fmsdocumentation.com\/sk\/menu-stylu-jazdy\/analyza-podla-vodicov\/\" class=\"more-link\">Pokra\u010dova\u0165 v \u010d\u00edtan\u00ed: <span class=\"screen-reader-text\">Anal\u00fdza pod\u013ea vodi\u010dov<\/span><\/a><\/p>\n","protected":false},"author":5,"featured_media":0,"parent":6604,"menu_order":4,"comment_status":"closed","ping_status":"closed","template":"","meta":{"footnotes":""},"class_list":["post-6614","page","type-page","status-publish","hentry"],"_links":{"self":[{"href":"https:\/\/www.fmsdocumentation.com\/sk\/wp-json\/wp\/v2\/pages\/6614","targetHints":{"allow":["GET"]}}],"collection":[{"href":"https:\/\/www.fmsdocumentation.com\/sk\/wp-json\/wp\/v2\/pages"}],"about":[{"href":"https:\/\/www.fmsdocumentation.com\/sk\/wp-json\/wp\/v2\/types\/page"}],"author":[{"embeddable":true,"href":"https:\/\/www.fmsdocumentation.com\/sk\/wp-json\/wp\/v2\/users\/5"}],"replies":[{"embeddable":true,"href":"https:\/\/www.fmsdocumentation.com\/sk\/wp-json\/wp\/v2\/comments?post=6614"}],"version-history":[{"count":2,"href":"https:\/\/www.fmsdocumentation.com\/sk\/wp-json\/wp\/v2\/pages\/6614\/revisions"}],"predecessor-version":[{"id":6616,"href":"https:\/\/www.fmsdocumentation.com\/sk\/wp-json\/wp\/v2\/pages\/6614\/revisions\/6616"}],"up":[{"embeddable":true,"href":"https:\/\/www.fmsdocumentation.com\/sk\/wp-json\/wp\/v2\/pages\/6604"}],"wp:attachment":[{"href":"https:\/\/www.fmsdocumentation.com\/sk\/wp-json\/wp\/v2\/media?parent=6614"}],"curies":[{"name":"wp","href":"https:\/\/api.w.org\/{rel}","templated":true}]}}