{"id":6621,"date":"2018-12-13T17:29:13","date_gmt":"2018-12-13T15:29:13","guid":{"rendered":"http:\/\/www.fmsdocumentation.com\/?page_id=6621"},"modified":"2018-12-14T09:13:00","modified_gmt":"2018-12-14T07:13:00","slug":"historia-suradnic-objektu-api","status":"publish","type":"page","link":"https:\/\/www.fmsdocumentation.com\/sk\/api\/historia-suradnic-objektu-api\/","title":{"rendered":"Hist\u00f3ria s\u00faradn\u00edc objektu API"},"content":{"rendered":"<p>\u00da\u010delom hist\u00f3ria s\u00faradn\u00edc API je v\u00fdstup historick\u00fdch d\u00e1t objektu klienta (s\u00faradn\u00edc). Hist\u00f3ria s\u00faradn\u00edc m\u00e1 dva koncov\u00e9 body, teda s\u00fa dva typy po\u017eiadaviek. Prv\u00fd typ po\u017eiadavky je pre objekt. Tone a ur\u010dit\u00fd d\u00e1tum a \u010das. Zobraz\u00ed sa iba d\u00e1ta zaznamenan\u00e1 v ur\u010ditom d\u00e1tume a \u010dase.<\/p>\n<p>Pr\u00edklad po\u017eiadavke pre ur\u010dit\u00fd d\u00e1tum:<\/p>\n<p style=\"background-color: #000000; color: #bbbdc0; font-family: Lucida Console; padding-left: 10px; padding-right: 10px;\">GET \/objects\/{object_id}\/coordinates\/{datetime}?version=1&amp;api_key=&lt;&#8230;&gt;<br \/>\nHOST:api.fm-track.com<br \/>\nContent-Type:application\/json;charset=UTF-8<\/p>\n<p>Aby po\u017eiadavka Api fungoval, mus\u00ed sa \u0161pecifikova\u0165 tri parametre (okrem API_key):<\/p>\n\n<table id=\"tablepress-106\" class=\"tablepress tablepress-id-106\">\n<thead>\n<tr class=\"row-1\">\n\t<th class=\"column-1\">Parameter<\/th><th class=\"column-2\">Type<\/th><th class=\"column-3\">Description<\/th>\n<\/tr>\n<\/thead>\n<tbody>\n<tr class=\"row-2\">\n\t<td class=\"column-1\">object_id<\/td><td class=\"column-2\">String<\/td><td class=\"column-3\">External object ID<\/td>\n<\/tr>\n<tr class=\"row-3\">\n\t<td class=\"column-1\">datetime<\/td><td class=\"column-2\">Date time<\/td><td class=\"column-3\">Requested record for the specified date and time. Date and time format example: \u201c2017-04-13T06:58:48.090Z\u201d in accordance to the ISO-8601 standard<\/td>\n<\/tr>\n<tr class=\"row-4\">\n\t<td class=\"column-1\">version<\/td><td class=\"column-2\">String<\/td><td class=\"column-3\">Version of the API, currently only version=1 is available<\/td>\n<\/tr>\n<tr class=\"row-5\">\n\t<td class=\"column-1\">api_key<\/td><td class=\"column-2\">String<\/td><td class=\"column-3\">User identification key<\/td>\n<\/tr>\n<\/tbody>\n<\/table>\n<!-- #tablepress-106 from cache -->\n<p style=\"background-color: #2e67b1; color: #ffffff; padding-left: 10px; padding-right: 10px;\"><p class=\"note\">Pozn\u00e1mka<br \/>\n<span lang=\"SK\">Odpor\u00fa\u010da sa pou\u017ei\u0165 parameter \u010dasu d\u0148a z druh\u00e9ho koncov\u00e9ho bodu z Hist\u00f3ria s\u00faradn\u00edc objektu, preto\u017ee parameter \u010dasu d\u0148a je \u0161pecifikovan\u00fd t\u00fdm druh\u00fdm a syst\u00e9m neh\u013ead\u00e1 d\u00e1ta okolo \u0161pecifikovan\u00e9ho d\u00e1tumu.<\/span><\/p><\/p>\n<p>Pr\u00edklad odpovede, ke\u010f s\u00fa zahrnut\u00e9 v\u0161etky parametre a API_key je platn\u00fd:<\/p>\n<div class=\"codecolorer-container javascript blackboard\" style=\"overflow:auto;white-space:nowrap;width:500px;\"><table cellspacing=\"0\" cellpadding=\"0\"><tbody><tr><td class=\"line-numbers\"><div>1<br \/>2<br \/>3<br \/>4<br \/>5<br \/>6<br \/>7<br \/>8<br \/>9<br \/>10<br \/>11<br \/>12<br \/>13<br \/>14<br \/>15<br \/>16<br \/>17<br \/>18<br \/>19<br \/>20<br \/>21<br \/>22<br \/>23<br \/>24<br \/>25<br \/>26<br \/>27<br \/>28<br \/>29<br \/>30<br \/>31<br \/><\/div><\/td><td><div class=\"javascript codecolorer\"><span class=\"br0\">&#123;<\/span><br \/>\n<span class=\"st0\">&quot;object_id&quot;<\/span> <span class=\"sy0\">:<\/span> <span class=\"st0\">&quot;abc123&quot;<\/span><span class=\"sy0\">,<\/span><br \/>\n<span class=\"st0\">&quot;datetime&quot;<\/span> <span class=\"sy0\">:<\/span> <span class=\"st0\">&quot;2017-04-13T06:58:48.090Z&quot;<\/span><span class=\"sy0\">,<\/span><br \/>\n<span class=\"st0\">&quot;ignition_status&quot;<\/span> <span class=\"sy0\">:<\/span> <span class=\"st0\">&quot;UNKNOWN&quot;<\/span><span class=\"sy0\">,<\/span><br \/>\n<span class=\"st0\">&quot;position&quot;<\/span> <span class=\"sy0\">:<\/span> <span class=\"br0\">&#123;<\/span><br \/>\n<span class=\"st0\">&quot;altitude&quot;<\/span> <span class=\"sy0\">:<\/span> <span class=\"nu0\">0<\/span><span class=\"sy0\">,<\/span><br \/>\n<span class=\"st0\">&quot;direction&quot;<\/span> <span class=\"sy0\">:<\/span> <span class=\"nu0\">0<\/span><span class=\"sy0\">,<\/span><br \/>\n<span class=\"st0\">&quot;latitude&quot;<\/span> <span class=\"sy0\">:<\/span> <span class=\"nu0\">0<\/span><span class=\"sy0\">,<\/span><br \/>\n<span class=\"st0\">&quot;longitude&quot;<\/span> <span class=\"sy0\">:<\/span> <span class=\"nu0\">0<\/span><span class=\"sy0\">,<\/span><br \/>\n<span class=\"st0\">&quot;hdop&quot;<\/span> <span class=\"sy0\">:<\/span> <span class=\"nu0\">0<\/span><span class=\"sy0\">,<\/span><br \/>\n<span class=\"st0\">&quot;satellites_count&quot;<\/span> <span class=\"sy0\">:<\/span> <span class=\"nu0\">0<\/span><span class=\"sy0\">,<\/span><br \/>\n<span class=\"st0\">&quot;speed&quot;<\/span> <span class=\"sy0\">:<\/span> <span class=\"nu0\">0<\/span><br \/>\n<span class=\"br0\">&#125;<\/span><span class=\"sy0\">,<\/span><br \/>\n<span class=\"st0\">&quot;device_inputs&quot;<\/span> <span class=\"sy0\">:<\/span> <span class=\"br0\">&#123;<\/span><br \/>\n<span class=\"st0\">&quot;digital_input_1&quot;<\/span> <span class=\"sy0\">:<\/span> <span class=\"kw2\">true<\/span><span class=\"sy0\">,<\/span><br \/>\n<span class=\"st0\">&quot;digital_input_2&quot;<\/span> <span class=\"sy0\">:<\/span> <span class=\"kw2\">true<\/span><span class=\"sy0\">,<\/span><br \/>\n<span class=\"st0\">&quot;digital_input_3&quot;<\/span> <span class=\"sy0\">:<\/span> <span class=\"kw2\">true<\/span><span class=\"sy0\">,<\/span><br \/>\n<span class=\"st0\">&quot;digital_input_4&quot;<\/span> <span class=\"sy0\">:<\/span> <span class=\"kw2\">true<\/span><span class=\"sy0\">,<\/span><br \/>\n<span class=\"st0\">&quot;power_supply_voltage&quot;<\/span> <span class=\"sy0\">:<\/span> <span class=\"nu0\">0<\/span><span class=\"sy0\">,<\/span><br \/>\n<span class=\"st0\">&quot;ibutton&quot;<\/span> <span class=\"sy0\">:<\/span> <span class=\"st0\">&quot;xxxxxxxxxx&quot;<\/span><span class=\"sy0\">,<\/span><br \/>\n<span class=\"st0\">&quot;first_driver_id&quot;<\/span> <span class=\"sy0\">:<\/span> <span class=\"st0\">&quot;xxxxxxxxxx&quot;<\/span><span class=\"sy0\">,<\/span><br \/>\n<span class=\"st0\">&quot;second_driver_id&quot;<\/span> <span class=\"sy0\">:<\/span> <span class=\"st0\">&quot;xxxxxxxxxx&quot;<\/span><span class=\"sy0\">,<\/span><br \/>\n<span class=\"st0\">&quot;temperature_sensor_0&quot;<\/span> <span class=\"sy0\">:<\/span> <span class=\"nu0\">0<\/span><span class=\"sy0\">,<\/span><br \/>\n<span class=\"st0\">&quot;temperature_sensor_1&quot;<\/span> <span class=\"sy0\">:<\/span> <span class=\"nu0\">0<\/span><span class=\"sy0\">,<\/span><br \/>\n<span class=\"st0\">&quot;temperature_sensor_2&quot;<\/span> <span class=\"sy0\">:<\/span> <span class=\"nu0\">0<\/span><span class=\"sy0\">,<\/span><br \/>\n<span class=\"st0\">&quot;temperature_sensor_3&quot;<\/span> <span class=\"sy0\">:<\/span> <span class=\"nu0\">0<\/span><br \/>\n<span class=\"br0\">&#125;<\/span><span class=\"sy0\">,<\/span><br \/>\n<span class=\"st0\">&quot;calculated_inputs&quot;<\/span><span class=\"sy0\">:<\/span><span class=\"br0\">&#123;<\/span><br \/>\n<span class=\"st0\">&quot;mileage&quot;<\/span> <span class=\"sy0\">:<\/span> <span class=\"nu0\">0<\/span><br \/>\n<span class=\"br0\">&#125;<\/span><br \/>\n<span class=\"br0\">&#125;<\/span><\/div><\/td><\/tr><\/tbody><\/table><\/div>\n<p>Ak parameter alebo API_key bol zadan\u00fd nespr\u00e1vne, syst\u00e9m odpovie k\u00f3dom chyby. V\u0161etky chybov\u00e9 k\u00f3dy s\u00fa pop\u00edsan\u00e9 v oddiele o API. Parametre s\u00fa pop\u00edsan\u00e9 na konci tohto oddielu.<\/p>\n<p>Druh\u00fd koncov\u00fd bod Hist\u00f3ria API zobrazuje pole historick\u00fdch d\u00e1t pre definovan\u00e9 obdobie. Ka\u017ed\u00fd po\u010det d\u00e1t m\u00e1 ur\u010den\u00fd d\u00e1tum a \u010das, ktor\u00e9 je mo\u017en\u00e9 pou\u017ei\u0165 pri odoslan\u00ed prv\u00e9ho typu po\u017eiadavke Hist\u00f3ria API.<\/p>\n<p>Pr\u00edklad po\u017eiadavke pre ur\u010den\u00e9 obdobie:<\/p>\n<p style=\"background-color: #000000; color: #bbbdc0; font-family: Lucida Console; padding-left: 10px; padding-right: 10px;\">GET \/objects\/{object_id}\/coordinates?version=1{&amp;from_datetime,to_datetime,continuation_token,limit}&amp;api_key=&lt;&#8230;&gt;<br \/>\nHOST:api.fm-track.com<br \/>\nContent-Type:application\/json;charset=UTF-8<\/p>\n<p>Aby po\u017eiadavka Api fungoval, mus\u00ed sa \u0161pecifikova\u0165 tri parametre (okrem API_key):<\/p>\n\n<table id=\"tablepress-107\" class=\"tablepress tablepress-id-107\">\n<thead>\n<tr class=\"row-1\">\n\t<th class=\"column-1\">Parameter<\/th><th class=\"column-2\">Type<\/th><th class=\"column-3\">Description<\/th>\n<\/tr>\n<\/thead>\n<tbody>\n<tr class=\"row-2\">\n\t<td class=\"column-1\">objectId<\/td><td class=\"column-2\">String<\/td><td class=\"column-3\">External object ID<\/td>\n<\/tr>\n<tr class=\"row-3\">\n\t<td class=\"column-1\">fromDatetime<\/td><td class=\"column-2\">Date time<\/td><td class=\"column-3\">Find records starting from the specified date and time.  Date and time format example: \u201c2017-04-13T06:58:48.090Z\u201d in accordance to the ISO-8601 standard<\/td>\n<\/tr>\n<tr class=\"row-4\">\n\t<td class=\"column-1\">version<\/td><td class=\"column-2\">String<\/td><td class=\"column-3\">Version of API<\/td>\n<\/tr>\n<tr class=\"row-5\">\n\t<td class=\"column-1\">api_key<\/td><td class=\"column-2\">String<\/td><td class=\"column-3\">User identification key<\/td>\n<\/tr>\n<\/tbody>\n<\/table>\n<!-- #tablepress-107 from cache -->\n<p>Volite\u013en\u00e9 parametre, ktor\u00e9 nie s\u00fa povinn\u00e9, ale m\u00f4\u017eu by\u0165 za\u010dlenen\u00e9 do po\u017eiadavky:<\/p>\n\n<table id=\"tablepress-108\" class=\"tablepress tablepress-id-108\">\n<thead>\n<tr class=\"row-1\">\n\t<th class=\"column-1\">Parameter<\/th><th class=\"column-2\">Type<\/th><th class=\"column-3\">Description<\/th>\n<\/tr>\n<\/thead>\n<tbody>\n<tr class=\"row-2\">\n\t<td class=\"column-1\">toDatetime<\/td><td class=\"column-2\">Date time<\/td><td class=\"column-3\">Find records up until the specified date and time. If it is not specified, the system will search for records up until the current date until the limit of records is reached. Date and time format example: \u201c2017-04-13T06:58:48.090Z\u201d in accordance to the ISO-8601 standard<\/td>\n<\/tr>\n<tr class=\"row-3\">\n\t<td class=\"column-1\">continuationToken<\/td><td class=\"column-2\">Date time<\/td><td class=\"column-3\">Including a continuation token, will display the next set of records, after the previous limit of records was reached.   <\/td>\n<\/tr>\n<tr class=\"row-4\">\n\t<td class=\"column-1\">limit<\/td><td class=\"column-2\">Integer<\/td><td class=\"column-3\">Limits records to the set count in the system response (default value \u2013 100 records, maximum value \u2013 1000)<\/td>\n<\/tr>\n<tr class=\"row-5\">\n\t<td class=\"column-1\">api_key<\/td><td class=\"column-2\">String<\/td><td class=\"column-3\">User identification code<\/td>\n<\/tr>\n<\/tbody>\n<\/table>\n<!-- #tablepress-108 from cache -->\n<p>Pr\u00edklad odpovede:<\/p>\n<div class=\"codecolorer-container javascript blackboard\" style=\"overflow:auto;white-space:nowrap;width:500px;\"><table cellspacing=\"0\" cellpadding=\"0\"><tbody><tr><td class=\"line-numbers\"><div>1<br \/>2<br \/>3<br \/>4<br \/>5<br \/>6<br \/>7<br \/>8<br \/>9<br \/>10<br \/>11<br \/>12<br \/>13<br \/>14<br \/>15<br \/>16<br \/>17<br \/>18<br \/>19<br \/>20<br \/>21<br \/>22<br \/>23<br \/>24<br \/>25<br \/>26<br \/>27<br \/>28<br \/>29<br \/>30<br \/>31<br \/>32<br \/>33<br \/>34<br \/>35<br \/>36<br \/><\/div><\/td><td><div class=\"javascript codecolorer\"><span class=\"br0\">&#123;<\/span><br \/>\n<span class=\"st0\">&quot;continuation_token&quot;<\/span><span class=\"sy0\">:<\/span> <span class=\"st0\">&quot;2017-04-13T06:58:48.121Z&quot;<\/span><span class=\"sy0\">,<\/span><br \/>\n<span class=\"st0\">&quot;items&quot;<\/span><span class=\"sy0\">:<\/span> <span class=\"br0\">&#91;<\/span><br \/>\n<span class=\"br0\">&#123;<\/span><br \/>\n<span class=\"st0\">&quot;object_id&quot;<\/span> <span class=\"sy0\">:<\/span> <span class=\"st0\">&quot;abc123&quot;<\/span><span class=\"sy0\">,<\/span><br \/>\n<span class=\"st0\">&quot;datetime&quot;<\/span> <span class=\"sy0\">:<\/span> <span class=\"st0\">&quot;2017-04-13T06:58:48.090Z&quot;<\/span><span class=\"sy0\">,<\/span><br \/>\n<span class=\"st0\">&quot;ignition_status&quot;<\/span> <span class=\"sy0\">:<\/span> <span class=\"st0\">&quot;UNKNOWN&quot;<\/span><span class=\"sy0\">,<\/span><br \/>\n<span class=\"st0\">&quot;position&quot;<\/span> <span class=\"sy0\">:<\/span> <span class=\"br0\">&#123;<\/span><br \/>\n<span class=\"st0\">&quot;altitude&quot;<\/span> <span class=\"sy0\">:<\/span> <span class=\"nu0\">0<\/span><span class=\"sy0\">,<\/span><br \/>\n<span class=\"st0\">&quot;direction&quot;<\/span> <span class=\"sy0\">:<\/span> <span class=\"nu0\">0<\/span><span class=\"sy0\">,<\/span><br \/>\n<span class=\"st0\">&quot;latitude&quot;<\/span> <span class=\"sy0\">:<\/span> <span class=\"nu0\">0<\/span><span class=\"sy0\">,<\/span><br \/>\n<span class=\"st0\">&quot;longitude&quot;<\/span> <span class=\"sy0\">:<\/span> <span class=\"nu0\">0<\/span><span class=\"sy0\">,<\/span><br \/>\n<span class=\"st0\">&quot;hdop&quot;<\/span> <span class=\"sy0\">:<\/span> <span class=\"nu0\">0<\/span><span class=\"sy0\">,<\/span><br \/>\n<span class=\"st0\">&quot;satellites_count&quot;<\/span> <span class=\"sy0\">:<\/span> <span class=\"nu0\">0<\/span><span class=\"sy0\">,<\/span><br \/>\n<span class=\"st0\">&quot;speed&quot;<\/span> <span class=\"sy0\">:<\/span> <span class=\"nu0\">0<\/span><br \/>\n<span class=\"br0\">&#125;<\/span><span class=\"sy0\">,<\/span><br \/>\n<span class=\"st0\">&quot;device_inputs&quot;<\/span> <span class=\"sy0\">:<\/span> <span class=\"br0\">&#123;<\/span><br \/>\n<span class=\"st0\">&quot;digital_input_1&quot;<\/span> <span class=\"sy0\">:<\/span> <span class=\"kw2\">true<\/span><span class=\"sy0\">,<\/span><br \/>\n<span class=\"st0\">&quot;digital_input_2&quot;<\/span> <span class=\"sy0\">:<\/span> <span class=\"kw2\">true<\/span><span class=\"sy0\">,<\/span><br \/>\n<span class=\"st0\">&quot;digital_input_3&quot;<\/span> <span class=\"sy0\">:<\/span> <span class=\"kw2\">true<\/span><span class=\"sy0\">,<\/span><br \/>\n<span class=\"st0\">&quot;digital_input_4&quot;<\/span> <span class=\"sy0\">:<\/span> <span class=\"kw2\">true<\/span><span class=\"sy0\">,<\/span><br \/>\n<span class=\"st0\">&quot;power_supply_voltage&quot;<\/span> <span class=\"sy0\">:<\/span> <span class=\"nu0\">0<\/span><span class=\"sy0\">,<\/span><br \/>\n<span class=\"st0\">&quot;ibutton&quot;<\/span> <span class=\"sy0\">:<\/span> <span class=\"st0\">&quot;xxxxxxxxxx&quot;<\/span><span class=\"sy0\">,<\/span><br \/>\n<span class=\"st0\">&quot;first_driver_id&quot;<\/span> <span class=\"sy0\">:<\/span> <span class=\"st0\">&quot;xxxxxxxxxx&quot;<\/span><span class=\"sy0\">,<\/span><br \/>\n<span class=\"st0\">&quot;second_driver_id&quot;<\/span> <span class=\"sy0\">:<\/span> <span class=\"st0\">&quot;xxxxxxxxxx&quot;<\/span><span class=\"sy0\">,<\/span><br \/>\n<span class=\"st0\">&quot;temperature_sensor_0&quot;<\/span> <span class=\"sy0\">:<\/span> <span class=\"nu0\">0<\/span><span class=\"sy0\">,<\/span><br \/>\n<span class=\"st0\">&quot;temperature_sensor_1&quot;<\/span> <span class=\"sy0\">:<\/span> <span class=\"nu0\">0<\/span><span class=\"sy0\">,<\/span><br \/>\n<span class=\"st0\">&quot;temperature_sensor_2&quot;<\/span> <span class=\"sy0\">:<\/span> <span class=\"nu0\">0<\/span><span class=\"sy0\">,<\/span><br \/>\n<span class=\"st0\">&quot;temperature_sensor_3&quot;<\/span> <span class=\"sy0\">:<\/span> <span class=\"nu0\">0<\/span><br \/>\n<span class=\"br0\">&#125;<\/span><span class=\"sy0\">,<\/span><br \/>\n<span class=\"st0\">&quot;calculated_inputs&quot;<\/span><span class=\"sy0\">:<\/span><span class=\"br0\">&#123;<\/span><br \/>\n<span class=\"st0\">&quot;mileage&quot;<\/span> <span class=\"sy0\">:<\/span> <span class=\"nu0\">0<\/span><br \/>\n<span class=\"br0\">&#125;<\/span><br \/>\n<span class=\"br0\">&#125;<\/span><br \/>\n<span class=\"br0\">&#93;<\/span><br \/>\n<span class=\"br0\">&#125;<\/span><\/div><\/td><\/tr><\/tbody><\/table><\/div>\n<p>V\u0161etky polia odpovede, ktor\u00e9 m\u00f4\u017eu by\u0165 prijat\u00e9 s ka\u017ed\u00fdm typom parametra s\u00fa pop\u00edsan\u00e9 v nasleduj\u00facej tabu\u013eke:<\/p>\n\n<table id=\"tablepress-109\" class=\"tablepress tablepress-id-109\">\n<thead>\n<tr class=\"row-1\">\n\t<th class=\"column-1\">Name<\/th><th class=\"column-2\">Type<\/th><th class=\"column-3\">Description<\/th><th class=\"column-4\">Units<\/th>\n<\/tr>\n<\/thead>\n<tbody>\n<tr class=\"row-2\">\n\t<td class=\"column-1\">continuation_token<\/td><td class=\"column-2\"><\/td><td class=\"column-3\">Continuation token is received when requesting large amounts of records, for long periods, which exceeds the set records limit, the continuation token will be  displayed at the end of the response. It can be used afterwards to display the next set of records for the selected period. If no more records are available after the token, the response will return empty.<\/td><td class=\"column-4\">Datetime<\/td>\n<\/tr>\n<tr class=\"row-3\">\n\t<td class=\"column-1\">device_inputs<\/td><td class=\"column-2\">Array<\/td><td class=\"column-3\">Container for parameters received from hardware<\/td><td class=\"column-4\"><\/td>\n<\/tr>\n<tr class=\"row-4\">\n\t<td class=\"column-1\">calculated_inputs<\/td><td class=\"column-2\">Array<\/td><td class=\"column-3\">Container for parameters calculated in system from other parameters according to the configuration<\/td><td class=\"column-4\"><\/td>\n<\/tr>\n<tr class=\"row-5\">\n\t<td class=\"column-1\">items<\/td><td class=\"column-2\">Array<\/td><td class=\"column-3\">Contains all parameters in accordance to the request<\/td><td class=\"column-4\"><\/td>\n<\/tr>\n<tr class=\"row-6\">\n\t<td class=\"column-1\">object_id<\/td><td class=\"column-2\">String<\/td><td class=\"column-3\">Object identifier (external)<\/td><td class=\"column-4\">Text<\/td>\n<\/tr>\n<tr class=\"row-7\">\n\t<td class=\"column-1\">datetime<\/td><td class=\"column-2\">Date<\/td><td class=\"column-3\">Date and time point of coordinate generated in hardware<br \/>\nFormat: \"yyyy-mm-ddThh:mm:ss.sssZ\"<br \/>\n<\/td><td class=\"column-4\">According ISO-8601<\/td>\n<\/tr>\n<tr class=\"row-8\">\n\t<td class=\"column-1\">longitude<\/td><td class=\"column-2\">Float<\/td><td class=\"column-3\">GPS coordinate - longitude value<\/td><td class=\"column-4\">Degrees<\/td>\n<\/tr>\n<tr class=\"row-9\">\n\t<td class=\"column-1\">latitude<\/td><td class=\"column-2\">Float<\/td><td class=\"column-3\">GPS coordinate - latitude value<\/td><td class=\"column-4\">Degrees<\/td>\n<\/tr>\n<tr class=\"row-10\">\n\t<td class=\"column-1\">altitude<\/td><td class=\"column-2\">Integer<\/td><td class=\"column-3\">GPS coordinate - altitude value<\/td><td class=\"column-4\">Number<\/td>\n<\/tr>\n<tr class=\"row-11\">\n\t<td class=\"column-1\">speed<\/td><td class=\"column-2\">Integer<\/td><td class=\"column-3\">Object moving speed<\/td><td class=\"column-4\">km\/h<\/td>\n<\/tr>\n<tr class=\"row-12\">\n\t<td class=\"column-1\">direction<\/td><td class=\"column-2\">Integer<\/td><td class=\"column-3\">Moving direction in degrees<\/td><td class=\"column-4\">0 = north, increasing clock-wise<\/td>\n<\/tr>\n<tr class=\"row-13\">\n\t<td class=\"column-1\">ignition_status<\/td><td class=\"column-2\">Enum<\/td><td class=\"column-3\">Indicating if object has ignition on.<br \/>\n\"ON\" - Ignition on <br \/>\n\"OFF\" - Ignition off<br \/>\n\"UNKNOWN\" - No data about ignition<br \/>\n<\/td><td class=\"column-4\">ON- OFF <\/td>\n<\/tr>\n<tr class=\"row-14\">\n\t<td class=\"column-1\">digital_input_1<\/td><td class=\"column-2\">Boolean<\/td><td class=\"column-3\">Configurated object or its equipment status<br \/>\ntrue - status = active <br \/>\nfalse - status = inactive<br \/>\n<\/td><td class=\"column-4\">True - False<\/td>\n<\/tr>\n<tr class=\"row-15\">\n\t<td class=\"column-1\">digital_input_2<\/td><td class=\"column-2\">Boolean<\/td><td class=\"column-3\">Configured object or its equipment status<br \/>\ntrue - status = active <br \/>\nfalse - status = inactive<br \/>\n<\/td><td class=\"column-4\">True - False<\/td>\n<\/tr>\n<tr class=\"row-16\">\n\t<td class=\"column-1\">digital_input_3<\/td><td class=\"column-2\">Boolean<\/td><td class=\"column-3\">Configured object or its equipment status<br \/>\ntrue - status = active <br \/>\nfalse - status = inactive<br \/>\n<\/td><td class=\"column-4\">True - False<\/td>\n<\/tr>\n<tr class=\"row-17\">\n\t<td class=\"column-1\">digital_input_4<\/td><td class=\"column-2\">Boolean<\/td><td class=\"column-3\">Configured object or its equipment status<br \/>\ntrue - status = active <br \/>\nfalse - status = inactive<br \/>\n<\/td><td class=\"column-4\">True - False<\/td>\n<\/tr>\n<tr class=\"row-18\">\n\t<td class=\"column-1\">ibutton<\/td><td class=\"column-2\">String<\/td><td class=\"column-3\">iButton or RFID card code of a driver assigned to a vehicle<\/td><td class=\"column-4\">Text<\/td>\n<\/tr>\n<tr class=\"row-19\">\n\t<td class=\"column-1\">first_driver_id<\/td><td class=\"column-2\">String<\/td><td class=\"column-3\">TCO code of the first driver<\/td><td class=\"column-4\">Text<\/td>\n<\/tr>\n<tr class=\"row-20\">\n\t<td class=\"column-1\">second_driver_id<\/td><td class=\"column-2\">String<\/td><td class=\"column-3\">TCO code of the second driver<\/td><td class=\"column-4\">Text<\/td>\n<\/tr>\n<tr class=\"row-21\">\n\t<td class=\"column-1\">satellites_count<\/td><td class=\"column-2\">Integer<\/td><td class=\"column-3\">Number of visible GPS or GLONASS satellites(depends on device configuration) while generating record in device<\/td><td class=\"column-4\">Number<\/td>\n<\/tr>\n<tr class=\"row-22\">\n\t<td class=\"column-1\">mileage<\/td><td class=\"column-2\">Float<\/td><td class=\"column-3\">Object driven distance (depends on object configuration)<\/td><td class=\"column-4\">km<\/td>\n<\/tr>\n<tr class=\"row-23\">\n\t<td class=\"column-1\">power_supply_voltage<\/td><td class=\"column-2\">Integer<\/td><td class=\"column-3\">Object power supply voltage<\/td><td class=\"column-4\">mV<\/td>\n<\/tr>\n<\/tbody>\n<\/table>\n<!-- #tablepress-109 from cache -->\n<p>Koncov\u00e9 body API, parametre po\u017eiadavke a odpovede mo\u017eno sledova\u0165 v &#8220;Swagger&#8221; prostredn\u00edctvom odkazu: <a href=\"https:\/\/api.fm-track.com\/swagger-ui.html\">https:\/\/api.fm-track.com<\/a><\/p>\n<hr \/>\n<p><div class=\"alignleft\"><a href=\"https:\/\/www.fmsdocumentation.com\/sk\/api\/\" title=\"API\"><span class=\"arrow\">\u2039 &nbsp <\/span> API <\/a><\/div> <div class=\"alignright\"><a href=\"https:\/\/www.fmsdocumentation.com\/sk\/api\/zasielanie-suradnic-objektu-pre-api\/\" title=\"Zasielanie s\u00faradn\u00edc objektu pre API\">Zasielanie s\u00faradn\u00edc objektu pre API <span class=\"arrow\"> &nbsp\u203a <\/span> <\/a><\/div><\/p>\n","protected":false},"excerpt":{"rendered":"<p>\u00da\u010delom hist\u00f3ria s\u00faradn\u00edc API je v\u00fdstup historick\u00fdch d\u00e1t objektu klienta (s\u00faradn\u00edc). Hist\u00f3ria s\u00faradn\u00edc m\u00e1 dva koncov\u00e9 body, teda s\u00fa dva typy po\u017eiadaviek. Prv\u00fd typ po\u017eiadavky je pre objekt. Tone a ur\u010dit\u00fd d\u00e1tum a \u010das. Zobraz\u00ed sa iba d\u00e1ta zaznamenan\u00e1 v ur\u010ditom d\u00e1tume a \u010dase. Pr\u00edklad po\u017eiadavke pre ur\u010dit\u00fd d\u00e1tum: GET \/objects\/{object_id}\/coordinates\/{datetime}?version=1&amp;api_key=&lt;&#8230;&gt; HOST:api.fm-track.com Content-Type:application\/json;charset=UTF-8 Aby po\u017eiadavka &hellip; <a href=\"https:\/\/www.fmsdocumentation.com\/sk\/api\/historia-suradnic-objektu-api\/\" class=\"more-link\">Pokra\u010dova\u0165 v \u010d\u00edtan\u00ed: <span class=\"screen-reader-text\">Hist\u00f3ria s\u00faradn\u00edc objektu API<\/span><\/a><\/p>\n","protected":false},"author":5,"featured_media":0,"parent":6618,"menu_order":1,"comment_status":"closed","ping_status":"closed","template":"","meta":{"footnotes":""},"class_list":["post-6621","page","type-page","status-publish","hentry"],"_links":{"self":[{"href":"https:\/\/www.fmsdocumentation.com\/sk\/wp-json\/wp\/v2\/pages\/6621","targetHints":{"allow":["GET"]}}],"collection":[{"href":"https:\/\/www.fmsdocumentation.com\/sk\/wp-json\/wp\/v2\/pages"}],"about":[{"href":"https:\/\/www.fmsdocumentation.com\/sk\/wp-json\/wp\/v2\/types\/page"}],"author":[{"embeddable":true,"href":"https:\/\/www.fmsdocumentation.com\/sk\/wp-json\/wp\/v2\/users\/5"}],"replies":[{"embeddable":true,"href":"https:\/\/www.fmsdocumentation.com\/sk\/wp-json\/wp\/v2\/comments?post=6621"}],"version-history":[{"count":3,"href":"https:\/\/www.fmsdocumentation.com\/sk\/wp-json\/wp\/v2\/pages\/6621\/revisions"}],"predecessor-version":[{"id":6681,"href":"https:\/\/www.fmsdocumentation.com\/sk\/wp-json\/wp\/v2\/pages\/6621\/revisions\/6681"}],"up":[{"embeddable":true,"href":"https:\/\/www.fmsdocumentation.com\/sk\/wp-json\/wp\/v2\/pages\/6618"}],"wp:attachment":[{"href":"https:\/\/www.fmsdocumentation.com\/sk\/wp-json\/wp\/v2\/media?parent=6621"}],"curies":[{"name":"wp","href":"https:\/\/api.w.org\/{rel}","templated":true}]}}