{"id":6627,"date":"2018-12-13T17:32:47","date_gmt":"2018-12-13T15:32:47","guid":{"rendered":"http:\/\/www.fmsdocumentation.com\/?page_id=6627"},"modified":"2018-12-14T09:14:01","modified_gmt":"2018-12-14T07:14:01","slug":"objekt-api","status":"publish","type":"page","link":"https:\/\/www.fmsdocumentation.com\/sk\/api\/objekt-api\/","title":{"rendered":"Objekt API"},"content":{"rendered":"<p>\u00da\u010delom tejto funkcie je poskytn\u00fa\u0165 z\u00e1kladn\u00fa inform\u00e1ciu o jednom alebo v\u0161etk\u00fdch objektoch klienta. Objekt API m\u00f4\u017ee by\u0165 po\u017eadovan\u00fd bu\u010f pre jeden konkr\u00e9tny objekt alebo, ak nie je \u017eiadny objekt \u0161pecifikovan\u00fd, API vr\u00e1ti v\u0161etky existuj\u00face objekty klienta.<\/p>\n<p>Pr\u00edklad po\u017eiadavke API pre konkr\u00e9tny objekt:<\/p>\n<p style=\"background-color: #000000; color: #bbbdc0; font-family: Lucida Console; padding-left: 10px; padding-right: 10px;\">GET \/objects\/{object_id}?version=1&amp;api_key=&lt;&#8230;&gt;<br \/>\nHOST: api.fm-track.com<br \/>\nContent-Type:application\/json;charset=UTF-8<\/p>\n<p>Aby toto API fungovalo, s\u00fa povinn\u00e9 dva parametre (mimo API_key):<\/p>\n\n<table id=\"tablepress-113\" class=\"tablepress tablepress-id-113\">\n<thead>\n<tr class=\"row-1\">\n\t<th class=\"column-1\">Parameter<\/th><th class=\"column-2\">Type<\/th><th class=\"column-3\">Description<\/th>\n<\/tr>\n<\/thead>\n<tbody>\n<tr class=\"row-2\">\n\t<td class=\"column-1\">objectId<\/td><td class=\"column-2\">String<\/td><td class=\"column-3\">Object identifier (This ID can be acquired by sending and API request for clients all available objects)<\/td>\n<\/tr>\n<tr class=\"row-3\">\n\t<td class=\"column-1\">version<\/td><td class=\"column-2\">String<\/td><td class=\"column-3\">Version of the API, currently only version=1 is available<\/td>\n<\/tr>\n<tr class=\"row-4\">\n\t<td class=\"column-1\">api_key<\/td><td class=\"column-2\">String<\/td><td class=\"column-3\">User identification key<\/td>\n<\/tr>\n<\/tbody>\n<\/table>\n<!-- #tablepress-113 from cache -->\n<div class=\"codecolorer-container javascript blackboard\" style=\"overflow:auto;white-space:nowrap;width:500px;\"><table cellspacing=\"0\" cellpadding=\"0\"><tbody><tr><td class=\"line-numbers\"><div>1<br \/>2<br \/>3<br \/>4<br \/>5<br \/>6<br \/>7<br \/>8<br \/>9<br \/>10<br \/><\/div><\/td><td><div class=\"javascript codecolorer\"><span class=\"br0\">&#123;<\/span><br \/>\n<span class=\"st0\">&quot;id&quot;<\/span> <span class=\"sy0\">:<\/span> <span class=\"st0\">&quot;abc123&quot;<\/span><span class=\"sy0\">,<\/span><br \/>\n<span class=\"st0\">&quot;name&quot;<\/span> <span class=\"sy0\">:<\/span> <span class=\"st0\">&quot;AAA 000&quot;<\/span><span class=\"sy0\">,<\/span><br \/>\n<span class=\"st0\">&quot;imei&quot;<\/span> <span class=\"sy0\">:<\/span> <span class=\"nu0\">123456789123<\/span><span class=\"sy0\">,<\/span><br \/>\n<span class=\"st0\">&quot;vehicle_params&quot;<\/span> <span class=\"sy0\">:<\/span> <span class=\"br0\">&#123;<\/span><br \/>\n<span class=\"st0\">&quot;vin&quot;<\/span> <span class=\"sy0\">:<\/span> <span class=\"kw2\">null<\/span><span class=\"sy0\">,<\/span><br \/>\n<span class=\"st0\">&quot;make&quot;<\/span> <span class=\"sy0\">:<\/span> <span class=\"kw2\">null<\/span><span class=\"sy0\">,<\/span><br \/>\n<span class=\"st0\">&quot;model&quot;<\/span> <span class=\"sy0\">:<\/span> <span class=\"kw2\">null<\/span><br \/>\n<span class=\"br0\">&#125;<\/span><br \/>\n<span class=\"br0\">&#125;<\/span><\/div><\/td><\/tr><\/tbody><\/table><\/div>\n<p>Pr\u00edklad po\u017eiadavke API pre v\u0161etky objekty klienta:<\/p>\n<p style=\"background-color: #000000; color: #bbbdc0; font-family: Lucida Console; padding-left: 10px; padding-right: 10px;\">GET \/objects?version=1&amp;api_key=&lt;&#8230;&gt;<br \/>\nHOST: api.fm-track.com<br \/>\nContent-Type:application\/json;charset=UTF-8<\/p>\n<p>&nbsp;<\/p>\n<p>Pre toto API je povinn\u00fd jeden parameter (mimo API_key):<\/p>\n\n<table id=\"tablepress-114\" class=\"tablepress tablepress-id-114\">\n<thead>\n<tr class=\"row-1\">\n\t<th class=\"column-1\">Parameter<\/th><th class=\"column-2\">Type<\/th><th class=\"column-3\">Description<\/th>\n<\/tr>\n<\/thead>\n<tbody>\n<tr class=\"row-2\">\n\t<td class=\"column-1\">version<\/td><td class=\"column-2\">String<\/td><td class=\"column-3\">Version of the API, currently only version=1 is available<\/td>\n<\/tr>\n<tr class=\"row-3\">\n\t<td class=\"column-1\">api_key<\/td><td class=\"column-2\">String<\/td><td class=\"column-3\">User identification key<\/td>\n<\/tr>\n<\/tbody>\n<\/table>\n<!-- #tablepress-114 from cache -->\n<p>Odpove\u010f servera je identick\u00e1 odpovede pre jeden objekt, s t\u00fdm, \u017ee sa jedn\u00e1 o v\u0161etky objekty.<\/p>\n<p>V\u0161etky zodpovedn\u00ed polia, ktor\u00e9 m\u00f4\u017eu by\u0165 doru\u010den\u00e1 s ka\u017ed\u00fdm typom parametra s\u00fa pop\u00edsan\u00e9 v nasleduj\u00facej tabu\u013eke:<\/p>\n\n<table id=\"tablepress-115\" class=\"tablepress tablepress-id-115\">\n<thead>\n<tr class=\"row-1\">\n\t<th class=\"column-1\">Name<\/th><th class=\"column-2\">Type<\/th><th class=\"column-3\">Description<\/th>\n<\/tr>\n<\/thead>\n<tbody>\n<tr class=\"row-2\">\n\t<td class=\"column-1\">name<\/td><td class=\"column-2\">String<\/td><td class=\"column-3\">Visible vehicle name<\/td>\n<\/tr>\n<tr class=\"row-3\">\n\t<td class=\"column-1\">imei<\/td><td class=\"column-2\">String<\/td><td class=\"column-3\">Vehicle hardware IMEI code<\/td>\n<\/tr>\n<tr class=\"row-4\">\n\t<td class=\"column-1\">make<\/td><td class=\"column-2\">String<\/td><td class=\"column-3\">Vehicle brand<\/td>\n<\/tr>\n<tr class=\"row-5\">\n\t<td class=\"column-1\">model<\/td><td class=\"column-2\">String<\/td><td class=\"column-3\">Vehicle brand model<\/td>\n<\/tr>\n<tr class=\"row-6\">\n\t<td class=\"column-1\">object_id<\/td><td class=\"column-2\">String<\/td><td class=\"column-3\">Object identifier (external)<\/td>\n<\/tr>\n<tr class=\"row-7\">\n\t<td class=\"column-1\">vin<\/td><td class=\"column-2\">String<\/td><td class=\"column-3\">VIN of object<\/td>\n<\/tr>\n<\/tbody>\n<\/table>\n<!-- #tablepress-115 from cache -->\n<p>Koncov\u00e9 body API, parametre po\u017eiadaviek a odpovede s\u00fa k nahliadnutiu v &#8220;Swagger&#8221; prostredn\u00edctvom tohto odkazu: <a href=\"https:\/\/api.fm-track.com\/swagger-ui.html\">https:\/\/api.fm-track.com<\/a><\/p>\n<hr \/>\n<p><div class=\"alignleft\"><a href=\"https:\/\/www.fmsdocumentation.com\/sk\/api\/zasielanie-suradnic-objektu-pre-api\/\" title=\"Zasielanie s\u00faradn\u00edc objektu pre API\"><span class=\"arrow\">\u2039 &nbsp <\/span> Zasielanie s\u00faradn\u00edc objektu pre API <\/a><\/div> <div class=\"alignright\"><a href=\"https:\/\/www.fmsdocumentation.com\/sk\/zostavy\/\" title=\"Zostavy\">Zostavy <span class=\"arrow\"> &nbsp\u203a <\/span> <\/a><\/div><\/p>\n","protected":false},"excerpt":{"rendered":"<p>\u00da\u010delom tejto funkcie je poskytn\u00fa\u0165 z\u00e1kladn\u00fa inform\u00e1ciu o jednom alebo v\u0161etk\u00fdch objektoch klienta. Objekt API m\u00f4\u017ee by\u0165 po\u017eadovan\u00fd bu\u010f pre jeden konkr\u00e9tny objekt alebo, ak nie je \u017eiadny objekt \u0161pecifikovan\u00fd, API vr\u00e1ti v\u0161etky existuj\u00face objekty klienta. Pr\u00edklad po\u017eiadavke API pre konkr\u00e9tny objekt: GET \/objects\/{object_id}?version=1&amp;api_key=&lt;&#8230;&gt; HOST: api.fm-track.com Content-Type:application\/json;charset=UTF-8 Aby toto API fungovalo, s\u00fa povinn\u00e9 dva parametre &hellip; <a href=\"https:\/\/www.fmsdocumentation.com\/sk\/api\/objekt-api\/\" class=\"more-link\">Pokra\u010dova\u0165 v \u010d\u00edtan\u00ed: <span class=\"screen-reader-text\">Objekt API<\/span><\/a><\/p>\n","protected":false},"author":5,"featured_media":0,"parent":6618,"menu_order":5,"comment_status":"closed","ping_status":"closed","template":"","meta":{"footnotes":""},"class_list":["post-6627","page","type-page","status-publish","hentry"],"_links":{"self":[{"href":"https:\/\/www.fmsdocumentation.com\/sk\/wp-json\/wp\/v2\/pages\/6627","targetHints":{"allow":["GET"]}}],"collection":[{"href":"https:\/\/www.fmsdocumentation.com\/sk\/wp-json\/wp\/v2\/pages"}],"about":[{"href":"https:\/\/www.fmsdocumentation.com\/sk\/wp-json\/wp\/v2\/types\/page"}],"author":[{"embeddable":true,"href":"https:\/\/www.fmsdocumentation.com\/sk\/wp-json\/wp\/v2\/users\/5"}],"replies":[{"embeddable":true,"href":"https:\/\/www.fmsdocumentation.com\/sk\/wp-json\/wp\/v2\/comments?post=6627"}],"version-history":[{"count":3,"href":"https:\/\/www.fmsdocumentation.com\/sk\/wp-json\/wp\/v2\/pages\/6627\/revisions"}],"predecessor-version":[{"id":6683,"href":"https:\/\/www.fmsdocumentation.com\/sk\/wp-json\/wp\/v2\/pages\/6627\/revisions\/6683"}],"up":[{"embeddable":true,"href":"https:\/\/www.fmsdocumentation.com\/sk\/wp-json\/wp\/v2\/pages\/6618"}],"wp:attachment":[{"href":"https:\/\/www.fmsdocumentation.com\/sk\/wp-json\/wp\/v2\/media?parent=6627"}],"curies":[{"name":"wp","href":"https:\/\/api.w.org\/{rel}","templated":true}]}}