{"id":6633,"date":"2018-12-13T17:35:56","date_gmt":"2018-12-13T15:35:56","guid":{"rendered":"http:\/\/www.fmsdocumentation.com\/?page_id=6633"},"modified":"2018-12-14T09:16:04","modified_gmt":"2018-12-14T07:16:04","slug":"navigacne-menu","status":"publish","type":"page","link":"https:\/\/www.fmsdocumentation.com\/sk\/instalacia-a-prihlasenie-do-aplikacie-sledovania\/navigacne-menu\/","title":{"rendered":"Naviga\u010dn\u00e9 menu"},"content":{"rendered":"<p>Naviga\u010dn\u00e9 menu sa otvor\u00ed kliknut\u00edm na ikonu troch \u0161ed\u00fdch liniek v \u013eavej hornej \u010dasti obrazovky.<\/p>\n<p><a href=\"https:\/\/www.fmsdocumentation.com\/wp-content\/uploads\/2017\/04\/179.png\"><img loading=\"lazy\" decoding=\"async\" class=\"alignnone wp-image-430 size-medium\" src=\"https:\/\/www.fmsdocumentation.com\/wp-content\/uploads\/2017\/04\/179-300x215.png\" alt=\"\" width=\"300\" height=\"215\" srcset=\"https:\/\/www.fmsdocumentation.com\/wp-content\/uploads\/2017\/04\/179-300x215.png 300w, https:\/\/www.fmsdocumentation.com\/wp-content\/uploads\/2017\/04\/179.png 534w\" sizes=\"auto, (max-width: 300px) 100vw, 300px\" \/><\/a><\/p>\n<p>V hornej \u010dasti menu sa zobraz\u00ed meno vodi\u010da ak dispoz\u00edcii bud\u00fa nasleduj\u00face panely:<\/p>\n<ul>\n<li><a href=\"https:\/\/www.fmsdocumentation.com\/sk\/instalacia-a-prihlasenie-do-aplikacie-sledovania\/moje-ulohy\/?lang=sk\">Moje \u00falohy<\/a>\u00a0&#8211; tento panel poskytuje preh\u013ead priraden\u00fdch \u00faloh aktu\u00e1lnemu u\u017e\u00edvate\u013eovi. \u0160tandardne otvoren\u00fd.<\/li>\n<li><a href=\"https:\/\/www.fmsdocumentation.com\/sk\/instalacia-a-prihlasenie-do-aplikacie-sledovania\/komunikacia\/?lang=sk\">Komunik\u00e1cia<\/a> &#8211; tento panel sl\u00fa\u017ei na komunik\u00e1ciu s oper\u00e1torom pracuj\u00facim so syst\u00e9mom sledovania vozidiel.<\/li>\n<li>Odhl\u00e1senie.<\/li>\n<\/ul>\n<p><a href=\"https:\/\/www.fmsdocumentation.com\/wp-content\/uploads\/2017\/04\/180.png\"><img loading=\"lazy\" decoding=\"async\" class=\"alignnone wp-image-291 size-medium\" src=\"https:\/\/www.fmsdocumentation.com\/wp-content\/uploads\/2017\/04\/180-300x239.png\" alt=\"\" width=\"300\" height=\"239\" srcset=\"https:\/\/www.fmsdocumentation.com\/wp-content\/uploads\/2017\/04\/180-300x239.png 300w, https:\/\/www.fmsdocumentation.com\/wp-content\/uploads\/2017\/04\/180.png 720w\" sizes=\"auto, (max-width: 300px) 100vw, 300px\" \/><\/a><\/p>\n<hr \/>\n<p> <div class=\"alignright\"><a href=\"https:\/\/www.fmsdocumentation.com\/sk\/vytvorenie-novej-ulohy\/\" title=\"Vytvorenie novej \u00falohy\">Vytvorenie novej \u00falohy <span class=\"arrow\"> &nbsp\u203a <\/span> <\/a><\/div><\/p>\n","protected":false},"excerpt":{"rendered":"<p>Naviga\u010dn\u00e9 menu sa otvor\u00ed kliknut\u00edm na ikonu troch \u0161ed\u00fdch liniek v \u013eavej hornej \u010dasti obrazovky. V hornej \u010dasti menu sa zobraz\u00ed meno vodi\u010da ak dispoz\u00edcii bud\u00fa nasleduj\u00face panely: Moje \u00falohy\u00a0&#8211; tento panel poskytuje preh\u013ead priraden\u00fdch \u00faloh aktu\u00e1lnemu u\u017e\u00edvate\u013eovi. \u0160tandardne otvoren\u00fd. Komunik\u00e1cia &#8211; tento panel sl\u00fa\u017ei na komunik\u00e1ciu s oper\u00e1torom pracuj\u00facim so syst\u00e9mom sledovania vozidiel. Odhl\u00e1senie.<\/p>\n","protected":false},"author":5,"featured_media":0,"parent":6630,"menu_order":2,"comment_status":"closed","ping_status":"closed","template":"","meta":{"footnotes":""},"class_list":["post-6633","page","type-page","status-publish","hentry"],"_links":{"self":[{"href":"https:\/\/www.fmsdocumentation.com\/sk\/wp-json\/wp\/v2\/pages\/6633","targetHints":{"allow":["GET"]}}],"collection":[{"href":"https:\/\/www.fmsdocumentation.com\/sk\/wp-json\/wp\/v2\/pages"}],"about":[{"href":"https:\/\/www.fmsdocumentation.com\/sk\/wp-json\/wp\/v2\/types\/page"}],"author":[{"embeddable":true,"href":"https:\/\/www.fmsdocumentation.com\/sk\/wp-json\/wp\/v2\/users\/5"}],"replies":[{"embeddable":true,"href":"https:\/\/www.fmsdocumentation.com\/sk\/wp-json\/wp\/v2\/comments?post=6633"}],"version-history":[{"count":2,"href":"https:\/\/www.fmsdocumentation.com\/sk\/wp-json\/wp\/v2\/pages\/6633\/revisions"}],"predecessor-version":[{"id":6685,"href":"https:\/\/www.fmsdocumentation.com\/sk\/wp-json\/wp\/v2\/pages\/6633\/revisions\/6685"}],"up":[{"embeddable":true,"href":"https:\/\/www.fmsdocumentation.com\/sk\/wp-json\/wp\/v2\/pages\/6630"}],"wp:attachment":[{"href":"https:\/\/www.fmsdocumentation.com\/sk\/wp-json\/wp\/v2\/media?parent=6633"}],"curies":[{"name":"wp","href":"https:\/\/api.w.org\/{rel}","templated":true}]}}