{"id":6635,"date":"2018-12-13T17:38:14","date_gmt":"2018-12-13T15:38:14","guid":{"rendered":"http:\/\/www.fmsdocumentation.com\/?page_id=6635"},"modified":"2018-12-13T17:38:14","modified_gmt":"2018-12-13T15:38:14","slug":"moje-ulohy","status":"publish","type":"page","link":"https:\/\/www.fmsdocumentation.com\/sk\/instalacia-a-prihlasenie-do-aplikacie-sledovania\/moje-ulohy\/","title":{"rendered":"Moje \u00falohy"},"content":{"rendered":"<p>U\u017e\u00edvate\u013e je po prihl\u00e1sen\u00ed najprv nasmerovan\u00fd na panel &#8220;Moje \u00falohy&#8221; a \u0161t\u00edtok &#8220;Moje \u00falohy&#8221;. Aktu\u00e1lny n\u00e1zov panelu je v\u017edy zobrazen\u00fd hore. Aktu\u00e1lne zvolen\u00fd \u0161t\u00edtok je zv\u00fdraznen\u00fd bielo (ostatn\u00e9 s\u00fa siv\u00e9) a \u0161t\u00edtok je ozna\u010den\u00fd modrou \u010diarou. Na tomto paneli s\u00fa tri \u0161t\u00edtky:<\/p>\n<ul>\n<li>Moje \u00falohy &#8211; Obsahuje zoznam \u00faloh prijat\u00fdch od oper\u00e1tora, \u00falohy m\u00f4\u017eu by\u0165 tvoren\u00e9, priraden\u00e9 a modifikovan\u00e9 v paneli &#8220;\u00dalohy&#8221;. Pop\u00edsan\u00e9 je to v oddiele &#8220;<u><a href=\"https:\/\/www.fmsdocumentation.com\/routing-menu\/creating-new-tasks\/?lang=cs\">\u00falohy<\/a><\/u>&#8220;.<\/li>\n<li>Hotovo &#8211; Tento \u0161t\u00edtok zobraz\u00ed akceptovan\u00e9 a hotov\u00e9 \u00falohy. Tento panel je ur\u010den\u00fd pre rev\u00edziu star\u00fdch \u00faloh.<\/li>\n<li>Zru\u0161en\u00fd &#8211; Tento \u0161t\u00edtok zobrazuje \u00falohy zru\u0161enej vodi\u010dom. Tento panel je ur\u010den\u00fd pre rev\u00edziu star\u00fdch \u00faloh.<\/li>\n<\/ul>\n<p style=\"background-color: #2e67b1; color: #ffffff; padding-left: 10px; padding-right: 10px;\"><p class=\"note\">Pozn\u00e1mka<br \/>\nAkon\u00e1hle sa \u00faloha dala do procesu, nemo\u017eno ju modifikova\u0165 a nemo\u017eno ju potom ozna\u010di\u0165 za ukon\u010den\u00fa \u010di zru\u0161en\u00fa. Ak je \u00faloha zru\u0161en\u00e1 nemo\u017eno ju potom akceptova\u0165. Akon\u00e1hle je hotov\u00e1 nemo\u017eno ju modifikova\u0165.<\/p><\/p>\n<p><a href=\"https:\/\/www.fmsdocumentation.com\/wp-content\/uploads\/2017\/04\/181.png\"><img loading=\"lazy\" decoding=\"async\" class=\"alignnone wp-image-294 size-medium\" src=\"https:\/\/www.fmsdocumentation.com\/wp-content\/uploads\/2017\/04\/181-300x255.png\" alt=\"\" width=\"300\" height=\"255\" srcset=\"https:\/\/www.fmsdocumentation.com\/wp-content\/uploads\/2017\/04\/181-300x255.png 300w, https:\/\/www.fmsdocumentation.com\/wp-content\/uploads\/2017\/04\/181.png 720w\" sizes=\"auto, (max-width: 300px) 100vw, 300px\" \/><\/a><\/p>\n<p>Ka\u017ed\u00e1 \u00faloha v zozname zobrazuje z\u00e1kladn\u00e9 inform\u00e1cie:<\/p>\n<ol>\n<li>Adresu destin\u00e1cie;<\/li>\n<li>D\u00e1tum a \u010das pr\u00edchodu;<\/li>\n<li>Pre\u010d\u00edtan\u00e9 \/ nepre\u010d\u00edtan\u00e9 &#8211; ak je \u00faloha nov\u00fd a nebol e\u0161te pre\u010d\u00edtan\u00fd, je ved\u013ea neho vpravo siv\u00e1 bodka. Ak je \u00faloha pre\u010d\u00edtan\u00e1, nebude zobrazen\u00fd \u017eiadny bod.<\/li>\n<\/ol>\n<p><a href=\"https:\/\/www.fmsdocumentation.com\/wp-content\/uploads\/2017\/04\/225.png\"><img loading=\"lazy\" decoding=\"async\" class=\"alignnone wp-image-432 size-medium\" src=\"https:\/\/www.fmsdocumentation.com\/wp-content\/uploads\/2017\/04\/225-300x193.png\" alt=\"\" width=\"300\" height=\"193\" srcset=\"https:\/\/www.fmsdocumentation.com\/wp-content\/uploads\/2017\/04\/225-300x193.png 300w, https:\/\/www.fmsdocumentation.com\/wp-content\/uploads\/2017\/04\/225.png 720w\" sizes=\"auto, (max-width: 300px) 100vw, 300px\" \/><\/a><\/p>\n<p><p class=\"note\">Pozn\u00e1mka<br \/>\nD\u00e1tum pr\u00edchodu po term\u00edne nelimituje zmenu stavu. (Napr. D\u00e1tum je nastaven\u00fd na 10. novembra, ale vodi\u010d pri\u0161iel 15. Vodi\u010d st\u00e1le m\u00f4\u017ee ozna\u010di\u0165 \u00falohu ako splnen\u00fa. In\u00fd pr\u00edklad: D\u00e1tum pr\u00edchodu je 10. novembra, aktu\u00e1lny d\u00e1tum je 11. novembra, vodi\u010d m\u00f4\u017ee \u00falohu odmietnu\u0165).<\/p><\/p>\n<p>Pre zobrazenie dodato\u010dn\u00fdch inform\u00e1ci\u00ed mo\u017eno \u00falohu roz\u0161\u00edri\u0165. Jednoducho sa klikne na \u00falohu, otvor\u00ed sa nov\u00fd panel s podrobnos\u0165ami \u00falohy. Panel obsahuje:<\/p>\n<ul>\n<li>Mapu s aktu\u00e1lnou polohou, po\u010diato\u010dn\u00e9 a koncov\u00fa polohu;<\/li>\n<li>Vzdialenos\u0165 do cie\u013ea;<\/li>\n<li>D\u00e1tum a \u010das pr\u00edchodu;<\/li>\n<li>Predpokladanou dobou trvania od za\u010diatku do konca jazdy.<\/li>\n<li>Adresu v\u00fdjazdu;<\/li>\n<li>Adresu cie\u013ea;<\/li>\n<li>Pozn\u00e1mky &#8211; Tu s\u00fa dodato\u010dn\u00e9 inform\u00e1cie pripojen\u00e9 oper\u00e1torom k \u00falohe (Obmedzen\u00e9 na 250 znakov), je to pop\u00edsan\u00e9 v oddiele &#8220;<u><a href=\"https:\/\/www.fmsdocumentation.com\/routing-menu\/creating-new-tasks\/?lang=cs\">Vytvorenie nov\u00fdch \u00faloh<\/a><\/u>&#8220;.<\/li>\n<li>symbol smeru &#8211; generuje cestu z aktu\u00e1lnej poz\u00edcie do cie\u013ea za pou\u017eitia naviga\u010dn\u00e9ho syst\u00e9mu (napr. Google mapy, at\u010f.);<\/li>\n<li>Odmietnu\u0165 &#8211; Ozna\u010d\u00ed \u00falohu ako odmietnut\u00fa;<\/li>\n<li>\u0160tart &#8211; Ozna\u010d\u00ed \u00falohu \u017ee je v procese (\u00faloha m\u00f4\u017ee by\u0165 po spusten\u00ed zru\u0161en\u00e1);<\/li>\n<li>Hotovo &#8211; Ozna\u010d\u00ed \u00falohu za splnen\u00fa (zobraz\u00ed sa iba po kliknut\u00ed na \u0161tart).<\/li>\n<\/ul>\n<p><a href=\"https:\/\/www.fmsdocumentation.com\/wp-content\/uploads\/2017\/04\/184-2.png\"><img loading=\"lazy\" decoding=\"async\" class=\"alignnone wp-image-652 size-medium\" src=\"https:\/\/www.fmsdocumentation.com\/wp-content\/uploads\/2017\/04\/184-2-189x300.png\" alt=\"\" width=\"189\" height=\"300\" srcset=\"https:\/\/www.fmsdocumentation.com\/wp-content\/uploads\/2017\/04\/184-2-189x300.png 189w, https:\/\/www.fmsdocumentation.com\/wp-content\/uploads\/2017\/04\/184-2-647x1024.png 647w, https:\/\/www.fmsdocumentation.com\/wp-content\/uploads\/2017\/04\/184-2.png 720w\" sizes=\"auto, (max-width: 189px) 100vw, 189px\" \/><\/a><\/p>\n<p>Pre opustenie roz\u0161\u00edren\u00e9ho paneli kliknite na mal\u00fa \u0161\u00edpku smeruj\u00facu v\u013eavo v \u013eavej hornej \u010dasti obrazovky, vr\u00e1ti sa panel &#8220;Moje \u00falohy&#8221;.<\/p>\n<p><img loading=\"lazy\" decoding=\"async\" class=\"wp-image-653 size-medium alignnone\" src=\"https:\/\/www.fmsdocumentation.com\/wp-content\/uploads\/2017\/04\/185-1-300x46.png\" alt=\"\" width=\"300\" height=\"46\" srcset=\"https:\/\/www.fmsdocumentation.com\/wp-content\/uploads\/2017\/04\/185-1-300x46.png 300w, https:\/\/www.fmsdocumentation.com\/wp-content\/uploads\/2017\/04\/185-1.png 720w\" sizes=\"auto, (max-width: 300px) 100vw, 300px\" \/><\/p>\n<p><strong>\u0160t\u00edtky Hotovo a Vypusten\u00fd\u00a0<\/strong>&#8211; s\u00fa takmer identick\u00e9 \u0161t\u00edtku &#8220;Moje \u00falohy&#8221;. V\u0161etky \u00falohy s\u00fa zobrazen\u00e9 v zozname a v\u0161etky \u00falohy sa m\u00f4\u017eu rozkliknite pre podrobn\u00e9 zobrazenie. Jedin\u00fdm roz\u00edlem je absencia tla\u010didla &#8220;Odmietnu\u0165&#8221; a &#8220;Hotovo&#8221; spolu s tla\u010didlom cesty.<\/p>\n<p><a href=\"https:\/\/www.fmsdocumentation.com\/wp-content\/uploads\/2017\/04\/186-1.png\"><img loading=\"lazy\" decoding=\"async\" class=\"alignnone wp-image-655 size-medium\" src=\"https:\/\/www.fmsdocumentation.com\/wp-content\/uploads\/2017\/04\/186-1-189x300.png\" alt=\"\" width=\"189\" height=\"300\" srcset=\"https:\/\/www.fmsdocumentation.com\/wp-content\/uploads\/2017\/04\/186-1-189x300.png 189w, https:\/\/www.fmsdocumentation.com\/wp-content\/uploads\/2017\/04\/186-1-647x1024.png 647w, https:\/\/www.fmsdocumentation.com\/wp-content\/uploads\/2017\/04\/186-1.png 720w\" sizes=\"auto, (max-width: 189px) 100vw, 189px\" \/><\/a><\/p>\n<hr \/>\n<p> <div class=\"alignright\"><a href=\"https:\/\/www.fmsdocumentation.com\/sk\/vytvorenie-novej-ulohy\/\" title=\"Vytvorenie novej \u00falohy\">Vytvorenie novej \u00falohy <span class=\"arrow\"> &nbsp\u203a <\/span> <\/a><\/div><\/p>\n","protected":false},"excerpt":{"rendered":"<p>U\u017e\u00edvate\u013e je po prihl\u00e1sen\u00ed najprv nasmerovan\u00fd na panel &#8220;Moje \u00falohy&#8221; a \u0161t\u00edtok &#8220;Moje \u00falohy&#8221;. Aktu\u00e1lny n\u00e1zov panelu je v\u017edy zobrazen\u00fd hore. Aktu\u00e1lne zvolen\u00fd \u0161t\u00edtok je zv\u00fdraznen\u00fd bielo (ostatn\u00e9 s\u00fa siv\u00e9) a \u0161t\u00edtok je ozna\u010den\u00fd modrou \u010diarou. Na tomto paneli s\u00fa tri \u0161t\u00edtky: Moje \u00falohy &#8211; Obsahuje zoznam \u00faloh prijat\u00fdch od oper\u00e1tora, \u00falohy m\u00f4\u017eu by\u0165 tvoren\u00e9, &hellip; <a href=\"https:\/\/www.fmsdocumentation.com\/sk\/instalacia-a-prihlasenie-do-aplikacie-sledovania\/moje-ulohy\/\" class=\"more-link\">Pokra\u010dova\u0165 v \u010d\u00edtan\u00ed: <span class=\"screen-reader-text\">Moje \u00falohy<\/span><\/a><\/p>\n","protected":false},"author":5,"featured_media":0,"parent":6630,"menu_order":3,"comment_status":"closed","ping_status":"closed","template":"","meta":{"footnotes":""},"class_list":["post-6635","page","type-page","status-publish","hentry"],"_links":{"self":[{"href":"https:\/\/www.fmsdocumentation.com\/sk\/wp-json\/wp\/v2\/pages\/6635","targetHints":{"allow":["GET"]}}],"collection":[{"href":"https:\/\/www.fmsdocumentation.com\/sk\/wp-json\/wp\/v2\/pages"}],"about":[{"href":"https:\/\/www.fmsdocumentation.com\/sk\/wp-json\/wp\/v2\/types\/page"}],"author":[{"embeddable":true,"href":"https:\/\/www.fmsdocumentation.com\/sk\/wp-json\/wp\/v2\/users\/5"}],"replies":[{"embeddable":true,"href":"https:\/\/www.fmsdocumentation.com\/sk\/wp-json\/wp\/v2\/comments?post=6635"}],"version-history":[{"count":2,"href":"https:\/\/www.fmsdocumentation.com\/sk\/wp-json\/wp\/v2\/pages\/6635\/revisions"}],"predecessor-version":[{"id":6637,"href":"https:\/\/www.fmsdocumentation.com\/sk\/wp-json\/wp\/v2\/pages\/6635\/revisions\/6637"}],"up":[{"embeddable":true,"href":"https:\/\/www.fmsdocumentation.com\/sk\/wp-json\/wp\/v2\/pages\/6630"}],"wp:attachment":[{"href":"https:\/\/www.fmsdocumentation.com\/sk\/wp-json\/wp\/v2\/media?parent=6635"}],"curies":[{"name":"wp","href":"https:\/\/api.w.org\/{rel}","templated":true}]}}