{"id":6638,"date":"2018-12-13T17:39:34","date_gmt":"2018-12-13T15:39:34","guid":{"rendered":"http:\/\/www.fmsdocumentation.com\/?page_id=6638"},"modified":"2018-12-14T09:16:36","modified_gmt":"2018-12-14T07:16:36","slug":"komunikacia","status":"publish","type":"page","link":"https:\/\/www.fmsdocumentation.com\/sk\/instalacia-a-prihlasenie-do-aplikacie-sledovania\/komunikacia\/","title":{"rendered":"Komunik\u00e1cia"},"content":{"rendered":"<p>Panel komunik\u00e1cie u\u017e\u00edvate\u013eovi umo\u017e\u0148uje komunikova\u0165 s oper\u00e1torom syst\u00e9mu sledovania vozidiel (SSV). Funguje to pod\u013ea nasleduj\u00facej logiky. U\u017e\u00edvate\u013e m\u00f4\u017ee p\u00edsa\u0165 textov\u00e9 spr\u00e1vy a priklada\u0165 fotografie a odosla\u0165 ich do SSV. SSV spr\u00e1vy pr\u00edjme, roztriedi pod\u013ea Klientov a zobraz\u00ed je pre klienta s registrovan\u00fdm u\u017e\u00edvate\u013eom. To znamen\u00e1, \u017ee oper\u00e1tor je ktoko\u013evek, kde je aktu\u00e1lne pripojen\u00fd do SSV s Klientskymi prihlasovac\u00edmi \u00fadajmi, komunik\u00e1cia prebieha s touto osobou. V\u0161etky spr\u00e1vy sa v syst\u00e9me ukladaj\u00fa a m\u00f4\u017eu by\u0165 v pr\u00edpade potreby prehliadnu\u0165. Komunika\u010dn\u00fd panel je op\u00edsan\u00fd v oddiele &#8220;<a href=\"https:\/\/www.fmsdocumentation.com\/sk\/menu-komunikacia\/?lang=sk\">menu komunik\u00e1cia<\/a>&#8220;.<\/p>\n<p>Spr\u00e1vy od oper\u00e1tora s\u00fa ozna\u010den\u00e9 bielymi obl\u00e1\u010dikmi na \u013eavej strane obrazovky a spr\u00e1vy od pou\u017e\u00edvate\u013ea s\u00fa ozna\u010den\u00e9 zelen\u00fdmi obl\u00e1\u010diky vpravo.<\/p>\n<p><strong>Pr\u00edloha<\/strong>&#8211; U\u017e\u00edvate\u013e m\u00f4\u017ee oper\u00e1torovi zasla\u0165 fotografiu. Mus\u00ed stla\u010di\u0165 ikonu fotoapar\u00e1tu v\u013eavo od boxu pre zadanie textu. Otvor\u00ed sa nov\u00e9 okno kde u\u017e\u00edvate\u013e m\u00f4\u017ee zvoli\u0165 \u010di vyfot\u00ed nov\u00fa fotografiu alebo vyberie z gal\u00e9rie (t\u00e1to mo\u017enos\u0165 sa m\u00f4\u017ee l\u00ed\u0161i\u0165 v z\u00e1vislosti na ostatn\u00fdch aplik\u00e1ci\u00e1ch in\u0161talovan\u00fdch na u\u017e\u00edvate\u013eskom zariaden\u00ed).<\/p>\n<p style=\"background-color: #2e67b1; color: #ffffff; padding-left: 10px; padding-right: 10px;\"><p class=\"note\">Pozn\u00e1mka<br \/>\n<span lang=\"SK\">Maxim\u00e1lna ve\u013ekos\u0165 pr\u00edlohy je 10 Mb.<\/span><\/p><\/p>\n<p><a href=\"https:\/\/www.fmsdocumentation.com\/wp-content\/uploads\/2017\/04\/187.png\"><img loading=\"lazy\" decoding=\"async\" class=\"alignnone wp-image-302 size-medium\" src=\"https:\/\/www.fmsdocumentation.com\/wp-content\/uploads\/2017\/04\/187-189x300.png\" alt=\"\" width=\"189\" height=\"300\" srcset=\"https:\/\/www.fmsdocumentation.com\/wp-content\/uploads\/2017\/04\/187-189x300.png 189w, https:\/\/www.fmsdocumentation.com\/wp-content\/uploads\/2017\/04\/187-645x1024.png 645w, https:\/\/www.fmsdocumentation.com\/wp-content\/uploads\/2017\/04\/187.png 719w\" sizes=\"auto, (max-width: 189px) 100vw, 189px\" \/><\/a><\/p>\n<p>Nov\u00e9 nepre\u010d\u00edtan\u00e9 spr\u00e1vy s\u00fa zv\u00fdraznen\u00e9 tu\u010dne. S\u00fa podporovan\u00e9 v\u0161etky jazyky. Maxim\u00e1lna \u00farove\u0148 znakov v jednej spr\u00e1ve je vysok\u00fd. Naraz je mo\u017en\u00e9 odosla\u0165 a\u017e 10 000 znakov. Na odoslanie spr\u00e1vy sa stla\u010d\u00ed ikona lastovi\u010dky umiestnen\u00e9 v spodnej \u010dasti obrazovky vpravo. Komunik\u00e1cia prebieha v re\u00e1lnom \u010dase (spr\u00e1vy s\u00fa odosielanie a prij\u00edmanie okam\u017eite ak je dostato\u010dn\u00e9 internetov\u00e9 pripojenie).<\/p>\n<hr \/>\n<p> <div class=\"alignright\"><a href=\"https:\/\/www.fmsdocumentation.com\/sk\/vytvorenie-novej-ulohy\/\" title=\"Vytvorenie novej \u00falohy\">Vytvorenie novej \u00falohy <span class=\"arrow\"> &nbsp\u203a <\/span> <\/a><\/div><\/p>\n","protected":false},"excerpt":{"rendered":"<p>Panel komunik\u00e1cie u\u017e\u00edvate\u013eovi umo\u017e\u0148uje komunikova\u0165 s oper\u00e1torom syst\u00e9mu sledovania vozidiel (SSV). Funguje to pod\u013ea nasleduj\u00facej logiky. U\u017e\u00edvate\u013e m\u00f4\u017ee p\u00edsa\u0165 textov\u00e9 spr\u00e1vy a priklada\u0165 fotografie a odosla\u0165 ich do SSV. SSV spr\u00e1vy pr\u00edjme, roztriedi pod\u013ea Klientov a zobraz\u00ed je pre klienta s registrovan\u00fdm u\u017e\u00edvate\u013eom. To znamen\u00e1, \u017ee oper\u00e1tor je ktoko\u013evek, kde je aktu\u00e1lne pripojen\u00fd do SSV &hellip; <a href=\"https:\/\/www.fmsdocumentation.com\/sk\/instalacia-a-prihlasenie-do-aplikacie-sledovania\/komunikacia\/\" class=\"more-link\">Pokra\u010dova\u0165 v \u010d\u00edtan\u00ed: <span class=\"screen-reader-text\">Komunik\u00e1cia<\/span><\/a><\/p>\n","protected":false},"author":5,"featured_media":0,"parent":6630,"menu_order":4,"comment_status":"closed","ping_status":"closed","template":"","meta":{"footnotes":""},"class_list":["post-6638","page","type-page","status-publish","hentry"],"_links":{"self":[{"href":"https:\/\/www.fmsdocumentation.com\/sk\/wp-json\/wp\/v2\/pages\/6638","targetHints":{"allow":["GET"]}}],"collection":[{"href":"https:\/\/www.fmsdocumentation.com\/sk\/wp-json\/wp\/v2\/pages"}],"about":[{"href":"https:\/\/www.fmsdocumentation.com\/sk\/wp-json\/wp\/v2\/types\/page"}],"author":[{"embeddable":true,"href":"https:\/\/www.fmsdocumentation.com\/sk\/wp-json\/wp\/v2\/users\/5"}],"replies":[{"embeddable":true,"href":"https:\/\/www.fmsdocumentation.com\/sk\/wp-json\/wp\/v2\/comments?post=6638"}],"version-history":[{"count":3,"href":"https:\/\/www.fmsdocumentation.com\/sk\/wp-json\/wp\/v2\/pages\/6638\/revisions"}],"predecessor-version":[{"id":6686,"href":"https:\/\/www.fmsdocumentation.com\/sk\/wp-json\/wp\/v2\/pages\/6638\/revisions\/6686"}],"up":[{"embeddable":true,"href":"https:\/\/www.fmsdocumentation.com\/sk\/wp-json\/wp\/v2\/pages\/6630"}],"wp:attachment":[{"href":"https:\/\/www.fmsdocumentation.com\/sk\/wp-json\/wp\/v2\/media?parent=6638"}],"curies":[{"name":"wp","href":"https:\/\/api.w.org\/{rel}","templated":true}]}}