{"id":6641,"date":"2018-12-13T17:40:49","date_gmt":"2018-12-13T15:40:49","guid":{"rendered":"http:\/\/www.fmsdocumentation.com\/?page_id=6641"},"modified":"2018-12-14T09:18:44","modified_gmt":"2018-12-14T07:18:44","slug":"pouzivanie-aplikacie-trusttrack","status":"publish","type":"page","link":"https:\/\/www.fmsdocumentation.com\/sk\/pouzivanie-aplikacie-trusttrack\/","title":{"rendered":"Pou\u017e\u00edvanie aplik\u00e1cie TrustTrack"},"content":{"rendered":"<p>Aplik\u00e1ciu TrustTrack je mo\u017en\u00e9 stiahnu\u0165 ako z App store tak z <a href=\"https:\/\/play.google.com\/store\/apps\/details?id=com.ruptela.mobile.trusttrack\">Google play<\/a>. Po nahrat\u00ed a in\u0161tal\u00e1cii m\u00f4\u017ee pou\u017e\u00edvate\u013e spusti\u0165 aplik\u00e1ciu kliknut\u00edm na logo.<\/p>\n<p><a href=\"https:\/\/www.fmsdocumentation.com\/wp-content\/uploads\/2017\/04\/tt-logo.png\"><img loading=\"lazy\" decoding=\"async\" class=\"alignnone wp-image-551 size-full\" src=\"https:\/\/www.fmsdocumentation.com\/wp-content\/uploads\/2017\/04\/tt-logo.png\" alt=\"\" width=\"300\" height=\"300\" srcset=\"https:\/\/www.fmsdocumentation.com\/wp-content\/uploads\/2017\/04\/tt-logo.png 300w, https:\/\/www.fmsdocumentation.com\/wp-content\/uploads\/2017\/04\/tt-logo-150x150.png 150w\" sizes=\"auto, (max-width: 300px) 100vw, 300px\" \/><\/a><\/p>\n<p>Pri prvej inicializ\u00e1cii bude u\u017e\u00edvate\u013e vyzvan\u00fd pre zadanie url servera syst\u00e9mu sledovania. T\u00e1to proced\u00fara sa vykon\u00e1 len raz, adresa bude ulo\u017een\u00e1 s \u00fadajmi aplik\u00e1cie. Ak sa vlo\u017e\u00ed nespr\u00e1vna adresa, nebude ulo\u017een\u00e1.<\/p>\n<p><a href=\"https:\/\/www.fmsdocumentation.com\/wp-content\/uploads\/2017\/04\/232-1.png\"><img loading=\"lazy\" decoding=\"async\" class=\"alignnone wp-image-710 size-medium\" src=\"https:\/\/www.fmsdocumentation.com\/wp-content\/uploads\/2017\/04\/232-1-189x300.png\" alt=\"\" width=\"189\" height=\"300\" srcset=\"https:\/\/www.fmsdocumentation.com\/wp-content\/uploads\/2017\/04\/232-1-189x300.png 189w, https:\/\/www.fmsdocumentation.com\/wp-content\/uploads\/2017\/04\/232-1-647x1024.png 647w, https:\/\/www.fmsdocumentation.com\/wp-content\/uploads\/2017\/04\/232-1.png 720w\" sizes=\"auto, (max-width: 189px) 100vw, 189px\" \/><\/a><\/p>\n<p>Zadajte adresu: track2.ruptela.lt Nie je nutn\u00e9 vklada\u0165 \u017eiadne &#8220;Http&#8221; alebo &#8220;www&#8221;. Ak nem\u00e1te spr\u00e1vnu adresu servera poskytovate\u013ea slu\u017eby, obr\u00e1\u0165te sa na svojho poskytovate\u013ea slu\u017eieb pre podporu.<\/p>\n<p><p class=\"note\">Pozn\u00e1mka<br \/>\nPoskytovatelia, ktor\u00ed len ned\u00e1vno za\u010dali pracova\u0165 s aplik\u00e1ciou mus\u00ed vzia\u0165 do \u00favahy, \u017ee ich adresu servera prid\u00e1me do aplik\u00e1cie po jej aktualiz\u00e1cii.<\/p><\/p>\n<p>Po \u0161pecifik\u00e1cii adresy servera sa zobraz\u00ed prihlasovacia obrazovka, ktor\u00e1 je identick\u00e1 (ale men\u0161ie) s prihlasovacie obrazovkou pop\u00edsanou v &#8220;P<a href=\"https:\/\/www.fmsdocumentation.com\/sk\/zakladne-informacie\/prihlasovacia-stranka\/?lang=sk\">rihlasovacia stranka<\/a><u><\/u>&#8220;.<\/p>\n<p>Potom je aplik\u00e1cia identick\u00e1 syst\u00e9mu sledovania vozidiel, okrem obmedzen\u00ed a nieko\u013ek\u00fdch v\u00fdnimiek pop\u00edsan\u00fdch ni\u017e\u0161ie:<\/p>\n<ul>\n<li>\u013dav\u00fd naviga\u010dn\u00fd panel je skryt\u00fd a m\u00f4\u017ee by\u0165 pr\u00edstupn\u00fd kliknut\u00edm na tla\u010didlo menu.<\/li>\n<\/ul>\n<p><a href=\"https:\/\/www.fmsdocumentation.com\/wp-content\/uploads\/2017\/04\/234-2.png\"><img loading=\"lazy\" decoding=\"async\" class=\"alignnone wp-image-1722 size-large\" src=\"https:\/\/www.fmsdocumentation.com\/wp-content\/uploads\/2017\/04\/234-2-1024x742.png\" alt=\"\" width=\"660\" height=\"478\" srcset=\"https:\/\/www.fmsdocumentation.com\/wp-content\/uploads\/2017\/04\/234-2-1024x742.png 1024w, https:\/\/www.fmsdocumentation.com\/wp-content\/uploads\/2017\/04\/234-2-300x217.png 300w, https:\/\/www.fmsdocumentation.com\/wp-content\/uploads\/2017\/04\/234-2-768x557.png 768w, https:\/\/www.fmsdocumentation.com\/wp-content\/uploads\/2017\/04\/234-2.png 1700w\" sizes=\"auto, (max-width: 660px) 100vw, 660px\" \/><\/a><\/p>\n<ul>\n<li>Panely a mapa sa u\u017e nezmestia na obrazovku, preto je implementovan\u00e9 tla\u010didlo skry\u0165, ktor\u00e9 m\u00f4\u017ee by\u0165 pou\u017eit\u00e9 pre skrytie aktu\u00e1lneho panelu &#8211; tak zobrazi\u0165 mapu bez zatvorenia panelu. U\u017e\u00edvate\u013e potom m\u00f4\u017ee panel zvidite\u013eni\u0165.<\/li>\n<\/ul>\n<p><a href=\"https:\/\/www.fmsdocumentation.com\/wp-content\/uploads\/2017\/04\/235-1.png\"><img loading=\"lazy\" decoding=\"async\" class=\"alignnone wp-image-1723 size-large\" src=\"https:\/\/www.fmsdocumentation.com\/wp-content\/uploads\/2017\/04\/235-1-1024x742.png\" alt=\"\" width=\"660\" height=\"478\" srcset=\"https:\/\/www.fmsdocumentation.com\/wp-content\/uploads\/2017\/04\/235-1-1024x742.png 1024w, https:\/\/www.fmsdocumentation.com\/wp-content\/uploads\/2017\/04\/235-1-300x217.png 300w, https:\/\/www.fmsdocumentation.com\/wp-content\/uploads\/2017\/04\/235-1-768x557.png 768w, https:\/\/www.fmsdocumentation.com\/wp-content\/uploads\/2017\/04\/235-1.png 1700w\" sizes=\"auto, (max-width: 660px) 100vw, 660px\" \/><\/a><\/p>\n<ul>\n<li>Pomoc a tla\u010didlo odhl\u00e1senia s\u00fa umiestnen\u00e9 v naviga\u010dnom paneli.<\/li>\n<\/ul>\n<p><a href=\"https:\/\/www.fmsdocumentation.com\/wp-content\/uploads\/2017\/04\/236.png\"><img loading=\"lazy\" decoding=\"async\" class=\"alignnone wp-image-578 size-medium\" src=\"https:\/\/www.fmsdocumentation.com\/wp-content\/uploads\/2017\/04\/236-168x300.png\" alt=\"\" width=\"168\" height=\"300\" srcset=\"https:\/\/www.fmsdocumentation.com\/wp-content\/uploads\/2017\/04\/236-168x300.png 168w, https:\/\/www.fmsdocumentation.com\/wp-content\/uploads\/2017\/04\/236-575x1024.png 575w, https:\/\/www.fmsdocumentation.com\/wp-content\/uploads\/2017\/04\/236.png 640w\" sizes=\"auto, (max-width: 168px) 100vw, 168px\" \/><\/a><\/p>\n<hr \/>\n<p><div class=\"alignleft\"><a href=\"https:\/\/www.fmsdocumentation.com\/sk\/zostavy\/prehlad-zostav\/\" title=\"Preh\u013ead zost\u00e1v\"><span class=\"arrow\">\u2039 &nbsp <\/span> Preh\u013ead zost\u00e1v <\/a><\/div> <\/p>\n","protected":false},"excerpt":{"rendered":"<p>Aplik\u00e1ciu TrustTrack je mo\u017en\u00e9 stiahnu\u0165 ako z App store tak z Google play. Po nahrat\u00ed a in\u0161tal\u00e1cii m\u00f4\u017ee pou\u017e\u00edvate\u013e spusti\u0165 aplik\u00e1ciu kliknut\u00edm na logo. Pri prvej inicializ\u00e1cii bude u\u017e\u00edvate\u013e vyzvan\u00fd pre zadanie url servera syst\u00e9mu sledovania. T\u00e1to proced\u00fara sa vykon\u00e1 len raz, adresa bude ulo\u017een\u00e1 s \u00fadajmi aplik\u00e1cie. Ak sa vlo\u017e\u00ed nespr\u00e1vna adresa, nebude ulo\u017een\u00e1. &hellip; <a href=\"https:\/\/www.fmsdocumentation.com\/sk\/pouzivanie-aplikacie-trusttrack\/\" class=\"more-link\">Pokra\u010dova\u0165 v \u010d\u00edtan\u00ed: <span class=\"screen-reader-text\">Pou\u017e\u00edvanie aplik\u00e1cie TrustTrack<\/span><\/a><\/p>\n","protected":false},"author":5,"featured_media":0,"parent":0,"menu_order":138,"comment_status":"closed","ping_status":"closed","template":"","meta":{"footnotes":""},"class_list":["post-6641","page","type-page","status-publish","hentry"],"_links":{"self":[{"href":"https:\/\/www.fmsdocumentation.com\/sk\/wp-json\/wp\/v2\/pages\/6641","targetHints":{"allow":["GET"]}}],"collection":[{"href":"https:\/\/www.fmsdocumentation.com\/sk\/wp-json\/wp\/v2\/pages"}],"about":[{"href":"https:\/\/www.fmsdocumentation.com\/sk\/wp-json\/wp\/v2\/types\/page"}],"author":[{"embeddable":true,"href":"https:\/\/www.fmsdocumentation.com\/sk\/wp-json\/wp\/v2\/users\/5"}],"replies":[{"embeddable":true,"href":"https:\/\/www.fmsdocumentation.com\/sk\/wp-json\/wp\/v2\/comments?post=6641"}],"version-history":[{"count":4,"href":"https:\/\/www.fmsdocumentation.com\/sk\/wp-json\/wp\/v2\/pages\/6641\/revisions"}],"predecessor-version":[{"id":6688,"href":"https:\/\/www.fmsdocumentation.com\/sk\/wp-json\/wp\/v2\/pages\/6641\/revisions\/6688"}],"wp:attachment":[{"href":"https:\/\/www.fmsdocumentation.com\/sk\/wp-json\/wp\/v2\/media?parent=6641"}],"curies":[{"name":"wp","href":"https:\/\/api.w.org\/{rel}","templated":true}]}}